{"id":1369,"date":"2024-06-19T08:51:31","date_gmt":"2024-06-19T08:51:31","guid":{"rendered":"https:\/\/vyskumnecentrum.sk\/?page_id=1369"},"modified":"2026-01-12T09:28:49","modified_gmt":"2026-01-12T09:28:49","slug":"laboratorium-senzororvych-systemov","status":"publish","type":"page","link":"https:\/\/vyskumnecentrum.sk\/en\/vyskum\/laboratoria\/laboratorium-senzororvych-systemov\/","title":{"rendered":"Laboratory of Sensor Systems"},"content":{"rendered":"<p class=\"has-normal-font-size\"><strong>Head of laboratory:<\/strong> doc. Ing. Gabriel Ga\u0161par, PhD.<\/p>\n\n\n\n<p class=\"has-normal-font-size\"><strong>Room: <\/strong>VC 3.04<\/p>\n\n\n\n<p class=\"has-normal-font-size\">The laboratory is aimed at various industrial and biomedical sensors prototype development and manufacturing.<\/p>\n\n\n\n<p class=\"has-normal-font-size\">The laboratory is equipped with a device for precise measurement of capacity, inductance, resistivity and impedance <a href=\"https:\/\/vyskumnecentrum.sk\/wp-content\/uploads\/2024\/03\/LCR-METER_BRIDGE-ROHDE-SWARZ-HM8118.pdf\" data-type=\"link\" data-id=\"https:\/\/vyskumnecentrum.sk\/wp-content\/uploads\/2024\/03\/LCR-METER_BRIDGE-ROHDE-SWARZ-HM8118.pdf\">LCR Meter\/Bridge Rohde &amp; Swarz HM8118<\/a>, generator of functional signals <a href=\"https:\/\/vyskumnecentrum.sk\/wp-content\/uploads\/2024\/03\/Keysight-3350B.pdf\" data-type=\"link\" data-id=\"https:\/\/vyskumnecentrum.sk\/wp-content\/uploads\/2024\/03\/Keysight-3350B.pdf\">Keysight 3350B<\/a> with frequency up to 250 MSa\/s, oscilloscope <a href=\"https:\/\/vyskumnecentrum.sk\/wp-content\/uploads\/2024\/03\/Keysight-DSOX2024A.pdf\" data-type=\"link\" data-id=\"https:\/\/vyskumnecentrum.sk\/wp-content\/uploads\/2024\/03\/Keysight-DSOX2024A.pdf\">Keysight DSOX2024A<\/a> for the real-time visualization and analysis of electric signals and programmable triple-output DC power supply <a href=\"https:\/\/vyskumnecentrum.sk\/wp-content\/uploads\/2024\/03\/Keysight-E36312A.pdf\" data-type=\"link\" data-id=\"https:\/\/vyskumnecentrum.sk\/wp-content\/uploads\/2024\/03\/Keysight-E36312A.pdf\">Keysight E36312A<\/a>.<\/p>\n\n\n\n<div class=\"wp-block-columns is-layout-flex wp-container-core-columns-is-layout-9d6595d7 wp-block-columns-is-layout-flex\">\n<div class=\"wp-block-column is-layout-flow wp-block-column-is-layout-flow\">\n<div class=\"wp-block-media-text is-stacked-on-mobile\"><figure class=\"wp-block-media-text__media\"><a href=\"https:\/\/vyskumnecentrum.sk\/wp-content\/uploads\/2024\/03\/LCR-METER_BRIDGE-ROHDE-SWARZ-HM8118.pdf\"><img loading=\"lazy\" decoding=\"async\" width=\"882\" height=\"588\" src=\"https:\/\/vyskumnecentrum.sk\/wp-content\/uploads\/2024\/06\/HM8118.jpg\" alt=\"\" class=\"wp-image-1373 size-medium\" srcset=\"https:\/\/vyskumnecentrum.sk\/wp-content\/uploads\/2024\/06\/HM8118.jpg 882w, https:\/\/vyskumnecentrum.sk\/wp-content\/uploads\/2024\/06\/HM8118-300x200.jpg 300w, https:\/\/vyskumnecentrum.sk\/wp-content\/uploads\/2024\/06\/HM8118-768x512.jpg 768w, https:\/\/vyskumnecentrum.sk\/wp-content\/uploads\/2024\/06\/HM8118-50x33.jpg 50w, https:\/\/vyskumnecentrum.sk\/wp-content\/uploads\/2024\/06\/HM8118-18x12.jpg 18w\" sizes=\"auto, (max-width: 882px) 100vw, 882px\" \/><\/a><\/figure><div class=\"wp-block-media-text__content\">\n<p style=\"font-size:15px\"><em><a href=\"https:\/\/vyskumnecentrum.sk\/wp-content\/uploads\/2024\/03\/LCR-METER_BRIDGE-ROHDE-SWARZ-HM8118.pdf\" data-type=\"link\" data-id=\"https:\/\/vyskumnecentrum.sk\/wp-content\/uploads\/2024\/03\/LCR-METER_BRIDGE-ROHDE-SWARZ-HM8118.pdf\">Rohde &amp; Swarz HM8118<\/a><\/em><\/p>\n<\/div><\/div>\n<\/div>\n\n\n\n<div class=\"wp-block-column is-layout-flow wp-block-column-is-layout-flow\">\n<div class=\"wp-block-media-text is-stacked-on-mobile\"><figure class=\"wp-block-media-text__media\"><a href=\"https:\/\/vyskumnecentrum.sk\/wp-content\/uploads\/2024\/03\/Keysight-3350B.pdf\"><img loading=\"lazy\" decoding=\"async\" width=\"819\" height=\"546\" src=\"https:\/\/vyskumnecentrum.sk\/wp-content\/uploads\/2024\/06\/Keysight-3350B.jpg\" alt=\"\" class=\"wp-image-1374 size-medium\" srcset=\"https:\/\/vyskumnecentrum.sk\/wp-content\/uploads\/2024\/06\/Keysight-3350B.jpg 819w, https:\/\/vyskumnecentrum.sk\/wp-content\/uploads\/2024\/06\/Keysight-3350B-300x200.jpg 300w, https:\/\/vyskumnecentrum.sk\/wp-content\/uploads\/2024\/06\/Keysight-3350B-768x512.jpg 768w, https:\/\/vyskumnecentrum.sk\/wp-content\/uploads\/2024\/06\/Keysight-3350B-50x33.jpg 50w, https:\/\/vyskumnecentrum.sk\/wp-content\/uploads\/2024\/06\/Keysight-3350B-18x12.jpg 18w\" sizes=\"auto, (max-width: 819px) 100vw, 819px\" \/><\/a><\/figure><div class=\"wp-block-media-text__content\">\n<p style=\"font-size:15px\"><em><a href=\"https:\/\/vyskumnecentrum.sk\/wp-content\/uploads\/2024\/03\/Keysight-3350B.pdf\" data-type=\"link\" data-id=\"https:\/\/vyskumnecentrum.sk\/wp-content\/uploads\/2024\/03\/Keysight-3350B.pdf\">Keysight 3350B<\/a><\/em><\/p>\n<\/div><\/div>\n<\/div>\n<\/div>\n\n\n\n<div class=\"wp-block-columns is-layout-flex wp-container-core-columns-is-layout-9d6595d7 wp-block-columns-is-layout-flex\">\n<div class=\"wp-block-column is-layout-flow wp-block-column-is-layout-flow\">\n<div class=\"wp-block-media-text is-stacked-on-mobile\"><figure class=\"wp-block-media-text__media\"><a href=\"https:\/\/vyskumnecentrum.sk\/wp-content\/uploads\/2024\/03\/Keysight-DSOX2024A.pdf\"><img loading=\"lazy\" decoding=\"async\" width=\"883\" height=\"589\" src=\"https:\/\/vyskumnecentrum.sk\/wp-content\/uploads\/2024\/06\/MSO-X2024A.jpg\" alt=\"\" class=\"wp-image-1375 size-medium\" srcset=\"https:\/\/vyskumnecentrum.sk\/wp-content\/uploads\/2024\/06\/MSO-X2024A.jpg 883w, https:\/\/vyskumnecentrum.sk\/wp-content\/uploads\/2024\/06\/MSO-X2024A-300x200.jpg 300w, https:\/\/vyskumnecentrum.sk\/wp-content\/uploads\/2024\/06\/MSO-X2024A-768x512.jpg 768w, https:\/\/vyskumnecentrum.sk\/wp-content\/uploads\/2024\/06\/MSO-X2024A-50x33.jpg 50w, https:\/\/vyskumnecentrum.sk\/wp-content\/uploads\/2024\/06\/MSO-X2024A-18x12.jpg 18w\" sizes=\"auto, (max-width: 883px) 100vw, 883px\" \/><\/a><\/figure><div class=\"wp-block-media-text__content\">\n<p style=\"font-size:15px\"><em><a href=\"https:\/\/vyskumnecentrum.sk\/wp-content\/uploads\/2024\/03\/Keysight-DSOX2024A.pdf\" data-type=\"link\" data-id=\"https:\/\/vyskumnecentrum.sk\/wp-content\/uploads\/2024\/03\/Keysight-DSOX2024A.pdf\">Keysight DSOX2024A<\/a><\/em><\/p>\n<\/div><\/div>\n<\/div>\n\n\n\n<div class=\"wp-block-column is-layout-flow wp-block-column-is-layout-flow\">\n<div class=\"wp-block-media-text is-stacked-on-mobile\"><figure class=\"wp-block-media-text__media\"><a href=\"https:\/\/vyskumnecentrum.sk\/wp-content\/uploads\/2024\/03\/Keysight-E36312A.pdf\"><img loading=\"lazy\" decoding=\"async\" width=\"841\" height=\"560\" src=\"https:\/\/vyskumnecentrum.sk\/wp-content\/uploads\/2024\/06\/E36312A.jpg\" alt=\"\" class=\"wp-image-1376 size-medium\" srcset=\"https:\/\/vyskumnecentrum.sk\/wp-content\/uploads\/2024\/06\/E36312A.jpg 841w, https:\/\/vyskumnecentrum.sk\/wp-content\/uploads\/2024\/06\/E36312A-300x200.jpg 300w, https:\/\/vyskumnecentrum.sk\/wp-content\/uploads\/2024\/06\/E36312A-768x511.jpg 768w, https:\/\/vyskumnecentrum.sk\/wp-content\/uploads\/2024\/06\/E36312A-50x33.jpg 50w, https:\/\/vyskumnecentrum.sk\/wp-content\/uploads\/2024\/06\/E36312A-18x12.jpg 18w\" sizes=\"auto, (max-width: 841px) 100vw, 841px\" \/><\/a><\/figure><div class=\"wp-block-media-text__content\">\n<p style=\"font-size:15px\"><em><a href=\"https:\/\/vyskumnecentrum.sk\/wp-content\/uploads\/2024\/03\/Keysight-E36312A.pdf\" data-type=\"link\" data-id=\"https:\/\/vyskumnecentrum.sk\/wp-content\/uploads\/2024\/03\/Keysight-E36312A.pdf\">Keysight E36312A<\/a><\/em><\/p>\n<\/div><\/div>\n<\/div>\n<\/div>","protected":false},"excerpt":{"rendered":"<p>Ved\u00faci laborat\u00f3ria: doc. Ing. Gabriel Ga\u0161par, PhD. Miestnos\u0165: VC 3.04 Laborat\u00f3rium je zameran\u00e9 na v\u00fdvoj a v\u00fdrobu prototypov r\u00f4znych druhov priemyseln\u00fdch a biomedic\u00ednskych senzorov. Laborat\u00f3rium je vybaven\u00e9 zariaden\u00edm na presn\u00e9<\/p>\n<p class=\"more-link\"><a href=\"https:\/\/vyskumnecentrum.sk\/en\/vyskum\/laboratoria\/laboratorium-senzororvych-systemov\/\" class=\"readmore\">Continue reading<span class=\"screen-reader-text\">Laboratory of Sensor Systems<\/span><\/a><\/p>","protected":false},"author":1,"featured_media":0,"parent":474,"menu_order":0,"comment_status":"closed","ping_status":"closed","template":"","meta":{"footnotes":""},"class_list":["post-1369","page","type-page","status-publish","hentry"],"_links":{"self":[{"href":"https:\/\/vyskumnecentrum.sk\/en\/wp-json\/wp\/v2\/pages\/1369","targetHints":{"allow":["GET"]}}],"collection":[{"href":"https:\/\/vyskumnecentrum.sk\/en\/wp-json\/wp\/v2\/pages"}],"about":[{"href":"https:\/\/vyskumnecentrum.sk\/en\/wp-json\/wp\/v2\/types\/page"}],"author":[{"embeddable":true,"href":"https:\/\/vyskumnecentrum.sk\/en\/wp-json\/wp\/v2\/users\/1"}],"replies":[{"embeddable":true,"href":"https:\/\/vyskumnecentrum.sk\/en\/wp-json\/wp\/v2\/comments?post=1369"}],"version-history":[{"count":4,"href":"https:\/\/vyskumnecentrum.sk\/en\/wp-json\/wp\/v2\/pages\/1369\/revisions"}],"predecessor-version":[{"id":1992,"href":"https:\/\/vyskumnecentrum.sk\/en\/wp-json\/wp\/v2\/pages\/1369\/revisions\/1992"}],"up":[{"embeddable":true,"href":"https:\/\/vyskumnecentrum.sk\/en\/wp-json\/wp\/v2\/pages\/474"}],"wp:attachment":[{"href":"https:\/\/vyskumnecentrum.sk\/en\/wp-json\/wp\/v2\/media?parent=1369"}],"curies":[{"name":"wp","href":"https:\/\/api.w.org\/{rel}","templated":true}]}}