{"id":1484,"date":"2024-09-11T04:33:25","date_gmt":"2024-09-11T04:33:25","guid":{"rendered":"https:\/\/vyskumnecentrum.sk\/?page_id=1484"},"modified":"2025-04-04T08:11:29","modified_gmt":"2025-04-04T08:11:29","slug":"09i03-03-v03-00036","status":"publish","type":"page","link":"https:\/\/vyskumnecentrum.sk\/en\/vyskum\/projekty\/09i03-03-v03-00036\/","title":{"rendered":"09I03-03-V03-00036"},"content":{"rendered":"<p class=\"has-text-align-center\" style=\"font-size:22px\"><strong>Research on a unique triple ecological surface treatment system for ultra-light magnesium alloys usable in the transport industry.<\/strong><\/p>\n\n\n\n<hr class=\"wp-block-separator has-alpha-channel-opacity\"\/>\n\n\n\n<figure class=\"wp-block-image size-large\"><img loading=\"lazy\" decoding=\"async\" width=\"1024\" height=\"158\" src=\"https:\/\/vyskumnecentrum.sk\/wp-content\/uploads\/2025\/04\/logo-agentura-1024x158.jpg\" alt=\"\" class=\"wp-image-1677\" srcset=\"https:\/\/vyskumnecentrum.sk\/wp-content\/uploads\/2025\/04\/logo-agentura-1024x158.jpg 1024w, https:\/\/vyskumnecentrum.sk\/wp-content\/uploads\/2025\/04\/logo-agentura-300x46.jpg 300w, https:\/\/vyskumnecentrum.sk\/wp-content\/uploads\/2025\/04\/logo-agentura-768x119.jpg 768w, https:\/\/vyskumnecentrum.sk\/wp-content\/uploads\/2025\/04\/logo-agentura-50x8.jpg 50w, https:\/\/vyskumnecentrum.sk\/wp-content\/uploads\/2025\/04\/logo-agentura-1600x247.jpg 1600w, https:\/\/vyskumnecentrum.sk\/wp-content\/uploads\/2025\/04\/logo-agentura-1536x238.jpg 1536w, https:\/\/vyskumnecentrum.sk\/wp-content\/uploads\/2025\/04\/logo-agentura-18x3.jpg 18w, https:\/\/vyskumnecentrum.sk\/wp-content\/uploads\/2025\/04\/logo-agentura.jpg 1610w\" sizes=\"auto, (max-width: 1024px) 100vw, 1024px\" \/><\/figure>\n\n\n\n<p style=\"font-size:18px\"><strong>Project title: <\/strong><br>Research on a unique triple ecological surface treatment system for ultra-light magnesium alloys usable in the transport industry.<\/p>\n\n\n\n<p style=\"font-size:18px\"><strong>Call:<br><\/strong>09I03-03-V03 \"Large projects for excellent researchers\"<\/p>\n\n\n\n<p style=\"font-size:18px\"><strong><strong>Component<\/strong>: <\/strong><br>9: More effective managing and strengthening research, development and innovation funding<\/p>\n\n\n\n<p style=\"font-size:18px\"><strong>Investment: <\/strong><br>3. Excellent science<\/p>\n\n\n\n<p style=\"font-size:18px\"><strong><strong>The code of the request for funds from the mechanism<\/strong>:<\/strong> <br>09I03-03-V03-00036<\/p>\n\n\n\n<p style=\"font-size:18px\"><strong><strong>Requester identification (name, address, reggon)<\/strong>:<\/strong> <br>\u017dilinsk\u00e1 univerzita v \u017diline, Univerzitn\u00e1 8215\/1  010 26 \u017dilina, I\u010cO: 00397563<\/p>\n\n\n\n<p style=\"font-size:18px\"><strong><strong>Principal investigator<\/strong>:<\/strong> <br>.<\/p>\n\n\n\n<p style=\"font-size:18px\"><strong><strong>Total amount of funds requested from the mechanism<\/strong>:<\/strong><br>2 922 199,28 \u20ac<\/p>\n\n\n\n<p style=\"font-size:18px\"><strong>Maximal approved funds:<\/strong> <br>2 918 205,83 \u20ac<\/p>\n\n\n\n<p style=\"font-size:18px\"><strong><strong>Start of project implementation<\/strong>:<\/strong> <br>1. 6. 2024<\/p>\n\n\n\n<p style=\"font-size:18px\"><strong>End of project implementation:<\/strong> <br>31. 5. 2026<\/p>\n\n\n\n<p style=\"font-size:18px\"><strong><strong>Project goal<\/strong>:<\/strong> <br>The main objective of the project is to increase the application possibilities of modern and recycled ultralight magnesium alloys in the transport industry by significantly increasing their service life. This will be achieved through the development, optimisation and advanced testing of various unique environmentally friendly and cost-effective surface treatment systems (STS) based on advanced plasma and laser technologies.<\/p>\n\n\n\n<p style=\"font-size:18px\"><strong>Project deliverables:<\/strong><br><a href=\"https:\/\/vyskumnecentrum.sk\/wp-content\/uploads\/2024\/12\/White-paper-D1.1.pdf\" data-type=\"link\" data-id=\"https:\/\/vyskumnecentrum.sk\/wp-content\/uploads\/2024\/12\/White-paper-D1.1.pdf\">D1.1 Report on activities and results<br><\/a>D1.2 Presentation of the project on the web page of Research centre UNIZA<br><a href=\"https:\/\/vyskumnecentrum.sk\/wp-content\/uploads\/2024\/12\/D2.1_Plan-na-vyuzitie-a-sirenie-vysledkov-PEDR.pdf\" data-type=\"link\" data-id=\"https:\/\/vyskumnecentrum.sk\/wp-content\/uploads\/2024\/12\/D2.1_Plan-na-vyuzitie-a-sirenie-vysledkov-PEDR.pdf\">D2.1 Plan for the use and dissemination of results<\/a><br>D2.2 Report on activities and results<br>D2.3 Scientific publication<br>D3.1 Data management plan<br>D3.2 Report on activities and results<br>D3.3 Scientific publication<br>D 4.1 Interim report<br>D4.2 Report on activities and results<br>D4.3 Scientific publication<br>D4.4 Submitted application for industrial design<br>D5.1 Report on activities and results<br>D5.2 Scientific publication<br>D6.1 Report on activities and results<br>D7.1 Final dissemination and exploitation (D&amp;E) report (REDR)<br>D7.2 Report from project team meetings.<br>D7.3 Final report<\/p>\n\n\n\n<p style=\"font-size:18px\"><strong><strong>Project milestones<\/strong>:<\/strong><br>MS1 \u2013 Successful replacement of conventional pretreatment methods by laser cleaning<br>MS2 \u2013 Improved corrosion-resistant PEO coating on the laser-prepared surface<br>MS3 - Functional unique eco-friendly triple surface treatment system for various Mg alloys<br>MS4 \u2013 Classification table of tested coating systems<\/p>\n\n\n\n<p class=\"has-text-align-left\" style=\"font-size:18px\"><strong><strong>Project activities<\/strong>:<\/strong><br>Will be continuously updated<\/p>\n\n\n\n<p style=\"font-size:18px\"><strong><strong>Project data (open science)<\/strong>:<\/strong><br>Will be continuously updated<\/p>","protected":false},"excerpt":{"rendered":"<p>V\u00fdskum unik\u00e1tneho trojit\u00e9ho ekologick\u00e9ho syst\u00e9mu povrchovej \u00fapravy pre ultra\u013eahk\u00e9 hor\u010d\u00edkov\u00e9 zliatiny vyu\u017eite\u013en\u00e9 v dopravnom priemysle N\u00e1zov projektu: V\u00fdskum unik\u00e1tneho trojit\u00e9ho ekologick\u00e9ho syst\u00e9mu povrchovej \u00fapravy pre ultra\u013eahk\u00e9 hor\u010d\u00edkov\u00e9 zliatiny vyu\u017eite\u013en\u00e9 v<\/p>\n<p class=\"more-link\"><a href=\"https:\/\/vyskumnecentrum.sk\/en\/vyskum\/projekty\/09i03-03-v03-00036\/\" class=\"readmore\">Continue reading<span class=\"screen-reader-text\">09I03-03-V03-00036<\/span><\/a><\/p>","protected":false},"author":1,"featured_media":0,"parent":472,"menu_order":0,"comment_status":"closed","ping_status":"closed","template":"","meta":{"footnotes":""},"class_list":["post-1484","page","type-page","status-publish","hentry"],"_links":{"self":[{"href":"https:\/\/vyskumnecentrum.sk\/en\/wp-json\/wp\/v2\/pages\/1484","targetHints":{"allow":["GET"]}}],"collection":[{"href":"https:\/\/vyskumnecentrum.sk\/en\/wp-json\/wp\/v2\/pages"}],"about":[{"href":"https:\/\/vyskumnecentrum.sk\/en\/wp-json\/wp\/v2\/types\/page"}],"author":[{"embeddable":true,"href":"https:\/\/vyskumnecentrum.sk\/en\/wp-json\/wp\/v2\/users\/1"}],"replies":[{"embeddable":true,"href":"https:\/\/vyskumnecentrum.sk\/en\/wp-json\/wp\/v2\/comments?post=1484"}],"version-history":[{"count":11,"href":"https:\/\/vyskumnecentrum.sk\/en\/wp-json\/wp\/v2\/pages\/1484\/revisions"}],"predecessor-version":[{"id":1684,"href":"https:\/\/vyskumnecentrum.sk\/en\/wp-json\/wp\/v2\/pages\/1484\/revisions\/1684"}],"up":[{"embeddable":true,"href":"https:\/\/vyskumnecentrum.sk\/en\/wp-json\/wp\/v2\/pages\/472"}],"wp:attachment":[{"href":"https:\/\/vyskumnecentrum.sk\/en\/wp-json\/wp\/v2\/media?parent=1484"}],"curies":[{"name":"wp","href":"https:\/\/api.w.org\/{rel}","templated":true}]}}