{"id":1515,"date":"2024-09-12T07:42:57","date_gmt":"2024-09-12T07:42:57","guid":{"rendered":"https:\/\/vyskumnecentrum.sk\/?page_id=1515"},"modified":"2025-01-22T07:13:37","modified_gmt":"2025-01-22T07:13:37","slug":"09i03-03-v04-00529","status":"publish","type":"page","link":"https:\/\/vyskumnecentrum.sk\/en\/vyskum\/projekty\/09i03-03-v04-00529\/","title":{"rendered":"09I03-03-V04-00529"},"content":{"rendered":"<p class=\"has-text-align-center\" style=\"font-size:22px\">Detection of solid fuel inorganic substances reducing the particulate matter capture efficiency by means of an electrostatic precipitator for small heat sources<\/p>\n\n\n\n<hr class=\"wp-block-separator has-alpha-channel-opacity\"\/>\n\n\n\n<p style=\"font-size:18px\"><strong>Project title: <\/strong><br>Detection of solid fuel inorganic substances reducing the particulate matter capture efficiency by means of an electrostatic precipitator for small heat sources<\/p>\n\n\n\n<p style=\"font-size:18px\"><strong>Call:<br><\/strong>09I03-03-V04 \u201eFellowships for excellent researchers R2-R4\u201c<\/p>\n\n\n\n<p style=\"font-size:18px\"><strong><strong>Component<\/strong>: <\/strong><br>9: More effective managing and strengthening research, development and innovation funding<\/p>\n\n\n\n<p style=\"font-size:18px\"><strong>Investment: <\/strong><br>3. Excellent science<\/p>\n\n\n\n<p style=\"font-size:18px\"><strong><strong>The code of the request for funds from the mechanism<\/strong>:<\/strong> <br>09I03-03-V04-00529<\/p>\n\n\n\n<p style=\"font-size:18px\"><strong><strong>Requester identification (name, address, reggon)<\/strong>:<\/strong> <br>\u017dilinsk\u00e1 univerzita v \u017diline, Univerzitn\u00e1 8215\/1  010 26 \u017dilina, I\u010cO: 00397563<\/p>\n\n\n\n<p style=\"font-size:18px\"><strong><strong>Principal investigator<\/strong>:<\/strong> <br>Ing. Nikola \u010cajov\u00e1 Kantov\u00e1, PhD.<\/p>\n\n\n\n<p style=\"font-size:18px\"><strong><strong>Total amount of funds requested from the mechanism<\/strong>:<\/strong><br>148 306,80 \u20ac<\/p>\n\n\n\n<p style=\"font-size:18px\"><strong>Maximal approved funds:<\/strong> <br>148 306,80 \u20ac<\/p>\n\n\n\n<p style=\"font-size:18px\"><strong><strong>Start of project implementation<\/strong>:<\/strong> <br>1. 6. 2024<\/p>\n\n\n\n<p style=\"font-size:18px\"><strong>End of project implementation:<\/strong> <br>31. 5. 2026<\/p>\n\n\n\n<p style=\"font-size:18px\"><strong><strong>Project goal<\/strong>:<\/strong> <br>The main goal of the project is the detection of the inorganic composition of solid fuels, which reduces the efficiency of capturing particulate matter by an electrostatic precipitator.<\/p>\n\n\n\n<p style=\"font-size:18px\"><strong>Project deliverables:<\/strong><br>D1 White paper<br>D2 Numerical model<br>D3 Physical model<br>D4 Interim report<br>D5 Conference participation<br>D6 Dataset<br>D7 Conference participation<br>D8 Lecture<br>D9 Project submission<br>D10 Dataset<br>D11 Journal article<br>D12 Final report<\/p>\n\n\n\n<p style=\"font-size:18px\"><strong><strong>Project milestones<\/strong>:<\/strong><br>MS1 Numerical model<br>MS2 Physical model<br>MS3 Experimental setup<br>MS4 Inorganic detection<\/p>\n\n\n\n<p class=\"has-text-align-left\" style=\"font-size:18px\"><strong><strong>Project activities<\/strong>:<\/strong><br>Will be continuously updated<\/p>\n\n\n\n<p style=\"font-size:18px\"><strong><strong>Project data (open science)<\/strong>:<\/strong><br>Will be continuously updated<\/p>","protected":false},"excerpt":{"rendered":"<p>Detekcia anorganick\u00fdch l\u00e1tok tuh\u00fdch pal\u00edv zni\u017euj\u00facich \u00fa\u010dinnos\u0165 zachyt\u00e1vania tuh\u00fdch zne\u010dis\u0165uj\u00facich l\u00e1tok prostredn\u00edctvom elektrostatick\u00e9ho odlu\u010dova\u010da v malom zdroji tepla N\u00e1zov projektu: Detekcia anorganick\u00fdch l\u00e1tok tuh\u00fdch pal\u00edv zni\u017euj\u00facich \u00fa\u010dinnos\u0165 zachyt\u00e1vania tuh\u00fdch zne\u010dis\u0165uj\u00facich<\/p>\n<p class=\"more-link\"><a href=\"https:\/\/vyskumnecentrum.sk\/en\/vyskum\/projekty\/09i03-03-v04-00529\/\" class=\"readmore\">Continue reading<span class=\"screen-reader-text\">09I03-03-V04-00529<\/span><\/a><\/p>","protected":false},"author":1,"featured_media":0,"parent":472,"menu_order":0,"comment_status":"closed","ping_status":"closed","template":"","meta":{"footnotes":""},"class_list":["post-1515","page","type-page","status-publish","hentry"],"_links":{"self":[{"href":"https:\/\/vyskumnecentrum.sk\/en\/wp-json\/wp\/v2\/pages\/1515","targetHints":{"allow":["GET"]}}],"collection":[{"href":"https:\/\/vyskumnecentrum.sk\/en\/wp-json\/wp\/v2\/pages"}],"about":[{"href":"https:\/\/vyskumnecentrum.sk\/en\/wp-json\/wp\/v2\/types\/page"}],"author":[{"embeddable":true,"href":"https:\/\/vyskumnecentrum.sk\/en\/wp-json\/wp\/v2\/users\/1"}],"replies":[{"embeddable":true,"href":"https:\/\/vyskumnecentrum.sk\/en\/wp-json\/wp\/v2\/comments?post=1515"}],"version-history":[{"count":3,"href":"https:\/\/vyskumnecentrum.sk\/en\/wp-json\/wp\/v2\/pages\/1515\/revisions"}],"predecessor-version":[{"id":1617,"href":"https:\/\/vyskumnecentrum.sk\/en\/wp-json\/wp\/v2\/pages\/1515\/revisions\/1617"}],"up":[{"embeddable":true,"href":"https:\/\/vyskumnecentrum.sk\/en\/wp-json\/wp\/v2\/pages\/472"}],"wp:attachment":[{"href":"https:\/\/vyskumnecentrum.sk\/en\/wp-json\/wp\/v2\/media?parent=1515"}],"curies":[{"name":"wp","href":"https:\/\/api.w.org\/{rel}","templated":true}]}}