{"id":1532,"date":"2024-09-13T04:52:10","date_gmt":"2024-09-13T04:52:10","guid":{"rendered":"https:\/\/vyskumnecentrum.sk\/?page_id=1532"},"modified":"2025-01-22T07:13:43","modified_gmt":"2025-01-22T07:13:43","slug":"09i03-03-v04-00315","status":"publish","type":"page","link":"https:\/\/vyskumnecentrum.sk\/en\/vyskum\/projekty\/09i03-03-v04-00315\/","title":{"rendered":"09I03-03-V04-00315"},"content":{"rendered":"<p class=\"has-text-align-center\" style=\"font-size:22px\"><strong>Advanced surface treatment techniques for the improvement of application potential of biodegradable magnesium alloys<\/strong><\/p>\n\n\n\n<hr class=\"wp-block-separator has-alpha-channel-opacity\"\/>\n\n\n\n<p style=\"font-size:18px\"><strong>Project title: <\/strong><br>Advanced surface treatment techniques for the improvement of application potential of biodegradable magnesium alloys<\/p>\n\n\n\n<p style=\"font-size:18px\"><strong>Call:<br><\/strong>09I03-03-V04 \u201eFellowships for excellent researchers R2-R4\u201c<\/p>\n\n\n\n<p style=\"font-size:18px\"><strong><strong>Component<\/strong>: <\/strong><br>9: More effective managing and strengthening research, development and innovation funding<\/p>\n\n\n\n<p style=\"font-size:18px\"><strong>Investment: <\/strong><br>3. Excellent science<\/p>\n\n\n\n<p style=\"font-size:18px\"><strong><strong>The code of the request for funds from the mechanism<\/strong>:<\/strong> <br>09I03-03-V04-00315<\/p>\n\n\n\n<p style=\"font-size:18px\"><strong><strong>Requester identification (name, address, reggon)<\/strong>:<\/strong> <br>\u017dilinsk\u00e1 univerzita v \u017diline, Univerzitn\u00e1 8215\/1  010 26 \u017dilina, I\u010cO: 00397563<\/p>\n\n\n\n<p style=\"font-size:18px\"><strong><strong>Principal investigator<\/strong>:<\/strong> <br>Ing. Daniel Kaj\u00e1nek, PhD.<\/p>\n\n\n\n<p style=\"font-size:18px\"><strong><strong>Total amount of funds requested from the mechanism<\/strong>:<\/strong><br>148 306,80 \u20ac<\/p>\n\n\n\n<p style=\"font-size:18px\"><strong>Maximal approved funds:<\/strong> <br>148 306,80 \u20ac<\/p>\n\n\n\n<p style=\"font-size:18px\"><strong><strong>Start of project implementation<\/strong>:<\/strong> <br>1. 6. 2024<\/p>\n\n\n\n<p style=\"font-size:18px\"><strong>End of project implementation:<\/strong> <br>31. 5. 2026<\/p>\n\n\n\n<p style=\"font-size:18px\"><strong><strong>Project goal<\/strong>:<\/strong> <br>The main goal of the presented project is to prepare specific surface layers on biocompatible magnesium alloys using plasma electrolytic oxidation (PEO). Thanks to these protective layers, it will be possible to optimise the initial incubation period of the degradable implant dissolution.<\/p>\n\n\n\n<p style=\"font-size:18px\"><strong>Project deliverables:<\/strong><br>D1 White paper<br>D2 Lecture<br>D3 White paper<br>D4 Interim report<br>D5 Conference participation<br>D6 Lecture<br>D7 Scientific article<br>D8 Submitted project<br>D9 Final report<\/p>\n\n\n\n<p style=\"font-size:18px\"><strong><strong>Project milestones<\/strong>:<\/strong><br>MS1 Successful adaptation of pre-treatments methods<br>MS2 Correlation between PEO process parameters and tailored degradation rate<br>MS3 Biocompatible combined surface treatment based on PEO coatings for biodegradable Mg alloys<\/p>\n\n\n\n<p class=\"has-text-align-left\" style=\"font-size:18px\"><strong><strong>Project activities<\/strong>:<\/strong><br>Will be continuously updated<\/p>\n\n\n\n<p style=\"font-size:18px\"><strong><strong>Project data (open science)<\/strong>:<\/strong><br>Will be continuously updated<\/p>","protected":false},"excerpt":{"rendered":"<p>Progres\u00edvne met\u00f3dy povrchov\u00fdch \u00faprav pre zlep\u0161enie aplika\u010dn\u00e9ho potenci\u00e1lu biodegradovate\u013en\u00fdch hor\u010d\u00edkov\u00fdch zliatin N\u00e1zov projektu: Progres\u00edvne met\u00f3dy povrchov\u00fdch \u00faprav pre zlep\u0161enie aplika\u010dn\u00e9ho potenci\u00e1lu biodegradovate\u013en\u00fdch hor\u010d\u00edkov\u00fdch zliatin V\u00fdzva:09I03-03-V04 \u201e\u0160tipendi\u00e1 pre excelentn\u00fdch v\u00fdskumn\u00edkov a<\/p>\n<p class=\"more-link\"><a href=\"https:\/\/vyskumnecentrum.sk\/en\/vyskum\/projekty\/09i03-03-v04-00315\/\" class=\"readmore\">Continue reading<span class=\"screen-reader-text\">09I03-03-V04-00315<\/span><\/a><\/p>","protected":false},"author":1,"featured_media":0,"parent":472,"menu_order":0,"comment_status":"closed","ping_status":"closed","template":"","meta":{"footnotes":""},"class_list":["post-1532","page","type-page","status-publish","hentry"],"_links":{"self":[{"href":"https:\/\/vyskumnecentrum.sk\/en\/wp-json\/wp\/v2\/pages\/1532","targetHints":{"allow":["GET"]}}],"collection":[{"href":"https:\/\/vyskumnecentrum.sk\/en\/wp-json\/wp\/v2\/pages"}],"about":[{"href":"https:\/\/vyskumnecentrum.sk\/en\/wp-json\/wp\/v2\/types\/page"}],"author":[{"embeddable":true,"href":"https:\/\/vyskumnecentrum.sk\/en\/wp-json\/wp\/v2\/users\/1"}],"replies":[{"embeddable":true,"href":"https:\/\/vyskumnecentrum.sk\/en\/wp-json\/wp\/v2\/comments?post=1532"}],"version-history":[{"count":3,"href":"https:\/\/vyskumnecentrum.sk\/en\/wp-json\/wp\/v2\/pages\/1532\/revisions"}],"predecessor-version":[{"id":1618,"href":"https:\/\/vyskumnecentrum.sk\/en\/wp-json\/wp\/v2\/pages\/1532\/revisions\/1618"}],"up":[{"embeddable":true,"href":"https:\/\/vyskumnecentrum.sk\/en\/wp-json\/wp\/v2\/pages\/472"}],"wp:attachment":[{"href":"https:\/\/vyskumnecentrum.sk\/en\/wp-json\/wp\/v2\/media?parent=1532"}],"curies":[{"name":"wp","href":"https:\/\/api.w.org\/{rel}","templated":true}]}}