{"id":1537,"date":"2024-09-13T05:11:03","date_gmt":"2024-09-13T05:11:03","guid":{"rendered":"https:\/\/vyskumnecentrum.sk\/?page_id=1537"},"modified":"2025-01-22T07:13:41","modified_gmt":"2025-01-22T07:13:41","slug":"09i03-03-v04-00312","status":"publish","type":"page","link":"https:\/\/vyskumnecentrum.sk\/en\/vyskum\/projekty\/09i03-03-v04-00312\/","title":{"rendered":"09I03-03-V04-00312"},"content":{"rendered":"<p class=\"has-text-align-center\" style=\"font-size:22px\"><strong>Innovative process of combining the use of daylight in conjunction with adaptive control of the indoor environment<\/strong><\/p>\n\n\n\n<hr class=\"wp-block-separator has-alpha-channel-opacity\"\/>\n\n\n\n<p style=\"font-size:18px\"><strong>Project title: <\/strong><br>Innovative process of combining the use of daylight in conjunction with adaptive control of the indoor environment<\/p>\n\n\n\n<p style=\"font-size:18px\"><strong>Call:<br><\/strong>09I03-03-V04 \u201eFellowships for excellent researchers R2-R4\u201c<\/p>\n\n\n\n<p style=\"font-size:18px\"><strong><strong>Component<\/strong>: <\/strong><br>9: More effective managing and strengthening research, development and innovation funding<\/p>\n\n\n\n<p style=\"font-size:18px\"><strong>Investment: <\/strong><br>3. Excellent science<\/p>\n\n\n\n<p style=\"font-size:18px\"><strong><strong>The code of the request for funds from the mechanism<\/strong>:<\/strong> <br>09I03-03-V04-00312<\/p>\n\n\n\n<p style=\"font-size:18px\"><strong><strong>Requester identification (name, address, reggon)<\/strong>:<\/strong> <br>\u017dilinsk\u00e1 univerzita v \u017diline, Univerzitn\u00e1 8215\/1  010 26 \u017dilina, I\u010cO: 00397563<\/p>\n\n\n\n<p style=\"font-size:18px\"><strong><strong>Principal investigator<\/strong>:<\/strong> <br>Ing. Pavol Bel\u00e1ny, PhD.<\/p>\n\n\n\n<p style=\"font-size:18px\"><strong><strong>Total amount of funds requested from the mechanism<\/strong>:<\/strong><br>148 306,80 \u20ac<\/p>\n\n\n\n<p style=\"font-size:18px\"><strong>Maximal approved funds:<\/strong> <br>148 306,80 \u20ac<\/p>\n\n\n\n<p style=\"font-size:18px\"><strong><strong>Start of project implementation<\/strong>:<\/strong> <br>1. 6. 2024<\/p>\n\n\n\n<p style=\"font-size:18px\"><strong>End of project implementation:<\/strong> <br>31. 5. 2026<\/p>\n\n\n\n<p style=\"font-size:18px\"><strong><strong>Project goal<\/strong>:<\/strong> <br>The main objective of this research is to explore the availability of natural renewable energy resources (primarily daylight and solar energy) in the context of improving energy efficiency in buildings. Natural resources will be utilized primarily by using daylight, through which adaptive control of the indoor environment will be carried out with an emphasis on lighting and maintaining visual comfort. The adaptive control system will be implemented in an experimental intelligent building.<\/p>\n\n\n\n<p style=\"font-size:18px\"><strong>Project deliverables:<\/strong><br>D1 White paper<br>D2 Dataset<br>D3 RTM predictive model<br>D4 Statistic predictive model<br>D5 White paper<br>D6 Lecture<br>D7 Interim report<br>D8 Conference participation<br>D9 Journal article<br>D10 Project submission<br>D11 Final report<\/p>\n\n\n\n<p style=\"font-size:18px\"><strong><strong>Project milestones<\/strong>:<\/strong><br>MS1 Creation of a measurement network and data processing<br>MS2 Creation of prediction models<br>MS3 Model of adaptive control<\/p>\n\n\n\n<p class=\"has-text-align-left\" style=\"font-size:18px\"><strong><strong>Project activities<\/strong>:<\/strong><br>Will be continuously updated<\/p>\n\n\n\n<p style=\"font-size:18px\"><strong><strong>Project data (open science)<\/strong>:<\/strong><br>Will be continuously updated<\/p>","protected":false},"excerpt":{"rendered":"<p>Inovat\u00edvny proces integr\u00e1cie denn\u00e9ho svetla do syst\u00e9mu osvetlenia v s\u00fa\u010dinnosti s adapt\u00edvnym riaden\u00edm vn\u00fatorn\u00e9ho prostredia N\u00e1zov projektu: Inovat\u00edvny proces integr\u00e1cie denn\u00e9ho svetla do syst\u00e9mu osvetlenia v s\u00fa\u010dinnosti s adapt\u00edvnym riaden\u00edm<\/p>\n<p class=\"more-link\"><a href=\"https:\/\/vyskumnecentrum.sk\/en\/vyskum\/projekty\/09i03-03-v04-00312\/\" class=\"readmore\">Continue reading<span class=\"screen-reader-text\">09I03-03-V04-00312<\/span><\/a><\/p>","protected":false},"author":1,"featured_media":0,"parent":472,"menu_order":0,"comment_status":"closed","ping_status":"closed","template":"","meta":{"footnotes":""},"class_list":["post-1537","page","type-page","status-publish","hentry"],"_links":{"self":[{"href":"https:\/\/vyskumnecentrum.sk\/en\/wp-json\/wp\/v2\/pages\/1537","targetHints":{"allow":["GET"]}}],"collection":[{"href":"https:\/\/vyskumnecentrum.sk\/en\/wp-json\/wp\/v2\/pages"}],"about":[{"href":"https:\/\/vyskumnecentrum.sk\/en\/wp-json\/wp\/v2\/types\/page"}],"author":[{"embeddable":true,"href":"https:\/\/vyskumnecentrum.sk\/en\/wp-json\/wp\/v2\/users\/1"}],"replies":[{"embeddable":true,"href":"https:\/\/vyskumnecentrum.sk\/en\/wp-json\/wp\/v2\/comments?post=1537"}],"version-history":[{"count":3,"href":"https:\/\/vyskumnecentrum.sk\/en\/wp-json\/wp\/v2\/pages\/1537\/revisions"}],"predecessor-version":[{"id":1619,"href":"https:\/\/vyskumnecentrum.sk\/en\/wp-json\/wp\/v2\/pages\/1537\/revisions\/1619"}],"up":[{"embeddable":true,"href":"https:\/\/vyskumnecentrum.sk\/en\/wp-json\/wp\/v2\/pages\/472"}],"wp:attachment":[{"href":"https:\/\/vyskumnecentrum.sk\/en\/wp-json\/wp\/v2\/media?parent=1537"}],"curies":[{"name":"wp","href":"https:\/\/api.w.org\/{rel}","templated":true}]}}