{"id":1572,"date":"2024-10-17T09:29:47","date_gmt":"2024-10-17T09:29:47","guid":{"rendered":"https:\/\/vyskumnecentrum.sk\/?page_id=1572"},"modified":"2024-10-17T09:32:17","modified_gmt":"2024-10-17T09:32:17","slug":"ekomatech-2024","status":"publish","type":"page","link":"https:\/\/vyskumnecentrum.sk\/en\/ekomatech-2024\/","title":{"rendered":"EkoMatech 2024"},"content":{"rendered":"<div class=\"wp-block-image\">\n<figure class=\"aligncenter size-full\"><img loading=\"lazy\" decoding=\"async\" width=\"569\" height=\"484\" src=\"https:\/\/vyskumnecentrum.sk\/wp-content\/uploads\/2024\/10\/EkoMatech2024.jpg\" alt=\"\" class=\"wp-image-1573\" srcset=\"https:\/\/vyskumnecentrum.sk\/wp-content\/uploads\/2024\/10\/EkoMatech2024.jpg 569w, https:\/\/vyskumnecentrum.sk\/wp-content\/uploads\/2024\/10\/EkoMatech2024-300x255.jpg 300w, https:\/\/vyskumnecentrum.sk\/wp-content\/uploads\/2024\/10\/EkoMatech2024-50x43.jpg 50w, https:\/\/vyskumnecentrum.sk\/wp-content\/uploads\/2024\/10\/EkoMatech2024-14x12.jpg 14w\" sizes=\"auto, (max-width: 569px) 100vw, 569px\" \/><\/figure><\/div>\n\n\n<p style=\"font-size:18px\">In October 2024, the EkoMatech 2024 conference was held at the UNIZA Research Centre. The aim of the conference was to present the results of current research in two key scientific areas. The first area was innovative technologies and processes with the potential to reduce environmental impact involving the energy and engineering industries. The second main theme of the conference was papers focusing on advanced materials and their surface treatments with low environmental impact used in various sectors of the engineering and biomedical industries.<\/p>\n\n\n\n<p style=\"font-size:18px\">Conference proceedings can be downloaded here: <a href=\"https:\/\/vyskumnecentrum.sk\/wp-content\/uploads\/2024\/10\/Zbornik-EkoMatech.zip\" data-type=\"link\" data-id=\"https:\/\/vyskumnecentrum.sk\/wp-content\/uploads\/2024\/10\/Zbornik-EkoMatech.zip\">EkoMatech2024<\/a><\/p>","protected":false},"excerpt":{"rendered":"<p>V\u00a0okt\u00f3bri 2024 sa na V\u00fdskumnom centre UNIZA uskuto\u010dnila konferencia EkoMatech 2024. Cie\u013eom konferencie bolo odprezentova\u0165 v\u00fdsledky aktu\u00e1lneho v\u00fdskumu v\u00a0dvoch k\u013e\u00fa\u010dov\u00fdch vedeck\u00fdch oblastiach. Prvou oblas\u0165ou boli inovat\u00edvne technol\u00f3gie a\u00a0postupy s\u00a0potenci\u00e1lom zn\u00ed\u017eenia<\/p>\n<p class=\"more-link\"><a href=\"https:\/\/vyskumnecentrum.sk\/en\/ekomatech-2024\/\" class=\"readmore\">Continue reading<span class=\"screen-reader-text\">EkoMatech 2024<\/span><\/a><\/p>","protected":false},"author":1,"featured_media":0,"parent":0,"menu_order":0,"comment_status":"closed","ping_status":"closed","template":"","meta":{"footnotes":""},"class_list":["post-1572","page","type-page","status-publish","hentry"],"_links":{"self":[{"href":"https:\/\/vyskumnecentrum.sk\/en\/wp-json\/wp\/v2\/pages\/1572","targetHints":{"allow":["GET"]}}],"collection":[{"href":"https:\/\/vyskumnecentrum.sk\/en\/wp-json\/wp\/v2\/pages"}],"about":[{"href":"https:\/\/vyskumnecentrum.sk\/en\/wp-json\/wp\/v2\/types\/page"}],"author":[{"embeddable":true,"href":"https:\/\/vyskumnecentrum.sk\/en\/wp-json\/wp\/v2\/users\/1"}],"replies":[{"embeddable":true,"href":"https:\/\/vyskumnecentrum.sk\/en\/wp-json\/wp\/v2\/comments?post=1572"}],"version-history":[{"count":4,"href":"https:\/\/vyskumnecentrum.sk\/en\/wp-json\/wp\/v2\/pages\/1572\/revisions"}],"predecessor-version":[{"id":1579,"href":"https:\/\/vyskumnecentrum.sk\/en\/wp-json\/wp\/v2\/pages\/1572\/revisions\/1579"}],"wp:attachment":[{"href":"https:\/\/vyskumnecentrum.sk\/en\/wp-json\/wp\/v2\/media?parent=1572"}],"curies":[{"name":"wp","href":"https:\/\/api.w.org\/{rel}","templated":true}]}}