{"id":1658,"date":"2025-03-25T09:17:25","date_gmt":"2025-03-25T09:17:25","guid":{"rendered":"https:\/\/vyskumnecentrum.sk\/?page_id=1658"},"modified":"2025-04-04T08:08:08","modified_gmt":"2025-04-04T08:08:08","slug":"09-i05-03-v02-00065","status":"publish","type":"page","link":"https:\/\/vyskumnecentrum.sk\/en\/vyskum\/projekty\/09-i05-03-v02-00065\/","title":{"rendered":"09-i05-03-v02-00065"},"content":{"rendered":"<p class=\"has-text-align-center\" style=\"font-size:22px\"><strong>Directionally Solidified Ce-doped YAG(Y3Al5O12)\/Al2O3 Eutectic Ceramics for sensors and  phosphors prepared by Horizontal Directed Crystallization<\/strong><\/p>\n\n\n\n<hr class=\"wp-block-separator has-alpha-channel-opacity\"\/>\n\n\n\n<figure class=\"wp-block-image size-large\"><img loading=\"lazy\" decoding=\"async\" width=\"1024\" height=\"158\" src=\"https:\/\/vyskumnecentrum.sk\/wp-content\/uploads\/2025\/04\/logo-agentura-1024x158.jpg\" alt=\"\" class=\"wp-image-1677\" srcset=\"https:\/\/vyskumnecentrum.sk\/wp-content\/uploads\/2025\/04\/logo-agentura-1024x158.jpg 1024w, https:\/\/vyskumnecentrum.sk\/wp-content\/uploads\/2025\/04\/logo-agentura-300x46.jpg 300w, https:\/\/vyskumnecentrum.sk\/wp-content\/uploads\/2025\/04\/logo-agentura-768x119.jpg 768w, https:\/\/vyskumnecentrum.sk\/wp-content\/uploads\/2025\/04\/logo-agentura-50x8.jpg 50w, https:\/\/vyskumnecentrum.sk\/wp-content\/uploads\/2025\/04\/logo-agentura-1600x247.jpg 1600w, https:\/\/vyskumnecentrum.sk\/wp-content\/uploads\/2025\/04\/logo-agentura-1536x238.jpg 1536w, https:\/\/vyskumnecentrum.sk\/wp-content\/uploads\/2025\/04\/logo-agentura-18x3.jpg 18w, https:\/\/vyskumnecentrum.sk\/wp-content\/uploads\/2025\/04\/logo-agentura.jpg 1610w\" sizes=\"auto, (max-width: 1024px) 100vw, 1024px\" \/><\/figure>\n\n\n\n<p style=\"font-size:18px\"><strong>Project title: <\/strong><br>Directionally Solidified Ce-doped YAG(Y3Al5O12)\/Al2O3 Eutectic Ceramics for sensors and  phosphors prepared by Horizontal Directed Crystallization<\/p>\n\n\n\n<p style=\"font-size:18px\"><strong>Call:<br><\/strong>09I05-03-V02 \u201eCall to support research projects focused on digitalization of the economy in TRL levels 1-3\"<\/p>\n\n\n\n<p style=\"font-size:18px\"><strong><strong>Component<\/strong>: <\/strong><br>9: More effective managing and strengthening research, development and innovation funding<\/p>\n\n\n\n<p style=\"font-size:18px\"><strong>Investment: <\/strong><br>Investment 5: Research and innovation for the digitalization of the economy<\/p>\n\n\n\n<p style=\"font-size:18px\"><strong><strong>The code of the request for funds from the mechanism<\/strong>:<\/strong> <br>09-i05-03-v02-00065<\/p>\n\n\n\n<p style=\"font-size:18px\"><strong><strong>Requester identification (name, address, reggon)<\/strong>:<\/strong> <br>\u017dilinsk\u00e1 univerzita v \u017diline, Univerzitn\u00e1 8215\/1  010 26 \u017dilina, I\u010cO: 00397563<\/p>\n\n\n\n<p style=\"font-size:18px\"><strong>Project partner no. 1<\/strong><br>\u00dastav anorganickej ch\u00e9mie Slovenskej akad\u00e9mie vied v. v. i., D\u00fabravsk\u00e1 cesta 9, 845 36 Bratislava, I\u010cO: 00586919<\/p>\n\n\n\n<p style=\"font-size:18px\"><strong>Project partner no. 2<\/strong><br>AT Crystals, s. r. o., Rosink\u00e1 cesta 9, 010 08 \u017dilina, I\u010cO 52298370<\/p>\n\n\n\n<p style=\"font-size:18px\"><strong><strong>Total amount of funds requested from the mechanism<\/strong>:<\/strong><br>714&nbsp;843,36 \u20ac<\/p>\n\n\n\n<p style=\"font-size:18px\"><strong>Total eligible project expenses:<\/strong> <br>784&nbsp;470,96 \u20ac<\/p>\n\n\n\n<p style=\"font-size:18px\"><strong>Proportion of funding for the mechanism:<\/strong> <br>91,1243 %<\/p>\n\n\n\n<p style=\"font-size:18px\"><strong><strong>Effective date of the contract<\/strong>:<br><\/strong> &#8211;<\/p>\n\n\n\n<p style=\"font-size:18px\"><strong><strong>Start of project implementation<\/strong>:<\/strong> <br>1.6.2024<\/p>\n\n\n\n<p style=\"font-size:18px\"><strong>End of project implementation:<\/strong> <br>30.6.2026<\/p>\n\n\n\n<p style=\"font-size:18px\"><strong><strong>Project goal<\/strong>:<\/strong> <br>The main goal of this project is to systematically investigate and conduct research focused on controlling the crystallographic texture and morphology within the Ce-doped  YAG\/Al2O3 directionally solidified eutectic (DSE) ceramic, utilizing the Horizontal Directed Crystallization (HDC) method as the fabrication technique. Control over the crystallographic texture will be achieved through the deliberate implementation of seed, while the manipulation of morphology will be accomplished by ensuring input raw material and growth conditions. Deep investigation of crystalographic texture and morphology of prepared ceramic can led to find new structure and functional materials.<\/p>\n\n\n\n<p style=\"font-size:18px\"><strong><strong>Project milestones<\/strong>:<\/strong><br>M1 - Prepared synthetized raw material<br>M2 - Design of thermal unit optimised for growth DSE<br>M3 - Assembled thermal unit<br>M4 - Growing DSE ceramic. Parameters of technologic process of growth DSE <br>M5 - Machined samples DSE<br>M6 - Data from charaterisation of DSE<\/p>\n\n\n\n<p class=\"has-text-align-left\" style=\"font-size:18px\"><strong><strong>Project activities<\/strong>:<\/strong><br>Will be continuously updated<\/p>\n\n\n\n<p style=\"font-size:18px\"><strong><strong>Project data (open science)<\/strong>:<br><\/strong>Will be continuously updated<\/p>\n\n\n\n<p><\/p>","protected":false},"excerpt":{"rendered":"<p>C\u00e9riom dopovan\u00e1 usmernene solidifikovan\u00e1 eutektick\u00e1 keramika YAG(Y3Al5O12)\/Al2O3 pre senzory a fosfory pripraven\u00e1 horizont\u00e1lne usmernenou kry\u0161taliz\u00e1ciou N\u00e1zov projektu: C\u00e9riom dopovan\u00e1 usmernene solidifikovan\u00e1 eutektick\u00e1 keramika YAG(Y3Al5O12)\/Al2O3 pre senzory a fosfory pripraven\u00e1 horizont\u00e1lne<\/p>\n<p class=\"more-link\"><a href=\"https:\/\/vyskumnecentrum.sk\/en\/vyskum\/projekty\/09-i05-03-v02-00065\/\" class=\"readmore\">Continue reading<span class=\"screen-reader-text\">09-i05-03-v02-00065<\/span><\/a><\/p>","protected":false},"author":1,"featured_media":0,"parent":472,"menu_order":0,"comment_status":"closed","ping_status":"closed","template":"","meta":{"footnotes":""},"class_list":["post-1658","page","type-page","status-publish","hentry"],"_links":{"self":[{"href":"https:\/\/vyskumnecentrum.sk\/en\/wp-json\/wp\/v2\/pages\/1658","targetHints":{"allow":["GET"]}}],"collection":[{"href":"https:\/\/vyskumnecentrum.sk\/en\/wp-json\/wp\/v2\/pages"}],"about":[{"href":"https:\/\/vyskumnecentrum.sk\/en\/wp-json\/wp\/v2\/types\/page"}],"author":[{"embeddable":true,"href":"https:\/\/vyskumnecentrum.sk\/en\/wp-json\/wp\/v2\/users\/1"}],"replies":[{"embeddable":true,"href":"https:\/\/vyskumnecentrum.sk\/en\/wp-json\/wp\/v2\/comments?post=1658"}],"version-history":[{"count":3,"href":"https:\/\/vyskumnecentrum.sk\/en\/wp-json\/wp\/v2\/pages\/1658\/revisions"}],"predecessor-version":[{"id":1682,"href":"https:\/\/vyskumnecentrum.sk\/en\/wp-json\/wp\/v2\/pages\/1658\/revisions\/1682"}],"up":[{"embeddable":true,"href":"https:\/\/vyskumnecentrum.sk\/en\/wp-json\/wp\/v2\/pages\/472"}],"wp:attachment":[{"href":"https:\/\/vyskumnecentrum.sk\/en\/wp-json\/wp\/v2\/media?parent=1658"}],"curies":[{"name":"wp","href":"https:\/\/api.w.org\/{rel}","templated":true}]}}