{"id":1663,"date":"2025-03-25T09:28:44","date_gmt":"2025-03-25T09:28:44","guid":{"rendered":"https:\/\/vyskumnecentrum.sk\/?page_id=1663"},"modified":"2025-04-04T08:07:17","modified_gmt":"2025-04-04T08:07:17","slug":"09-i05-03-v02-00027","status":"publish","type":"page","link":"https:\/\/vyskumnecentrum.sk\/en\/vyskum\/projekty\/09-i05-03-v02-00027\/","title":{"rendered":"09-i05-03-v02-00027"},"content":{"rendered":"<p class=\"has-text-align-center\" style=\"font-size:22px\"><strong>V\u00fdskum met\u00f3d anal\u00fdzy inerci\u00e1lnych d\u00e1t pre strafik\u00e1ciu pacientov&nbsp; a personaliz\u00e1ciu asistovanej mimotelovej prehabilit\u00e1cie s vyu\u017eit\u00edm senzorickej siete<\/strong><\/p>\n\n\n\n<hr class=\"wp-block-separator has-alpha-channel-opacity\"\/>\n\n\n\n<figure class=\"wp-block-image size-large\"><img loading=\"lazy\" decoding=\"async\" width=\"1024\" height=\"158\" src=\"https:\/\/vyskumnecentrum.sk\/wp-content\/uploads\/2025\/04\/logo-agentura-1024x158.jpg\" alt=\"\" class=\"wp-image-1677\" srcset=\"https:\/\/vyskumnecentrum.sk\/wp-content\/uploads\/2025\/04\/logo-agentura-1024x158.jpg 1024w, https:\/\/vyskumnecentrum.sk\/wp-content\/uploads\/2025\/04\/logo-agentura-300x46.jpg 300w, https:\/\/vyskumnecentrum.sk\/wp-content\/uploads\/2025\/04\/logo-agentura-768x119.jpg 768w, https:\/\/vyskumnecentrum.sk\/wp-content\/uploads\/2025\/04\/logo-agentura-50x8.jpg 50w, https:\/\/vyskumnecentrum.sk\/wp-content\/uploads\/2025\/04\/logo-agentura-1600x247.jpg 1600w, https:\/\/vyskumnecentrum.sk\/wp-content\/uploads\/2025\/04\/logo-agentura-1536x238.jpg 1536w, https:\/\/vyskumnecentrum.sk\/wp-content\/uploads\/2025\/04\/logo-agentura-18x3.jpg 18w, https:\/\/vyskumnecentrum.sk\/wp-content\/uploads\/2025\/04\/logo-agentura.jpg 1610w\" sizes=\"auto, (max-width: 1024px) 100vw, 1024px\" \/><\/figure>\n\n\n\n<p style=\"font-size:18px\"><strong>Project title: <\/strong><br>V\u00fdskum met\u00f3d anal\u00fdzy inerci\u00e1lnych d\u00e1t pre strafik\u00e1ciu pacientov&nbsp; a personaliz\u00e1ciu asistovanej mimotelovej prehabilit\u00e1cie s vyu\u017eit\u00edm senzorickej siete<\/p>\n\n\n\n<p style=\"font-size:18px\"><strong>Call:<br><\/strong>09I05-03-V02 \u201eCall to support research projects focused on digitalization of the economy in TRL levels 1-3\"<\/p>\n\n\n\n<p style=\"font-size:18px\"><strong><strong>Component<\/strong>: <\/strong><br>9: More effective managing and strengthening research, development and innovation funding<\/p>\n\n\n\n<p style=\"font-size:18px\"><strong>Investment: <\/strong><br>Investment 5: Research and innovation for the digitalization of the economy<\/p>\n\n\n\n<p style=\"font-size:18px\"><strong><strong>The code of the request for funds from the mechanism<\/strong>:<\/strong> <br>09-i05-03-v02-00027<\/p>\n\n\n\n<p style=\"font-size:18px\"><strong><strong>Requester identification (name, address, reggon)<\/strong>:<\/strong> <br>\u017dilinsk\u00e1 univerzita v \u017diline, Univerzitn\u00e1 8215\/1  010 26 \u017dilina, I\u010cO: 00397563<\/p>\n\n\n\n<p style=\"font-size:18px\"><strong><strong>Total amount of funds requested from the mechanism<\/strong>:<\/strong><br>499&nbsp;771,44 \u20ac<\/p>\n\n\n\n<p style=\"font-size:18px\"><strong>Total eligible project expenses:<\/strong> <br>499&nbsp;771,44 \u20ac<\/p>\n\n\n\n<p style=\"font-size:18px\"><strong>Proportion of funding for the mechanism:<\/strong> <br>100 %<\/p>\n\n\n\n<p style=\"font-size:18px\"><strong><strong>Effective date of the contract<\/strong>:<br><\/strong> &#8211;<\/p>\n\n\n\n<p style=\"font-size:18px\"><strong><strong>Start of project implementation<\/strong>:<\/strong> <br>1.1.2024<\/p>\n\n\n\n<p style=\"font-size:18px\"><strong>End of project implementation:<\/strong> <br>30.6.2026<\/p>\n\n\n\n<p style=\"font-size:18px\"><strong><strong>Project goal<\/strong>:<\/strong> <br>This project aims to research and develop advanced methods to analyze inertial data from a multimodal sensor network for an out-of-body rehabilitation device tailored explicitly to individual rehabilitation needs regardless of the age, gender and overall physiological or pathological condition of the patient. These methods will also adapt system parameters and control according to the current therapeutic or rehabilitation progress.<\/p>\n\n\n\n<p style=\"font-size:18px\"><strong><strong>Project milestones<\/strong>:<\/strong><br>- Kick-off meeting<br>- First intermediate result in R&amp;D and innovation activities<br>- Second intermediate result in R&amp;D and innovation activities<br>- Third intermediate result in R&amp;D and innovation activities<br>- Final meeting<br><\/p>\n\n\n\n<p class=\"has-text-align-left\" style=\"font-size:18px\"><strong><strong>Project activities<\/strong>:<\/strong><br>Will be continuously updated<\/p>\n\n\n\n<p style=\"font-size:18px\"><strong><strong>Project data (open science)<\/strong>:<br><\/strong>Will be continuously updated<\/p>","protected":false},"excerpt":{"rendered":"<p>V\u00fdskum met\u00f3d anal\u00fdzy inerci\u00e1lnych d\u00e1t pre strafik\u00e1ciu pacientov&nbsp; a personaliz\u00e1ciu asistovanej mimotelovej prehabilit\u00e1cie s vyu\u017eit\u00edm senzorickej siete N\u00e1zov projektu: V\u00fdskum met\u00f3d anal\u00fdzy inerci\u00e1lnych d\u00e1t pre strafik\u00e1ciu pacientov&nbsp; a personaliz\u00e1ciu asistovanej<\/p>\n<p class=\"more-link\"><a href=\"https:\/\/vyskumnecentrum.sk\/en\/vyskum\/projekty\/09-i05-03-v02-00027\/\" class=\"readmore\">Continue reading<span class=\"screen-reader-text\">09-i05-03-v02-00027<\/span><\/a><\/p>","protected":false},"author":1,"featured_media":0,"parent":472,"menu_order":0,"comment_status":"closed","ping_status":"closed","template":"","meta":{"footnotes":""},"class_list":["post-1663","page","type-page","status-publish","hentry"],"_links":{"self":[{"href":"https:\/\/vyskumnecentrum.sk\/en\/wp-json\/wp\/v2\/pages\/1663","targetHints":{"allow":["GET"]}}],"collection":[{"href":"https:\/\/vyskumnecentrum.sk\/en\/wp-json\/wp\/v2\/pages"}],"about":[{"href":"https:\/\/vyskumnecentrum.sk\/en\/wp-json\/wp\/v2\/types\/page"}],"author":[{"embeddable":true,"href":"https:\/\/vyskumnecentrum.sk\/en\/wp-json\/wp\/v2\/users\/1"}],"replies":[{"embeddable":true,"href":"https:\/\/vyskumnecentrum.sk\/en\/wp-json\/wp\/v2\/comments?post=1663"}],"version-history":[{"count":2,"href":"https:\/\/vyskumnecentrum.sk\/en\/wp-json\/wp\/v2\/pages\/1663\/revisions"}],"predecessor-version":[{"id":1681,"href":"https:\/\/vyskumnecentrum.sk\/en\/wp-json\/wp\/v2\/pages\/1663\/revisions\/1681"}],"up":[{"embeddable":true,"href":"https:\/\/vyskumnecentrum.sk\/en\/wp-json\/wp\/v2\/pages\/472"}],"wp:attachment":[{"href":"https:\/\/vyskumnecentrum.sk\/en\/wp-json\/wp\/v2\/media?parent=1663"}],"curies":[{"name":"wp","href":"https:\/\/api.w.org\/{rel}","templated":true}]}}