{"id":1784,"date":"2025-08-07T12:49:51","date_gmt":"2025-08-07T12:49:51","guid":{"rendered":"https:\/\/vyskumnecentrum.sk\/?page_id=1784"},"modified":"2026-01-16T08:15:40","modified_gmt":"2026-01-16T08:15:40","slug":"branislav-hadzima","status":"publish","type":"page","link":"https:\/\/vyskumnecentrum.sk\/en\/o_nas\/zoznam-zamestnancov\/branislav-hadzima\/","title":{"rendered":"Branislav Hadzima"},"content":{"rendered":"<figure class=\"wp-block-image size-full\"><img loading=\"lazy\" decoding=\"async\" width=\"831\" height=\"318\" src=\"https:\/\/vyskumnecentrum.sk\/wp-content\/uploads\/2026\/01\/BH_-2.png\" alt=\"prof. Branislav Hadzima\" class=\"wp-image-1987\" srcset=\"https:\/\/vyskumnecentrum.sk\/wp-content\/uploads\/2026\/01\/BH_-2.png 831w, https:\/\/vyskumnecentrum.sk\/wp-content\/uploads\/2026\/01\/BH_-2-300x115.png 300w, https:\/\/vyskumnecentrum.sk\/wp-content\/uploads\/2026\/01\/BH_-2-768x294.png 768w, https:\/\/vyskumnecentrum.sk\/wp-content\/uploads\/2026\/01\/BH_-2-50x19.png 50w, https:\/\/vyskumnecentrum.sk\/wp-content\/uploads\/2026\/01\/BH_-2-18x7.png 18w\" sizes=\"auto, (max-width: 831px) 100vw, 831px\" \/><\/figure>\n\n\n\n<div class=\"wp-block-columns is-layout-flex wp-container-core-columns-is-layout-9d6595d7 wp-block-columns-is-layout-flex\">\n<div class=\"wp-block-column is-layout-flow wp-block-column-is-layout-flow\">\n<div class=\"wp-block-media-text is-stacked-on-mobile\" style=\"grid-template-columns:15% auto\"><figure class=\"wp-block-media-text__media\"><img loading=\"lazy\" decoding=\"async\" width=\"55\" height=\"55\" src=\"https:\/\/vyskumnecentrum.sk\/wp-content\/uploads\/2025\/08\/LC_.png\" alt=\"\" class=\"wp-image-1804 size-full\" srcset=\"https:\/\/vyskumnecentrum.sk\/wp-content\/uploads\/2025\/08\/LC_.png 55w, https:\/\/vyskumnecentrum.sk\/wp-content\/uploads\/2025\/08\/LC_-50x50.png 50w, https:\/\/vyskumnecentrum.sk\/wp-content\/uploads\/2025\/08\/LC_-12x12.png 12w\" sizes=\"auto, (max-width: 55px) 100vw, 55px\" \/><\/figure><div class=\"wp-block-media-text__content\">\n<p>VC 4.15<\/p>\n<\/div><\/div>\n\n\n\n<div class=\"wp-block-media-text is-stacked-on-mobile\" style=\"grid-template-columns:15% auto\"><figure class=\"wp-block-media-text__media\"><img loading=\"lazy\" decoding=\"async\" width=\"55\" height=\"55\" src=\"https:\/\/vyskumnecentrum.sk\/wp-content\/uploads\/2025\/08\/PH_.png\" alt=\"\" class=\"wp-image-1807 size-full\" srcset=\"https:\/\/vyskumnecentrum.sk\/wp-content\/uploads\/2025\/08\/PH_.png 55w, https:\/\/vyskumnecentrum.sk\/wp-content\/uploads\/2025\/08\/PH_-50x50.png 50w, https:\/\/vyskumnecentrum.sk\/wp-content\/uploads\/2025\/08\/PH_-12x12.png 12w\" sizes=\"auto, (max-width: 55px) 100vw, 55px\" \/><\/figure><div class=\"wp-block-media-text__content\">\n<p>+421 41 513 7600<\/p>\n<\/div><\/div>\n\n\n\n<div class=\"wp-block-media-text is-stacked-on-mobile\" style=\"grid-template-columns:15% auto\"><figure class=\"wp-block-media-text__media\"><img loading=\"lazy\" decoding=\"async\" width=\"55\" height=\"55\" src=\"https:\/\/vyskumnecentrum.sk\/wp-content\/uploads\/2025\/08\/ML_.png\" alt=\"\" class=\"wp-image-1808 size-full\" srcset=\"https:\/\/vyskumnecentrum.sk\/wp-content\/uploads\/2025\/08\/ML_.png 55w, https:\/\/vyskumnecentrum.sk\/wp-content\/uploads\/2025\/08\/ML_-50x50.png 50w, https:\/\/vyskumnecentrum.sk\/wp-content\/uploads\/2025\/08\/ML_-12x12.png 12w\" sizes=\"auto, (max-width: 55px) 100vw, 55px\" \/><\/figure><div class=\"wp-block-media-text__content\">\n<p style=\"font-size:17px\">branislav.hadzima@uniza.sk<\/p>\n<\/div><\/div>\n\n\n\n<div class=\"wp-block-media-text is-stacked-on-mobile\" style=\"grid-template-columns:15% auto\"><figure class=\"wp-block-media-text__media\"><img loading=\"lazy\" decoding=\"async\" width=\"55\" height=\"55\" src=\"https:\/\/vyskumnecentrum.sk\/wp-content\/uploads\/2025\/08\/www.jpg\" alt=\"\" class=\"wp-image-1863 size-full\" srcset=\"https:\/\/vyskumnecentrum.sk\/wp-content\/uploads\/2025\/08\/www.jpg 55w, https:\/\/vyskumnecentrum.sk\/wp-content\/uploads\/2025\/08\/www-50x50.jpg 50w, https:\/\/vyskumnecentrum.sk\/wp-content\/uploads\/2025\/08\/www-12x12.jpg 12w\" sizes=\"auto, (max-width: 55px) 100vw, 55px\" \/><\/figure><div class=\"wp-block-media-text__content\">\n<p><a href=\"https:\/\/www.hadzima.sk\/\" data-type=\"link\" data-id=\"https:\/\/www.hadzima.sk\/\">www.hadzima.sk<\/a><\/p>\n<\/div><\/div>\n<\/div>\n\n\n\n<div class=\"wp-block-column is-layout-flow wp-block-column-is-layout-flow\">\n<div class=\"wp-block-media-text is-stacked-on-mobile\" style=\"grid-template-columns:15% auto\"><figure class=\"wp-block-media-text__media\"><img loading=\"lazy\" decoding=\"async\" width=\"55\" height=\"55\" src=\"https:\/\/vyskumnecentrum.sk\/wp-content\/uploads\/2025\/08\/ID_.png\" alt=\"\" class=\"wp-image-1806 size-full\" srcset=\"https:\/\/vyskumnecentrum.sk\/wp-content\/uploads\/2025\/08\/ID_.png 55w, https:\/\/vyskumnecentrum.sk\/wp-content\/uploads\/2025\/08\/ID_-50x50.png 50w, https:\/\/vyskumnecentrum.sk\/wp-content\/uploads\/2025\/08\/ID_-12x12.png 12w\" sizes=\"auto, (max-width: 55px) 100vw, 55px\" \/><\/figure><div class=\"wp-block-media-text__content\">\n<p><a href=\"https:\/\/orcid.org\/0000-0002-8201-905X\" data-type=\"link\" data-id=\"https:\/\/orcid.org\/0000-0002-8201-905X\">0000-0002-8201-905X<\/a><\/p>\n<\/div><\/div>\n\n\n\n<div class=\"wp-block-media-text is-stacked-on-mobile\" style=\"grid-template-columns:15% auto\"><figure class=\"wp-block-media-text__media\"><img loading=\"lazy\" decoding=\"async\" width=\"55\" height=\"55\" src=\"https:\/\/vyskumnecentrum.sk\/wp-content\/uploads\/2025\/08\/RG_.png\" alt=\"\" class=\"wp-image-1809 size-full\" srcset=\"https:\/\/vyskumnecentrum.sk\/wp-content\/uploads\/2025\/08\/RG_.png 55w, https:\/\/vyskumnecentrum.sk\/wp-content\/uploads\/2025\/08\/RG_-50x50.png 50w, https:\/\/vyskumnecentrum.sk\/wp-content\/uploads\/2025\/08\/RG_-12x12.png 12w\" sizes=\"auto, (max-width: 55px) 100vw, 55px\" \/><\/figure><div class=\"wp-block-media-text__content\">\n<p><a href=\"https:\/\/www.researchgate.net\/profile\/Branislav-Hadzima\" data-type=\"link\" data-id=\"https:\/\/www.researchgate.net\/profile\/Branislav-Hadzima\">Branislav Hadzima<\/a><\/p>\n<\/div><\/div>\n\n\n\n<div class=\"wp-block-media-text is-stacked-on-mobile\" style=\"grid-template-columns:15% auto\"><figure class=\"wp-block-media-text__media\"><img loading=\"lazy\" decoding=\"async\" width=\"55\" height=\"55\" src=\"https:\/\/vyskumnecentrum.sk\/wp-content\/uploads\/2025\/08\/FB_.png\" alt=\"\" class=\"wp-image-1805 size-full\" srcset=\"https:\/\/vyskumnecentrum.sk\/wp-content\/uploads\/2025\/08\/FB_.png 55w, https:\/\/vyskumnecentrum.sk\/wp-content\/uploads\/2025\/08\/FB_-50x50.png 50w, https:\/\/vyskumnecentrum.sk\/wp-content\/uploads\/2025\/08\/FB_-12x12.png 12w\" sizes=\"auto, (max-width: 55px) 100vw, 55px\" \/><\/figure><div class=\"wp-block-media-text__content\">\n<p><a href=\"https:\/\/www.facebook.com\/profile.php?id=61577817706378\" data-type=\"link\" data-id=\"https:\/\/www.facebook.com\/profile.php?id=61577817706378\">Branislav Hadzima<\/a><\/p>\n<\/div><\/div>\n\n\n\n<div class=\"wp-block-media-text is-stacked-on-mobile\" style=\"grid-template-columns:15% auto\"><figure class=\"wp-block-media-text__media\"><img loading=\"lazy\" decoding=\"async\" width=\"55\" height=\"55\" src=\"https:\/\/vyskumnecentrum.sk\/wp-content\/uploads\/2025\/08\/linkedin.jpg\" alt=\"\" class=\"wp-image-1861 size-full\" srcset=\"https:\/\/vyskumnecentrum.sk\/wp-content\/uploads\/2025\/08\/linkedin.jpg 55w, https:\/\/vyskumnecentrum.sk\/wp-content\/uploads\/2025\/08\/linkedin-50x50.jpg 50w, https:\/\/vyskumnecentrum.sk\/wp-content\/uploads\/2025\/08\/linkedin-12x12.jpg 12w\" sizes=\"auto, (max-width: 55px) 100vw, 55px\" \/><\/figure><div class=\"wp-block-media-text__content\">\n<p><a href=\"https:\/\/www.linkedin.com\/in\/branislav-hadzima-4867464\/\" data-type=\"link\" data-id=\"https:\/\/www.linkedin.com\/in\/branislav-hadzima-4867464\/\">Branislav Hadzima<\/a><\/p>\n<\/div><\/div>\n<\/div>\n<\/div>\n\n\n\n<figure class=\"wp-block-image size-full\"><img loading=\"lazy\" decoding=\"async\" width=\"959\" height=\"274\" src=\"https:\/\/vyskumnecentrum.sk\/wp-content\/uploads\/2025\/08\/pasteur_.jpg\" alt=\"\" class=\"wp-image-1854\" srcset=\"https:\/\/vyskumnecentrum.sk\/wp-content\/uploads\/2025\/08\/pasteur_.jpg 959w, https:\/\/vyskumnecentrum.sk\/wp-content\/uploads\/2025\/08\/pasteur_-300x86.jpg 300w, https:\/\/vyskumnecentrum.sk\/wp-content\/uploads\/2025\/08\/pasteur_-768x219.jpg 768w, https:\/\/vyskumnecentrum.sk\/wp-content\/uploads\/2025\/08\/pasteur_-50x14.jpg 50w, https:\/\/vyskumnecentrum.sk\/wp-content\/uploads\/2025\/08\/pasteur_-18x5.jpg 18w\" sizes=\"auto, (max-width: 959px) 100vw, 959px\" \/><\/figure>\n\n\n\n<hr class=\"wp-block-separator aligncenter has-text-color has-alpha-channel-opacity has-background is-style-wide\" style=\"background-color:#104862;color:#104862\"\/>\n\n\n\n<p class=\"has-text-color has-link-color wp-elements-bad91c9bc850cf1df7fa60dc95cf34f1\" style=\"color:#104862;font-size:25px\"><strong>Profile<\/strong><\/p>\n\n\n\n<p style=\"font-size:18px\"><strong>Prof. Ing. Branislav Hadzima, PhD.<\/strong>, je hlavn\u00fdm spoluzakladate\u013eom a k\u013e\u00fa\u010dovou vedeckou autoritou V\u00fdskumn\u00e9ho centra UNIZA. Cel\u00fa svoju vedeck\u00fa kari\u00e9ru venoval v\u00fdskumu v oblasti kor\u00f3zie a inovat\u00edvnych povrchov\u00fdch \u00faprav kovov, najm\u00e4 hor\u010d\u00edka a jeho zliatin. V tejto oblasti sa stal medzin\u00e1rodne uzn\u00e1vanou osobnos\u0165ou, \u010do sa odzrkadlilo najm\u00e4 na jeho publika\u010dnej a projektovej \u010dinnosti. Je autorom dvoch zahrani\u010dn\u00fdch vedeck\u00fdch monografi\u00ed vydan\u00fdch vydavate\u013estvom Pearson, viac ako 110 \u010dl\u00e1nkov registrovan\u00fdch v datab\u00e1ze WoS, 4 \u00fa\u017eitkov\u00fdch vzorov a 3 kn\u00edh. Tieto pr\u00e1ce boli v datab\u00e1zach WoS citovan\u00e9 viac ako 1200-kr\u00e1t. V\u010faka absolvovaniu zahrani\u010dn\u00fdch v\u00fdskumn\u00fdch a pedagogick\u00fdch st\u00e1\u017e\u00ed na 9 univerzit\u00e1ch v 6 eur\u00f3pskych krajin\u00e1ch nadviazal rozsiahlu medzin\u00e1rodn\u00fa v\u00fdskumn\u00fa spolupr\u00e1cu, \u010do vytvorilo pevn\u00fd z\u00e1klad pre budovanie siln\u00e9ho v\u00fdskumn\u00e9ho t\u00edmu v jeho odbore kor\u00f3zia a povrchov\u00e9 \u00fapravy na V\u00fdskumnom centre UNIZA. Bol ved\u00facim 22 diplomov\u00fdch pr\u00e1c a 13 doktorandsk\u00fdch pr\u00e1c. Bol tie\u017e zodpovedn\u00fdm rie\u0161ite\u013eom 17-tich v\u00fdskumn\u00fdch projektov.<\/p>\n\n\n\n<p style=\"font-size:18px\"><\/p>\n\n\n\n<p style=\"font-size:18px\">V s\u00fa\u010dasnosti uplat\u0148uje svoje nadobudnut\u00e9 zru\u010dnosti a sk\u00fasenosti na poz\u00edcii z\u00e1stupcu riadite\u013ea V\u00fdskumn\u00e9ho centra UNIZA, pri\u010dom je z\u00e1rove\u0148 zodpovedn\u00fdm rie\u0161ite\u013eom projektu \u201eV\u00fdskum unik\u00e1tneho trojit\u00e9ho ekologick\u00e9ho syst\u00e9mu povrchovej \u00fapravy ultra\u013eahk\u00fdch hor\u010d\u00edkov\u00fdch zliatin pou\u017eite\u013en\u00fdch v dopravnom priemysle\u201c, ktor\u00fd z\u00edskal ako jedin\u00fd vedec na UNIZA v r\u00e1mci v\u00fdzvy \u201eVe\u013ek\u00e9 projekty pre excelentn\u00fdch v\u00fdskumn\u00edkov\u201c financovanej z Pl\u00e1nu obnovy a odolnosti SR.<\/p>\n\n\n\n<hr class=\"wp-block-separator aligncenter has-text-color has-alpha-channel-opacity has-background is-style-wide\" style=\"background-color:#104862;color:#104862\"\/>\n\n\n\n<p class=\"has-text-color has-link-color wp-elements-a204b69c146e43ff168666db074f6a5b\" style=\"color:#104862;font-size:25px\"><strong>Vedn\u00e9 oblasti<\/strong><\/p>\n\n\n\n<figure class=\"wp-block-image size-full\"><img loading=\"lazy\" decoding=\"async\" width=\"913\" height=\"392\" src=\"https:\/\/vyskumnecentrum.sk\/wp-content\/uploads\/2026\/01\/Research_interests_EN.png\" alt=\"\" class=\"wp-image-1831\" srcset=\"https:\/\/vyskumnecentrum.sk\/wp-content\/uploads\/2026\/01\/Research_interests_EN.png 1447w, https:\/\/vyskumnecentrum.sk\/wp-content\/uploads\/2026\/01\/Research_interests_EN-300x130.png 300w, https:\/\/vyskumnecentrum.sk\/wp-content\/uploads\/2026\/01\/Research_interests_EN-1024x442.png 1024w, https:\/\/vyskumnecentrum.sk\/wp-content\/uploads\/2026\/01\/Research_interests_EN-768x332.png 768w, https:\/\/vyskumnecentrum.sk\/wp-content\/uploads\/2026\/01\/Research_interests_EN-50x22.png 50w, https:\/\/vyskumnecentrum.sk\/wp-content\/uploads\/2026\/01\/Research_interests_EN-18x8.png 18w\" sizes=\"auto, (max-width: 913px) 100vw, 913px\" \/><\/figure>\n\n\n\n<hr class=\"wp-block-separator aligncenter has-text-color has-alpha-channel-opacity has-background is-style-wide\" style=\"background-color:#104862;color:#104862\"\/>\n\n\n\n<p class=\"has-text-color has-link-color wp-elements-06f6a882b9403a02318e73fc5200c1a2\" style=\"color:#104862;font-size:25px\"><strong>\u010clenstv\u00e1 a ocenenia<\/strong><\/p>\n\n\n\n<ul class=\"wp-block-list\">\n<li style=\"font-size:18px\"><strong>\u010clen Vedeckej spolo\u010dnosti pre n\u00e1uku o&nbsp;kovoch pri SAV<\/strong><\/li>\n\n\n\n<li style=\"font-size:18px\"><strong>\u010clen Slovenskej spolo\u010dnosti pre povrchov\u00e9 \u00fapravy<\/strong><\/li>\n\n\n\n<li style=\"font-size:18px\"><strong>\u010clen Asoci\u00e1cie kor\u00f3znych in\u017einierov<\/strong> (AKI)<\/li>\n\n\n\n<li style=\"font-size:18px\"><strong>\u010clen Vedeckej rady \u017dilinskej univerzity v \u017diline<\/strong><\/li>\n\n\n\n<li style=\"font-size:18px\"><strong>\u010clen Vedeckej rady Fakulty elektrotechniky a informa\u010dn\u00fdch technol\u00f3gi\u00ed \u017dilinskej univerzity v&nbsp;\u017diline<\/strong><\/li>\n\n\n\n<li style=\"font-size:18px\"><strong>\u010clen Vedeckej rady Strojn\u00edckej fakulty \u017dilinskej univerzity v&nbsp;\u017diline<\/strong><\/li>\n\n\n\n<li style=\"font-size:18px\"><strong>\u0160\u00e9fredaktor <\/strong>vedeck\u00e9ho \u010dasopisu<strong> Komunik\u00e1cie\/Communications \u2013 vedeck\u00e9 listy \u017dilinskej univerzity v \u017diline <\/strong>(indexovan\u00e9 vo WoS\/Scopus)<\/li>\n\n\n\n<li style=\"font-size:18px\"><strong>Z\u00e1stupca \u0161\u00e9fredaktora <\/strong>vedeck\u00e9ho \u010dasopisu<strong> Production Engineering Archives, <\/strong>(indexovan\u00e9 vo WoS\/Scopus)<\/li>\n\n\n\n<li style=\"font-size:18px\"><strong>\u010clen Rady pre technick\u00e9 vedy APVV<\/strong><\/li>\n\n\n\n<li style=\"font-size:18px\"><strong>\u010clen Hodnotiacej komisie pre hodnotenie sp\u00f4sobilosti vykon\u00e1va\u0165 v\u00fdskum a v\u00fdvoj, <\/strong>Ministerstvo \u0161kolstva, v\u00fdskumu, v\u00fdvoja a&nbsp;ml\u00e1de\u017ee<\/li>\n\n\n\n<li style=\"font-size:18px\"><strong>Ocenenie: K\u013e\u00fa\u010dov\u00fd \u010dlen t\u00edmu prest\u00ed\u017enej organiz\u00e1cie v\u00fdskumu a v\u00fdvoja 2004 <\/strong>\u2013 Katedry materi\u00e1lov\u00e9ho in\u017einierstva, Strojn\u00edckej fakulty, \u017dilinskej univerzity v \u017diline<\/li>\n\n\n\n<li style=\"font-size:18px\"><strong>Ocenenie <\/strong>vedeck\u00e9ho \u010dasopisu<strong> Metallurgical and Materials Transactions, <\/strong>ASM International za excelentn\u00fa recenziu \u010dl\u00e1nkov v top 20% recenzi\u00ed \u010dasopisu<\/li>\n<\/ul>\n\n\n\n<hr class=\"wp-block-separator aligncenter has-text-color has-alpha-channel-opacity has-background is-style-wide\" style=\"background-color:#104862;color:#104862\"\/>\n\n\n\n<p class=\"has-text-color has-link-color wp-elements-8241c0606c93170133ca7b5b5dcb4619\" style=\"color:#104862;font-size:25px\"><strong><strong>Medzin\u00e1rodn\u00e1 vedeck\u00e1 spolupr\u00e1ca<\/strong><\/strong><\/p>\n\n\n\n<figure class=\"wp-block-image size-full\"><img loading=\"lazy\" decoding=\"async\" width=\"1019\" height=\"624\" src=\"https:\/\/vyskumnecentrum.sk\/wp-content\/uploads\/2025\/08\/Medzinarodna_spolupraca.png\" alt=\"\" class=\"wp-image-1834\" srcset=\"https:\/\/vyskumnecentrum.sk\/wp-content\/uploads\/2025\/08\/Medzinarodna_spolupraca.png 1019w, https:\/\/vyskumnecentrum.sk\/wp-content\/uploads\/2025\/08\/Medzinarodna_spolupraca-300x184.png 300w, https:\/\/vyskumnecentrum.sk\/wp-content\/uploads\/2025\/08\/Medzinarodna_spolupraca-768x470.png 768w, https:\/\/vyskumnecentrum.sk\/wp-content\/uploads\/2025\/08\/Medzinarodna_spolupraca-50x31.png 50w, https:\/\/vyskumnecentrum.sk\/wp-content\/uploads\/2025\/08\/Medzinarodna_spolupraca-18x12.png 18w\" sizes=\"auto, (max-width: 1019px) 100vw, 1019px\" \/><\/figure>\n\n\n\n<hr class=\"wp-block-separator aligncenter has-text-color has-alpha-channel-opacity has-background is-style-wide\" style=\"background-color:#104862;color:#104862\"\/>\n\n\n\n<p class=\"has-text-color has-link-color wp-elements-43f5080b8f0d25a3519071fe31f745c0\" style=\"color:#104862;font-size:25px\"><strong>Top 10 koordinovan\u00fdch projektov<\/strong><\/p>\n\n\n\n<ul class=\"wp-block-list\">\n<li style=\"font-size:18px\"><strong>09I03-03-V03-00036 \u2013 EcoMag<\/strong>. <em>Research on a unique triple ecological surface treatment system for ultra-light magnesium alloys usable in the transport industry.<\/em>. Pl\u00e1n obnovy a odolnosti SR &#8211; Ve\u013ek\u00e9 projekty pre excelentn\u00fdch v\u00fdskumn\u00edkov, 2024-2026 \u2013 zodpovedn\u00fd rie\u0161ite\u013e,<\/li>\n\n\n\n<li style=\"font-size:18px\"><strong>ITMS 26220220183<\/strong>. <em>V\u00fdskumn\u00e9 centrum \u017dilinskej univerzity<\/em>. \u0160truktur\u00e1lne fondy EU, 2013-2015 &#8211; zodpovedn\u00fd rie\u0161ite\u013e,<\/li>\n\n\n\n<li style=\"font-size:18px\"><strong>ITMS 313011T426<\/strong>. <em>Research and development activities of the University of \u017dilina for the Industry of the 21st century in the field of materials and nanotechnologies<\/em>, \u0160truktur\u00e1lne fondy E\u00da &#8211; Opera\u010dn\u00fd program integrovan\u00e1 infra\u0161trukt\u00fara, 2016-2019 &#8211; zodpovedn\u00fd rie\u0161ite\u013e,<\/li>\n\n\n\n<li style=\"font-size:18px\"><strong>ITMS 313011D011<\/strong>. <em>Research centre of the University of \u017dilina - 2nd Phase<\/em>. \u0160truktur\u00e1lne fondy \u2013 Opera\u010dn\u00fd program V\u00fdskum a inov\u00e1cie, 2015-2017 &#8211; zodpovedn\u00fd rie\u0161ite\u013e,<\/li>\n\n\n\n<li style=\"font-size:18px\"><strong>ITMS 313011AFG4<\/strong>. <em>Creating a digital biobank to support a systemic public research infrastructure<\/em>, \u0160truktur\u00e1lne fondy \u2013 Opera\u010dn\u00fd program integrovan\u00e1 infra\u0161trukt\u00fara, 2020-2023, k\u013e\u00fa\u010dov\u00fd projektov\u00fd mana\u017e\u00e9r,<\/li>\n\n\n\n<li style=\"font-size:18px\"><strong>ITMS 26220220048<\/strong>. <em>Unik\u00e1tne zariadenie pre hodnotenie tribokor\u00f3znych vlastnost\u00ed povrchov strojn\u00fdch s\u00fa\u010dast\u00ed<\/em>. Transfer poznatkov do praxe \u2013 \u0160truktur\u00e1lne fondy, 2009-1012 &#8211; zodpovedn\u00fd rie\u0161ite\u013e,<\/li>\n\n\n\n<li style=\"font-size:18px\"><strong>APVV 14 0284<\/strong>. <em>\u0160t\u00fadium \u00fa \u017eitkov\u00fdch vlastnost\u00ed tv\u00e1rnen\u00fdch molybd\u00e9nov\u00fdch plechov aplikovate\u013en\u00fdch pre horizont\u00e1lnu kry\u0161taliz\u00e1ciu monokry\u0161t\u00e1lov zaf\u00edru<\/em>. 2015-2018 &#8211; zodpovedn\u00fd rie\u0161ite\u013e,<\/li>\n\n\n\n<li style=\"font-size:18px\"><strong>SK- CZ-2013-0046<\/strong>. <em>Kor\u00f3zna degrad\u00e1cia hor\u010d\u00edkov\u00fdch zliatin a ich interakcia s biologick\u00fdmi syst\u00e9mami <\/em>&#8211; zodpovedn\u00fd rie\u0161ite\u013e,<\/li>\n\n\n\n<li style=\"font-size:18px\"><strong>VEGA 1\/0720\/14<\/strong>. <em>\u0160t\u00fadium kor\u00f3zie zv\u00e1ran\u00fdch kon\u0161trukci\u00ed vysokopevn\u00fdch ocel\u00ed<\/em>. 2014- 2016 &#8211; zodpovedn\u00fd rie\u0161ite\u013e,<\/li>\n\n\n\n<li style=\"font-size:18px\"><strong>VEGA 1\/0100\/11<\/strong>. <em>Kor\u00f3zne charakteristiky ultrajemnozrnn\u00fdch zliatin \u013eahk\u00fdch kovov<\/em>. 2011-2013 &#8211; zodpovedn\u00fd rie\u0161ite\u013e.<\/li>\n<\/ul>\n\n\n\n<hr class=\"wp-block-separator aligncenter has-text-color has-alpha-channel-opacity has-background is-style-wide\" style=\"background-color:#104862;color:#104862\"\/>\n\n\n\n<p class=\"has-text-color has-link-color wp-elements-9e011ba897232687b3610ce13371ae50\" style=\"color:#104862;font-size:25px\"><strong>Top 10 publications<\/strong><\/p>\n\n\n\n<ul class=\"wp-block-list\">\n<li style=\"font-size:18px\">Hadzima, B., Jane\u010dek, M., Estrin, Y., &amp; Kim, H. S. (2007). <strong>Microstructure and corrosion properties of ultrafine-grained interstitial free steel<\/strong>. Materials Science and Engineering: A, 462(1-2), 243-247.<\/li>\n\n\n\n<li style=\"font-size:18px\">Pastorek, F., Hadzima, B., Kaj\u00e1nek, D. <strong>Preparation and corrosion properties of structural materials with refined grain structure<\/strong>. Scientific monograph, 1. ed. Harlow: Pearson, 2019. ISBN 978-1-8396-1054-7.<\/li>\n\n\n\n<li style=\"font-size:18px\">Str\u00e1sk\u00e1, J., Jane\u010dek, M., \u010c\u00ed\u017eek, J., Str\u00e1sk\u00fd, J., &amp; Hadzima, B. (2014). <strong>Microstructure stability of ultra-fine grained magnesium alloy AZ31 processed by extrusion and equal-channel angular pressing (EX\u2013ECAP)<\/strong>. <em>Materials Characterization<\/em>, <em>94<\/em>, 69-79.<\/li>\n\n\n\n<li style=\"font-size:18px\">Mhaede, M., Pastorek, F., Hadzima, B. (2014). <strong>Influence of shot peening on corrosion properties of biocompatible magnesium alloy AZ31 coated by dicalcium phosphate dihydrate (DCPD)<\/strong>. In: Materials Science &amp; Engineering C. Materials for Biological Applications. Amsterdam: Elsevier, no. 39, p. 330-335.<\/li>\n\n\n\n<li style=\"font-size:18px\">Hadzima, B., Mhaede, M., Pastorek, F. (2014). <strong>Electrochemical characteristics of calcium-phosphatized AZ31 magnesium alloy in 0.9 % NaCl solution<\/strong>. In: Journal of Materials Science: Materials in Medicine. Berl\u00edn: Springer Nature. Springer International Publishing AG, vol. 25, no. 5, p. 1227-1237.<\/li>\n\n\n\n<li style=\"font-size:18px\">Hellmig, R. J., Janecek, M., Hadzima, B., Gendelman, O. V., Shapiro, M., Molodova, X., &#8230; &amp; Estrin, Y. (2008). <strong>A portrait of copper processed by equal channel angular pressing<\/strong>. <em>Materials transactions<\/em>, <em>49<\/em>(1), 31-37.<\/li>\n\n\n\n<li style=\"font-size:18px\">Kaj\u00e1nek, D., Pastorek, F., Hadzima, B., Bagherifard, S., Jambor, M., Bel\u00e1ny, P., &amp; Min\u00e1rik, P. (2022). <strong>Impact of shot peening on corrosion performance of AZ31 magnesium alloy coated by PEO: Comparison with conventional surface pre-treatments<\/strong>. <em>Surface and Coatings Technology<\/em>, <em>446<\/em>, 128773.<\/li>\n\n\n\n<li style=\"font-size:18px\">Hadzima, B., Nov\u00fd, F., Tr\u0161ko, L., Pastorek, F., Jambor, M., &amp; Fintov\u00e1, S. (2017). <strong>Shot peening as a pre-treatment to anodic oxidation coating process of AW 6082 aluminum for fatigue life improvement<\/strong>. <em>The International Journal of Advanced Manufacturing Technology<\/em>, <em>93<\/em>(9), 3315-3323.<\/li>\n\n\n\n<li style=\"font-size:18px\">Hadzima, B., Pastorek, F., Borko, K., Fintov\u00e1, S., Kaj\u00e1nek, D., Bagherifard, S., &#8230; &amp; Brezina, J. (2019). <strong>Effect of phosphating time on protection properties of hurealite coating: Differences between ground and shot peened HSLA steel surface<\/strong>. <em>Surface and Coatings Technology<\/em>, <em>375<\/em>, 608-620.<\/li>\n\n\n\n<li style=\"font-size:18px\">Knap, V., Blawert, C., Serdechnova, M., Pastorek, F., Kajanek, D., Obertova, V., &amp; Hadzima, B. (2024). <strong>Use of NaAlO2 additions to extend the corrosion resistance of PEO layer on EV31 magnesium<\/strong> alloy. <em>Journal of Materials Research and Technology<\/em>, <em>29<\/em>, 2083-2096.<\/li>\n<\/ul>\n\n\n\n<hr class=\"wp-block-separator aligncenter has-text-color has-alpha-channel-opacity has-background is-style-wide\" style=\"background-color:#104862;color:#104862\"\/>\n\n\n\n<p class=\"has-text-color has-link-color wp-elements-ccd86db7ff2ea1074ddc2f45347b91c1\" style=\"color:#104862;font-size:25px\"><strong>V\u00fdstupy v m\u00e9di\u00e1ch<\/strong><\/p>\n\n\n\n<div class=\"wp-block-media-text has-media-on-the-right is-stacked-on-mobile is-vertically-aligned-top\"><div class=\"wp-block-media-text__content\">\n<p><strong>Denn\u00edk n:<\/strong> <em>Podmienky na vedu sa zlep\u0161ia, mlad\u00ed v\u0161ak odi\u0161li, hovor\u00ed \u0161\u00e9f v\u00fdskumu na \u017dilinskej univerzite. 2021<\/em>. link: <a href=\"https:\/\/e.dennikn.sk\/2315943\/podmienky-na-vedu-sa-zlepsia-mladi-vsak-odisli-hovori-sef-vyskumu-na-zilinskej-univerzite\/\">https:\/\/e.dennikn.sk\/2315943\/podmienky-na-vedu-sa-zlepsia-mladi-vsak-odisli-hovori-sef-vyskumu-na-zilinskej-univerzite\/<\/a><\/p>\n<\/div><figure class=\"wp-block-media-text__media\"><img loading=\"lazy\" decoding=\"async\" width=\"546\" height=\"663\" src=\"https:\/\/vyskumnecentrum.sk\/wp-content\/uploads\/2025\/08\/Dennik_N.png\" alt=\"\" class=\"wp-image-1840 size-full\" srcset=\"https:\/\/vyskumnecentrum.sk\/wp-content\/uploads\/2025\/08\/Dennik_N.png 546w, https:\/\/vyskumnecentrum.sk\/wp-content\/uploads\/2025\/08\/Dennik_N-247x300.png 247w, https:\/\/vyskumnecentrum.sk\/wp-content\/uploads\/2025\/08\/Dennik_N-50x61.png 50w, https:\/\/vyskumnecentrum.sk\/wp-content\/uploads\/2025\/08\/Dennik_N-10x12.png 10w\" sizes=\"auto, (max-width: 546px) 100vw, 546px\" \/><\/figure><\/div>","protected":false},"excerpt":{"rendered":"<p>VC 4.15 +421 41 513 7600 branislav.hadzima@uniza.sk www.hadzima.sk 0000-0002-8201-905X Branislav Hadzima Branislav Hadzima Branislav Hadzima Profil Prof. Ing. Branislav Hadzima, PhD., je hlavn\u00fdm spoluzakladate\u013eom a k\u013e\u00fa\u010dovou vedeckou autoritou V\u00fdskumn\u00e9ho centra<\/p>\n<p class=\"more-link\"><a href=\"https:\/\/vyskumnecentrum.sk\/en\/o_nas\/zoznam-zamestnancov\/branislav-hadzima\/\" class=\"readmore\">Continue reading<span class=\"screen-reader-text\">Branislav Hadzima<\/span><\/a><\/p>","protected":false},"author":1,"featured_media":0,"parent":449,"menu_order":0,"comment_status":"closed","ping_status":"closed","template":"","meta":{"footnotes":""},"class_list":["post-1784","page","type-page","status-publish","hentry"],"_links":{"self":[{"href":"https:\/\/vyskumnecentrum.sk\/en\/wp-json\/wp\/v2\/pages\/1784","targetHints":{"allow":["GET"]}}],"collection":[{"href":"https:\/\/vyskumnecentrum.sk\/en\/wp-json\/wp\/v2\/pages"}],"about":[{"href":"https:\/\/vyskumnecentrum.sk\/en\/wp-json\/wp\/v2\/types\/page"}],"author":[{"embeddable":true,"href":"https:\/\/vyskumnecentrum.sk\/en\/wp-json\/wp\/v2\/users\/1"}],"replies":[{"embeddable":true,"href":"https:\/\/vyskumnecentrum.sk\/en\/wp-json\/wp\/v2\/comments?post=1784"}],"version-history":[{"count":50,"href":"https:\/\/vyskumnecentrum.sk\/en\/wp-json\/wp\/v2\/pages\/1784\/revisions"}],"predecessor-version":[{"id":2142,"href":"https:\/\/vyskumnecentrum.sk\/en\/wp-json\/wp\/v2\/pages\/1784\/revisions\/2142"}],"up":[{"embeddable":true,"href":"https:\/\/vyskumnecentrum.sk\/en\/wp-json\/wp\/v2\/pages\/449"}],"wp:attachment":[{"href":"https:\/\/vyskumnecentrum.sk\/en\/wp-json\/wp\/v2\/media?parent=1784"}],"curies":[{"name":"wp","href":"https:\/\/api.w.org\/{rel}","templated":true}]}}