{"id":2,"date":"2022-01-31T15:30:21","date_gmt":"2022-01-31T15:30:21","guid":{"rendered":"https:\/\/new.vyskumnecentrum.sk\/?page_id=2"},"modified":"2025-06-25T07:17:25","modified_gmt":"2025-06-25T07:17:25","slug":"sample-page","status":"publish","type":"page","link":"https:\/\/vyskumnecentrum.sk\/en\/","title":{"rendered":""},"content":{"rendered":"<div id=\"gutenslider-1utewgqjx\" class=\"wp-block-eedee-block-gutenslider gs-frontend content-change alignfull arrow-style-1 arrow-position-sides arrow-mb-none arrows-lg arrows-md arrows-sm dot-style-1 dots-lg dots-md dots-sm dot-position-bottom is-position-bottom-center ed-mobile-hidden mb-none wrap-auto-height\" data-parallax-direction=\"down\" data-parallax-amount=\"1.3\" data-lg-transition=\"lg-slide\" data-hash=\"\" ><div class=\"eedee-swiper-outer\" style=\"--gutenslider-min-height: 30vh;--gutenslider-arrow-size: 30px;--gutenslider-dot-size: 25px;--gutenslider-arrow-color: #000000;--gutenslider-dot-color: #ffffff;--gutenslider-padding-y-mobile: 40px;--gutenslider-padding-x-mobile: 40px;--gutenslider-padding-y-tablet: 40px;--gutenslider-padding-x-tablet: 40px;--gutenslider-padding-y-desktop: 40px;--gutenslider-padding-x-desktop: 40px;--gutenslider-bg-image: url();--gutenslider-min-height-md: 30vh;--gutenslider-min-height-sm: 30vh;--gutenslider-padding-x: 40px;--gutenslider-padding-x-md: 40px;--gutenslider-padding-x-sm: 20px;--gutenslider-padding-y: 40px;--gutenslider-padding-y-md: 40px;--gutenslider-padding-y-sm: 20px;--gutenslider-arrow-size-md: 30px;--gutenslider-arrow-size-sm: 30px;--gutenslider-dot-size-md: 25px;--gutenslider-dot-size-sm: 25px;--gutenslider-arrow-bg-color: transparent;--gutenslider-arrow-hover-color: #000000bb;--gutenslider-arrow-bg-hover-color: transparent;--gutenslider-arrow-x-offset: 10px;--gutenslider-arrow-x-offset-md: 10px;--gutenslider-arrow-x-offset-sm: 10px;--gutenslider-arrow-y-offset: 0px;--gutenslider-arrow-y-offset-md: 0px;--gutenslider-arrow-y-offset-sm: 0px;--gutenslider-arrow-x-spacing: 0px;--gutenslider-dot-y-offset: 10px;--gutenslider-dot-y-offset-md: 10px;--gutenslider-dot-y-offset-sm: 10px;--gutenslider-margin-x: 0px;--gutenslider-margin-x-md: 0px;--gutenslider-margin-x-sm: 0px;--gutenslider-margin-y: 0px;--gutenslider-margin-y-md: 0px;--gutenslider-margin-y-sm: 0px;--gutenslider-divider-top: 60px;--gutenslider-divider-bottom: 60px;--gutenslider-lightgallery-bg: #ffffff;--gutenslider-lightgallery-font: #000000;--gs-first-pos: 50% 50%;--gs-gap-vertical: var( --wp--style--gallery-gap-default, var( --gallery-block--gutter-size, var( --wp--style--block-gap, 0.5em ) ) );--gs-gap-horizontal: var( --wp--style--gallery-gap-default, var( --gallery-block--gutter-size, var( --wp--style--block-gap, 0.5em ) ) );\"><div class=\"gutenslider-divider-top\" style=\"color:#fff;\"><\/div><div class=\"swiper\" data-settings='{\"autoplay\":{\"delay\":3000,\"pauseOnMouseEnter\":true,\"disableOnInteraction\":false},\"speed\":700,\"direction\":\"horizontal\",\"autoHeight\":\"\",\"loop\":false,\"centeredSlides\":true,\"spaceBetween\":0,\"slidesPerView\":\"auto\",\"slidesPerGroup\":1,\"effect\":\"slide\",\"coverflowEffect\":{\"rotate\":30,\"slideShadows\":false,\"depth\":100,\"stretch\":50,\"modifier\":1},\"fadeEffect\":{\"crossFade\":true},\"zoom\":\"\",\"navigation\":{\"nextEl\":\"#gutenslider-1utewgqjx .eedee-gutenslider-next\",\"prevEl\":\"#gutenslider-1utewgqjx .eedee-gutenslider-prev\"},\"pagination\":{\"type\":\"bullets\",\"clickable\":true,\"dynamicBullets\":false,\"el\":\"#gutenslider-1utewgqjx .eedee-gutenslider-pagination\"},\"pauseOnHover\":\"1\",\"watchSlidesProgress\":true,\"watchSlidesVisibility\":true,\"settingsMd\":{\"autoHeight\":\"\",\"slidesPerView\":\"auto\",\"slidesPerGroup\":1,\"spaceBetween\":0,\"loop\":false},\"settingsLg\":{\"autoHeight\":\"\",\"slidesPerView\":\"auto\",\"slidesPerGroup\":1,\"spaceBetween\":0,\"loop\":false},\"hasLg\":false,\"hasLgCounter\":true,\"isFullScreen\":false,\"arrowsFollowMouse\":false,\"lgTitle\":\"none\",\"lgCaption\":\"none\",\"lgThumbnails\":true,\"lgZoomEnabled\":false,\"keyboard\":{\"keyboard\":{\"enabled\":true,\"onlyInViewport\":true}},\"hashNavigation\":false,\"dividers\":false}'><div class=\"swiper-wrapper\">\n<div class=\"swiper-slide wp-block-eedee-block-gutenslide is-position-center-center ed-bg-image\" style=\"--ed-vw:300;--ed-vh:74;\" data-hash=\"\"><div class=\"eedee-background-div bg-image\"><img loading=\"lazy\" width=\"1927\" height=\"477\" class=\"wp-image-120\" src=\"https:\/\/new.vyskumnecentrum.sk\/wp-content\/uploads\/2022\/01\/top_gfx_1-copy-white2.jpg\" alt=\"\" decoding=\"async\" style=\"object-fit: cover; object-position: 50% 50%;\" srcset=\"https:\/\/vyskumnecentrum.sk\/wp-content\/uploads\/2022\/01\/top_gfx_1-copy-white2.jpg 1927w, https:\/\/vyskumnecentrum.sk\/wp-content\/uploads\/2022\/01\/top_gfx_1-copy-white2-300x74.jpg 300w, https:\/\/vyskumnecentrum.sk\/wp-content\/uploads\/2022\/01\/top_gfx_1-copy-white2-1024x253.jpg 1024w, https:\/\/vyskumnecentrum.sk\/wp-content\/uploads\/2022\/01\/top_gfx_1-copy-white2-768x190.jpg 768w, https:\/\/vyskumnecentrum.sk\/wp-content\/uploads\/2022\/01\/top_gfx_1-copy-white2-1600x396.jpg 1600w, https:\/\/vyskumnecentrum.sk\/wp-content\/uploads\/2022\/01\/top_gfx_1-copy-white2-1536x380.jpg 1536w\" sizes=\"auto, (max-width: 1927px) 100vw, 1927px\" \/><div class=\"eedee-background-div__overlay\" style=\"opacity:1;\"><\/div><\/div><div class=\"slide-content\">\n\n<div class=\"wp-block-buttons is-content-justification-center is-layout-flex wp-container-core-buttons-is-layout-16018d1d wp-block-buttons-is-layout-flex\"><\/div>\n\n\n\n<p class=\"has-text-align-center has-black-color has-text-color\" style=\"font-size:30px;font-style:normal;font-weight:800\"><a href=\"https:\/\/vyskumnecentrum.sk\/en\/o_nas\/\">About the Research Centre<\/a><\/p>\n\n<\/div><\/div>\n\n<div class=\"swiper-slide wp-block-eedee-block-gutenslide is-position-center-center ed-bg-image\" style=\"--ed-vw:300;--ed-vh:74;\" data-hash=\"\"><div class=\"eedee-background-div bg-image\"><img loading=\"lazy\" width=\"1927\" height=\"477\" class=\"wp-image-118\" src=\"https:\/\/new.vyskumnecentrum.sk\/wp-content\/uploads\/2022\/01\/top_gfx_2-copy-white2.jpg\" alt=\"\" decoding=\"async\" style=\"object-fit: cover; object-position: 50% 50%;\" srcset=\"https:\/\/vyskumnecentrum.sk\/wp-content\/uploads\/2022\/01\/top_gfx_2-copy-white2.jpg 1927w, https:\/\/vyskumnecentrum.sk\/wp-content\/uploads\/2022\/01\/top_gfx_2-copy-white2-300x74.jpg 300w, https:\/\/vyskumnecentrum.sk\/wp-content\/uploads\/2022\/01\/top_gfx_2-copy-white2-1024x253.jpg 1024w, https:\/\/vyskumnecentrum.sk\/wp-content\/uploads\/2022\/01\/top_gfx_2-copy-white2-768x190.jpg 768w, https:\/\/vyskumnecentrum.sk\/wp-content\/uploads\/2022\/01\/top_gfx_2-copy-white2-1600x396.jpg 1600w, https:\/\/vyskumnecentrum.sk\/wp-content\/uploads\/2022\/01\/top_gfx_2-copy-white2-1536x380.jpg 1536w\" sizes=\"auto, (max-width: 1927px) 100vw, 1927px\" \/><div class=\"eedee-background-div__overlay\" style=\"opacity:1;\"><\/div><\/div><div class=\"slide-content\">\n\n<p class=\"has-text-align-center gutenslider-content-initial has-black-color has-text-color\" style=\"font-size:30px;font-style:normal;font-weight:800\"><a href=\"https:\/\/vyskumnecentrum.sk\/en\/oddelenia\/\" data-type=\"link\" data-id=\"https:\/\/new.vyskumnecentrum.sk\/oddelenia\/\">Departments<\/a><\/p>\n\n<\/div><\/div>\n\n<div class=\"swiper-slide wp-block-eedee-block-gutenslide is-position-center-center ed-bg-image\" style=\"--ed-vw:300;--ed-vh:74;\" data-hash=\"\"><div class=\"eedee-background-div bg-image\"><img loading=\"lazy\" width=\"1927\" height=\"477\" class=\"wp-image-119\" src=\"https:\/\/new.vyskumnecentrum.sk\/wp-content\/uploads\/2022\/01\/top_gfx_3-copy-white2.jpg\" alt=\"\" decoding=\"async\" style=\"object-fit: cover; object-position: 50% 50%;\" srcset=\"https:\/\/vyskumnecentrum.sk\/wp-content\/uploads\/2022\/01\/top_gfx_3-copy-white2.jpg 1927w, https:\/\/vyskumnecentrum.sk\/wp-content\/uploads\/2022\/01\/top_gfx_3-copy-white2-300x74.jpg 300w, https:\/\/vyskumnecentrum.sk\/wp-content\/uploads\/2022\/01\/top_gfx_3-copy-white2-1024x253.jpg 1024w, https:\/\/vyskumnecentrum.sk\/wp-content\/uploads\/2022\/01\/top_gfx_3-copy-white2-768x190.jpg 768w, https:\/\/vyskumnecentrum.sk\/wp-content\/uploads\/2022\/01\/top_gfx_3-copy-white2-1600x396.jpg 1600w, https:\/\/vyskumnecentrum.sk\/wp-content\/uploads\/2022\/01\/top_gfx_3-copy-white2-1536x380.jpg 1536w\" sizes=\"auto, (max-width: 1927px) 100vw, 1927px\" \/><div class=\"eedee-background-div__overlay\" style=\"opacity:1;\"><\/div><\/div><div class=\"slide-content\">\n\n<p class=\"has-text-align-center gutenslider-content-initial has-black-color has-text-color\" style=\"font-size:30px;font-style:normal;font-weight:800\"><a href=\"https:\/\/vyskumnecentrum.sk\/en\/vyskum\/\">Research<\/a><\/p>\n\n<\/div><\/div>\n<\/div><\/div><button class=\"eedee-gutenslider-nav eedee-gutenslider-prev\"><svg xmlns=\"http:\/\/www.w3.org\/2000\/svg\" viewbox=\"0 0 24 24\" width=\"24\" height=\"24\"><circle class=\"bg\" cx=\"13\" cy=\"12\" r=\"11\" \/><path fill=\"none\" d=\"M0 0h24v24H0z\"\/><path class=\"arrow\" d=\"M10.828 12l4.95 4.95-1.414 1.414L8 12l6.364-6.364 1.414 1.414z\"\/><\/svg><\/button><button class=\"eedee-gutenslider-nav eedee-gutenslider-next\"><svg xmlns=\"http:\/\/www.w3.org\/2000\/svg\" viewbox=\"0 0 24 24\" width=\"24\" height=\"24\"><circle class=\"bg\" cx=\"11\" cy=\"12\" r=\"11\" \/><path fill=\"none\" d=\"M0 0h24v24H0z\"\/><path class=\"arrow\" d=\"M13.172 12l-4.95-4.95 1.414-1.414L16 12l-6.364 6.364-1.414-1.414z\"\/><\/svg><\/button><div class=\"eedee-gutenslider-pagination\"><\/div><div class=\"gutenslider-divider-bottom\" style=\"color:#fff;\"><\/div><\/div><\/div>\n\n\n<div style=\"height:50px\" aria-hidden=\"true\" class=\"wp-block-spacer\"><\/div>\n\n\n\n<p><\/p>\n\n\n\n<div class=\"wp-block-media-text is-stacked-on-mobile\" style=\"grid-template-columns:27% auto\"><figure class=\"wp-block-media-text__media\"><img loading=\"lazy\" decoding=\"async\" width=\"900\" height=\"1000\" src=\"https:\/\/new.vyskumnecentrum.sk\/wp-content\/uploads\/2023\/11\/rc-budova-small.jpg\" alt=\"\" class=\"wp-image-458 size-full\" srcset=\"https:\/\/vyskumnecentrum.sk\/wp-content\/uploads\/2023\/11\/rc-budova-small.jpg 900w, https:\/\/vyskumnecentrum.sk\/wp-content\/uploads\/2023\/11\/rc-budova-small-270x300.jpg 270w, https:\/\/vyskumnecentrum.sk\/wp-content\/uploads\/2023\/11\/rc-budova-small-768x853.jpg 768w, https:\/\/vyskumnecentrum.sk\/wp-content\/uploads\/2023\/11\/rc-budova-small-11x12.jpg 11w\" sizes=\"auto, (max-width: 900px) 100vw, 900px\" \/><\/figure><div class=\"wp-block-media-text__content\">\n<p style=\"font-size:18px\">The Research centre UNIZA is an unique research facility of the University of \u017dilina established in 2013 thanks to financial support of the Ministry of Education, Science, Research and Sport of the Slovak Republic. The aim of the received scientific grant was establishment of a top-notch research institution and enhancement of the research infrastructure of the University of \u017dilina with aim to support the competitiveness of the Slovak Republic in applied and fundamental research. The main research topics of the Research centre are aligned with the general research branches in which the University of \u017dilina is well recognized within the EU. These topics are mainly related to transport, mechanical engineering, civil engineering, electronics and renewable energy sources. The research tasks within the mentioned topics are executed within the three scientific departments: Department of Material Sciences, Department of Renewable Energy Sources and the Department of Sensor Systems. All of the departments are equipped with modern laboratory infrastructure and engage outstanding research collective.<br><\/p>\n<\/div><\/div>\n\n\n\n<p style=\"font-size:18px\">The Research centre UNIZA in the scope of project execution also creates a space for young and talented researchers, Ph.D. students, postdocs and other researchers from home and foreign universities to realize their research ideas within the scope of the RIS3 national strategies. The success of this approach is reflected by multiple national awards obtained by members of the research teams. The Research centre UNIZA also cooperates with the faculties of University of \u017dilina within the education process of students and supports cooperation with industrial partners in the scope of research &amp; development activities.<\/p>\n\n\n\n<blockquote class=\"wp-block-quote has-text-align-left is-layout-flow wp-block-quote-is-layout-flow\">\n<p style=\"font-size:20px\">The main task of the Research centre UNIZA is realization of excellent fundamental and applied research with an international character.<\/p>\n<\/blockquote>\n\n\n\n<div style=\"height:100px\" aria-hidden=\"true\" class=\"wp-block-spacer\"><\/div>\n\n\n\n<p class=\"has-text-align-left has-huge-font-size\">Actualities<\/p>\n\n\n<ul class=\"wp-block-latest-posts__list has-dates wp-block-latest-posts\"><li><div class=\"wp-block-latest-posts__featured-image alignleft\"><a href=\"https:\/\/vyskumnecentrum.sk\/en\/2026\/03\/31\/nas-kolega-prof-branislav-hadzima-bol-zvoleny-za-kandidata-na-rektora-uniza\/\" aria-label=\"Our colleague Prof. Branislav Hadzima has been nominated as a candidate for rector of UNIZA\"><img loading=\"lazy\" decoding=\"async\" width=\"150\" height=\"150\" src=\"https:\/\/vyskumnecentrum.sk\/wp-content\/uploads\/2026\/03\/Hadzima-150x150.jpg\" class=\"attachment-thumbnail size-thumbnail wp-post-image\" alt=\"\" style=\"max-width:113px;max-height:113px;\" srcset=\"https:\/\/vyskumnecentrum.sk\/wp-content\/uploads\/2026\/03\/Hadzima-150x150.jpg 150w, https:\/\/vyskumnecentrum.sk\/wp-content\/uploads\/2026\/03\/Hadzima-50x50.jpg 50w\" sizes=\"auto, (max-width: 150px) 100vw, 150px\" \/><\/a><\/div><a class=\"wp-block-latest-posts__post-title\" href=\"https:\/\/vyskumnecentrum.sk\/en\/2026\/03\/31\/nas-kolega-prof-branislav-hadzima-bol-zvoleny-za-kandidata-na-rektora-uniza\/\">Our colleague Prof. Branislav Hadzima has been nominated as a candidate for rector of UNIZA<\/a><time datetime=\"2026-03-31T11:59:01+00:00\" class=\"wp-block-latest-posts__post-date\">March 31, 2026<\/time><div class=\"wp-block-latest-posts__post-excerpt\">V pondelok 30. marca 2026 sa na p\u00f4de \u017dilinskej univerzity v \u017diline (UNIZA) odohral d\u00f4le\u017eit\u00fd m\u00ed\u013enik. Volebn\u00e9 zhroma\u017edenie rozhodlo, \u017ee kandid\u00e1tom na post rektora pre funk\u010dn\u00e9 obdobie 2026 \u2013 2030<p class=\"more-link\"><a href=\"https:\/\/vyskumnecentrum.sk\/en\/2026\/03\/31\/nas-kolega-prof-branislav-hadzima-bol-zvoleny-za-kandidata-na-rektora-uniza\/\" class=\"readmore\">Continue reading<span class=\"screen-reader-text\">Our colleague Prof. Branislav Hadzima has been nominated as a candidate for rector of UNIZA<\/span><\/a><\/p><\/div><\/li>\n<li><div class=\"wp-block-latest-posts__featured-image alignleft\"><a href=\"https:\/\/vyskumnecentrum.sk\/en\/2025\/11\/13\/studium-rastu-unavovych-trhlin-vo-zvarovych-spojoch\/\" aria-label=\"Study of fatigue crack growth in welded joints\"><img loading=\"lazy\" decoding=\"async\" width=\"150\" height=\"150\" src=\"https:\/\/vyskumnecentrum.sk\/wp-content\/uploads\/2025\/11\/eng_fract_mech_square-150x150.jpg\" class=\"attachment-thumbnail size-thumbnail wp-post-image\" alt=\"\" style=\"max-width:113px;max-height:113px;\" srcset=\"https:\/\/vyskumnecentrum.sk\/wp-content\/uploads\/2025\/11\/eng_fract_mech_square-150x150.jpg 150w, https:\/\/vyskumnecentrum.sk\/wp-content\/uploads\/2025\/11\/eng_fract_mech_square-300x300.jpg 300w, https:\/\/vyskumnecentrum.sk\/wp-content\/uploads\/2025\/11\/eng_fract_mech_square-50x50.jpg 50w, https:\/\/vyskumnecentrum.sk\/wp-content\/uploads\/2025\/11\/eng_fract_mech_square-12x12.jpg 12w, https:\/\/vyskumnecentrum.sk\/wp-content\/uploads\/2025\/11\/eng_fract_mech_square.jpg 621w\" sizes=\"auto, (max-width: 150px) 100vw, 150px\" \/><\/a><\/div><a class=\"wp-block-latest-posts__post-title\" href=\"https:\/\/vyskumnecentrum.sk\/en\/2025\/11\/13\/studium-rastu-unavovych-trhlin-vo-zvarovych-spojoch\/\">Study of fatigue crack growth in welded joints<\/a><time datetime=\"2025-11-13T06:23:04+00:00\" class=\"wp-block-latest-posts__post-date\">November 13, 2025<\/time><div class=\"wp-block-latest-posts__post-excerpt\">Pracovn\u00edci oddelenia materi\u00e1lov\u00fdch vied sa podie\u013eali na v\u00fdskume procesu rastu \u00fanavov\u00fdch trhl\u00edn zvarov\u00fdch spojov z\u00a0n\u00edzkouhl\u00edkovej ocele P265GH. V\u00fdsledky rozsiahlych experiment\u00e1lnych pr\u00e1c uk\u00e1zali, \u017ee pre predikciu rastu \u00fanavov\u00fdch trhl\u00edn vo zvarov\u00fdch<p class=\"more-link\"><a href=\"https:\/\/vyskumnecentrum.sk\/en\/2025\/11\/13\/studium-rastu-unavovych-trhlin-vo-zvarovych-spojoch\/\" class=\"readmore\">Continue reading<span class=\"screen-reader-text\">Study of fatigue crack growth in welded joints<\/span><\/a><\/p><\/div><\/li>\n<li><div class=\"wp-block-latest-posts__featured-image alignleft\"><a href=\"https:\/\/vyskumnecentrum.sk\/en\/2025\/06\/25\/ziskavanie-produktov-s-pridanou-hodnotou-tepelnou-degradaciou-odpadu\/\" aria-label=\"Obtaining value-added products through thermal degradation of waste\"><img loading=\"lazy\" decoding=\"async\" width=\"150\" height=\"150\" src=\"https:\/\/vyskumnecentrum.sk\/wp-content\/uploads\/2025\/06\/nature-150x150.png\" class=\"attachment-thumbnail size-thumbnail wp-post-image\" alt=\"\" style=\"max-width:113px;max-height:113px;\" srcset=\"https:\/\/vyskumnecentrum.sk\/wp-content\/uploads\/2025\/06\/nature-150x150.png 150w, https:\/\/vyskumnecentrum.sk\/wp-content\/uploads\/2025\/06\/nature-50x50.png 50w\" sizes=\"auto, (max-width: 150px) 100vw, 150px\" \/><\/a><\/div><a class=\"wp-block-latest-posts__post-title\" href=\"https:\/\/vyskumnecentrum.sk\/en\/2025\/06\/25\/ziskavanie-produktov-s-pridanou-hodnotou-tepelnou-degradaciou-odpadu\/\">Obtaining value-added products through thermal degradation of waste<\/a><time datetime=\"2025-06-25T07:05:04+00:00\" class=\"wp-block-latest-posts__post-date\">June 25, 2025<\/time><div class=\"wp-block-latest-posts__post-excerpt\">V\u00fdskumn\u00e9 centrum v spolupr\u00e1ci s Katedrou energetickej techniky a Centrom ENET V\u0160B-Technickej univerzity Ostrava sa venovalo problematike tepelnej degrad\u00e1cie odpadu z r\u00fa\u0161ok a respir\u00e1torov pyrol\u00fdzou pri r\u00f4znych teplotn\u00fdch podmienkach. Prostredn\u00edctvom<p class=\"more-link\"><a href=\"https:\/\/vyskumnecentrum.sk\/en\/2025\/06\/25\/ziskavanie-produktov-s-pridanou-hodnotou-tepelnou-degradaciou-odpadu\/\" class=\"readmore\">Continue reading<span class=\"screen-reader-text\">Obtaining value-added products through thermal degradation of waste<\/span><\/a><\/p><\/div><\/li>\n<li><div class=\"wp-block-latest-posts__featured-image alignleft\"><a href=\"https:\/\/vyskumnecentrum.sk\/en\/2025\/06\/13\/nove-laboratorium-analyzy-a-redukcie-emisii-tuhych-znecistujucich-latok\/\" aria-label=\"New Laboratory for Analysis of Solid Fuel and Particulate Matter\"><img loading=\"lazy\" decoding=\"async\" width=\"150\" height=\"150\" src=\"https:\/\/vyskumnecentrum.sk\/wp-content\/uploads\/2025\/06\/nik-150x150.jpg\" class=\"attachment-thumbnail size-thumbnail wp-post-image\" alt=\"\" style=\"max-width:113px;max-height:113px;\" srcset=\"https:\/\/vyskumnecentrum.sk\/wp-content\/uploads\/2025\/06\/nik-150x150.jpg 150w, https:\/\/vyskumnecentrum.sk\/wp-content\/uploads\/2025\/06\/nik-300x300.jpg 300w, https:\/\/vyskumnecentrum.sk\/wp-content\/uploads\/2025\/06\/nik-1024x1024.jpg 1024w, https:\/\/vyskumnecentrum.sk\/wp-content\/uploads\/2025\/06\/nik-768x768.jpg 768w, https:\/\/vyskumnecentrum.sk\/wp-content\/uploads\/2025\/06\/nik-50x50.jpg 50w, https:\/\/vyskumnecentrum.sk\/wp-content\/uploads\/2025\/06\/nik-12x12.jpg 12w, https:\/\/vyskumnecentrum.sk\/wp-content\/uploads\/2025\/06\/nik.jpg 1500w\" sizes=\"auto, (max-width: 150px) 100vw, 150px\" \/><\/a><\/div><a class=\"wp-block-latest-posts__post-title\" href=\"https:\/\/vyskumnecentrum.sk\/en\/2025\/06\/13\/nove-laboratorium-analyzy-a-redukcie-emisii-tuhych-znecistujucich-latok\/\">New Laboratory for Analysis of Solid Fuel and Particulate Matter<\/a><time datetime=\"2025-06-13T05:04:55+00:00\" class=\"wp-block-latest-posts__post-date\">June 13, 2025<\/time><div class=\"wp-block-latest-posts__post-excerpt\">Na na\u0161om pracovisku vzniklo nov\u00e9 Laborat\u00f3rium anal\u00fdzy a redukcie emisi\u00ed tuh\u00fdch zne\u010dis\u0165uj\u00facich l\u00e1tok, ktor\u00e9 bolo vytvoren\u00e9 s podporou v\u00fdskumn\u00e9ho projektu \u010d. 09I03-03-V04-00529: Detekcia anorganick\u00fdch l\u00e1tok tuh\u00fdch pal\u00edv zni\u017euj\u00facich \u00fa\u010dinnos\u0165 zachyt\u00e1vania<p class=\"more-link\"><a href=\"https:\/\/vyskumnecentrum.sk\/en\/2025\/06\/13\/nove-laboratorium-analyzy-a-redukcie-emisii-tuhych-znecistujucich-latok\/\" class=\"readmore\">Continue reading<span class=\"screen-reader-text\">New Laboratory for Analysis of Solid Fuel and Particulate Matter<\/span><\/a><\/p><\/div><\/li>\n<li><div class=\"wp-block-latest-posts__featured-image alignleft\"><a href=\"https:\/\/vyskumnecentrum.sk\/en\/2025\/06\/02\/nove-laboratorium-inteligentneho-riadenia-budov-a-osvetlenia\/\" aria-label=\"Nov\u00e9 laborat\u00f3rium inteligentn\u00e9ho riadenia budov a osvetlenia\"><img loading=\"lazy\" decoding=\"async\" width=\"150\" height=\"150\" src=\"https:\/\/vyskumnecentrum.sk\/wp-content\/uploads\/2025\/06\/lab_riadenia_budov-150x150.jpg\" class=\"attachment-thumbnail size-thumbnail wp-post-image\" alt=\"\" style=\"max-width:113px;max-height:113px;\" srcset=\"https:\/\/vyskumnecentrum.sk\/wp-content\/uploads\/2025\/06\/lab_riadenia_budov-150x150.jpg 150w, https:\/\/vyskumnecentrum.sk\/wp-content\/uploads\/2025\/06\/lab_riadenia_budov-300x300.jpg 300w, https:\/\/vyskumnecentrum.sk\/wp-content\/uploads\/2025\/06\/lab_riadenia_budov-50x50.jpg 50w, https:\/\/vyskumnecentrum.sk\/wp-content\/uploads\/2025\/06\/lab_riadenia_budov-12x12.jpg 12w, https:\/\/vyskumnecentrum.sk\/wp-content\/uploads\/2025\/06\/lab_riadenia_budov.jpg 680w\" sizes=\"auto, (max-width: 150px) 100vw, 150px\" \/><\/a><\/div><a class=\"wp-block-latest-posts__post-title\" href=\"https:\/\/vyskumnecentrum.sk\/en\/2025\/06\/02\/nove-laboratorium-inteligentneho-riadenia-budov-a-osvetlenia\/\">Nov\u00e9 laborat\u00f3rium inteligentn\u00e9ho riadenia budov a osvetlenia<\/a><time datetime=\"2025-06-02T07:09:46+00:00\" class=\"wp-block-latest-posts__post-date\">June 2, 2025<\/time><div class=\"wp-block-latest-posts__post-excerpt\">Na na\u0161om pracovisku vzniklo nov\u00e9 Laborat\u00f3rium inteligentn\u00e9ho riadenia budov a osvetlenia, ktor\u00e9 bolo vytvoren\u00e9 s podporou v\u00fdskumn\u00e9ho projektu \u010d. 09I03-03-V04-00312 \u2013 InPrAdCoDl (Inovat\u00edvny proces integr\u00e1cie denn\u00e9ho svetla do syst\u00e9mu osvetlenia<p class=\"more-link\"><a href=\"https:\/\/vyskumnecentrum.sk\/en\/2025\/06\/02\/nove-laboratorium-inteligentneho-riadenia-budov-a-osvetlenia\/\" class=\"readmore\">Continue reading<span class=\"screen-reader-text\">Nov\u00e9 laborat\u00f3rium inteligentn\u00e9ho riadenia budov a osvetlenia<\/span><\/a><\/p><\/div><\/li>\n<\/ul>","protected":false},"excerpt":{"rendered":"<p>V\u00fdskumn\u00e9 centrum UNIZA je unik\u00e1tne vedecko-v\u00fdskumn\u00e9 pracovisko \u017dilinskej univerzity v \u017diline, ktor\u00e9 vzniklo v roku 2013 v\u010faka finan\u010dnej podpore vo forme v\u00fdskumn\u00e9ho grantu v r\u00e1mci v\u00fdzvy Ministerstva \u0161kolstva, vedy, v\u00fdskumu<\/p>\n<p class=\"more-link\"><a href=\"https:\/\/vyskumnecentrum.sk\/en\/\" class=\"readmore\">Continue reading<span class=\"screen-reader-text\"><\/span><\/a><\/p>","protected":false},"author":1,"featured_media":0,"parent":0,"menu_order":0,"comment_status":"closed","ping_status":"open","template":"templates\/full-width-page.php","meta":{"footnotes":""},"class_list":["post-2","page","type-page","status-publish","hentry"],"_links":{"self":[{"href":"https:\/\/vyskumnecentrum.sk\/en\/wp-json\/wp\/v2\/pages\/2","targetHints":{"allow":["GET"]}}],"collection":[{"href":"https:\/\/vyskumnecentrum.sk\/en\/wp-json\/wp\/v2\/pages"}],"about":[{"href":"https:\/\/vyskumnecentrum.sk\/en\/wp-json\/wp\/v2\/types\/page"}],"author":[{"embeddable":true,"href":"https:\/\/vyskumnecentrum.sk\/en\/wp-json\/wp\/v2\/users\/1"}],"replies":[{"embeddable":true,"href":"https:\/\/vyskumnecentrum.sk\/en\/wp-json\/wp\/v2\/comments?post=2"}],"version-history":[{"count":86,"href":"https:\/\/vyskumnecentrum.sk\/en\/wp-json\/wp\/v2\/pages\/2\/revisions"}],"predecessor-version":[{"id":1782,"href":"https:\/\/vyskumnecentrum.sk\/en\/wp-json\/wp\/v2\/pages\/2\/revisions\/1782"}],"wp:attachment":[{"href":"https:\/\/vyskumnecentrum.sk\/en\/wp-json\/wp\/v2\/media?parent=2"}],"curies":[{"name":"wp","href":"https:\/\/api.w.org\/{rel}","templated":true}]}}