{"id":2025,"date":"2026-01-12T11:23:25","date_gmt":"2026-01-12T11:23:25","guid":{"rendered":"https:\/\/vyskumnecentrum.sk\/?page_id=2025"},"modified":"2026-01-16T12:06:36","modified_gmt":"2026-01-16T12:06:36","slug":"nikola-cajova-kantova","status":"publish","type":"page","link":"https:\/\/vyskumnecentrum.sk\/en\/o_nas\/zoznam-zamestnancov\/nikola-cajova-kantova\/","title":{"rendered":"Nikola \u010cajov\u00e1 Kantov\u00e1"},"content":{"rendered":"<figure class=\"wp-block-image size-large\"><img loading=\"lazy\" decoding=\"async\" width=\"1024\" height=\"410\" src=\"https:\/\/vyskumnecentrum.sk\/wp-content\/uploads\/2026\/01\/NCK_EN.png\" alt=\"\" class=\"wp-image-2026\" srcset=\"https:\/\/vyskumnecentrum.sk\/wp-content\/uploads\/2026\/01\/NCK_EN.png 1596w, https:\/\/vyskumnecentrum.sk\/wp-content\/uploads\/2026\/01\/NCK_EN-300x120.png 300w, https:\/\/vyskumnecentrum.sk\/wp-content\/uploads\/2026\/01\/NCK_EN-1024x409.png 1024w, https:\/\/vyskumnecentrum.sk\/wp-content\/uploads\/2026\/01\/NCK_EN-768x307.png 768w, https:\/\/vyskumnecentrum.sk\/wp-content\/uploads\/2026\/01\/NCK_EN-50x20.png 50w, https:\/\/vyskumnecentrum.sk\/wp-content\/uploads\/2026\/01\/NCK_EN-1536x613.png 1536w, https:\/\/vyskumnecentrum.sk\/wp-content\/uploads\/2026\/01\/NCK_EN-18x7.png 18w\" sizes=\"auto, (max-width: 1024px) 100vw, 1024px\" \/><\/figure>\n\n\n\n<div class=\"wp-block-columns is-layout-flex wp-container-core-columns-is-layout-9d6595d7 wp-block-columns-is-layout-flex\">\n<div class=\"wp-block-column is-layout-flow wp-block-column-is-layout-flow\">\n<div class=\"wp-block-media-text is-stacked-on-mobile\" style=\"grid-template-columns:15% auto\"><figure class=\"wp-block-media-text__media\"><img loading=\"lazy\" decoding=\"async\" width=\"55\" height=\"55\" src=\"https:\/\/vyskumnecentrum.sk\/wp-content\/uploads\/2025\/08\/LC_.png\" alt=\"\" class=\"wp-image-1804 size-full\" srcset=\"https:\/\/vyskumnecentrum.sk\/wp-content\/uploads\/2025\/08\/LC_.png 55w, https:\/\/vyskumnecentrum.sk\/wp-content\/uploads\/2025\/08\/LC_-50x50.png 50w, https:\/\/vyskumnecentrum.sk\/wp-content\/uploads\/2025\/08\/LC_-12x12.png 12w\" sizes=\"auto, (max-width: 55px) 100vw, 55px\" \/><\/figure><div class=\"wp-block-media-text__content\">\n<p>VC 3.16<\/p>\n<\/div><\/div>\n\n\n\n<div class=\"wp-block-media-text is-stacked-on-mobile\" style=\"grid-template-columns:15% auto\"><figure class=\"wp-block-media-text__media\"><img loading=\"lazy\" decoding=\"async\" width=\"55\" height=\"55\" src=\"https:\/\/vyskumnecentrum.sk\/wp-content\/uploads\/2025\/08\/ML.png\" alt=\"\" class=\"wp-image-1803 size-full\" srcset=\"https:\/\/vyskumnecentrum.sk\/wp-content\/uploads\/2025\/08\/ML.png 55w, https:\/\/vyskumnecentrum.sk\/wp-content\/uploads\/2025\/08\/ML-50x50.png 50w, https:\/\/vyskumnecentrum.sk\/wp-content\/uploads\/2025\/08\/ML-12x12.png 12w\" sizes=\"auto, (max-width: 55px) 100vw, 55px\" \/><\/figure><div class=\"wp-block-media-text__content\">\n<p style=\"font-size:15px\">nikola.cajovakantova@uniza.sk<\/p>\n<\/div><\/div>\n<\/div>\n\n\n\n<div class=\"wp-block-column is-layout-flow wp-block-column-is-layout-flow\">\n<div class=\"wp-block-media-text is-stacked-on-mobile\" style=\"grid-template-columns:15% auto\"><figure class=\"wp-block-media-text__media\"><img loading=\"lazy\" decoding=\"async\" width=\"55\" height=\"55\" src=\"https:\/\/vyskumnecentrum.sk\/wp-content\/uploads\/2025\/08\/PH.png\" alt=\"\" class=\"wp-image-1802 size-full\" srcset=\"https:\/\/vyskumnecentrum.sk\/wp-content\/uploads\/2025\/08\/PH.png 55w, https:\/\/vyskumnecentrum.sk\/wp-content\/uploads\/2025\/08\/PH-50x50.png 50w, https:\/\/vyskumnecentrum.sk\/wp-content\/uploads\/2025\/08\/PH-12x12.png 12w\" sizes=\"auto, (max-width: 55px) 100vw, 55px\" \/><\/figure><div class=\"wp-block-media-text__content\">\n<p>+421 41 513 7637<\/p>\n<\/div><\/div>\n\n\n\n<div class=\"wp-block-media-text is-stacked-on-mobile\" style=\"grid-template-columns:15% auto\"><figure class=\"wp-block-media-text__media\"><img loading=\"lazy\" decoding=\"async\" width=\"55\" height=\"55\" src=\"https:\/\/vyskumnecentrum.sk\/wp-content\/uploads\/2026\/01\/WoS.png\" alt=\"\" class=\"wp-image-2081 size-full\" srcset=\"https:\/\/vyskumnecentrum.sk\/wp-content\/uploads\/2026\/01\/WoS.png 55w, https:\/\/vyskumnecentrum.sk\/wp-content\/uploads\/2026\/01\/WoS-50x50.png 50w, https:\/\/vyskumnecentrum.sk\/wp-content\/uploads\/2026\/01\/WoS-12x12.png 12w\" sizes=\"auto, (max-width: 55px) 100vw, 55px\" \/><\/figure><div class=\"wp-block-media-text__content\">\n<p><a href=\"https:\/\/www.webofscience.com\/wos\/author\/record\/2202641\" data-type=\"link\" data-id=\"https:\/\/www.webofscience.com\/wos\/author\/record\/2202641\">AAE-3973-2021<\/a><\/p>\n<\/div><\/div>\n<\/div>\n<\/div>","protected":false},"excerpt":{"rendered":"<p>VC 3.16 nikola.cajovakantova@uniza.sk +421 41 513 7637 AAE-3973-2021<\/p>","protected":false},"author":1,"featured_media":0,"parent":449,"menu_order":0,"comment_status":"closed","ping_status":"closed","template":"","meta":{"footnotes":""},"class_list":["post-2025","page","type-page","status-publish","hentry"],"_links":{"self":[{"href":"https:\/\/vyskumnecentrum.sk\/en\/wp-json\/wp\/v2\/pages\/2025","targetHints":{"allow":["GET"]}}],"collection":[{"href":"https:\/\/vyskumnecentrum.sk\/en\/wp-json\/wp\/v2\/pages"}],"about":[{"href":"https:\/\/vyskumnecentrum.sk\/en\/wp-json\/wp\/v2\/types\/page"}],"author":[{"embeddable":true,"href":"https:\/\/vyskumnecentrum.sk\/en\/wp-json\/wp\/v2\/users\/1"}],"replies":[{"embeddable":true,"href":"https:\/\/vyskumnecentrum.sk\/en\/wp-json\/wp\/v2\/comments?post=2025"}],"version-history":[{"count":5,"href":"https:\/\/vyskumnecentrum.sk\/en\/wp-json\/wp\/v2\/pages\/2025\/revisions"}],"predecessor-version":[{"id":2177,"href":"https:\/\/vyskumnecentrum.sk\/en\/wp-json\/wp\/v2\/pages\/2025\/revisions\/2177"}],"up":[{"embeddable":true,"href":"https:\/\/vyskumnecentrum.sk\/en\/wp-json\/wp\/v2\/pages\/449"}],"wp:attachment":[{"href":"https:\/\/vyskumnecentrum.sk\/en\/wp-json\/wp\/v2\/media?parent=2025"}],"curies":[{"name":"wp","href":"https:\/\/api.w.org\/{rel}","templated":true}]}}