{"id":2040,"date":"2026-01-12T11:28:54","date_gmt":"2026-01-12T11:28:54","guid":{"rendered":"https:\/\/vyskumnecentrum.sk\/?page_id=2040"},"modified":"2026-04-15T07:30:25","modified_gmt":"2026-04-15T07:30:25","slug":"alexander-backa","status":"publish","type":"page","link":"https:\/\/vyskumnecentrum.sk\/en\/o_nas\/zoznam-zamestnancov\/alexander-backa\/","title":{"rendered":"Alexander Backa"},"content":{"rendered":"<figure class=\"wp-block-image size-full\"><img loading=\"lazy\" decoding=\"async\" width=\"960\" height=\"364\" src=\"https:\/\/vyskumnecentrum.sk\/wp-content\/uploads\/2026\/04\/alex_b-EN-1.jpg\" alt=\"\" class=\"wp-image-2254\" srcset=\"https:\/\/vyskumnecentrum.sk\/wp-content\/uploads\/2026\/04\/alex_b-EN-1.jpg 960w, https:\/\/vyskumnecentrum.sk\/wp-content\/uploads\/2026\/04\/alex_b-EN-1-300x113.jpg 300w, https:\/\/vyskumnecentrum.sk\/wp-content\/uploads\/2026\/04\/alex_b-EN-1-768x290.jpg 768w, https:\/\/vyskumnecentrum.sk\/wp-content\/uploads\/2026\/04\/alex_b-EN-1-50x19.jpg 50w, https:\/\/vyskumnecentrum.sk\/wp-content\/uploads\/2026\/04\/alex_b-EN-1-18x7.jpg 18w\" sizes=\"auto, (max-width: 960px) 100vw, 960px\" \/><\/figure>\n\n\n\n<div class=\"wp-block-columns is-layout-flex wp-container-core-columns-is-layout-9d6595d7 wp-block-columns-is-layout-flex\">\n<div class=\"wp-block-column is-layout-flow wp-block-column-is-layout-flow\">\n<div class=\"wp-block-media-text is-stacked-on-mobile\" style=\"grid-template-columns:15% auto\"><figure class=\"wp-block-media-text__media\"><img loading=\"lazy\" decoding=\"async\" width=\"55\" height=\"55\" src=\"https:\/\/vyskumnecentrum.sk\/wp-content\/uploads\/2025\/08\/LC_.png\" alt=\"\" class=\"wp-image-1804 size-full\" srcset=\"https:\/\/vyskumnecentrum.sk\/wp-content\/uploads\/2025\/08\/LC_.png 55w, https:\/\/vyskumnecentrum.sk\/wp-content\/uploads\/2025\/08\/LC_-50x50.png 50w, https:\/\/vyskumnecentrum.sk\/wp-content\/uploads\/2025\/08\/LC_-12x12.png 12w\" sizes=\"auto, (max-width: 55px) 100vw, 55px\" \/><\/figure><div class=\"wp-block-media-text__content\">\n<p>VC 3.16<\/p>\n<\/div><\/div>\n\n\n\n<div class=\"wp-block-media-text is-stacked-on-mobile\" style=\"grid-template-columns:15% auto\"><figure class=\"wp-block-media-text__media\"><img loading=\"lazy\" decoding=\"async\" width=\"55\" height=\"55\" src=\"https:\/\/vyskumnecentrum.sk\/wp-content\/uploads\/2025\/08\/PH_.png\" alt=\"\" class=\"wp-image-1807 size-full\" srcset=\"https:\/\/vyskumnecentrum.sk\/wp-content\/uploads\/2025\/08\/PH_.png 55w, https:\/\/vyskumnecentrum.sk\/wp-content\/uploads\/2025\/08\/PH_-50x50.png 50w, https:\/\/vyskumnecentrum.sk\/wp-content\/uploads\/2025\/08\/PH_-12x12.png 12w\" sizes=\"auto, (max-width: 55px) 100vw, 55px\" \/><\/figure><div class=\"wp-block-media-text__content\">\n<p>+421 41 513 7610<\/p>\n<\/div><\/div>\n\n\n\n<div class=\"wp-block-media-text is-stacked-on-mobile\" style=\"grid-template-columns:15% auto\"><figure class=\"wp-block-media-text__media\"><img loading=\"lazy\" decoding=\"async\" width=\"55\" height=\"55\" src=\"https:\/\/vyskumnecentrum.sk\/wp-content\/uploads\/2025\/08\/ML_.png\" alt=\"\" class=\"wp-image-1808 size-full\" srcset=\"https:\/\/vyskumnecentrum.sk\/wp-content\/uploads\/2025\/08\/ML_.png 55w, https:\/\/vyskumnecentrum.sk\/wp-content\/uploads\/2025\/08\/ML_-50x50.png 50w, https:\/\/vyskumnecentrum.sk\/wp-content\/uploads\/2025\/08\/ML_-12x12.png 12w\" sizes=\"auto, (max-width: 55px) 100vw, 55px\" \/><\/figure><div class=\"wp-block-media-text__content\">\n<p style=\"font-size:17px\">alexander.backa@uniza.sk<\/p>\n<\/div><\/div>\n<\/div>\n\n\n\n<div class=\"wp-block-column is-layout-flow wp-block-column-is-layout-flow\">\n<div class=\"wp-block-media-text is-stacked-on-mobile\" style=\"grid-template-columns:15% auto\"><figure class=\"wp-block-media-text__media\"><img loading=\"lazy\" decoding=\"async\" width=\"55\" height=\"55\" src=\"https:\/\/vyskumnecentrum.sk\/wp-content\/uploads\/2025\/08\/ID_.png\" alt=\"\" class=\"wp-image-1806 size-full\" srcset=\"https:\/\/vyskumnecentrum.sk\/wp-content\/uploads\/2025\/08\/ID_.png 55w, https:\/\/vyskumnecentrum.sk\/wp-content\/uploads\/2025\/08\/ID_-50x50.png 50w, https:\/\/vyskumnecentrum.sk\/wp-content\/uploads\/2025\/08\/ID_-12x12.png 12w\" sizes=\"auto, (max-width: 55px) 100vw, 55px\" \/><\/figure><div class=\"wp-block-media-text__content\">\n<p><a href=\"https:\/\/orcid.org\/0000-0003-0911-6678\" data-type=\"link\" data-id=\"https:\/\/orcid.org\/0000-0003-0911-6678\">0000-0003-0911-6678<\/a><\/p>\n<\/div><\/div>\n\n\n\n<div class=\"wp-block-media-text is-stacked-on-mobile\" style=\"grid-template-columns:15% auto\"><figure class=\"wp-block-media-text__media\"><img loading=\"lazy\" decoding=\"async\" width=\"55\" height=\"55\" src=\"https:\/\/vyskumnecentrum.sk\/wp-content\/uploads\/2025\/08\/RG_.png\" alt=\"\" class=\"wp-image-1809 size-full\" srcset=\"https:\/\/vyskumnecentrum.sk\/wp-content\/uploads\/2025\/08\/RG_.png 55w, https:\/\/vyskumnecentrum.sk\/wp-content\/uploads\/2025\/08\/RG_-50x50.png 50w, https:\/\/vyskumnecentrum.sk\/wp-content\/uploads\/2025\/08\/RG_-12x12.png 12w\" sizes=\"auto, (max-width: 55px) 100vw, 55px\" \/><\/figure><div class=\"wp-block-media-text__content\">\n<p><a href=\"https:\/\/www.researchgate.net\/profile\/Alexander-Backa?ev=hdr_xprf\">Alexander Backa<\/a><\/p>\n<\/div><\/div>\n\n\n\n<div class=\"wp-block-media-text is-stacked-on-mobile\" style=\"grid-template-columns:15% auto\"><figure class=\"wp-block-media-text__media\"><img loading=\"lazy\" decoding=\"async\" width=\"55\" height=\"55\" src=\"https:\/\/vyskumnecentrum.sk\/wp-content\/uploads\/2025\/08\/linkedin.jpg\" alt=\"\" class=\"wp-image-1861 size-full\" srcset=\"https:\/\/vyskumnecentrum.sk\/wp-content\/uploads\/2025\/08\/linkedin.jpg 55w, https:\/\/vyskumnecentrum.sk\/wp-content\/uploads\/2025\/08\/linkedin-50x50.jpg 50w, https:\/\/vyskumnecentrum.sk\/wp-content\/uploads\/2025\/08\/linkedin-12x12.jpg 12w\" sizes=\"auto, (max-width: 55px) 100vw, 55px\" \/><\/figure><div class=\"wp-block-media-text__content\">\n<p><a href=\"https:\/\/www.linkedin.com\/in\/alexander-backa-8a2100bb\/\" data-type=\"link\" data-id=\"https:\/\/www.linkedin.com\/in\/alexander-backa-8a2100bb\/\">Alexander Backa<\/a><\/p>\n<\/div><\/div>\n<\/div>\n<\/div>\n\n\n\n<figure class=\"wp-block-image size-full\"><img loading=\"lazy\" decoding=\"async\" width=\"940\" height=\"281\" src=\"https:\/\/vyskumnecentrum.sk\/wp-content\/uploads\/2026\/04\/Einstein.jpg\" alt=\"\" class=\"wp-image-2255\" srcset=\"https:\/\/vyskumnecentrum.sk\/wp-content\/uploads\/2026\/04\/Einstein.jpg 844w, https:\/\/vyskumnecentrum.sk\/wp-content\/uploads\/2026\/04\/Einstein-300x70.jpg 300w, https:\/\/vyskumnecentrum.sk\/wp-content\/uploads\/2026\/04\/Einstein-768x178.jpg 768w, https:\/\/vyskumnecentrum.sk\/wp-content\/uploads\/2026\/04\/Einstein-50x12.jpg 50w, https:\/\/vyskumnecentrum.sk\/wp-content\/uploads\/2026\/04\/Einstein-18x4.jpg 18w\" sizes=\"auto, (max-width: 940px) 100vw, 940px\" \/><\/figure>\n\n\n\n<hr class=\"wp-block-separator aligncenter has-text-color has-alpha-channel-opacity has-background is-style-wide\" style=\"background-color:#104862;color:#104862\"\/>\n\n\n\n<p class=\"has-text-color has-link-color wp-elements-bad91c9bc850cf1df7fa60dc95cf34f1\" style=\"color:#104862;font-size:25px\"><strong>Profile<\/strong><\/p>\n\n\n\n<p style=\"font-size:18px\"><strong>Ing. Alexander Backa, PhD.<\/strong>, is a postdoctoral researcher at the UNIZA Research Centre. His work focuses on combustion in small-scale heat sources, with an emphasis on experimental measurements, numerical simulations, and advanced data processing. His research primarily addresses biomass combustion, operational performance assessment of small combustion appliances, analysis of gaseous emissions and particulate matter (PM) formation, and the design of emission-reduction measures, including applications of electrostatic precipitation and automated control and regulation of combustion systems. His expertise integrates CFD simulations (ANSYS Fluent), energy balance calculations, and predictive modelling in MATLAB with experimental validation. He also targets the application of AI\/ML methods for processing emission data and for predicting and controlling combustion behaviour.<br>In his publication activity, he focuses on topics such as combustion of various solid fuels, spatial distributions of temperature, emissions, and PM within the combustion zone, combustion optimisation through automated control, and improving separation efficiency. He is the author\/co-author of more than 30 publications (journal articles, conference proceedings, etc.). To date, his citation record includes 32 citations in Web of Science and 28 citations in Scopus, with an H-index of 3.<br>A substantial part of his professional development has been shaped by international mobility and collaboration, including Erasmus+ research stays in Poland and Italy (LEAP s.c.a r.l., Piacenza; Silesian University of Technology, Gliwice; University of Agriculture in Krakow) and active participation in international conferences, where he presented research on combustion, flue-gas flow, and data-driven emission modelling. In teaching, during his PhD studies he led laboratory classes in Fluid Mechanics and Thermodynamics.<\/p>\n\n\n\n<p style=\"font-size:18px\"><\/p>\n\n\n\n<hr class=\"wp-block-separator aligncenter has-text-color has-alpha-channel-opacity has-background is-style-wide\" style=\"background-color:#104862;color:#104862\"\/>\n\n\n\n<p class=\"has-text-color has-link-color wp-elements-a204b69c146e43ff168666db074f6a5b\" style=\"color:#104862;font-size:25px\"><strong>Research areas<\/strong><\/p>\n\n\n\n<figure class=\"wp-block-image size-large\"><img loading=\"lazy\" decoding=\"async\" width=\"1024\" height=\"485\" src=\"https:\/\/vyskumnecentrum.sk\/wp-content\/uploads\/2026\/04\/alex-research_areas.jpg\" alt=\"\" class=\"wp-image-2256\" srcset=\"https:\/\/vyskumnecentrum.sk\/wp-content\/uploads\/2026\/04\/alex-research_areas.jpg 908w, https:\/\/vyskumnecentrum.sk\/wp-content\/uploads\/2026\/04\/alex-research_areas-300x144.jpg 300w, https:\/\/vyskumnecentrum.sk\/wp-content\/uploads\/2026\/04\/alex-research_areas-768x370.jpg 768w, https:\/\/vyskumnecentrum.sk\/wp-content\/uploads\/2026\/04\/alex-research_areas-50x24.jpg 50w, https:\/\/vyskumnecentrum.sk\/wp-content\/uploads\/2026\/04\/alex-research_areas-18x9.jpg 18w\" sizes=\"auto, (max-width: 1024px) 100vw, 1024px\" \/><\/figure>\n\n\n\n<hr class=\"wp-block-separator aligncenter has-text-color has-alpha-channel-opacity has-background is-style-wide\" style=\"background-color:#104862;color:#104862\"\/>\n\n\n\n<p class=\"has-text-color has-link-color wp-elements-3b39bfc65c02671a94a1e0c589a40001\" style=\"color:#104862;font-size:25px\"><strong>Awards<\/strong><\/p>\n\n\n\n<ul class=\"wp-block-list\">\n<li style=\"font-size:18px\"><strong>Seal of Excellence award (HORIZON-MSCA-2025-PF-01-01) for the project \u201cInnovative Methods of Particulate Matter Reduction by Optimization of Gas Duct Geometry\u201d.<\/strong><\/li>\n\n\n\n<li style=\"font-size:18px\"><strong><strong>Best paper award at the international EAI conference (for a paper on ML regression in MATLAB for predicting gaseous emissions during pellet combustion).<\/strong><\/strong><\/li>\n<\/ul>\n\n\n\n<hr class=\"wp-block-separator aligncenter has-text-color has-alpha-channel-opacity has-background is-style-wide\" style=\"background-color:#104862;color:#104862\"\/>\n\n\n\n<p class=\"has-text-color has-link-color wp-elements-8241c0606c93170133ca7b5b5dcb4619\" style=\"color:#104862;font-size:25px\"><strong><strong>International cooperation<\/strong><\/strong><\/p>\n\n\n\n<figure class=\"wp-block-image size-large\"><img loading=\"lazy\" decoding=\"async\" width=\"1024\" height=\"218\" src=\"https:\/\/vyskumnecentrum.sk\/wp-content\/uploads\/2026\/04\/image-3-1024x218.png\" alt=\"\" class=\"wp-image-2257\" srcset=\"https:\/\/vyskumnecentrum.sk\/wp-content\/uploads\/2026\/04\/image-3-1024x218.png 1024w, https:\/\/vyskumnecentrum.sk\/wp-content\/uploads\/2026\/04\/image-3-300x64.png 300w, https:\/\/vyskumnecentrum.sk\/wp-content\/uploads\/2026\/04\/image-3-768x163.png 768w, https:\/\/vyskumnecentrum.sk\/wp-content\/uploads\/2026\/04\/image-3-50x11.png 50w, https:\/\/vyskumnecentrum.sk\/wp-content\/uploads\/2026\/04\/image-3-18x4.png 18w, https:\/\/vyskumnecentrum.sk\/wp-content\/uploads\/2026\/04\/image-3.png 1190w\" sizes=\"auto, (max-width: 1024px) 100vw, 1024px\" \/><\/figure>\n\n\n\n<hr class=\"wp-block-separator aligncenter has-text-color has-alpha-channel-opacity has-background is-style-wide\" style=\"background-color:#104862;color:#104862\"\/>\n\n\n\n<p class=\"has-text-color has-link-color wp-elements-dbc274df7cfe197d7f0b4ff67fe79f75\" style=\"color:#104862;font-size:25px\"><strong>Coordinated projects<\/strong><\/p>\n\n\n\n<ul class=\"wp-block-list\">\n<li style=\"font-size:18px\"><strong>UNIZA Grant Scheme No. 21016<\/strong>. <em>Use of image data and machine learning for emission prediction and classification of combustion phases in fireplace stoves for air-supply control systems.<\/em> - University grant for early-career researchers under 35, 2025\u20132026 \u2013 Principal Investigator.<\/li>\n\n\n\n<li style=\"font-size:18px\"><strong>UNIZA Grant Scheme No. 15900<\/strong>. <em>Mitigation of issues in combustion of fuels with low ash fusion temperatures using predictive models, with a focus on phytomass combustion.<\/em> - University grant for PhD candidates, 2021\u20132022 \u2013 Principal Investigator.<\/li>\n<\/ul>\n\n\n\n<hr class=\"wp-block-separator aligncenter has-text-color has-alpha-channel-opacity has-background is-style-wide\" style=\"background-color:#104862;color:#104862\"\/>\n\n\n\n<p class=\"has-text-color has-link-color wp-elements-9e011ba897232687b3610ce13371ae50\" style=\"color:#104862;font-size:25px\"><strong>Top 10 publications<\/strong><\/p>\n\n\n\n<ul class=\"wp-block-list\">\n<li style=\"font-size:18px\"><a href=\"https:\/\/doi.org\/10.1016\/j.applthermaleng.2026.130254\">BACKA, A.*, NOSEK, R., \u010cAJOV\u00c1 KANTOV\u00c1, N.*, MALCHO, M., NEMEC, P.,&nbsp; <strong>Experimental and numerical study of near-wall temperature fields in a pellet boiler: Impact of excess air ratio and heat-transfer optimization with a flow deflector. <\/strong><em>Applied Thermal Engineering. <\/em>2026, <strong>291<\/strong>, art. no. 130254.<\/a><\/li>\n\n\n\n<li><a href=\"https:\/\/www.sciencedirect.com\/science\/article\/pii\/S1743967124004148?pes=vor&amp;utm_source=clarivate&amp;getft_integrator=clarivate\">Backa, A.*, \u010cAJOV\u00c1 KANTOV\u00c1, N., NOSEK, R., PATSCH, M. <strong>Evaluating the combustion of various biomass pellets in a small heat source with underfeed pellet burner: Heat output, gas emission and ash melting behavior. <\/strong><em>Journal of the Energy Institute.<\/em> 2025, <strong>118<\/strong>, art. no. 101936.<\/a><\/li>\n\n\n\n<li><a href=\"https:\/\/www.sciencedirect.com\/science\/article\/pii\/S2214157X25008913?pes=vor&amp;utm_source=clarivate&amp;getft_integrator=clarivate\">BACKA, A.*, \u010cAJOV\u00c1 KANTOV\u00c1, N., NOSEK, R., S\u0142adek, s. <strong>Spatial distribution of emissions, temperatures, and particulate matter in a combustion zone of a pellet boiler<\/strong>. <em>Case Studies in Thermal Engineering<\/em>. 2025,<strong>73<\/strong>, art. no. 106631.<\/a><\/li>\n\n\n\n<li><a href=\"https:\/\/doi.org\/10.26552\/com.C.2026.016\">BACKA, A.*, \u010cAJOV\u00c1 KANTOV\u00c1, N., HRABOVSK\u00dd, P., BEL\u00c1NY, P., CIBULA, R., S\u0141ADEK, S.<strong>Optimizing Combustion Process: The Impact of Flame Zone Air Supply on Emissions and Performance in Pellet Boiler. <\/strong><em>Communications &#8211; Scientific letters of the University of Zilina<\/em>. 2026. ISSN 1335-4205.<\/a><\/li>\n\n\n\n<li><a href=\"https:\/\/www.sciencedirect.com\/science\/article\/pii\/S2214157X25009979?pes=vor&amp;utm_source=clarivate&amp;getft_integrator=clarivate\">\u010cAJOV\u00c1 KANTOV\u00c1, N.*, BACKA, A., \u010cAJA, A., S\u0141ADEK, S. <strong>Increasing electrostatic precipitator efficiency by implementing a flow straightener in the flue gas pipe: CFD simulations and experimental study.<\/strong> <em>Case Studies in Thermal Engineering<\/em>. 2025,<strong>73,<\/strong> art. no. 106737.<\/a><\/li>\n\n\n\n<li><a href=\"https:\/\/www.nature.com\/articles\/s41598-025-11761-w\">\u010cAJOV\u00c1 KANTOV\u00c1, N.*, BACKA, A., \u010cAJA, A., JANDA\u010cKA, J. <strong>Effect of fuel feeding cycle adjustments on emissions in spruce pellet combustion with the application of a four-tube electrostatic precipitator.<\/strong> <em>Scientific Reports<\/em>. 2025,<strong>15<\/strong>(1), art. no. 25988.<\/a><\/li>\n\n\n\n<li><a href=\"https:\/\/pubs.acs.org\/doi\/10.1021\/acsomega.5c09639\">\u010cAJOV\u00c1 KANTOV\u00c1, N.*, BACKA, A., CIBULA, R., \u010cAJA, A., HOLUBCIK, M. <strong>Influence of Biomass Pellet Composition on Particulate Matter and Electrostatic Precipitator Efficiency.<\/strong> <em>ACS Omega<\/em>. 2025,<strong>10<\/strong>(45), p. 55054-55062.<\/a><\/li>\n\n\n\n<li><a href=\"https:\/\/www.nature.com\/articles\/s41598-025-22435-y\">NOSEK, R., PATSCH, M., PIL\u00c1T, P., ZVADA, B., BACKA, A.*. <strong>Flashback behavior and safety implications of hydrogen-natural gas mixtures<\/strong>. <em>Scientific Reports<\/em>. 2025,<strong>15<\/strong>(1), art. no. 39592.<\/a><\/li>\n\n\n\n<li><a href=\"https:\/\/www.mdpi.com\/2076-3417\/11\/1\/65\">NOSEK, R.*, BACKA, A., \u010eUR\u010cANSK\u00dd, P., HOLUB\u010c\u00cdK, M., JANDA\u010cKA, J. <strong>Effect of Paper Sludge and Dendromass on Properties of Phytomass Pellets.<\/strong> <em>Applied Sciences-Basel<\/em>. 2021,<strong>11<\/strong>(1), art. no. 65.<\/a><\/li>\n\n\n\n<li style=\"font-size:18px\"><a href=\"https:\/\/www.sciencedirect.com\/science\/article\/pii\/S240584402410833X?pes=vor&amp;utm_source=clarivate&amp;getft_integrator=clarivate\">\u010cAJOV\u00c1 KANTOV\u00c1, N.*, NOSEK, R., BACKA, A., \u010cAJA, A., JEWIARZ, M., MUDRYK, K. <strong>Energy usage of spruce with waste face masks and spent coffee grounds as fuel in a pellet boiler.<\/strong> <em>HELIYON<\/em>. 2024,<strong>10<\/strong>(15), art. no. e34802.<\/a><\/li>\n<\/ul>","protected":false},"excerpt":{"rendered":"<p>VC 3.16 +421 41 513 7610 alexander.backa@uniza.sk 0000-0003-0911-6678 Alexander Backa Alexander Backa Profil Ing. Alexander Backa, PhD., je postdoktorandsk\u00fd v\u00fdskumn\u00edk na V\u00fdskumnom centre UNIZA a profiluje sa v oblasti spa\u013eovania<\/p>\n<p class=\"more-link\"><a href=\"https:\/\/vyskumnecentrum.sk\/en\/o_nas\/zoznam-zamestnancov\/alexander-backa\/\" class=\"readmore\">Continue reading<span class=\"screen-reader-text\">Alexander Backa<\/span><\/a><\/p>","protected":false},"author":1,"featured_media":0,"parent":449,"menu_order":0,"comment_status":"closed","ping_status":"closed","template":"","meta":{"footnotes":""},"class_list":["post-2040","page","type-page","status-publish","hentry"],"_links":{"self":[{"href":"https:\/\/vyskumnecentrum.sk\/en\/wp-json\/wp\/v2\/pages\/2040","targetHints":{"allow":["GET"]}}],"collection":[{"href":"https:\/\/vyskumnecentrum.sk\/en\/wp-json\/wp\/v2\/pages"}],"about":[{"href":"https:\/\/vyskumnecentrum.sk\/en\/wp-json\/wp\/v2\/types\/page"}],"author":[{"embeddable":true,"href":"https:\/\/vyskumnecentrum.sk\/en\/wp-json\/wp\/v2\/users\/1"}],"replies":[{"embeddable":true,"href":"https:\/\/vyskumnecentrum.sk\/en\/wp-json\/wp\/v2\/comments?post=2040"}],"version-history":[{"count":10,"href":"https:\/\/vyskumnecentrum.sk\/en\/wp-json\/wp\/v2\/pages\/2040\/revisions"}],"predecessor-version":[{"id":2267,"href":"https:\/\/vyskumnecentrum.sk\/en\/wp-json\/wp\/v2\/pages\/2040\/revisions\/2267"}],"up":[{"embeddable":true,"href":"https:\/\/vyskumnecentrum.sk\/en\/wp-json\/wp\/v2\/pages\/449"}],"wp:attachment":[{"href":"https:\/\/vyskumnecentrum.sk\/en\/wp-json\/wp\/v2\/media?parent=2040"}],"curies":[{"name":"wp","href":"https:\/\/api.w.org\/{rel}","templated":true}]}}