{"id":2184,"date":"2026-01-29T11:00:09","date_gmt":"2026-01-29T11:00:09","guid":{"rendered":"https:\/\/vyskumnecentrum.sk\/?page_id=2184"},"modified":"2026-01-29T13:03:54","modified_gmt":"2026-01-29T13:03:54","slug":"401101c721","status":"publish","type":"page","link":"https:\/\/vyskumnecentrum.sk\/en\/vyskum\/projekty\/401101c721\/","title":{"rendered":"401101C721"},"content":{"rendered":"<p class=\"has-text-align-center\" style=\"font-size:22px\"><strong>Komplexn\u00fd v\u00fdskum inovat\u00edvnych kompozitn\u00fdch materi\u00e1lov pre \u0161irok\u00e9 spektrum aplikovate\u013enosti v inteligentnom priemysle<\/strong><\/p>\n\n\n\n<hr class=\"wp-block-separator has-alpha-channel-opacity\"\/>\n\n\n\n<figure class=\"wp-block-image size-large\"><img loading=\"lazy\" decoding=\"async\" width=\"1024\" height=\"97\" src=\"https:\/\/vyskumnecentrum.sk\/wp-content\/uploads\/2026\/01\/image-15-1024x97.png\" alt=\"\" class=\"wp-image-2189\" srcset=\"https:\/\/vyskumnecentrum.sk\/wp-content\/uploads\/2026\/01\/image-15-1024x97.png 1024w, https:\/\/vyskumnecentrum.sk\/wp-content\/uploads\/2026\/01\/image-15-300x28.png 300w, https:\/\/vyskumnecentrum.sk\/wp-content\/uploads\/2026\/01\/image-15-768x72.png 768w, https:\/\/vyskumnecentrum.sk\/wp-content\/uploads\/2026\/01\/image-15-50x5.png 50w, https:\/\/vyskumnecentrum.sk\/wp-content\/uploads\/2026\/01\/image-15-18x2.png 18w, https:\/\/vyskumnecentrum.sk\/wp-content\/uploads\/2026\/01\/image-15.png 1494w\" sizes=\"auto, (max-width: 1024px) 100vw, 1024px\" \/><\/figure>\n\n\n\n<p style=\"font-size:18px\"><strong>Project title: <\/strong><br>Komplexn\u00fd v\u00fdskum inovat\u00edvnych kompozitn\u00fdch materi\u00e1lov pre \u0161irok\u00e9 spektrum aplikovate\u013enosti v inteligentnom priemysle<\/p>\n\n\n\n<p style=\"font-size:18px\"><strong>N\u00e1zov v\u00fdzvy:<br><\/strong>SVaV \u2013 Strategick\u00fd v\u00fdskum a v\u00fdvoj prostredn\u00edctvom partnerstiev<\/p>\n\n\n\n<p style=\"font-size:18px\"><strong>Call code:<br><\/strong>PSK-MSVVM-020-2024-DV-EFRR SVaV \u2013 Strategick\u00fd v\u00fdskum a v\u00fdvoj prostredn\u00edctvom partnerstiev<\/p>\n\n\n\n<p style=\"font-size:18px\"><strong>Requester:<\/strong><br>\u017dilinsk\u00e1 univerzita v \u017diline, Univerzitn\u00e1 8215\/1 010 26 \u017dilina<\/p>\n\n\n\n<p style=\"font-size:18px\"><strong>Partners:<\/strong><br>R-DAS, s. r. o.<br>Technick\u00e1 univerzita v Ko\u0161iciach<br>TOMARK, s.r.o.<\/p>\n\n\n\n<p class=\"has-text-align-left\" style=\"font-size:18px\"><strong><strong>Link na zmluvu o partnerstve<\/strong>:<\/strong><br><a href=\"https:\/\/www.crz.gov.sk\/zmluva\/11578396\/?csrt=16851518130234718540\" data-type=\"link\" data-id=\"https:\/\/www.crz.gov.sk\/zmluva\/11578396\/?csrt=16851518130234718540\"><mark style=\"background-color:rgba(0, 0, 0, 0);color:#4648fa\" class=\"has-inline-color\">ZMLUVA O PARTNERSTVE ITMS2021+ k\u00f3d Projektu: 401101C721<\/mark><\/a><br><\/p>\n\n\n\n<p style=\"font-size:18px\"><strong><strong>Prostriedky mechanizmu<\/strong>:<\/strong><br>11 596 625,88 \u20ac<\/p>\n\n\n\n<p style=\"font-size:18px\"><strong>Total eligible project expenses:<\/strong> <br>9 947 748,30 \u20ac<\/p>\n\n\n\n<p style=\"font-size:18px\"><strong><strong>Start of project implementation<\/strong>:<\/strong> <br>1.7.2025<\/p>\n\n\n\n<p style=\"font-size:18px\"><strong>End of project implementation:<\/strong> <br>1.12.2029<\/p>\n\n\n\n<p style=\"font-size:18px\"><strong><strong>Stru\u010dn\u00fd opis projektu<\/strong>:<\/strong> <br>Projekt KOMITMENT sa zameriava na v\u00fdvoj a valid\u00e1ciu inovat\u00edvnych kompozitn\u00fdch materi\u00e1lov na b\u00e1ze bazaltu (vr\u00e1tane inteligentn\u00fdch \u201esmart\u201c kompozitov) pre stavebn\u00edctvo, energetiku, dopravu a po\u013enohospod\u00e1rstvo. Bazaltov\u00e9 mikrovl\u00e1kno a \u017eivice umo\u017e\u0148uj\u00fa progres\u00edvne technol\u00f3gie a inovat\u00edvne v\u00fdrobn\u00e9 postupy s v\u00fdsledkom materi\u00e1lu vy\u0161\u0161ej \u00fa\u010dinnosti, \u017eivotnosti a ni\u017e\u0161ej environment\u00e1lnej z\u00e1\u0165a\u017ee.<\/p>\n\n\n\n<p style=\"font-size:18px\">V\u00fdskum sa orientuje aj na \u010fal\u0161ie vlastnosti materi\u00e1lu ako katal\u00fdza, adsorpcia, spoma\u013eova\u010d horenia, tepeln\u00e1 izol\u00e1cia a auton\u00f3mna opravite\u013enos\u0165. S\u00fa\u010das\u0165ou je testovanie vzoriek a simul\u00e1cia ich aplik\u00e1ci\u00ed s oh\u013eadom na po\u017eiadavky praxe.<\/p>\n\n\n\n<p style=\"font-size:18px\">Syst\u00e9m predikcie aplikovate\u013enosti vyu\u017e\u00edva umel\u00fa inteligenciu v r\u00e1mci komplexnej metodiky s d\u00f4razom na udr\u017eate\u013enos\u0165 a spolo\u010densk\u00fa zodpovednos\u0165.<\/p>\n\n\n\n<p style=\"font-size:18px\">O\u010dak\u00e1van\u00e9 v\u00fdsledky posilnia poz\u00edciu strategick\u00e9ho partnerstva v oblasti v\u00fdskumu kompozitn\u00fdch materi\u00e1lov a ich implement\u00e1cie v inteligentnom priemyslenie na Slovensku ako aj v zahrani\u010d\u00ed.<\/p>","protected":false},"excerpt":{"rendered":"<p>Komplexn\u00fd v\u00fdskum inovat\u00edvnych kompozitn\u00fdch materi\u00e1lov pre \u0161irok\u00e9 spektrum aplikovate\u013enosti v inteligentnom priemysle N\u00e1zov projektu: Komplexn\u00fd v\u00fdskum inovat\u00edvnych kompozitn\u00fdch materi\u00e1lov pre \u0161irok\u00e9 spektrum aplikovate\u013enosti v inteligentnom priemysle N\u00e1zov v\u00fdzvy:SVaV \u2013 Strategick\u00fd<\/p>\n<p class=\"more-link\"><a href=\"https:\/\/vyskumnecentrum.sk\/en\/vyskum\/projekty\/401101c721\/\" class=\"readmore\">Continue reading<span class=\"screen-reader-text\">401101C721<\/span><\/a><\/p>","protected":false},"author":1,"featured_media":0,"parent":472,"menu_order":0,"comment_status":"closed","ping_status":"closed","template":"","meta":{"footnotes":""},"class_list":["post-2184","page","type-page","status-publish","hentry"],"_links":{"self":[{"href":"https:\/\/vyskumnecentrum.sk\/en\/wp-json\/wp\/v2\/pages\/2184","targetHints":{"allow":["GET"]}}],"collection":[{"href":"https:\/\/vyskumnecentrum.sk\/en\/wp-json\/wp\/v2\/pages"}],"about":[{"href":"https:\/\/vyskumnecentrum.sk\/en\/wp-json\/wp\/v2\/types\/page"}],"author":[{"embeddable":true,"href":"https:\/\/vyskumnecentrum.sk\/en\/wp-json\/wp\/v2\/users\/1"}],"replies":[{"embeddable":true,"href":"https:\/\/vyskumnecentrum.sk\/en\/wp-json\/wp\/v2\/comments?post=2184"}],"version-history":[{"count":6,"href":"https:\/\/vyskumnecentrum.sk\/en\/wp-json\/wp\/v2\/pages\/2184\/revisions"}],"predecessor-version":[{"id":2206,"href":"https:\/\/vyskumnecentrum.sk\/en\/wp-json\/wp\/v2\/pages\/2184\/revisions\/2206"}],"up":[{"embeddable":true,"href":"https:\/\/vyskumnecentrum.sk\/en\/wp-json\/wp\/v2\/pages\/472"}],"wp:attachment":[{"href":"https:\/\/vyskumnecentrum.sk\/en\/wp-json\/wp\/v2\/media?parent=2184"}],"curies":[{"name":"wp","href":"https:\/\/api.w.org\/{rel}","templated":true}]}}