{"id":2209,"date":"2026-02-16T09:45:19","date_gmt":"2026-02-16T09:45:19","guid":{"rendered":"https:\/\/vyskumnecentrum.sk\/?page_id=2209"},"modified":"2026-02-16T10:43:05","modified_gmt":"2026-02-16T10:43:05","slug":"vyzvy","status":"publish","type":"page","link":"https:\/\/vyskumnecentrum.sk\/en\/linky\/vyzvy\/","title":{"rendered":"V\u00fdzvy"},"content":{"rendered":"<p style=\"font-size:20px\"><strong><a href=\"https:\/\/vyskumnecentrum.sk\/en\/linky\/vyzvy\/1-2026-vc-uniza-mvp\/\" data-type=\"link\" data-id=\"https:\/\/vyskumnecentrum.sk\/linky\/vyzvy\/1-2026-vc-uniza-mvp\/\">V\u00fdzva na pod\u00e1vanie projektov pre mlad\u00fdch vedeck\u00fdch pracovn\u00edkov \u010d. 1\/2026\/VC UNIZA\/MVP<\/a><\/strong><\/p>\n\n\n\n<p style=\"font-size:20px\"><strong><a href=\"https:\/\/vyskumnecentrum.sk\/en\/linky\/vyzvy\/1-2026-vc-uniza-vp\/\" data-type=\"link\" data-id=\"https:\/\/vyskumnecentrum.sk\/linky\/vyzvy\/1-2026-vc-uniza-vp\/\">V\u00fdzva na pod\u00e1vanie projektov pre vedeck\u00fdch pracovn\u00edkov \u010d. 1\/2026\/VC UNIZA\/VP<\/a><\/strong><\/p>\n\n\n\n<p><\/p>","protected":false},"excerpt":{"rendered":"<p>V\u00fdzva na pod\u00e1vanie projektov pre mlad\u00fdch vedeck\u00fdch pracovn\u00edkov \u010d. 1\/2026\/VC UNIZA\/MVP V\u00fdzva na pod\u00e1vanie projektov pre vedeck\u00fdch pracovn\u00edkov \u010d. 1\/2026\/VC UNIZA\/VP<\/p>","protected":false},"author":1,"featured_media":0,"parent":313,"menu_order":0,"comment_status":"closed","ping_status":"closed","template":"","meta":{"footnotes":""},"class_list":["post-2209","page","type-page","status-publish","hentry"],"_links":{"self":[{"href":"https:\/\/vyskumnecentrum.sk\/en\/wp-json\/wp\/v2\/pages\/2209","targetHints":{"allow":["GET"]}}],"collection":[{"href":"https:\/\/vyskumnecentrum.sk\/en\/wp-json\/wp\/v2\/pages"}],"about":[{"href":"https:\/\/vyskumnecentrum.sk\/en\/wp-json\/wp\/v2\/types\/page"}],"author":[{"embeddable":true,"href":"https:\/\/vyskumnecentrum.sk\/en\/wp-json\/wp\/v2\/users\/1"}],"replies":[{"embeddable":true,"href":"https:\/\/vyskumnecentrum.sk\/en\/wp-json\/wp\/v2\/comments?post=2209"}],"version-history":[{"count":3,"href":"https:\/\/vyskumnecentrum.sk\/en\/wp-json\/wp\/v2\/pages\/2209\/revisions"}],"predecessor-version":[{"id":2228,"href":"https:\/\/vyskumnecentrum.sk\/en\/wp-json\/wp\/v2\/pages\/2209\/revisions\/2228"}],"up":[{"embeddable":true,"href":"https:\/\/vyskumnecentrum.sk\/en\/wp-json\/wp\/v2\/pages\/313"}],"wp:attachment":[{"href":"https:\/\/vyskumnecentrum.sk\/en\/wp-json\/wp\/v2\/media?parent=2209"}],"curies":[{"name":"wp","href":"https:\/\/api.w.org\/{rel}","templated":true}]}}