{"id":2211,"date":"2026-02-16T10:22:25","date_gmt":"2026-02-16T10:22:25","guid":{"rendered":"https:\/\/vyskumnecentrum.sk\/?page_id=2211"},"modified":"2026-02-16T10:43:41","modified_gmt":"2026-02-16T10:43:41","slug":"1-2026-vc-uniza-mvp","status":"publish","type":"page","link":"https:\/\/vyskumnecentrum.sk\/en\/linky\/vyzvy\/1-2026-vc-uniza-mvp\/","title":{"rendered":"1\/2026\/VC UNIZA\/MVP"},"content":{"rendered":"<p style=\"font-size:24px\"><strong>V\u00fdzva na pod\u00e1vanie projektov pre mlad\u00fdch vedeck\u00fdch pracovn\u00edkov 2026<\/strong><\/p>\n\n\n\n<p style=\"font-size:18px\"><strong>Pln\u00e9 znenie v\u00fdzvy:<\/strong> <a href=\"https:\/\/vyskumnecentrum.sk\/wp-content\/uploads\/2026\/02\/Vyzva-MVP-VCUNIZA_032026.pdf\" data-type=\"link\" data-id=\"https:\/\/vyskumnecentrum.sk\/wp-content\/uploads\/2026\/02\/Vyzva-MVP-VCUNIZA_032026.pdf\">V\u00fdzva na pod\u00e1vanie projektov pre mlad\u00fdch vedeck\u00fdch pracovn\u00edkov \u010d. 1\/2026\/VC UNIZA\/MVP<\/a><\/p>","protected":false},"excerpt":{"rendered":"<p>V\u00fdzva na pod\u00e1vanie projektov pre mlad\u00fdch vedeck\u00fdch pracovn\u00edkov 2026 Pln\u00e9 znenie v\u00fdzvy: V\u00fdzva na pod\u00e1vanie projektov pre mlad\u00fdch vedeck\u00fdch pracovn\u00edkov \u010d. 1\/2026\/VC UNIZA\/MVP<\/p>","protected":false},"author":1,"featured_media":0,"parent":2209,"menu_order":0,"comment_status":"closed","ping_status":"closed","template":"","meta":{"footnotes":""},"class_list":["post-2211","page","type-page","status-publish","hentry"],"_links":{"self":[{"href":"https:\/\/vyskumnecentrum.sk\/en\/wp-json\/wp\/v2\/pages\/2211","targetHints":{"allow":["GET"]}}],"collection":[{"href":"https:\/\/vyskumnecentrum.sk\/en\/wp-json\/wp\/v2\/pages"}],"about":[{"href":"https:\/\/vyskumnecentrum.sk\/en\/wp-json\/wp\/v2\/types\/page"}],"author":[{"embeddable":true,"href":"https:\/\/vyskumnecentrum.sk\/en\/wp-json\/wp\/v2\/users\/1"}],"replies":[{"embeddable":true,"href":"https:\/\/vyskumnecentrum.sk\/en\/wp-json\/wp\/v2\/comments?post=2211"}],"version-history":[{"count":3,"href":"https:\/\/vyskumnecentrum.sk\/en\/wp-json\/wp\/v2\/pages\/2211\/revisions"}],"predecessor-version":[{"id":2229,"href":"https:\/\/vyskumnecentrum.sk\/en\/wp-json\/wp\/v2\/pages\/2211\/revisions\/2229"}],"up":[{"embeddable":true,"href":"https:\/\/vyskumnecentrum.sk\/en\/wp-json\/wp\/v2\/pages\/2209"}],"wp:attachment":[{"href":"https:\/\/vyskumnecentrum.sk\/en\/wp-json\/wp\/v2\/media?parent=2211"}],"curies":[{"name":"wp","href":"https:\/\/api.w.org\/{rel}","templated":true}]}}