{"id":2216,"date":"2026-02-16T10:28:51","date_gmt":"2026-02-16T10:28:51","guid":{"rendered":"https:\/\/vyskumnecentrum.sk\/?page_id=2216"},"modified":"2026-02-16T10:43:55","modified_gmt":"2026-02-16T10:43:55","slug":"1-2026-vc-uniza-vp","status":"publish","type":"page","link":"https:\/\/vyskumnecentrum.sk\/en\/linky\/vyzvy\/1-2026-vc-uniza-vp\/","title":{"rendered":"1\/2026\/VC UNIZA\/VP"},"content":{"rendered":"<p style=\"font-size:24px\"><strong>V\u00fdzva na pod\u00e1vanie projektov pre vedeck\u00fdch pracovn\u00edkov 2026<\/strong><\/p>\n\n\n\n<p style=\"font-size:18px\"><strong>Pln\u00e9 znenie v\u00fdzvy:<\/strong> <a href=\"https:\/\/vyskumnecentrum.sk\/wp-content\/uploads\/2026\/02\/Vyzva-VP-VCUNIZA_032026.pdf\" data-type=\"link\" data-id=\"https:\/\/vyskumnecentrum.sk\/wp-content\/uploads\/2026\/02\/Vyzva-VP-VCUNIZA_032026.pdf\">V\u00fdzva na pod\u00e1vanie projektov pre vedeck\u00fdch pracovn\u00edkov \u010d. 1\/2026\/VC UNIZA\/VP<\/a><\/p>\n\n\n\n<p style=\"font-size:18px\"><strong>Pr\u00edloha \u010d. 2:<\/strong> <a href=\"https:\/\/vyskumnecentrum.sk\/wp-content\/uploads\/2026\/02\/Priloha2_k_projektov_ved_prac_a_spickovych_timov_HodnotenieSpickovehoTimuUNIZA_Final.xlsx\" data-type=\"link\" data-id=\"https:\/\/vyskumnecentrum.sk\/wp-content\/uploads\/2026\/02\/Priloha2_k_projektov_ved_prac_a_spickovych_timov_HodnotenieSpickovehoTimuUNIZA_Final.xlsx\">Hodnotenie \u0161pi\u010dkov\u00e9ho t\u00edmu UNIZA<\/a><\/p>\n\n\n\n<p><\/p>","protected":false},"excerpt":{"rendered":"<p>V\u00fdzva na pod\u00e1vanie projektov pre vedeck\u00fdch pracovn\u00edkov 2026 Pln\u00e9 znenie v\u00fdzvy: V\u00fdzva na pod\u00e1vanie projektov pre vedeck\u00fdch pracovn\u00edkov \u010d. 1\/2026\/VC UNIZA\/VP Pr\u00edloha \u010d. 2: Hodnotenie \u0161pi\u010dkov\u00e9ho t\u00edmu UNIZA<\/p>","protected":false},"author":1,"featured_media":0,"parent":2209,"menu_order":0,"comment_status":"closed","ping_status":"closed","template":"","meta":{"footnotes":""},"class_list":["post-2216","page","type-page","status-publish","hentry"],"_links":{"self":[{"href":"https:\/\/vyskumnecentrum.sk\/en\/wp-json\/wp\/v2\/pages\/2216","targetHints":{"allow":["GET"]}}],"collection":[{"href":"https:\/\/vyskumnecentrum.sk\/en\/wp-json\/wp\/v2\/pages"}],"about":[{"href":"https:\/\/vyskumnecentrum.sk\/en\/wp-json\/wp\/v2\/types\/page"}],"author":[{"embeddable":true,"href":"https:\/\/vyskumnecentrum.sk\/en\/wp-json\/wp\/v2\/users\/1"}],"replies":[{"embeddable":true,"href":"https:\/\/vyskumnecentrum.sk\/en\/wp-json\/wp\/v2\/comments?post=2216"}],"version-history":[{"count":4,"href":"https:\/\/vyskumnecentrum.sk\/en\/wp-json\/wp\/v2\/pages\/2216\/revisions"}],"predecessor-version":[{"id":2230,"href":"https:\/\/vyskumnecentrum.sk\/en\/wp-json\/wp\/v2\/pages\/2216\/revisions\/2230"}],"up":[{"embeddable":true,"href":"https:\/\/vyskumnecentrum.sk\/en\/wp-json\/wp\/v2\/pages\/2209"}],"wp:attachment":[{"href":"https:\/\/vyskumnecentrum.sk\/en\/wp-json\/wp\/v2\/media?parent=2216"}],"curies":[{"name":"wp","href":"https:\/\/api.w.org\/{rel}","templated":true}]}}