{"id":313,"date":"2022-02-01T06:32:08","date_gmt":"2022-02-01T06:32:08","guid":{"rendered":"https:\/\/new.vyskumnecentrum.sk\/?page_id=313"},"modified":"2026-02-16T10:41:39","modified_gmt":"2026-02-16T10:41:39","slug":"linky","status":"publish","type":"page","link":"https:\/\/vyskumnecentrum.sk\/en\/linky\/","title":{"rendered":"Links"},"content":{"rendered":"<div class=\"wp-block-columns is-layout-flex wp-container-core-columns-is-layout-9d6595d7 wp-block-columns-is-layout-flex\">\n<div class=\"wp-block-column is-layout-flow wp-block-column-is-layout-flow\">\n<p style=\"font-size:22px\"><strong>For the Employees<\/strong><\/p>\n\n\n\n<p><a href=\"https:\/\/shportal1.uniza.sk\/unizadocs\/aplikacie\/SitePages\/Domov.aspx\" data-type=\"link\" data-id=\"https:\/\/shportal1.uniza.sk\/unizadocs\/aplikacie\/SitePages\/Domov.aspx\">UNIZA Links<\/a><\/p>\n\n\n\n<p><a href=\"https:\/\/nic.uniza.sk\/nicmailrc\/\" data-type=\"link\" data-id=\"https:\/\/nic.uniza.sk\/nicmailrc\/\">Webmail<\/a><\/p>\n\n\n\n<p><a href=\"https:\/\/www.zamestnanci.uniza.sk\" data-type=\"link\" data-id=\"https:\/\/www.zamestnanci.uniza.sk\">Employee Portal<\/a><\/p>\n\n\n\n<p><a href=\"https:\/\/sofiafiori.iedu.sk\/sap\/bc\/ui2\/flp\" data-type=\"link\" data-id=\"https:\/\/sofiafiori.iedu.sk\/sap\/bc\/ui2\/flp\">Employee Portal Sofia<\/a><\/p>\n\n\n\n<p><a href=\"https:\/\/vav.uniza.sk\/vevysun.php\" data-type=\"link\" data-id=\"https:\/\/vav.uniza.sk\/vevysun.php\">R&amp;D Project Registration<\/a><\/p>\n\n\n\n<p><a href=\"https:\/\/www.uniza.sk\/index.php\/zamestnanci\/vseobecne-informacie\/adresar-zamestnancov\" data-type=\"link\" data-id=\"https:\/\/www.uniza.sk\/index.php\/zamestnanci\/vseobecne-informacie\/adresar-zamestnancov\">Employee Directory<\/a><\/p>\n\n\n\n<p><a href=\"https:\/\/doch3.uniza.sk\/Infos\/Portal\" data-type=\"link\" data-id=\"https:\/\/doch3.uniza.sk\/Infos\/Portal\">Attendance System<\/a><\/p>\n\n\n\n<p><a href=\"https:\/\/publikacie.uniza.sk\/\" data-type=\"link\" data-id=\"https:\/\/publikacie.uniza.sk\/\">Registration of Publications<\/a><\/p>\n\n\n\n<p><a href=\"https:\/\/app.crepc.sk\/?fn=AdvancedSearchChildYMFKK&amp;seo=CREP%C4%8C-H%C4%BEadanie\" data-type=\"link\" data-id=\"https:\/\/app.crepc.sk\/?fn=AdvancedSearchChildYMFKK&amp;seo=CREP%C4%8C-H%C4%BEadanie\">Central Register of Publications<\/a><\/p>\n\n\n\n<p><a href=\"http:\/\/kniznica.uniza.sk\/ezp?fs=3F9BD6A1285948C1B5CCF118F1F5CF47&amp;fn=main\" data-type=\"link\" data-id=\"http:\/\/kniznica.uniza.sk\/ezp?fs=3F9BD6A1285948C1B5CCF118F1F5CF47&amp;fn=main\">Registration of Thesis<\/a><\/p>\n\n\n\n<p><a href=\"https:\/\/docs.google.com\/forms\/d\/e\/1FAIpQLScunvfDj-Q5g77x7a_1Yb1k33cqOY3Qk0IPb9xC6bt5B5jRnw\/viewform\" data-type=\"link\" data-id=\"https:\/\/docs.google.com\/forms\/d\/e\/1FAIpQLScunvfDj-Q5g77x7a_1Yb1k33cqOY3Qk0IPb9xC6bt5B5jRnw\/viewform\">Request for Business Trip<\/a><\/p>\n\n\n\n<p><a href=\"https:\/\/strava.uniza.sk\" data-type=\"link\" data-id=\"https:\/\/strava.uniza.sk\">Food Ordering<\/a><\/p>\n\n\n\n<p><a href=\"https:\/\/www.portalvs.sk\/regzam\/\" data-type=\"link\" data-id=\"https:\/\/www.portalvs.sk\/regzam\/\">Portal of Colleges<\/a><\/p>\n\n\n\n<p><a href=\"https:\/\/new.vyskumnecentrum.sk\/wp-content\/uploads\/2024\/01\/Vyhodnotenie-prace-doma-podla-Cl.-8b-odsek-1-smernice-c.-250.docx\" data-type=\"link\" data-id=\"https:\/\/new.vyskumnecentrum.sk\/wp-content\/uploads\/2024\/01\/Vyhodnotenie-prace-doma-podla-Cl.-8b-odsek-1-smernice-c.-250.docx\">Home Office Evaluation<\/a><\/p>\n\n\n\n<p><a href=\"https:\/\/campus.uniza.sk\/\" data-type=\"link\" data-id=\"https:\/\/campus.uniza.sk\/\">Interakt\u00edvna mapa UNIZA<\/a><\/p>\n\n\n\n<p><a href=\"https:\/\/repco.uniza.sk\/\" data-type=\"link\" data-id=\"https:\/\/repco.uniza.sk\/\">Syst\u00e9m publika\u010dnej \u010dinnosti REP\u010cO<\/a><\/p>\n\n\n\n<p><a href=\"https:\/\/www.euraxess.sk\/sk\/slovakia\/karierny-rozvoj\/vyskumnici-vyskumnicky\/nastroje\" data-type=\"link\" data-id=\"https:\/\/www.euraxess.sk\/sk\/slovakia\/karierny-rozvoj\/vyskumnici-vyskumnicky\/nastroje\">Kari\u00e9rny rozvoj<\/a><\/p>\n\n\n\n<p><a href=\"https:\/\/vyskumnecentrum.sk\/en\/linky\/vyzvy\/\" data-type=\"link\" data-id=\"https:\/\/vyskumnecentrum.sk\/linky\/vyzvy\/\">V\u00fdzvy<\/a><\/p>\n<\/div>\n\n\n\n<div class=\"wp-block-column is-layout-flow wp-block-column-is-layout-flow\">\n<p style=\"font-size:22px\"><strong>Scientific Databases<\/strong><\/p>\n\n\n\n<p><a href=\"https:\/\/www.webofscience.com\" data-type=\"link\" data-id=\"https:\/\/www.webofscience.com\">Web of Science<\/a><\/p>\n\n\n\n<p><a href=\"https:\/\/www.scopus.com\" data-type=\"link\" data-id=\"https:\/\/www.scopus.com\">Scopus<\/a><\/p>\n\n\n\n<p><a href=\"https:\/\/orcid.org\" data-type=\"link\" data-id=\"https:\/\/orcid.org\">ORCID<\/a><\/p>\n\n\n\n<p><a href=\"https:\/\/www.researchgate.net\" data-type=\"link\" data-id=\"https:\/\/www.researchgate.net\">Research Gate<\/a><\/p>\n\n\n\n<p><a href=\"https:\/\/journalfinder.elsevier.com\/\" data-type=\"link\" data-id=\"https:\/\/journalfinder.elsevier.com\/\">Journal Finder<\/a><\/p>\n\n\n\n<p style=\"font-size:22px\"><strong>Project Portals<\/strong><\/p>\n\n\n\n<p><a href=\"https:\/\/portal.apvv.sk\" data-type=\"link\" data-id=\"https:\/\/portal.apvv.sk\">APVV<\/a><\/p>\n\n\n\n<p><a href=\"https:\/\/evega.minedu.sk\" data-type=\"link\" data-id=\"https:\/\/evega.minedu.sk\">VEGA<\/a><\/p>\n\n\n\n<p style=\"font-size:22px\"><strong>International Databases<\/strong><\/p>\n\n\n\n<p><a href=\"https:\/\/www.sciencedirect.com\/\" data-type=\"link\" data-id=\"https:\/\/www.sciencedirect.com\/\">Sciencedirect<\/a><\/p>\n\n\n\n<p><a href=\"https:\/\/app.knovel.com\" data-type=\"link\" data-id=\"https:\/\/app.knovel.com\">Knovel<\/a><\/p>\n\n\n\n<p><a href=\"https:\/\/www.degruyter.com\/search?query=*&amp;sortBy=mostrecent&amp;documentTypeFacet=book&amp;publisherFacet=De+Gruyter%7EDe+Gruyter+Mouton%7EDe+Gruyter+Oldenbourg%7EDe+Gruyter+Saur%7EBirkh%C3%A4user%7EDeutscher+Kunstverlag%7ED%C3%BCsseldorf+University+Press%7EJovis%7EKlaus+Schwarz+Verlag\" data-type=\"link\" data-id=\"https:\/\/www.degruyter.com\/search?query=*&amp;sortBy=mostrecent&amp;documentTypeFacet=book&amp;publisherFacet=De+Gruyter%7EDe+Gruyter+Mouton%7EDe+Gruyter+Oldenbourg%7EDe+Gruyter+Saur%7EBirkh%C3%A4user%7EDeutscher+Kunstverlag%7ED%C3%BCsseldorf+University+Press%7EJovis%7EKlaus+Schwarz+Verlag\">Degruyter<\/a><\/p>\n\n\n\n<p style=\"font-size:22px\"><strong>Journals indexed in WoS<\/strong><\/p>\n\n\n\n<p><a href=\"https:\/\/jcr.clarivate.com\" data-type=\"link\" data-id=\"https:\/\/jcr.clarivate.com\">Clarivate<\/a><\/p>\n\n\n\n<p style=\"font-size:22px\"><strong>Conferences<\/strong><\/p>\n\n\n\n<p><a href=\"https:\/\/vyskumnecentrum.sk\/en\/ekomatech-2024\/\" data-type=\"link\" data-id=\"https:\/\/vyskumnecentrum.sk\/ekomatech-2024\/\">EkoMatech2024<\/a><\/p>\n<\/div>\n<\/div>\n\n\n\n<div class=\"wp-block-group\"><div class=\"wp-block-group__inner-container is-layout-constrained wp-block-group-is-layout-constrained\">\n<p><\/p>\n<\/div><\/div>\n\n\n\n<p><\/p>","protected":false},"excerpt":{"rendered":"<p>Pre zamestnancov Odkazy UNIZA Webmail Zamestnaneck\u00fd port\u00e1l Zamestnaneck\u00fd port\u00e1l Sofia Evidencia projektov VAV Adres\u00e1r zamestnancov Doch\u00e1dzkov\u00fd syst\u00e9m Eviden\u010dn\u00fd syst\u00e9m publika\u010dnej \u010dinnosti Centr\u00e1lny register publika\u010dnej \u010dinnosti Evidencia z\u00e1vere\u010dn\u00fdch pr\u00e1c \u017diados\u0165 o<\/p>\n<p class=\"more-link\"><a href=\"https:\/\/vyskumnecentrum.sk\/en\/linky\/\" class=\"readmore\">Continue reading<span class=\"screen-reader-text\">Links<\/span><\/a><\/p>","protected":false},"author":1,"featured_media":0,"parent":0,"menu_order":3,"comment_status":"closed","ping_status":"closed","template":"","meta":{"footnotes":""},"class_list":["post-313","page","type-page","status-publish","hentry"],"_links":{"self":[{"href":"https:\/\/vyskumnecentrum.sk\/en\/wp-json\/wp\/v2\/pages\/313","targetHints":{"allow":["GET"]}}],"collection":[{"href":"https:\/\/vyskumnecentrum.sk\/en\/wp-json\/wp\/v2\/pages"}],"about":[{"href":"https:\/\/vyskumnecentrum.sk\/en\/wp-json\/wp\/v2\/types\/page"}],"author":[{"embeddable":true,"href":"https:\/\/vyskumnecentrum.sk\/en\/wp-json\/wp\/v2\/users\/1"}],"replies":[{"embeddable":true,"href":"https:\/\/vyskumnecentrum.sk\/en\/wp-json\/wp\/v2\/comments?post=313"}],"version-history":[{"count":18,"href":"https:\/\/vyskumnecentrum.sk\/en\/wp-json\/wp\/v2\/pages\/313\/revisions"}],"predecessor-version":[{"id":2226,"href":"https:\/\/vyskumnecentrum.sk\/en\/wp-json\/wp\/v2\/pages\/313\/revisions\/2226"}],"wp:attachment":[{"href":"https:\/\/vyskumnecentrum.sk\/en\/wp-json\/wp\/v2\/media?parent=313"}],"curies":[{"name":"wp","href":"https:\/\/api.w.org\/{rel}","templated":true}]}}