{"id":315,"date":"2022-02-01T06:33:41","date_gmt":"2022-02-01T06:33:41","guid":{"rendered":"https:\/\/new.vyskumnecentrum.sk\/?page_id=315"},"modified":"2024-01-11T14:25:02","modified_gmt":"2024-01-11T14:25:02","slug":"o_nas","status":"publish","type":"page","link":"https:\/\/vyskumnecentrum.sk\/en\/o_nas\/","title":{"rendered":"About the Research Centre"},"content":{"rendered":"<div class=\"wp-block-media-text is-stacked-on-mobile\" style=\"grid-template-columns:26% auto\"><figure class=\"wp-block-media-text__media\"><img loading=\"lazy\" decoding=\"async\" width=\"900\" height=\"1000\" src=\"https:\/\/new.vyskumnecentrum.sk\/wp-content\/uploads\/2023\/11\/rc-budova-small.jpg\" alt=\"\" class=\"wp-image-458 size-full\" srcset=\"https:\/\/vyskumnecentrum.sk\/wp-content\/uploads\/2023\/11\/rc-budova-small.jpg 900w, https:\/\/vyskumnecentrum.sk\/wp-content\/uploads\/2023\/11\/rc-budova-small-270x300.jpg 270w, https:\/\/vyskumnecentrum.sk\/wp-content\/uploads\/2023\/11\/rc-budova-small-768x853.jpg 768w, https:\/\/vyskumnecentrum.sk\/wp-content\/uploads\/2023\/11\/rc-budova-small-11x12.jpg 11w\" sizes=\"auto, (max-width: 900px) 100vw, 900px\" \/><\/figure><div class=\"wp-block-media-text__content\">\n<p style=\"font-size:18px\">The Research centre UNIZA is an unique research facility of the University of \u017dilina established in 2013 thanks to financial support of the Ministry of Education, Science, Research and Sport of the Slovak Republic. <\/p>\n<\/div><\/div>\n\n\n\n<p style=\"font-size:18px\">The aim of the received scientific grant was establishment of a top-notch research institution and enhancement of the research infrastructure of the University of \u017dilina with aim to support the competitiveness of the Slovak Republic in applied and fundamental research. The main research topics of the Research centre are aligned with the general research branches in which the University of \u017dilina is well recognized within the EU. These topics are mainly related to transport, mechanical engineering, civil engineering, electronics and renewable energy sources. The research tasks within the mentioned topics are executed within the three scientific departments: Department of Material Sciences, Department of Renewable Energy Sources and the Department of Sensor Systems. All of the departments are equipped with modern laboratory infrastructure and engage outstanding research collective.<br>The Research centre UNIZA in the scope of project execution also creates a space for young and talented researchers, Ph.D. students, postdocs and other researchers from home and foreign universities to realize their research ideas within the scope of the RIS3 national strategies. The success of this approach is reflected by multiple national awards obtained by members of the research teams. The Research centre UNIZA also cooperates with the faculties of University of \u017dilina within the education process of students and supports cooperation with industrial partners in the scope of research &amp; development activities.<\/p>\n\n\n\n<blockquote class=\"wp-block-quote is-layout-flow wp-block-quote-is-layout-flow\">\n<p>The main task of the Research centre UNIZA is realization of excellent fundamental and applied research with an international character.<\/p>\n<\/blockquote>","protected":false},"excerpt":{"rendered":"<p>V\u00fdskumn\u00e9 centrum UNIZA je unik\u00e1tne vedecko-v\u00fdskumn\u00e9 pracovisko \u017dilinskej univerzity v \u017diline, ktor\u00e9 vzniklo v roku 2013 v\u010faka finan\u010dnej podpore vo forme v\u00fdskumn\u00e9ho grantu v r\u00e1mci v\u00fdzvy Ministerstva \u0161kolstva, vedy, v\u00fdskumu<\/p>\n<p class=\"more-link\"><a href=\"https:\/\/vyskumnecentrum.sk\/en\/o_nas\/\" class=\"readmore\">Continue reading<span class=\"screen-reader-text\">About the Research Centre<\/span><\/a><\/p>","protected":false},"author":1,"featured_media":0,"parent":0,"menu_order":1,"comment_status":"closed","ping_status":"closed","template":"","meta":{"footnotes":""},"class_list":["post-315","page","type-page","status-publish","hentry"],"_links":{"self":[{"href":"https:\/\/vyskumnecentrum.sk\/en\/wp-json\/wp\/v2\/pages\/315","targetHints":{"allow":["GET"]}}],"collection":[{"href":"https:\/\/vyskumnecentrum.sk\/en\/wp-json\/wp\/v2\/pages"}],"about":[{"href":"https:\/\/vyskumnecentrum.sk\/en\/wp-json\/wp\/v2\/types\/page"}],"author":[{"embeddable":true,"href":"https:\/\/vyskumnecentrum.sk\/en\/wp-json\/wp\/v2\/users\/1"}],"replies":[{"embeddable":true,"href":"https:\/\/vyskumnecentrum.sk\/en\/wp-json\/wp\/v2\/comments?post=315"}],"version-history":[{"count":12,"href":"https:\/\/vyskumnecentrum.sk\/en\/wp-json\/wp\/v2\/pages\/315\/revisions"}],"predecessor-version":[{"id":971,"href":"https:\/\/vyskumnecentrum.sk\/en\/wp-json\/wp\/v2\/pages\/315\/revisions\/971"}],"wp:attachment":[{"href":"https:\/\/vyskumnecentrum.sk\/en\/wp-json\/wp\/v2\/media?parent=315"}],"curies":[{"name":"wp","href":"https:\/\/api.w.org\/{rel}","templated":true}]}}