{"id":319,"date":"2022-02-01T06:34:44","date_gmt":"2022-02-01T06:34:44","guid":{"rendered":"https:\/\/new.vyskumnecentrum.sk\/?page_id=319"},"modified":"2025-08-11T06:56:35","modified_gmt":"2025-08-11T06:56:35","slug":"kontakt","status":"publish","type":"page","link":"https:\/\/vyskumnecentrum.sk\/en\/kontakt\/","title":{"rendered":"Contact"},"content":{"rendered":"<p><\/p>\n\n\n\n<div class=\"wp-block-columns is-layout-flex wp-container-core-columns-is-layout-9d6595d7 wp-block-columns-is-layout-flex\">\n<div class=\"wp-block-column is-layout-flow wp-block-column-is-layout-flow\">\n<p class=\"has-text-color\" style=\"color:#ff6d00;font-size:20px\"><strong>DIRECTOR<\/strong><\/p>\n\n\n\n<p><\/p>\n\n\n\n<p class=\"has-black-color has-text-color\" style=\"font-size:19px\"><strong>Ing.&nbsp;FILIP PASTOREK, PhD.<br><\/strong>filip.pastorek@uniza.sk<br>Tel: 041\/513 7604 <\/p>\n\n\n\n<p class=\"has-text-color\" style=\"color:#ff6d00;font-size:20px\"><strong>DEPUTY DIRECTOR<\/strong><\/p>\n\n\n\n<p class=\"has-black-color has-text-color\" style=\"font-size:19px\"><strong><a href=\"https:\/\/vyskumnecentrum.sk\/en\/oddelenia\/oddelenie-materialovych-vied\/branislav-hadzima\/\" data-type=\"link\" data-id=\"https:\/\/vyskumnecentrum.sk\/oddelenia\/oddelenie-materialovych-vied\/branislav-hadzima\/\">prof. Ing. BRANISLAV HADZIMA, PhD.<\/a><br><\/strong>branislav.hadzima@uniza.sk<br>Tel: 041\/513 7600<\/p>\n\n\n\n<p class=\"has-text-color\" style=\"color:#ff6d00;font-size:20px\"><strong>SECRETARY<\/strong><\/p>\n\n\n\n<p class=\"has-eighty-black-color has-text-color\" style=\"font-size:19px\"><strong>Ing.&nbsp;MARTINA JACKOV\u00c1<br><\/strong>martina.jackova@uniza.sk<br>Tel: 041\/513 7601<\/p>\n\n\n\n<p><\/p>\n\n\n\n<p class=\"has-eighty-black-color has-text-color has-normal-font-size\"><\/p>\n\n\n\n<div style=\"height:30px\" aria-hidden=\"true\" class=\"wp-block-spacer\"><\/div>\n<\/div>\n\n\n\n<div class=\"wp-block-column is-layout-flow wp-block-column-is-layout-flow\">\n<blockquote class=\"wp-block-quote has-text-align-left is-style-default has-black-color has-text-color is-layout-flow wp-block-quote-is-layout-flow\" style=\"font-size:18px;font-style:normal;font-weight:700\">\n<p class=\"has-text-align-left has-text-color\" style=\"color:#ff6d00;font-size:18px\">VED\u00daCI ODDELENIA MATERI\u00c1LOV\u00ddCH VIED<\/p>\n\n\n\n<p><\/p>\n\n\n\n<p class=\"has-text-align-left\">Ing. DANIEL KAJ\u00c1NEK, PhD. <strong><br>daniel.kajanek@uniza.sk<\/strong> <strong><br>Tel: 041\/513 7622<\/strong><\/p>\n\n\n\n<p class=\"has-text-align-left has-black-color has-text-color has-normal-font-size\"><\/p>\n\n\n\n<p class=\"has-text-align-left has-text-color\" style=\"color:#ff6d00;font-size:18px\">HEAD OF DEPARTMENT OF SENSOR SYSTEMS<\/p>\n\n\n\n<p class=\"has-text-align-left\">doc. Ing. GABRIEL GA\u0160PAR, PhD. <strong><br>gabriel.gaspar@uniza.sk<\/strong> <br><strong>Tel: 041\/513 7643 <\/strong><\/p>\n\n\n\n<p class=\"has-text-align-left has-black-color has-text-color has-normal-font-size\"><\/p>\n\n\n\n<p class=\"has-text-align-left has-text-color\" style=\"color:#ff6d00;font-size:18px\">HEAD OF DEPARTMENT OF RENEWABLE ENERGY SOURCES<\/p>\n\n\n\n<p class=\"has-text-align-left\">Ing. PETER HRABOVSK\u00dd, PhD. <strong> <br>peter.hrabovsky@uniza.sk <br>Tel: 041\/ 513 7625<\/strong><\/p>\n\n\n\n<p class=\"has-text-align-left has-black-color has-text-color has-normal-font-size\"><\/p>\n\n\n\n<p class=\"has-text-align-left has-text-color\" style=\"color:#ff6d00;font-size:18px\">HEAD OF SCIENTIFIC INCUBATOR<\/p>\n\n\n\n<p class=\"has-text-align-left\">Ing. \u0160TEFAN \u0160EDIV\u00dd, PhD. <strong>  stefan.sedivy@uniza.sk <br>Tel: 041\/513 7612<\/strong><\/p>\n\n\n\n<p class=\"has-text-align-left has-black-color has-text-color has-normal-font-size\"><\/p>\n\n\n\n<p><\/p>\n<\/blockquote>\n<\/div>\n<\/div>\n\n\n\n<div class=\"wp-block-columns is-layout-flex wp-container-core-columns-is-layout-9d6595d7 wp-block-columns-is-layout-flex\">\n<div class=\"wp-block-column is-layout-flow wp-block-column-is-layout-flow\">\n<p class=\"has-eighty-black-color has-text-color has-normal-font-size\"><\/p>\n<\/div>\n\n\n\n<div class=\"wp-block-column is-layout-flow wp-block-column-is-layout-flow\"><\/div>\n<\/div>","protected":false},"excerpt":{"rendered":"<p>RIADITE\u013d Ing.&nbsp;FILIP PASTOREK, PhD.filip.pastorek@uniza.skTel: 041\/513 7604 Z\u00c1STUPCA RIADITE\u013dA prof. Ing. BRANISLAV HADZIMA, PhD.branislav.hadzima@uniza.skTel: 041\/513 7600 TAJOMN\u00cd\u010cKA Ing.&nbsp;MARTINA JACKOV\u00c1martina.jackova@uniza.skTel: 041\/513 7601 VED\u00daCI ODDELENIA MATERI\u00c1LOV\u00ddCH VIED Ing. DANIEL KAJ\u00c1NEK, PhD. daniel.kajanek@uniza.sk Tel:<\/p>\n<p class=\"more-link\"><a href=\"https:\/\/vyskumnecentrum.sk\/en\/kontakt\/\" class=\"readmore\">Continue reading<span class=\"screen-reader-text\">Contact<\/span><\/a><\/p>","protected":false},"author":1,"featured_media":0,"parent":0,"menu_order":5,"comment_status":"closed","ping_status":"closed","template":"","meta":{"footnotes":""},"class_list":["post-319","page","type-page","status-publish","hentry"],"_links":{"self":[{"href":"https:\/\/vyskumnecentrum.sk\/en\/wp-json\/wp\/v2\/pages\/319","targetHints":{"allow":["GET"]}}],"collection":[{"href":"https:\/\/vyskumnecentrum.sk\/en\/wp-json\/wp\/v2\/pages"}],"about":[{"href":"https:\/\/vyskumnecentrum.sk\/en\/wp-json\/wp\/v2\/types\/page"}],"author":[{"embeddable":true,"href":"https:\/\/vyskumnecentrum.sk\/en\/wp-json\/wp\/v2\/users\/1"}],"replies":[{"embeddable":true,"href":"https:\/\/vyskumnecentrum.sk\/en\/wp-json\/wp\/v2\/comments?post=319"}],"version-history":[{"count":49,"href":"https:\/\/vyskumnecentrum.sk\/en\/wp-json\/wp\/v2\/pages\/319\/revisions"}],"predecessor-version":[{"id":1867,"href":"https:\/\/vyskumnecentrum.sk\/en\/wp-json\/wp\/v2\/pages\/319\/revisions\/1867"}],"wp:attachment":[{"href":"https:\/\/vyskumnecentrum.sk\/en\/wp-json\/wp\/v2\/media?parent=319"}],"curies":[{"name":"wp","href":"https:\/\/api.w.org\/{rel}","templated":true}]}}