{"id":410,"date":"2023-11-08T14:55:40","date_gmt":"2023-11-08T14:55:40","guid":{"rendered":"https:\/\/new.vyskumnecentrum.sk\/?page_id=410"},"modified":"2024-07-01T11:52:32","modified_gmt":"2024-07-01T11:52:32","slug":"vyskum","status":"publish","type":"page","link":"https:\/\/vyskumnecentrum.sk\/en\/vyskum\/","title":{"rendered":"Research"},"content":{"rendered":"<div class=\"wp-block-media-text is-stacked-on-mobile\" style=\"grid-template-columns:17% auto\"><figure class=\"wp-block-media-text__media\"><a href=\"https:\/\/vyskumnecentrum.sk\/en\/vyskum\/laboratoria\/\"><img loading=\"lazy\" decoding=\"async\" width=\"150\" height=\"150\" src=\"https:\/\/vyskumnecentrum.sk\/wp-content\/uploads\/2024\/01\/laboratories-150x150.jpg\" alt=\"\" class=\"wp-image-973 size-thumbnail\" srcset=\"https:\/\/vyskumnecentrum.sk\/wp-content\/uploads\/2024\/01\/laboratories-150x150.jpg 150w, https:\/\/vyskumnecentrum.sk\/wp-content\/uploads\/2024\/01\/laboratories-300x300.jpg 300w, https:\/\/vyskumnecentrum.sk\/wp-content\/uploads\/2024\/01\/laboratories-768x768.jpg 768w, https:\/\/vyskumnecentrum.sk\/wp-content\/uploads\/2024\/01\/laboratories-50x50.jpg 50w, https:\/\/vyskumnecentrum.sk\/wp-content\/uploads\/2024\/01\/laboratories-12x12.jpg 12w, https:\/\/vyskumnecentrum.sk\/wp-content\/uploads\/2024\/01\/laboratories.jpg 1000w\" sizes=\"auto, (max-width: 150px) 100vw, 150px\" \/><\/a><\/figure><div class=\"wp-block-media-text__content\">\n<p class=\"has-text-align-left\" style=\"font-size:22px\"><a href=\"https:\/\/vyskumnecentrum.sk\/en\/vyskum\/laboratoria\/\" data-type=\"link\" data-id=\"https:\/\/new.vyskumnecentrum.sk\/vyskum\/laboratoria\/\">Laboratories<\/a><\/p>\n<\/div><\/div>\n\n\n\n<div class=\"wp-block-media-text is-stacked-on-mobile\" style=\"grid-template-columns:17% auto\"><figure class=\"wp-block-media-text__media\"><a href=\"https:\/\/vyskumnecentrum.sk\/en\/vyskum\/vybavenie\/\"><img loading=\"lazy\" decoding=\"async\" width=\"150\" height=\"150\" src=\"https:\/\/vyskumnecentrum.sk\/wp-content\/uploads\/2024\/01\/equipment_-150x150.jpg\" alt=\"\" class=\"wp-image-977 size-thumbnail\" srcset=\"https:\/\/vyskumnecentrum.sk\/wp-content\/uploads\/2024\/01\/equipment_-150x150.jpg 150w, https:\/\/vyskumnecentrum.sk\/wp-content\/uploads\/2024\/01\/equipment_-300x300.jpg 300w, https:\/\/vyskumnecentrum.sk\/wp-content\/uploads\/2024\/01\/equipment_-768x768.jpg 768w, https:\/\/vyskumnecentrum.sk\/wp-content\/uploads\/2024\/01\/equipment_-50x50.jpg 50w, https:\/\/vyskumnecentrum.sk\/wp-content\/uploads\/2024\/01\/equipment_-12x12.jpg 12w, https:\/\/vyskumnecentrum.sk\/wp-content\/uploads\/2024\/01\/equipment_.jpg 1000w\" sizes=\"auto, (max-width: 150px) 100vw, 150px\" \/><\/a><\/figure><div class=\"wp-block-media-text__content\">\n<p style=\"font-size:22px\"><a href=\"https:\/\/vyskumnecentrum.sk\/en\/vyskum\/vybavenie\/\" data-type=\"link\" data-id=\"https:\/\/vyskumnecentrum.sk\/vyskum\/vybavenie\/\">Equipment<\/a><\/p>\n<\/div><\/div>\n\n\n\n<div class=\"wp-block-media-text is-stacked-on-mobile\" style=\"grid-template-columns:17% auto\"><figure class=\"wp-block-media-text__media\"><a href=\"https:\/\/vyskumnecentrum.sk\/en\/vyskum\/projekty\/\"><img loading=\"lazy\" decoding=\"async\" width=\"150\" height=\"150\" src=\"https:\/\/vyskumnecentrum.sk\/wp-content\/uploads\/2024\/01\/projects-150x150.jpg\" alt=\"\" class=\"wp-image-975 size-thumbnail\" srcset=\"https:\/\/vyskumnecentrum.sk\/wp-content\/uploads\/2024\/01\/projects-150x150.jpg 150w, https:\/\/vyskumnecentrum.sk\/wp-content\/uploads\/2024\/01\/projects-300x300.jpg 300w, https:\/\/vyskumnecentrum.sk\/wp-content\/uploads\/2024\/01\/projects-1024x1024.jpg 1024w, https:\/\/vyskumnecentrum.sk\/wp-content\/uploads\/2024\/01\/projects-768x768.jpg 768w, https:\/\/vyskumnecentrum.sk\/wp-content\/uploads\/2024\/01\/projects-50x50.jpg 50w, https:\/\/vyskumnecentrum.sk\/wp-content\/uploads\/2024\/01\/projects-1600x1600.jpg 1600w, https:\/\/vyskumnecentrum.sk\/wp-content\/uploads\/2024\/01\/projects-1536x1536.jpg 1536w, https:\/\/vyskumnecentrum.sk\/wp-content\/uploads\/2024\/01\/projects-2048x2048.jpg 2048w, https:\/\/vyskumnecentrum.sk\/wp-content\/uploads\/2024\/01\/projects-12x12.jpg 12w\" sizes=\"auto, (max-width: 150px) 100vw, 150px\" \/><\/a><\/figure><div class=\"wp-block-media-text__content\">\n<p style=\"font-size:22px\"><a href=\"https:\/\/vyskumnecentrum.sk\/en\/vyskum\/projekty\/\" data-type=\"link\" data-id=\"https:\/\/new.vyskumnecentrum.sk\/vyskum\/projekty\/\">Projects<\/a><\/p>\n<\/div><\/div>\n\n\n\n<div class=\"wp-block-media-text is-stacked-on-mobile\" style=\"grid-template-columns:17% auto\"><figure class=\"wp-block-media-text__media\"><img loading=\"lazy\" decoding=\"async\" width=\"150\" height=\"150\" src=\"https:\/\/vyskumnecentrum.sk\/wp-content\/uploads\/2024\/01\/results-150x150.jpg\" alt=\"\" class=\"wp-image-978 size-thumbnail\" srcset=\"https:\/\/vyskumnecentrum.sk\/wp-content\/uploads\/2024\/01\/results-150x150.jpg 150w, https:\/\/vyskumnecentrum.sk\/wp-content\/uploads\/2024\/01\/results-300x300.jpg 300w, https:\/\/vyskumnecentrum.sk\/wp-content\/uploads\/2024\/01\/results-1024x1024.jpg 1024w, https:\/\/vyskumnecentrum.sk\/wp-content\/uploads\/2024\/01\/results-768x768.jpg 768w, https:\/\/vyskumnecentrum.sk\/wp-content\/uploads\/2024\/01\/results-50x50.jpg 50w, https:\/\/vyskumnecentrum.sk\/wp-content\/uploads\/2024\/01\/results-1536x1536.jpg 1536w, https:\/\/vyskumnecentrum.sk\/wp-content\/uploads\/2024\/01\/results-12x12.jpg 12w, https:\/\/vyskumnecentrum.sk\/wp-content\/uploads\/2024\/01\/results.jpg 1588w\" sizes=\"auto, (max-width: 150px) 100vw, 150px\" \/><\/figure><div class=\"wp-block-media-text__content\">\n<p style=\"font-size:22px\">Achievements<\/p>\n<\/div><\/div>\n\n\n\n<div class=\"wp-block-media-text is-stacked-on-mobile\" style=\"grid-template-columns:17% auto\"><figure class=\"wp-block-media-text__media\"><a href=\"https:\/\/vyskumnecentrum.sk\/en\/vyskum\/spolupraca\/\"><img loading=\"lazy\" decoding=\"async\" width=\"150\" height=\"150\" src=\"https:\/\/vyskumnecentrum.sk\/wp-content\/uploads\/2024\/01\/cooperation2-150x150.jpg\" alt=\"\" class=\"wp-image-980 size-thumbnail\" srcset=\"https:\/\/vyskumnecentrum.sk\/wp-content\/uploads\/2024\/01\/cooperation2-150x150.jpg 150w, https:\/\/vyskumnecentrum.sk\/wp-content\/uploads\/2024\/01\/cooperation2-300x300.jpg 300w, https:\/\/vyskumnecentrum.sk\/wp-content\/uploads\/2024\/01\/cooperation2-768x768.jpg 768w, https:\/\/vyskumnecentrum.sk\/wp-content\/uploads\/2024\/01\/cooperation2-50x50.jpg 50w, https:\/\/vyskumnecentrum.sk\/wp-content\/uploads\/2024\/01\/cooperation2-12x12.jpg 12w, https:\/\/vyskumnecentrum.sk\/wp-content\/uploads\/2024\/01\/cooperation2.jpg 1000w\" sizes=\"auto, (max-width: 150px) 100vw, 150px\" \/><\/a><\/figure><div class=\"wp-block-media-text__content\">\n<p style=\"font-size:22px\"><a href=\"https:\/\/vyskumnecentrum.sk\/en\/vyskum\/spolupraca\/\" data-type=\"link\" data-id=\"https:\/\/new.vyskumnecentrum.sk\/vyskum\/spolupraca\/\">Cooperation<\/a><\/p>\n<\/div><\/div>","protected":false},"excerpt":{"rendered":"<p>Laborat\u00f3ri\u00e1 Vybavenie Projekty Najv\u00fdznamnej\u0161ie v\u00fdsledky Spolupr\u00e1ca<\/p>","protected":false},"author":1,"featured_media":0,"parent":0,"menu_order":0,"comment_status":"closed","ping_status":"closed","template":"","meta":{"footnotes":""},"class_list":["post-410","page","type-page","status-publish","hentry"],"_links":{"self":[{"href":"https:\/\/vyskumnecentrum.sk\/en\/wp-json\/wp\/v2\/pages\/410","targetHints":{"allow":["GET"]}}],"collection":[{"href":"https:\/\/vyskumnecentrum.sk\/en\/wp-json\/wp\/v2\/pages"}],"about":[{"href":"https:\/\/vyskumnecentrum.sk\/en\/wp-json\/wp\/v2\/types\/page"}],"author":[{"embeddable":true,"href":"https:\/\/vyskumnecentrum.sk\/en\/wp-json\/wp\/v2\/users\/1"}],"replies":[{"embeddable":true,"href":"https:\/\/vyskumnecentrum.sk\/en\/wp-json\/wp\/v2\/comments?post=410"}],"version-history":[{"count":9,"href":"https:\/\/vyskumnecentrum.sk\/en\/wp-json\/wp\/v2\/pages\/410\/revisions"}],"predecessor-version":[{"id":1448,"href":"https:\/\/vyskumnecentrum.sk\/en\/wp-json\/wp\/v2\/pages\/410\/revisions\/1448"}],"wp:attachment":[{"href":"https:\/\/vyskumnecentrum.sk\/en\/wp-json\/wp\/v2\/media?parent=410"}],"curies":[{"name":"wp","href":"https:\/\/api.w.org\/{rel}","templated":true}]}}