{"id":432,"date":"2023-11-11T08:39:06","date_gmt":"2023-11-11T08:39:06","guid":{"rendered":"https:\/\/new.vyskumnecentrum.sk\/?page_id=432"},"modified":"2026-01-16T11:50:07","modified_gmt":"2026-01-16T11:50:07","slug":"vedecky-inkubator","status":"publish","type":"page","link":"https:\/\/vyskumnecentrum.sk\/en\/oddelenia\/vedecky-inkubator\/","title":{"rendered":"Scientific Incubator"},"content":{"rendered":"<p style=\"font-size:18px\">The Scientific Incubator is a unique department of the Research centre UNIZA providing creative space for personal development of young scientists, postdocs, specialists and exceptional scientists, to perform research related to scientific projects, without the necessity of being directly related to one of the research departments within the Research centre UNIZA. This enables the possibility to realize research ideas independently from the main fields of the Research centre\u2019s research interests, but within the scope of the main Research and innovation national strategy RIS3. The main goal is to provide the possibility of future creation of new exceptional research teams and departments.<\/p>\n\n\n\n<p class=\"has-black-color has-text-color has-link-color wp-elements-b5ae2dc1bc4287a511732bf00ceb70bf\" style=\"font-size:20px\"><strong>Head of department<\/strong><\/p>\n\n\n\n<div class=\"wp-block-columns is-layout-flex wp-container-core-columns-is-layout-9d6595d7 wp-block-columns-is-layout-flex\">\n<div class=\"wp-block-column is-layout-flow wp-block-column-is-layout-flow\">\n<div class=\"wp-block-media-text is-stacked-on-mobile\" style=\"grid-template-columns:20% auto\"><figure class=\"wp-block-media-text__media\"><img loading=\"lazy\" decoding=\"async\" width=\"1024\" height=\"1024\" src=\"https:\/\/new.vyskumnecentrum.sk\/wp-content\/uploads\/2024\/01\/black-avatar-person-icons-user-profile-icon-vector-1-1024x1024.jpg\" alt=\"\" class=\"wp-image-1064 size-full\" srcset=\"https:\/\/vyskumnecentrum.sk\/wp-content\/uploads\/2024\/01\/black-avatar-person-icons-user-profile-icon-vector-1-1024x1024.jpg 1024w, https:\/\/vyskumnecentrum.sk\/wp-content\/uploads\/2024\/01\/black-avatar-person-icons-user-profile-icon-vector-1-300x300.jpg 300w, https:\/\/vyskumnecentrum.sk\/wp-content\/uploads\/2024\/01\/black-avatar-person-icons-user-profile-icon-vector-1-150x150.jpg 150w, https:\/\/vyskumnecentrum.sk\/wp-content\/uploads\/2024\/01\/black-avatar-person-icons-user-profile-icon-vector-1-768x768.jpg 768w, https:\/\/vyskumnecentrum.sk\/wp-content\/uploads\/2024\/01\/black-avatar-person-icons-user-profile-icon-vector-1-50x50.jpg 50w, https:\/\/vyskumnecentrum.sk\/wp-content\/uploads\/2024\/01\/black-avatar-person-icons-user-profile-icon-vector-1-1600x1599.jpg 1600w, https:\/\/vyskumnecentrum.sk\/wp-content\/uploads\/2024\/01\/black-avatar-person-icons-user-profile-icon-vector-1-1536x1536.jpg 1536w, https:\/\/vyskumnecentrum.sk\/wp-content\/uploads\/2024\/01\/black-avatar-person-icons-user-profile-icon-vector-1-12x12.jpg 12w, https:\/\/vyskumnecentrum.sk\/wp-content\/uploads\/2024\/01\/black-avatar-person-icons-user-profile-icon-vector-1.jpg 1920w\" sizes=\"auto, (max-width: 1024px) 100vw, 1024px\" \/><\/figure><div class=\"wp-block-media-text__content\">\n<p style=\"font-size:16px\"><a href=\"https:\/\/vyskumnecentrum.sk\/en\/o_nas\/zoznam-zamestnancov\/stefan-sedivy\/\" data-type=\"link\" data-id=\"https:\/\/vyskumnecentrum.sk\/o_nas\/zoznam-zamestnancov\/stefan-sedivy\/\">Ing. \u0160tefan \u0160ediv\u00fd, PhD.<\/a><\/p>\n<\/div><\/div>\n<\/div>\n\n\n\n<div class=\"wp-block-column is-layout-flow wp-block-column-is-layout-flow\"><\/div>\n<\/div>\n\n\n\n<p class=\"has-black-color has-text-color has-link-color wp-elements-f0b940947cf3466b1fc3ad48ccc6044e\" style=\"font-size:20px\"><strong>Members<\/strong><\/p>\n\n\n\n<div class=\"wp-block-columns is-layout-flex wp-container-core-columns-is-layout-9d6595d7 wp-block-columns-is-layout-flex\">\n<div class=\"wp-block-column is-layout-flow wp-block-column-is-layout-flow\">\n<div class=\"wp-block-media-text is-stacked-on-mobile\" style=\"grid-template-columns:20% auto\"><figure class=\"wp-block-media-text__media\"><img loading=\"lazy\" decoding=\"async\" width=\"1024\" height=\"1024\" src=\"https:\/\/new.vyskumnecentrum.sk\/wp-content\/uploads\/2024\/01\/black-avatar-person-icons-user-profile-icon-vector-1-1024x1024.jpg\" alt=\"\" class=\"wp-image-1064 size-full\" srcset=\"https:\/\/vyskumnecentrum.sk\/wp-content\/uploads\/2024\/01\/black-avatar-person-icons-user-profile-icon-vector-1-1024x1024.jpg 1024w, https:\/\/vyskumnecentrum.sk\/wp-content\/uploads\/2024\/01\/black-avatar-person-icons-user-profile-icon-vector-1-300x300.jpg 300w, https:\/\/vyskumnecentrum.sk\/wp-content\/uploads\/2024\/01\/black-avatar-person-icons-user-profile-icon-vector-1-150x150.jpg 150w, https:\/\/vyskumnecentrum.sk\/wp-content\/uploads\/2024\/01\/black-avatar-person-icons-user-profile-icon-vector-1-768x768.jpg 768w, https:\/\/vyskumnecentrum.sk\/wp-content\/uploads\/2024\/01\/black-avatar-person-icons-user-profile-icon-vector-1-50x50.jpg 50w, https:\/\/vyskumnecentrum.sk\/wp-content\/uploads\/2024\/01\/black-avatar-person-icons-user-profile-icon-vector-1-1600x1599.jpg 1600w, https:\/\/vyskumnecentrum.sk\/wp-content\/uploads\/2024\/01\/black-avatar-person-icons-user-profile-icon-vector-1-1536x1536.jpg 1536w, https:\/\/vyskumnecentrum.sk\/wp-content\/uploads\/2024\/01\/black-avatar-person-icons-user-profile-icon-vector-1-12x12.jpg 12w, https:\/\/vyskumnecentrum.sk\/wp-content\/uploads\/2024\/01\/black-avatar-person-icons-user-profile-icon-vector-1.jpg 1920w\" sizes=\"auto, (max-width: 1024px) 100vw, 1024px\" \/><\/figure><div class=\"wp-block-media-text__content\">\n<p style=\"font-size:16px\">Ing. Michal Veselovsk\u00fd<\/p>\n<\/div><\/div>\n<\/div>\n\n\n\n<div class=\"wp-block-column is-layout-flow wp-block-column-is-layout-flow\">\n<div class=\"wp-block-media-text is-stacked-on-mobile\" style=\"grid-template-columns:20% auto\"><figure class=\"wp-block-media-text__media\"><img loading=\"lazy\" decoding=\"async\" width=\"1024\" height=\"1024\" src=\"https:\/\/new.vyskumnecentrum.sk\/wp-content\/uploads\/2024\/01\/black-avatar-person-icons-user-profile-icon-vector-1-1024x1024.jpg\" alt=\"\" class=\"wp-image-1064 size-full\" srcset=\"https:\/\/vyskumnecentrum.sk\/wp-content\/uploads\/2024\/01\/black-avatar-person-icons-user-profile-icon-vector-1-1024x1024.jpg 1024w, https:\/\/vyskumnecentrum.sk\/wp-content\/uploads\/2024\/01\/black-avatar-person-icons-user-profile-icon-vector-1-300x300.jpg 300w, https:\/\/vyskumnecentrum.sk\/wp-content\/uploads\/2024\/01\/black-avatar-person-icons-user-profile-icon-vector-1-150x150.jpg 150w, https:\/\/vyskumnecentrum.sk\/wp-content\/uploads\/2024\/01\/black-avatar-person-icons-user-profile-icon-vector-1-768x768.jpg 768w, https:\/\/vyskumnecentrum.sk\/wp-content\/uploads\/2024\/01\/black-avatar-person-icons-user-profile-icon-vector-1-50x50.jpg 50w, https:\/\/vyskumnecentrum.sk\/wp-content\/uploads\/2024\/01\/black-avatar-person-icons-user-profile-icon-vector-1-1600x1599.jpg 1600w, https:\/\/vyskumnecentrum.sk\/wp-content\/uploads\/2024\/01\/black-avatar-person-icons-user-profile-icon-vector-1-1536x1536.jpg 1536w, https:\/\/vyskumnecentrum.sk\/wp-content\/uploads\/2024\/01\/black-avatar-person-icons-user-profile-icon-vector-1-12x12.jpg 12w, https:\/\/vyskumnecentrum.sk\/wp-content\/uploads\/2024\/01\/black-avatar-person-icons-user-profile-icon-vector-1.jpg 1920w\" sizes=\"auto, (max-width: 1024px) 100vw, 1024px\" \/><\/figure><div class=\"wp-block-media-text__content\">\n<p style=\"font-size:16px\">Ing. Ivan Sl\u00e1dek<\/p>\n<\/div><\/div>\n<\/div>\n<\/div>\n\n\n\n<div class=\"wp-block-columns is-layout-flex wp-container-core-columns-is-layout-9d6595d7 wp-block-columns-is-layout-flex\">\n<div class=\"wp-block-column is-layout-flow wp-block-column-is-layout-flow\">\n<div class=\"wp-block-media-text is-stacked-on-mobile\" style=\"grid-template-columns:20% auto\"><figure class=\"wp-block-media-text__media\"><img loading=\"lazy\" decoding=\"async\" width=\"1024\" height=\"1024\" src=\"https:\/\/new.vyskumnecentrum.sk\/wp-content\/uploads\/2024\/01\/black-avatar-person-icons-user-profile-icon-vector-1-1024x1024.jpg\" alt=\"\" class=\"wp-image-1064 size-full\" srcset=\"https:\/\/vyskumnecentrum.sk\/wp-content\/uploads\/2024\/01\/black-avatar-person-icons-user-profile-icon-vector-1-1024x1024.jpg 1024w, https:\/\/vyskumnecentrum.sk\/wp-content\/uploads\/2024\/01\/black-avatar-person-icons-user-profile-icon-vector-1-300x300.jpg 300w, https:\/\/vyskumnecentrum.sk\/wp-content\/uploads\/2024\/01\/black-avatar-person-icons-user-profile-icon-vector-1-150x150.jpg 150w, https:\/\/vyskumnecentrum.sk\/wp-content\/uploads\/2024\/01\/black-avatar-person-icons-user-profile-icon-vector-1-768x768.jpg 768w, https:\/\/vyskumnecentrum.sk\/wp-content\/uploads\/2024\/01\/black-avatar-person-icons-user-profile-icon-vector-1-50x50.jpg 50w, https:\/\/vyskumnecentrum.sk\/wp-content\/uploads\/2024\/01\/black-avatar-person-icons-user-profile-icon-vector-1-1600x1599.jpg 1600w, https:\/\/vyskumnecentrum.sk\/wp-content\/uploads\/2024\/01\/black-avatar-person-icons-user-profile-icon-vector-1-1536x1536.jpg 1536w, https:\/\/vyskumnecentrum.sk\/wp-content\/uploads\/2024\/01\/black-avatar-person-icons-user-profile-icon-vector-1-12x12.jpg 12w, https:\/\/vyskumnecentrum.sk\/wp-content\/uploads\/2024\/01\/black-avatar-person-icons-user-profile-icon-vector-1.jpg 1920w\" sizes=\"auto, (max-width: 1024px) 100vw, 1024px\" \/><\/figure><div class=\"wp-block-media-text__content\">\n<p style=\"font-size:16px\">Vira Tinkova, PhD.<\/p>\n<\/div><\/div>\n<\/div>\n\n\n\n<div class=\"wp-block-column is-layout-flow wp-block-column-is-layout-flow\"><\/div>\n<\/div>","protected":false},"excerpt":{"rendered":"<p>Vedeck\u00fd inkub\u00e1tor je unik\u00e1tnou organiza\u010dnou zlo\u017ekou V\u00fdskumn\u00e9ho centra UNIZA poskytuj\u00facou priestor pre rozvoj za\u010d\u00ednaj\u00facich v\u00fdskumn\u00edkov, postdoktorandov, odborn\u00fdch zamestnancov a \u0161pi\u010dkov\u00fdch vedcov v r\u00e1mci v\u00fdskumu s\u00favisiaceho s projektovou \u010dinnos\u0165ou, bez nutnosti<\/p>\n<p class=\"more-link\"><a href=\"https:\/\/vyskumnecentrum.sk\/en\/oddelenia\/vedecky-inkubator\/\" class=\"readmore\">Continue reading<span class=\"screen-reader-text\">Scientific Incubator<\/span><\/a><\/p>","protected":false},"author":1,"featured_media":0,"parent":53,"menu_order":0,"comment_status":"closed","ping_status":"closed","template":"","meta":{"footnotes":""},"class_list":["post-432","page","type-page","status-publish","hentry"],"_links":{"self":[{"href":"https:\/\/vyskumnecentrum.sk\/en\/wp-json\/wp\/v2\/pages\/432","targetHints":{"allow":["GET"]}}],"collection":[{"href":"https:\/\/vyskumnecentrum.sk\/en\/wp-json\/wp\/v2\/pages"}],"about":[{"href":"https:\/\/vyskumnecentrum.sk\/en\/wp-json\/wp\/v2\/types\/page"}],"author":[{"embeddable":true,"href":"https:\/\/vyskumnecentrum.sk\/en\/wp-json\/wp\/v2\/users\/1"}],"replies":[{"embeddable":true,"href":"https:\/\/vyskumnecentrum.sk\/en\/wp-json\/wp\/v2\/comments?post=432"}],"version-history":[{"count":4,"href":"https:\/\/vyskumnecentrum.sk\/en\/wp-json\/wp\/v2\/pages\/432\/revisions"}],"predecessor-version":[{"id":2164,"href":"https:\/\/vyskumnecentrum.sk\/en\/wp-json\/wp\/v2\/pages\/432\/revisions\/2164"}],"up":[{"embeddable":true,"href":"https:\/\/vyskumnecentrum.sk\/en\/wp-json\/wp\/v2\/pages\/53"}],"wp:attachment":[{"href":"https:\/\/vyskumnecentrum.sk\/en\/wp-json\/wp\/v2\/media?parent=432"}],"curies":[{"name":"wp","href":"https:\/\/api.w.org\/{rel}","templated":true}]}}