{"id":445,"date":"2023-11-11T08:48:31","date_gmt":"2023-11-11T08:48:31","guid":{"rendered":"https:\/\/new.vyskumnecentrum.sk\/?page_id=445"},"modified":"2024-06-24T08:15:17","modified_gmt":"2024-06-24T08:15:17","slug":"historia","status":"publish","type":"page","link":"https:\/\/vyskumnecentrum.sk\/en\/o_nas\/historia\/","title":{"rendered":"History"},"content":{"rendered":"<hr class=\"wp-block-separator has-text-color has-alpha-channel-opacity has-background is-style-wide\" style=\"background-color:#ff6d00;color:#ff6d00\"\/>\n\n\n\n<div class=\"wp-block-columns is-layout-flex wp-container-core-columns-is-layout-9d6595d7 wp-block-columns-is-layout-flex\">\n<div class=\"wp-block-column is-layout-flow wp-block-column-is-layout-flow\" style=\"flex-basis:33.33%\">\n<p class=\"has-text-align-center has-black-color has-text-color\" style=\"font-size:42px\"><strong>2013<\/strong><\/p>\n<\/div>\n\n\n\n<div class=\"wp-block-column is-layout-flow wp-block-column-is-layout-flow\" style=\"flex-basis:66.66%\">\n<p class=\"has-black-color has-text-color\" style=\"font-size:25px\"><strong>Formal establishment of the Research centre UNIZA<\/strong><\/p>\n\n\n\n<p style=\"font-size:18px\">The research centre UNIZA was formally established 1st of May, 2013 based on receiving a scientific grant from the Ministry of Education, Science, Research and Sport of the Slovak Republic for development of universities\u2019 technological parks and research centres co-funded by the European Regional Development Fund. In total, 24 340 233.38 EUR was invested, while the execution of the project created approximately 100 positions for researchers and administrative employees.<\/p>\n\n\n\n<div class=\"wp-block-media-text is-stacked-on-mobile\" style=\"grid-template-columns:53% auto\"><figure class=\"wp-block-media-text__media\"><img loading=\"lazy\" decoding=\"async\" width=\"900\" height=\"600\" src=\"https:\/\/new.vyskumnecentrum.sk\/wp-content\/uploads\/2024\/01\/BH-4_small.jpg\" alt=\"\" class=\"wp-image-818 size-full\" srcset=\"https:\/\/vyskumnecentrum.sk\/wp-content\/uploads\/2024\/01\/BH-4_small.jpg 900w, https:\/\/vyskumnecentrum.sk\/wp-content\/uploads\/2024\/01\/BH-4_small-300x200.jpg 300w, https:\/\/vyskumnecentrum.sk\/wp-content\/uploads\/2024\/01\/BH-4_small-768x512.jpg 768w, https:\/\/vyskumnecentrum.sk\/wp-content\/uploads\/2024\/01\/BH-4_small-50x33.jpg 50w, https:\/\/vyskumnecentrum.sk\/wp-content\/uploads\/2024\/01\/BH-4_small-18x12.jpg 18w\" sizes=\"auto, (max-width: 900px) 100vw, 900px\" \/><\/figure><div class=\"wp-block-media-text__content\">\n<p style=\"font-size:15px\">The co-founder and historically first director of the Research centre UNIZA was assoc. prof. Ing. Branislav Hadzima, PhD.<\/p>\n<\/div><\/div>\n<\/div>\n<\/div>\n\n\n\n<hr class=\"wp-block-separator has-text-color has-alpha-channel-opacity has-background is-style-wide\" style=\"background-color:#ff6d00;color:#ff6d00\"\/>\n\n\n\n<div class=\"wp-block-columns is-layout-flex wp-container-core-columns-is-layout-9d6595d7 wp-block-columns-is-layout-flex\">\n<div class=\"wp-block-column is-layout-flow wp-block-column-is-layout-flow\" style=\"flex-basis:33.33%\">\n<p class=\"has-text-align-center has-black-color has-text-color\" style=\"font-size:42px\"><strong>2014<\/strong><\/p>\n<\/div>\n\n\n\n<div class=\"wp-block-column is-layout-flow wp-block-column-is-layout-flow\" style=\"flex-basis:66.66%\">\n<p class=\"has-text-align-left has-black-color has-text-color\" style=\"font-size:25px\"><strong>Official beginning of the building construction<\/strong><\/p>\n\n\n\n<p style=\"font-size:18px\">Official construction of the intelligent building of the Research centre UNIZA began on the 13th of June, 2014, when the foundation stone was laid by the rector of the University of \u017dilina prof. Tatiana \u010corejov\u00e1, minister of Education, Science, Research and Sport of the Slovak Republic assoc. prof. Du\u0161an \u010caplovi\u010d, State Secretary of the Ministry of Economy of the Slovak Republic Ing. Du\u0161an Petr\u00edk, president of the \u017dilina Self-governing Region Ing. Juraj Blan\u00e1r, Mayor of \u017dilina Ing. Igor Choma, CEO of the EIFFAGE CONSTRUCTION Slovak Republic ltd. Andrej Sender\u00e1k, director of the Scientific park UNIZA assoc. prof. Michal Z\u00e1bovsk\u00fd and director of Research centre UNIZA assoc. prof. Branislav Hadzima.<\/p>\n\n\n\n<div class=\"wp-block-columns is-layout-flex wp-container-core-columns-is-layout-9d6595d7 wp-block-columns-is-layout-flex\">\n<div class=\"wp-block-column is-layout-flow wp-block-column-is-layout-flow\">\n<figure class=\"wp-block-image size-full is-resized\"><img loading=\"lazy\" decoding=\"async\" width=\"562\" height=\"373\" src=\"https:\/\/new.vyskumnecentrum.sk\/wp-content\/uploads\/2023\/11\/zakl_kamen-1.jpg\" alt=\"\" class=\"wp-image-608\" style=\"object-fit:cover;width:245px;height:160px\" srcset=\"https:\/\/vyskumnecentrum.sk\/wp-content\/uploads\/2023\/11\/zakl_kamen-1.jpg 562w, https:\/\/vyskumnecentrum.sk\/wp-content\/uploads\/2023\/11\/zakl_kamen-1-300x199.jpg 300w, https:\/\/vyskumnecentrum.sk\/wp-content\/uploads\/2023\/11\/zakl_kamen-1-50x33.jpg 50w, https:\/\/vyskumnecentrum.sk\/wp-content\/uploads\/2023\/11\/zakl_kamen-1-18x12.jpg 18w\" sizes=\"auto, (max-width: 562px) 100vw, 562px\" \/><\/figure>\n<\/div>\n\n\n\n<div class=\"wp-block-column is-layout-flow wp-block-column-is-layout-flow\">\n<figure class=\"wp-block-image size-full is-resized\"><img loading=\"lazy\" decoding=\"async\" width=\"432\" height=\"420\" src=\"https:\/\/new.vyskumnecentrum.sk\/wp-content\/uploads\/2023\/11\/vystavba.jpg\" alt=\"\" class=\"wp-image-610\" style=\"object-fit:cover;width:170px;height:160px\" srcset=\"https:\/\/vyskumnecentrum.sk\/wp-content\/uploads\/2023\/11\/vystavba.jpg 432w, https:\/\/vyskumnecentrum.sk\/wp-content\/uploads\/2023\/11\/vystavba-300x292.jpg 300w, https:\/\/vyskumnecentrum.sk\/wp-content\/uploads\/2023\/11\/vystavba-50x50.jpg 50w, https:\/\/vyskumnecentrum.sk\/wp-content\/uploads\/2023\/11\/vystavba-12x12.jpg 12w\" sizes=\"auto, (max-width: 432px) 100vw, 432px\" \/><\/figure>\n<\/div>\n<\/div>\n\n\n\n<p style=\"font-size:18px\"><\/p>\n<\/div>\n<\/div>\n\n\n\n<hr class=\"wp-block-separator has-text-color has-alpha-channel-opacity has-background is-style-wide\" style=\"background-color:#ff6d00;color:#ff6d00\"\/>\n\n\n\n<div class=\"wp-block-columns is-layout-flex wp-container-core-columns-is-layout-9d6595d7 wp-block-columns-is-layout-flex\">\n<div class=\"wp-block-column is-layout-flow wp-block-column-is-layout-flow\" style=\"flex-basis:33.33%\">\n<p class=\"has-text-align-center has-black-color has-text-color\" style=\"font-size:42px\"><strong>2015<\/strong><\/p>\n<\/div>\n\n\n\n<div class=\"wp-block-column is-layout-flow wp-block-column-is-layout-flow\" style=\"flex-basis:66.66%\">\n<p class=\"has-text-align-left has-black-color has-text-color\" style=\"font-size:25px\"><strong>Grand opening of the Research centre UNIZA<\/strong><\/p>\n\n\n\n<p style=\"font-size:18px\">The Univesity of \u017dilina officially opened the Research centre UNIZA building on 7th of December 2015. In the image from the opening is former Minister of Education J\u00e1n Mikolaj (on the left), Minister of Education, Science, Research and Sport of the Slovak republic Juraj Draxler, rector of the University of \u017dilina Tatiana \u010corejov\u00e1, director of Technological Park UNIZA Michal Z\u00e1bovsk\u00fd and president of the \u017dilina self-governing region Ing. Juraj Blan\u00e1r.<\/p>\n\n\n\n<div class=\"wp-block-media-text is-stacked-on-mobile is-vertically-aligned-bottom\" style=\"grid-template-columns:63% auto\"><figure class=\"wp-block-media-text__media\"><img loading=\"lazy\" decoding=\"async\" width=\"564\" height=\"454\" src=\"https:\/\/new.vyskumnecentrum.sk\/wp-content\/uploads\/2023\/11\/otvorenie.jpg\" alt=\"\" class=\"wp-image-625 size-full\" srcset=\"https:\/\/vyskumnecentrum.sk\/wp-content\/uploads\/2023\/11\/otvorenie.jpg 564w, https:\/\/vyskumnecentrum.sk\/wp-content\/uploads\/2023\/11\/otvorenie-300x241.jpg 300w, https:\/\/vyskumnecentrum.sk\/wp-content\/uploads\/2023\/11\/otvorenie-50x40.jpg 50w, https:\/\/vyskumnecentrum.sk\/wp-content\/uploads\/2023\/11\/otvorenie-15x12.jpg 15w\" sizes=\"auto, (max-width: 564px) 100vw, 564px\" \/><\/figure><div class=\"wp-block-media-text__content\">\n<p style=\"font-size:12px\"><em>Zdroj a foto: TASR  Erika \u010eur\u010dov\u00e1<\/em><\/p>\n<\/div><\/div>\n<\/div>\n<\/div>\n\n\n\n<hr class=\"wp-block-separator has-text-color has-alpha-channel-opacity has-background is-style-wide\" style=\"background-color:#ff6d00;color:#ff6d00\"\/>\n\n\n\n<div class=\"wp-block-columns is-layout-flex wp-container-core-columns-is-layout-9d6595d7 wp-block-columns-is-layout-flex\">\n<div class=\"wp-block-column is-layout-flow wp-block-column-is-layout-flow\" style=\"flex-basis:33.33%\">\n<p class=\"has-text-align-center has-black-color has-text-color\" style=\"font-size:42px\"><strong>2020<\/strong><\/p>\n<\/div>\n\n\n\n<div class=\"wp-block-column is-layout-flow wp-block-column-is-layout-flow\" style=\"flex-basis:66.66%\">\n<p class=\"has-black-color has-text-color\" style=\"font-size:25px\"><strong>Award for Sciennce and Technology of the year 2020<\/strong><\/p>\n\n\n\n<p style=\"font-size:18px\">Ing. Filip Pastorek, PhD., member of the Division of Materials Research in Transport, received an award \u201cPersona of Science and Technologogy under 35 years of age\u201d from the Minister of Education, Science, Research and Sport of the Slovak Republic. The award was presented for the exceptional research of progressive surface layers created on metallic materials for industrial and biomedical applications.<\/p>\n<\/div>\n<\/div>\n\n\n\n<hr class=\"wp-block-separator has-text-color has-alpha-channel-opacity has-background is-style-wide\" style=\"background-color:#ff6d00;color:#ff6d00\"\/>\n\n\n\n<div class=\"wp-block-columns is-layout-flex wp-container-core-columns-is-layout-9d6595d7 wp-block-columns-is-layout-flex\">\n<div class=\"wp-block-column is-layout-flow wp-block-column-is-layout-flow\" style=\"flex-basis:33.33%\">\n<p class=\"has-text-align-center has-black-color has-text-color\" style=\"font-size:42px\"><strong>2021<\/strong><\/p>\n<\/div>\n\n\n\n<div class=\"wp-block-column is-layout-flow wp-block-column-is-layout-flow\" style=\"flex-basis:66.66%\">\n<p class=\"has-black-color has-text-color\" style=\"font-size:25px\"><strong>Change of the director<\/strong><\/p>\n\n\n\n<p style=\"font-size:18px\">After prof. Branislav Hadzima accepted a new position as a Coordinator of Science and Research at the University of \u017dilina, the role of the director was transferred to Ing. Filip Pastorek, PhD.<\/p>\n<\/div>\n<\/div>\n\n\n\n<hr class=\"wp-block-separator has-text-color has-alpha-channel-opacity has-background is-style-wide\" style=\"background-color:#ff6d00;color:#ff6d00\"\/>\n\n\n\n<div class=\"wp-block-columns is-layout-flex wp-container-core-columns-is-layout-9d6595d7 wp-block-columns-is-layout-flex\">\n<div class=\"wp-block-column is-layout-flow wp-block-column-is-layout-flow\" style=\"flex-basis:33.33%\">\n<p class=\"has-text-align-center has-black-color has-text-color\" style=\"font-size:42px\"><strong>2021<\/strong><\/p>\n<\/div>\n\n\n\n<div class=\"wp-block-column is-layout-flow wp-block-column-is-layout-flow\" style=\"flex-basis:66.66%\">\n<p class=\"has-black-color has-text-color\" style=\"font-size:25px\"><strong>Award for Sciennce and Technology of the year 2021<\/strong><\/p>\n\n\n\n<p style=\"font-size:18px\">Ing. Libor Tr\u0161ko, PhD., member of the Division of Materials Research in Transport, received an award \u201cPersona of Science and Technology under 35 years of age\u201d from the Minister of Education, Science, Research and Sport of the Slovak Republic. The award was presented for the exceptional research of nanostructural surface layer used for improvement of functional properties of structural materials.<\/p>\n<\/div>\n<\/div>\n\n\n\n<hr class=\"wp-block-separator has-text-color has-alpha-channel-opacity has-background is-style-wide\" style=\"background-color:#ff6d00;color:#ff6d00\"\/>\n\n\n\n<div class=\"wp-block-columns is-layout-flex wp-container-core-columns-is-layout-9d6595d7 wp-block-columns-is-layout-flex\">\n<div class=\"wp-block-column is-layout-flow wp-block-column-is-layout-flow\" style=\"flex-basis:33.33%\">\n<p class=\"has-text-align-center has-black-color has-text-color\" style=\"font-size:42px\"><strong>2023<\/strong><\/p>\n<\/div>\n\n\n\n<div class=\"wp-block-column is-layout-flow wp-block-column-is-layout-flow\" style=\"flex-basis:66.66%\">\n<p class=\"has-black-color has-text-color\" style=\"font-size:25px\"><strong>Award for technological transfer in Slovakia, 2023<\/strong><\/p>\n\n\n\n<p style=\"font-size:18px\">Ing. Nikola \u010cajov\u00e1 Kantov\u00e1, PhD., member of the Division of Intelligent Buildings and Renewable Energy Sources, received an award for \u201cTechnological transfer in Slovakia, 2023\u201d in the category \u201cInnovator\u201d by the Slovak Centre of Scientific and Technical Information. The award was presented for exceptional research in the field of energetic assessing of waste related to the COVID-19 pandemic.<\/p>\n<\/div>\n<\/div>\n\n\n\n<hr class=\"wp-block-separator has-text-color has-alpha-channel-opacity has-background is-style-wide\" style=\"background-color:#ff6d00;color:#ff6d00\"\/>\n\n\n\n<div class=\"wp-block-columns is-layout-flex wp-container-core-columns-is-layout-9d6595d7 wp-block-columns-is-layout-flex\">\n<div class=\"wp-block-column is-layout-flow wp-block-column-is-layout-flow\" style=\"flex-basis:33.33%\">\n<p class=\"has-text-align-center has-black-color has-text-color\" style=\"font-size:42px\"><strong>2024<\/strong><\/p>\n<\/div>\n\n\n\n<div class=\"wp-block-column is-layout-flow wp-block-column-is-layout-flow\" style=\"flex-basis:66.66%\">\n<p class=\"has-black-color has-text-color\" style=\"font-size:25px\"><strong>Restructuring of the Research centre UNIZA<\/strong><\/p>\n\n\n\n<p style=\"font-size:18px\">After approval of the Academic senate UNIZA in 2023, a new organizational structure become effective from the 1st of January 2024.  The main changes were related to change in the names of the research departments, establishment of the Scientific Incubator and cancellation of the Regional centre. The changes were initiated based on natural development of personal and laboratory infrastructure on the Research centre UNIZA to secure effective functioning in the following years.<\/p>\n<\/div>\n<\/div>\n\n\n\n<hr class=\"wp-block-separator has-text-color has-alpha-channel-opacity has-background is-style-wide\" style=\"background-color:#ff6d00;color:#ff6d00\"\/>\n\n\n\n<div class=\"wp-block-columns is-layout-flex wp-container-core-columns-is-layout-9d6595d7 wp-block-columns-is-layout-flex\">\n<div class=\"wp-block-column is-layout-flow wp-block-column-is-layout-flow\" style=\"flex-basis:33.33%\">\n<p class=\"has-text-align-center has-black-color has-text-color\" style=\"font-size:42px\"><strong>2024<\/strong><\/p>\n<\/div>\n\n\n\n<div class=\"wp-block-column is-layout-flow wp-block-column-is-layout-flow\" style=\"flex-basis:66.66%\">\n<p class=\"has-black-color has-text-color\" style=\"font-size:25px\"><strong>New web page of the Research centre UNIZA<\/strong><\/p>\n\n\n\n<p style=\"font-size:18px\">After preparations in 2023, a new official web page of the Research centre UNIZA, was implemented in the year 2024. The page was developed following the actual trends to help and support recognition of the Research centre, giving a more transparent overview of the realized research, project, key scientists, successes and laboratory infrastructure.<\/p>\n<\/div>\n<\/div>\n\n\n\n<hr class=\"wp-block-separator has-text-color has-alpha-channel-opacity has-background is-style-wide\" style=\"background-color:#ff6d00;color:#ff6d00\"\/>","protected":false},"excerpt":{"rendered":"<p>2013 Form\u00e1lny vznik V\u00fdskumn\u00e9ho centra \u017dilinskej univerzity v \u017diline V\u00fdskumn\u00e9 centrum UNIZA form\u00e1lne vzniklo 1. 5. 2013 na z\u00e1klade pridelenia v\u00fdskumn\u00e9ho grantu s\u00a0rovnomenn\u00fdm n\u00e1zvom v r\u00e1mci v\u00fdzvy Ministerstva \u0161kolstva, vedy,<\/p>\n<p class=\"more-link\"><a href=\"https:\/\/vyskumnecentrum.sk\/en\/o_nas\/historia\/\" class=\"readmore\">Continue reading<span class=\"screen-reader-text\">History<\/span><\/a><\/p>","protected":false},"author":1,"featured_media":0,"parent":315,"menu_order":0,"comment_status":"closed","ping_status":"closed","template":"","meta":{"footnotes":""},"class_list":["post-445","page","type-page","status-publish","hentry"],"_links":{"self":[{"href":"https:\/\/vyskumnecentrum.sk\/en\/wp-json\/wp\/v2\/pages\/445","targetHints":{"allow":["GET"]}}],"collection":[{"href":"https:\/\/vyskumnecentrum.sk\/en\/wp-json\/wp\/v2\/pages"}],"about":[{"href":"https:\/\/vyskumnecentrum.sk\/en\/wp-json\/wp\/v2\/types\/page"}],"author":[{"embeddable":true,"href":"https:\/\/vyskumnecentrum.sk\/en\/wp-json\/wp\/v2\/users\/1"}],"replies":[{"embeddable":true,"href":"https:\/\/vyskumnecentrum.sk\/en\/wp-json\/wp\/v2\/comments?post=445"}],"version-history":[{"count":53,"href":"https:\/\/vyskumnecentrum.sk\/en\/wp-json\/wp\/v2\/pages\/445\/revisions"}],"predecessor-version":[{"id":1440,"href":"https:\/\/vyskumnecentrum.sk\/en\/wp-json\/wp\/v2\/pages\/445\/revisions\/1440"}],"up":[{"embeddable":true,"href":"https:\/\/vyskumnecentrum.sk\/en\/wp-json\/wp\/v2\/pages\/315"}],"wp:attachment":[{"href":"https:\/\/vyskumnecentrum.sk\/en\/wp-json\/wp\/v2\/media?parent=445"}],"curies":[{"name":"wp","href":"https:\/\/api.w.org\/{rel}","templated":true}]}}