{"id":449,"date":"2023-11-11T08:50:03","date_gmt":"2023-11-11T08:50:03","guid":{"rendered":"https:\/\/new.vyskumnecentrum.sk\/?page_id=449"},"modified":"2026-01-16T12:10:56","modified_gmt":"2026-01-16T12:10:56","slug":"zoznam-zamestnancov","status":"publish","type":"page","link":"https:\/\/vyskumnecentrum.sk\/en\/o_nas\/zoznam-zamestnancov\/","title":{"rendered":"List of Employees"},"content":{"rendered":"<figure class=\"wp-block-table is-style-regular\" style=\"font-size:15px\"><table class=\"has-black-color has-text-color\"><tbody><tr><td><strong>Employee<\/strong><\/td><td><strong>Department<\/strong><\/td><td><strong>Contact<\/strong><\/td><\/tr><tr><td><a href=\"https:\/\/vyskumnecentrum.sk\/en\/o_nas\/zoznam-zamestnancov\/alexander-backa\/\" data-type=\"link\" data-id=\"https:\/\/vyskumnecentrum.sk\/o_nas\/zoznam-zamestnancov\/alexander-backa\/\">Ing. Alexander Backa, PhD.<\/a><\/td><td>Department of Renewable Energy Sources<\/td><td>alexander.backa@uniza.sk<br>+421 41 513 7610<\/td><\/tr><tr><td><a href=\"https:\/\/vyskumnecentrum.sk\/en\/o_nas\/zoznam-zamestnancov\/pavol-belany\/\" data-type=\"link\" data-id=\"https:\/\/vyskumnecentrum.sk\/o_nas\/zoznam-zamestnancov\/pavol-belany\/\">doc. Ing. Pavol Bel\u00e1ny, PhD.<\/a><\/td><td>Department of Renewable Energy Sources<\/td><td>pavol.belany@uniza.sk<br>+421 41 513 7617<\/td><\/tr><tr><td><a href=\"https:\/\/vyskumnecentrum.sk\/en\/o_nas\/zoznam-zamestnancov\/otakar-bokuvka\/\" data-type=\"link\" data-id=\"https:\/\/vyskumnecentrum.sk\/o_nas\/zoznam-zamestnancov\/otakar-bokuvka\/\">prof. Ing. Otakar Bok\u016fvka, PhD.<\/a><\/td><td>Department of Materials Sciences<\/td><td>otakar.bokuvka@uniza.sk<br>+421 41 513 2602<\/td><\/tr><tr><td><a href=\"https:\/\/vyskumnecentrum.sk\/en\/o_nas\/zoznam-zamestnancov\/roman-budjac\/\" data-type=\"link\" data-id=\"https:\/\/vyskumnecentrum.sk\/o_nas\/zoznam-zamestnancov\/roman-budjac\/\">Ing. Roman Budja\u010d, PhD.<\/a><\/td><td>Department of Sensor Systems<\/td><td>roman.budjac@uniza.sk<br>+421 41 513 7618<\/td><\/tr><tr><td>Darina Bullov\u00e1<\/td><td>Secretary's Office<\/td><td>darina.bullova@uniza.sk<br>+421 41 513 7603<\/td><\/tr><tr><td><a href=\"https:\/\/www.webofscience.com\/wos\/author\/record\/49406366\" data-type=\"link\" data-id=\"https:\/\/www.webofscience.com\/wos\/author\/record\/49406366\">Ing. R\u00f3bert Cibula<\/a><\/td><td>Department of Materials Sciences<\/td><td>robert.cibula@uniza.sk<br>+421 41 513 7605<\/td><\/tr><tr><td><a href=\"https:\/\/vyskumnecentrum.sk\/en\/o_nas\/zoznam-zamestnancov\/nikola-cajova-kantova\/\" data-type=\"link\" data-id=\"https:\/\/vyskumnecentrum.sk\/o_nas\/zoznam-zamestnancov\/nikola-cajova-kantova\/\">Ing. Nikola \u010cajov\u00e1 Kantov\u00e1, PhD.<\/a><\/td><td>Department of Renewable Energy Sources<\/td><td>nikola.cajovakantova@uniza.sk<br>+421 41 513 7637<\/td><\/tr><tr><td><a href=\"https:\/\/vyskumnecentrum.sk\/en\/o_nas\/zoznam-zamestnancov\/juraj-dudak\/\" data-type=\"link\" data-id=\"https:\/\/vyskumnecentrum.sk\/o_nas\/zoznam-zamestnancov\/juraj-dudak\/\">doc. Ing. Juraj \u010eu\u010f\u00e1k, PhD.<\/a><\/td><td>Department of Sensor Systems<\/td><td>juraj.dudak@uniza.sk<br>+421 41 513 7644<\/td><\/tr><tr><td>Ing. Luk\u00e1\u0161 \u010euri\u0161<\/td><td>Department of Sensor Systems<\/td><td>lukas.duris@uniza.sk<br>+421 41 513 7620<\/td><\/tr><tr><td><a href=\"https:\/\/www.webofscience.com\/wos\/author\/record\/15352339\" data-type=\"link\" data-id=\"https:\/\/www.webofscience.com\/wos\/author\/record\/15352339\">Ing. Juli\u00e1na Dzikov\u00e1, PhD.<\/a><\/td><td>Department of Materials Sciences<\/td><td>juliana.dzikova@uniza.sk<br>+421 41 513 7605<\/td><\/tr><tr><td><a href=\"https:\/\/vyskumnecentrum.sk\/en\/o_nas\/zoznam-zamestnancov\/zuzana-florkova\/\" data-type=\"link\" data-id=\"https:\/\/vyskumnecentrum.sk\/o_nas\/zoznam-zamestnancov\/zuzana-florkova\/\">Ing. Zuzana Florkov\u00e1, PhD.<\/a><\/td><td>Department of Materials Sciences<\/td><td>zuzana.florkova@uniza.sk<br>+421 41 513 7632<\/td><\/tr><tr><td><a href=\"https:\/\/vyskumnecentrum.sk\/en\/o_nas\/zoznam-zamestnancov\/gabriel-gaspar\/\" data-type=\"link\" data-id=\"https:\/\/vyskumnecentrum.sk\/o_nas\/zoznam-zamestnancov\/gabriel-gaspar\/\">doc. Ing. Gabriel Ga\u0161par, PhD.<\/a><\/td><td>Oddelenie senzorov\u00fdch syst\u00e9mov, ved\u00faci oddelenia<\/td><td><a href=\"mailto:gabriel.gaspar@uniza.sk\">gabriel.gaspar@uniza.sk<\/a><br>+421 41 513 7643<\/td><\/tr><tr><td><a href=\"https:\/\/vyskumnecentrum.sk\/en\/oddelenia\/oddelenie-materialovych-vied\/branislav-hadzima\/\" data-type=\"link\" data-id=\"https:\/\/vyskumnecentrum.sk\/oddelenia\/oddelenie-materialovych-vied\/branislav-hadzima\/\">.<\/a><\/td><td>Department of Materials Sciences, deputy director<\/td><td>branislav.hadzima@uniza.sk<br>+421 41 513 7600<\/td><\/tr><tr><td>Ing. Patr\u00edcia H\u00e1jkov\u00e1, PhD.<\/td><td>Department of Materials Sciences<\/td><td>patricia.hajkova@uniza.sk<br>+421 41 513 7605<\/td><\/tr><tr><td><a href=\"https:\/\/vyskumnecentrum.sk\/en\/o_nas\/zoznam-zamestnancov\/peter-hrabovsky\/\" data-type=\"link\" data-id=\"https:\/\/vyskumnecentrum.sk\/o_nas\/zoznam-zamestnancov\/peter-hrabovsky\/\">Ing. Peter Hrabovsk\u00fd, PhD.<\/a><\/td><td>Department of Renewable Energy Sources, head of department<\/td><td>peter.hrabovsky@uniza.sk<br>+421 41 513 7625<\/td><\/tr><tr><td><a href=\"https:\/\/www.webofscience.com\/wos\/author\/record\/22701671\" data-type=\"link\" data-id=\"https:\/\/www.webofscience.com\/wos\/author\/record\/22701671\">prof. Dr.-Ing. habil. Peter Hus\u00e1r<\/a><\/td><td>Department of Sensor Systems<\/td><td>peter.husar@uniza.sk<br>+421 41 513 7644<\/td><\/tr><tr><td><a href=\"https:\/\/www.webofscience.com\/wos\/author\/record\/15765557\" data-type=\"link\" data-id=\"https:\/\/www.webofscience.com\/wos\/author\/record\/15765557\">Ing. Martina Jackov\u00e1<\/a><\/td><td>Department of Materials Sciences, secretary<\/td><td>martina.jackova@uniza.sk<br>+421 41 513 7601<\/td><\/tr><tr><td><a href=\"https:\/\/www.webofscience.com\/wos\/author\/record\/1344906\" data-type=\"link\" data-id=\"https:\/\/www.webofscience.com\/wos\/author\/record\/1344906\">Ing. Michal Jambor, PhD.<\/a><\/td><td>Department of Materials Sciences<\/td><td>michal.jambor@uniza.sk<br>+421 41 513 7605<\/td><\/tr><tr><td><a href=\"https:\/\/vyskumnecentrum.sk\/en\/o_nas\/zoznam-zamestnancov\/daniel-kajanek\/\" data-type=\"link\" data-id=\"https:\/\/vyskumnecentrum.sk\/o_nas\/zoznam-zamestnancov\/daniel-kajanek\/\">Ing. Daniel Kaj\u00e1nek, PhD.<\/a><\/td><td>Department of Materials Sciences, head of department<\/td><td>daniel.kajanek@uniza.sk<br>+421 41 513 7622<\/td><\/tr><tr><td><a href=\"https:\/\/www.webofscience.com\/wos\/author\/record\/31750480\" data-type=\"link\" data-id=\"https:\/\/www.webofscience.com\/wos\/author\/record\/31750480\">Ing. Anna Kri\u0161kov\u00e1, PhD.<\/a><\/td><td>Department of Renewable Energy Sources<\/td><td>anna.kriskova@uniza.sk<br>+421 41 513 7610<\/td><\/tr><tr><td>Ing. Lenka Mikulov\u00e1, PhD.<\/td><td>Department of Sensor Systems<\/td><td>lenka.mikulova@uniza.sk<br>+421 41 513 7611<\/td><\/tr><tr><td><a href=\"https:\/\/vyskumnecentrum.sk\/en\/o_nas\/zoznam-zamestnancov\/peter-minarik\/\" data-type=\"link\" data-id=\"https:\/\/vyskumnecentrum.sk\/o_nas\/zoznam-zamestnancov\/peter-minarik\/\">doc. RNDr. Peter Min\u00e1rik, Ph.D.<\/a><\/td><td>Department of Materials Sciences<\/td><td>peter.minarik@uniza.sk<br>+421 41 513 7636<\/td><\/tr><tr><td><a href=\"https:\/\/vyskumnecentrum.sk\/en\/o_nas\/zoznam-zamestnancov\/ruzica-nikolic\/\" data-type=\"link\" data-id=\"https:\/\/vyskumnecentrum.sk\/o_nas\/zoznam-zamestnancov\/ruzica-nikolic\/\">M.Sc. Ru\u017eica Nikoli\u010d, Ph.D.<\/a><\/td><td>Department of Materials Sciences<\/td><td>ruzica.nikolic@uniza.sk<br>+421 41 513 7627<\/td><\/tr><tr><td><a href=\"https:\/\/vyskumnecentrum.sk\/en\/o_nas\/zoznam-zamestnancov\/filip-pastorek\/\" data-type=\"link\" data-id=\"https:\/\/vyskumnecentrum.sk\/o_nas\/zoznam-zamestnancov\/filip-pastorek\/\">Ing. Filip Pastorek, PhD.<\/a><\/td><td>Department of Materials Sciences, director<\/td><td>filip.pastorek@uniza.sk<br>+421 41 513 7604<\/td><\/tr><tr><td><a href=\"https:\/\/vyskumnecentrum.sk\/en\/o_nas\/zoznam-zamestnancov\/jan-sovik\/\" data-type=\"link\" data-id=\"https:\/\/vyskumnecentrum.sk\/o_nas\/zoznam-zamestnancov\/jan-sovik\/\">Ing. J\u00e1n Sov\u00edk, PhD.<\/a><\/td><td>Department of Materials Sciences<\/td><td>jan.sovik@uniza.sk<br>+421 41 513 7605<\/td><\/tr><tr><td><a href=\"https:\/\/www.webofscience.com\/wos\/author\/record\/28963489\" data-type=\"link\" data-id=\"https:\/\/www.webofscience.com\/wos\/author\/record\/28963489\">Ing. Jana Pastorkov\u00e1<\/a><\/td><td>Department of Materials Sciences<\/td><td>jana.pastorkova@uniza.sk<br>+421 41 513 7602<\/td><\/tr><tr><td><a href=\"https:\/\/www.webofscience.com\/wos\/author\/record\/3580978\" data-type=\"link\" data-id=\"https:\/\/www.webofscience.com\/wos\/author\/record\/3580978\">Ing. Martin Skovajsa<\/a><\/td><td>Department of Sensor Systems<\/td><td>martin.skovajsa@uniza.sk<br>+421 41 513 7618<\/td><\/tr><tr><td>Ing. Ivan Sl\u00e1dek<\/td><td>Scientific Incubator<\/td><td>ivan.sladek@uniza.sk<br>+421 41 513 7618<\/td><\/tr><tr><td><a href=\"https:\/\/vyskumnecentrum.sk\/en\/o_nas\/zoznam-zamestnancov\/stefan-sedivy\/\" data-type=\"link\" data-id=\"https:\/\/vyskumnecentrum.sk\/o_nas\/zoznam-zamestnancov\/stefan-sedivy\/\">Ing. \u0160tefan \u0160ediv\u00fd, PhD.<\/a><\/td><td>Vedeck\u00fd inkub\u00e1tor, ved\u00faci oddelenia<\/td><td>stefan.sedivy@uniza.sk<br>+421 41 513 7611<\/td><\/tr><tr><td><a href=\"https:\/\/www.webofscience.com\/wos\/author\/record\/18590223\" data-type=\"link\" data-id=\"https:\/\/www.webofscience.com\/wos\/author\/record\/18590223\">Vira Tinkova, PhD.<\/a><\/td><td>Scientific Incubator<\/td><td>vira.tinkova@uniza.sk<\/td><\/tr><tr><td><a href=\"https:\/\/vyskumnecentrum.sk\/en\/o_nas\/zoznam-zamestnancov\/libor-trsko\/\" data-type=\"link\" data-id=\"https:\/\/vyskumnecentrum.sk\/o_nas\/zoznam-zamestnancov\/libor-trsko\/\">doc. Ing. Libor Tr\u0161ko, PhD.<\/a><\/td><td>Department of Materials Sciences<\/td><td>libor.trsko@uniza.sk<br>+421 41 513 7636<\/td><\/tr><tr><td><a href=\"https:\/\/www.webofscience.com\/wos\/author\/record\/5421255\" data-type=\"link\" data-id=\"https:\/\/www.webofscience.com\/wos\/author\/record\/5421255\">Ing. Michal Veselovsk\u00fd<\/a><\/td><td>Scientific Incubator<\/td><td>michal.veselovsky@uniza.sk<br>+421 41 513 7621<\/td><\/tr><tr><td>Ing. Ingrid Zuziakov\u00e1<\/td><td>Secretary's Office<\/td><td>ingrid.zuziakova@uniza.sk<br>+421 41 513 7611<\/td><\/tr><tr><td>Ing. Eva Nogov\u00e1<\/td><td>Department of Materials Sciences<\/td><td>eva.nogova@uniza.sk<br>+421 41 513 7636<\/td><\/tr><\/tbody><\/table><\/figure>\n\n\n\n<p><\/p>","protected":false},"excerpt":{"rendered":"<p>Zamestnanec Oddelenie Kontakt Ing. Alexander Backa, PhD. Oddelenie obnovite\u013en\u00fdch zdrojov energi\u00ed alexander.backa@uniza.sk+421 41 513 7610 doc. Ing. Pavol Bel\u00e1ny, PhD. Oddelenie obnovite\u013en\u00fdch zdrojov energi\u00ed pavol.belany@uniza.sk+421 41 513 7617 prof. Ing.<\/p>\n<p class=\"more-link\"><a href=\"https:\/\/vyskumnecentrum.sk\/en\/o_nas\/zoznam-zamestnancov\/\" class=\"readmore\">Continue reading<span class=\"screen-reader-text\">List of Employees<\/span><\/a><\/p>","protected":false},"author":1,"featured_media":0,"parent":315,"menu_order":0,"comment_status":"closed","ping_status":"closed","template":"","meta":{"footnotes":""},"class_list":["post-449","page","type-page","status-publish","hentry"],"_links":{"self":[{"href":"https:\/\/vyskumnecentrum.sk\/en\/wp-json\/wp\/v2\/pages\/449","targetHints":{"allow":["GET"]}}],"collection":[{"href":"https:\/\/vyskumnecentrum.sk\/en\/wp-json\/wp\/v2\/pages"}],"about":[{"href":"https:\/\/vyskumnecentrum.sk\/en\/wp-json\/wp\/v2\/types\/page"}],"author":[{"embeddable":true,"href":"https:\/\/vyskumnecentrum.sk\/en\/wp-json\/wp\/v2\/users\/1"}],"replies":[{"embeddable":true,"href":"https:\/\/vyskumnecentrum.sk\/en\/wp-json\/wp\/v2\/comments?post=449"}],"version-history":[{"count":43,"href":"https:\/\/vyskumnecentrum.sk\/en\/wp-json\/wp\/v2\/pages\/449\/revisions"}],"predecessor-version":[{"id":2180,"href":"https:\/\/vyskumnecentrum.sk\/en\/wp-json\/wp\/v2\/pages\/449\/revisions\/2180"}],"up":[{"embeddable":true,"href":"https:\/\/vyskumnecentrum.sk\/en\/wp-json\/wp\/v2\/pages\/315"}],"wp:attachment":[{"href":"https:\/\/vyskumnecentrum.sk\/en\/wp-json\/wp\/v2\/media?parent=449"}],"curies":[{"name":"wp","href":"https:\/\/api.w.org\/{rel}","templated":true}]}}