{"id":481,"date":"2023-11-11T14:17:23","date_gmt":"2023-11-11T14:17:23","guid":{"rendered":"https:\/\/new.vyskumnecentrum.sk\/?page_id=481"},"modified":"2024-06-24T08:29:55","modified_gmt":"2024-06-24T08:29:55","slug":"spolupraca","status":"publish","type":"page","link":"https:\/\/vyskumnecentrum.sk\/en\/vyskum\/spolupraca\/","title":{"rendered":"Cooperation"},"content":{"rendered":"<p class=\"has-black-color has-text-color\" style=\"font-size:35px\"><strong>Cooperation with academia<\/strong><\/p>\n\n\n\n<div class=\"wp-block-media-text is-stacked-on-mobile\" style=\"grid-template-columns:35% auto\"><figure class=\"wp-block-media-text__media\"><a href=\"https:\/\/www.ipm.cz\/\"><img loading=\"lazy\" decoding=\"async\" width=\"832\" height=\"154\" src=\"https:\/\/new.vyskumnecentrum.sk\/wp-content\/uploads\/2024\/01\/ufm_logo.jpg\" alt=\"\" class=\"wp-image-1049 size-full\" srcset=\"https:\/\/vyskumnecentrum.sk\/wp-content\/uploads\/2024\/01\/ufm_logo.jpg 832w, https:\/\/vyskumnecentrum.sk\/wp-content\/uploads\/2024\/01\/ufm_logo-300x56.jpg 300w, https:\/\/vyskumnecentrum.sk\/wp-content\/uploads\/2024\/01\/ufm_logo-768x142.jpg 768w, https:\/\/vyskumnecentrum.sk\/wp-content\/uploads\/2024\/01\/ufm_logo-50x9.jpg 50w, https:\/\/vyskumnecentrum.sk\/wp-content\/uploads\/2024\/01\/ufm_logo-18x3.jpg 18w\" sizes=\"auto, (max-width: 832px) 100vw, 832px\" \/><\/a><\/figure><div class=\"wp-block-media-text__content\">\n<p style=\"font-size:22px\"><a href=\"https:\/\/www.ipm.cz\/\" data-type=\"link\" data-id=\"https:\/\/www.ipm.cz\/\"><strong>Institute of Physics of Materials of the Czech Academy of Sciences, v. v. i.<\/strong><\/a><\/p>\n\n\n\n<p style=\"font-size:18px\"><em>Czech Republic<\/em><\/p>\n<\/div><\/div>\n\n\n\n<div style=\"height:25px\" aria-hidden=\"true\" class=\"wp-block-spacer\"><\/div>\n\n\n\n<div class=\"wp-block-media-text is-stacked-on-mobile\" style=\"grid-template-columns:35% auto\"><figure class=\"wp-block-media-text__media\"><a href=\"https:\/\/pcz.pl\/\"><img loading=\"lazy\" decoding=\"async\" width=\"679\" height=\"235\" src=\"https:\/\/new.vyskumnecentrum.sk\/wp-content\/uploads\/2024\/01\/politechnika_czestochowska.jpg\" alt=\"\" class=\"wp-image-995 size-full\" srcset=\"https:\/\/vyskumnecentrum.sk\/wp-content\/uploads\/2024\/01\/politechnika_czestochowska.jpg 679w, https:\/\/vyskumnecentrum.sk\/wp-content\/uploads\/2024\/01\/politechnika_czestochowska-300x104.jpg 300w, https:\/\/vyskumnecentrum.sk\/wp-content\/uploads\/2024\/01\/politechnika_czestochowska-50x17.jpg 50w, https:\/\/vyskumnecentrum.sk\/wp-content\/uploads\/2024\/01\/politechnika_czestochowska-18x6.jpg 18w\" sizes=\"auto, (max-width: 679px) 100vw, 679px\" \/><\/a><\/figure><div class=\"wp-block-media-text__content\">\n<p style=\"font-size:22px\"><strong><a href=\"https:\/\/pcz.pl\/\" data-type=\"link\" data-id=\"https:\/\/pcz.pl\/\">Politechnika Cz\u0119stochowska<\/a><\/strong><\/p>\n\n\n\n<p style=\"font-size:18px\"><em>Poland<\/em><\/p>\n<\/div><\/div>\n\n\n\n<div style=\"height:25px\" aria-hidden=\"true\" class=\"wp-block-spacer\"><\/div>\n\n\n\n<div class=\"wp-block-media-text is-stacked-on-mobile\" style=\"grid-template-columns:35% auto\"><figure class=\"wp-block-media-text__media\"><a href=\"https:\/\/www.polsl.pl\/\"><img loading=\"lazy\" decoding=\"async\" width=\"300\" height=\"87\" src=\"https:\/\/new.vyskumnecentrum.sk\/wp-content\/uploads\/2024\/01\/silensian_university_of_technology.png\" alt=\"\" class=\"wp-image-1000 size-full\" srcset=\"https:\/\/vyskumnecentrum.sk\/wp-content\/uploads\/2024\/01\/silensian_university_of_technology.png 300w, https:\/\/vyskumnecentrum.sk\/wp-content\/uploads\/2024\/01\/silensian_university_of_technology-50x15.png 50w, https:\/\/vyskumnecentrum.sk\/wp-content\/uploads\/2024\/01\/silensian_university_of_technology-18x5.png 18w\" sizes=\"auto, (max-width: 300px) 100vw, 300px\" \/><\/a><\/figure><div class=\"wp-block-media-text__content\">\n<p style=\"font-size:22px\"><strong><a href=\"https:\/\/www.polsl.pl\/\" data-type=\"link\" data-id=\"https:\/\/www.polsl.pl\/\">Politechnika \u015al\u0105ska<\/a><\/strong><\/p>\n\n\n\n<p style=\"font-size:18px\"><em>Poland<\/em><\/p>\n<\/div><\/div>\n\n\n\n<div style=\"height:25px\" aria-hidden=\"true\" class=\"wp-block-spacer\"><\/div>\n\n\n\n<div class=\"wp-block-media-text is-stacked-on-mobile\" style=\"grid-template-columns:35% auto\"><figure class=\"wp-block-media-text__media\"><a href=\"https:\/\/polimi.it\/\"><img loading=\"lazy\" decoding=\"async\" width=\"1024\" height=\"307\" src=\"https:\/\/new.vyskumnecentrum.sk\/wp-content\/uploads\/2024\/01\/cropped-Logo_Politecnico_Milano3-1-1024x307.png\" alt=\"\" class=\"wp-image-1001 size-full\" srcset=\"https:\/\/vyskumnecentrum.sk\/wp-content\/uploads\/2024\/01\/cropped-Logo_Politecnico_Milano3-1-1024x307.png 1024w, https:\/\/vyskumnecentrum.sk\/wp-content\/uploads\/2024\/01\/cropped-Logo_Politecnico_Milano3-1-300x90.png 300w, https:\/\/vyskumnecentrum.sk\/wp-content\/uploads\/2024\/01\/cropped-Logo_Politecnico_Milano3-1-768x230.png 768w, https:\/\/vyskumnecentrum.sk\/wp-content\/uploads\/2024\/01\/cropped-Logo_Politecnico_Milano3-1-50x15.png 50w, https:\/\/vyskumnecentrum.sk\/wp-content\/uploads\/2024\/01\/cropped-Logo_Politecnico_Milano3-1-18x5.png 18w, https:\/\/vyskumnecentrum.sk\/wp-content\/uploads\/2024\/01\/cropped-Logo_Politecnico_Milano3-1.png 1100w\" sizes=\"auto, (max-width: 1024px) 100vw, 1024px\" \/><\/a><\/figure><div class=\"wp-block-media-text__content\">\n<p style=\"font-size:22px\"><strong><a href=\"https:\/\/polimi.it\/\" data-type=\"link\" data-id=\"https:\/\/polimi.it\/\">Politecnico di Milano<\/a><\/strong><\/p>\n\n\n\n<p style=\"font-size:18px\"><em>Italian Republic<\/em><\/p>\n<\/div><\/div>\n\n\n\n<div style=\"height:25px\" aria-hidden=\"true\" class=\"wp-block-spacer\"><\/div>\n\n\n\n<div class=\"wp-block-media-text is-stacked-on-mobile\" style=\"grid-template-columns:35% auto\"><figure class=\"wp-block-media-text__media\"><a href=\"https:\/\/www.stuba.sk\/\"><img loading=\"lazy\" decoding=\"async\" width=\"356\" height=\"166\" src=\"https:\/\/new.vyskumnecentrum.sk\/wp-content\/uploads\/2024\/01\/STU-anfv.png\" alt=\"\" class=\"wp-image-1020 size-full\" srcset=\"\" sizes=\"auto, (max-width: 356px) 100vw, 356px\" data-srcset=\"\" \/><\/a><\/figure><div class=\"wp-block-media-text__content\">\n<p style=\"font-size:22px\"><strong><a href=\"https:\/\/www.stuba.sk\/\" data-type=\"link\" data-id=\"https:\/\/www.stuba.sk\/\">The Slovak University of Technology in Bratislava<\/a><\/strong><\/p>\n\n\n\n<p style=\"font-size:18px\"><em>Slovak Republic<\/em><\/p>\n<\/div><\/div>\n\n\n\n<div style=\"height:25px\" aria-hidden=\"true\" class=\"wp-block-spacer\"><\/div>\n\n\n\n<div class=\"wp-block-media-text is-stacked-on-mobile\" style=\"grid-template-columns:35% auto\"><figure class=\"wp-block-media-text__media\"><a href=\"https:\/\/www.unizg.hr\/homepage\/\"><img loading=\"lazy\" decoding=\"async\" width=\"657\" height=\"248\" src=\"https:\/\/new.vyskumnecentrum.sk\/wp-content\/uploads\/2024\/01\/Sveuciliste-u-Zagrebu-logo1.png\" alt=\"\" class=\"wp-image-1006 size-full\" srcset=\"https:\/\/vyskumnecentrum.sk\/wp-content\/uploads\/2024\/01\/Sveuciliste-u-Zagrebu-logo1.png 657w, https:\/\/vyskumnecentrum.sk\/wp-content\/uploads\/2024\/01\/Sveuciliste-u-Zagrebu-logo1-300x113.png 300w, https:\/\/vyskumnecentrum.sk\/wp-content\/uploads\/2024\/01\/Sveuciliste-u-Zagrebu-logo1-50x19.png 50w, https:\/\/vyskumnecentrum.sk\/wp-content\/uploads\/2024\/01\/Sveuciliste-u-Zagrebu-logo1-18x7.png 18w\" sizes=\"auto, (max-width: 657px) 100vw, 657px\" \/><\/a><\/figure><div class=\"wp-block-media-text__content\">\n<p style=\"font-size:22px\"><strong><a href=\"https:\/\/www.unizg.hr\/homepage\/\" data-type=\"link\" data-id=\"https:\/\/www.unizg.hr\/homepage\/\">Sveu\u010dili\u0161te u Zagrebu<\/a><\/strong><\/p>\n\n\n\n<p style=\"font-size:18px\"><em>Republic of Croatia<\/em><\/p>\n<\/div><\/div>\n\n\n\n<div style=\"height:25px\" aria-hidden=\"true\" class=\"wp-block-spacer\"><\/div>\n\n\n\n<div class=\"wp-block-media-text is-stacked-on-mobile\" style=\"grid-template-columns:35% auto\"><figure class=\"wp-block-media-text__media\"><a href=\"https:\/\/cuni.cz\/UK-1.html\"><img loading=\"lazy\" decoding=\"async\" width=\"600\" height=\"231\" src=\"https:\/\/new.vyskumnecentrum.sk\/wp-content\/uploads\/2024\/01\/charles-university-logo.png\" alt=\"\" class=\"wp-image-1008 size-full\" srcset=\"\" sizes=\"auto, (max-width: 600px) 100vw, 600px\" data-srcset=\"\" \/><\/a><\/figure><div class=\"wp-block-media-text__content\">\n<p style=\"font-size:22px\"><strong><a href=\"https:\/\/cuni.cz\/UK-1.html\" data-type=\"link\" data-id=\"https:\/\/cuni.cz\/UK-1.html\">Univerzita Karlova<\/a><\/strong><\/p>\n\n\n\n<p style=\"font-size:18px\"><em>Czech Republic<\/em><\/p>\n<\/div><\/div>\n\n\n\n<div style=\"height:25px\" aria-hidden=\"true\" class=\"wp-block-spacer\"><\/div>\n\n\n\n<div class=\"wp-block-media-text is-stacked-on-mobile\" style=\"grid-template-columns:35% auto\"><figure class=\"wp-block-media-text__media\"><a href=\"http:\/\/arhiva.rect.bg.ac.rs\/en\/index.php\"><img loading=\"lazy\" decoding=\"async\" width=\"567\" height=\"567\" src=\"https:\/\/new.vyskumnecentrum.sk\/wp-content\/uploads\/2024\/01\/Belgrade_University_coa-copy_frame.jpg\" alt=\"\" class=\"wp-image-1010 size-full\" srcset=\"https:\/\/vyskumnecentrum.sk\/wp-content\/uploads\/2024\/01\/Belgrade_University_coa-copy_frame.jpg 567w, https:\/\/vyskumnecentrum.sk\/wp-content\/uploads\/2024\/01\/Belgrade_University_coa-copy_frame-300x300.jpg 300w, https:\/\/vyskumnecentrum.sk\/wp-content\/uploads\/2024\/01\/Belgrade_University_coa-copy_frame-150x150.jpg 150w, https:\/\/vyskumnecentrum.sk\/wp-content\/uploads\/2024\/01\/Belgrade_University_coa-copy_frame-50x50.jpg 50w, https:\/\/vyskumnecentrum.sk\/wp-content\/uploads\/2024\/01\/Belgrade_University_coa-copy_frame-12x12.jpg 12w\" sizes=\"auto, (max-width: 567px) 100vw, 567px\" \/><\/a><\/figure><div class=\"wp-block-media-text__content\">\n<p style=\"font-size:22px\"><strong><a href=\"http:\/\/arhiva.rect.bg.ac.rs\/en\/index.php\" data-type=\"link\" data-id=\"http:\/\/arhiva.rect.bg.ac.rs\/en\/index.php\">Univerzitet u Beogradu<\/a><\/strong><\/p>\n\n\n\n<p style=\"font-size:18px\"><em>Republic of Serbia<\/em><\/p>\n<\/div><\/div>\n\n\n\n<div style=\"height:25px\" aria-hidden=\"true\" class=\"wp-block-spacer\"><\/div>\n\n\n\n<div class=\"wp-block-media-text is-stacked-on-mobile\" style=\"grid-template-columns:35% auto\"><figure class=\"wp-block-media-text__media\"><a href=\"https:\/\/en.kg.ac.rs\/\"><img loading=\"lazy\" decoding=\"async\" width=\"1024\" height=\"1024\" src=\"https:\/\/new.vyskumnecentrum.sk\/wp-content\/uploads\/2024\/01\/Kragujevac_University-copy-1024x1024.jpg\" alt=\"\" class=\"wp-image-1011 size-full\" srcset=\"https:\/\/vyskumnecentrum.sk\/wp-content\/uploads\/2024\/01\/Kragujevac_University-copy-1024x1024.jpg 1024w, https:\/\/vyskumnecentrum.sk\/wp-content\/uploads\/2024\/01\/Kragujevac_University-copy-300x300.jpg 300w, https:\/\/vyskumnecentrum.sk\/wp-content\/uploads\/2024\/01\/Kragujevac_University-copy-150x150.jpg 150w, https:\/\/vyskumnecentrum.sk\/wp-content\/uploads\/2024\/01\/Kragujevac_University-copy-768x768.jpg 768w, https:\/\/vyskumnecentrum.sk\/wp-content\/uploads\/2024\/01\/Kragujevac_University-copy-50x50.jpg 50w, https:\/\/vyskumnecentrum.sk\/wp-content\/uploads\/2024\/01\/Kragujevac_University-copy-1600x1600.jpg 1600w, https:\/\/vyskumnecentrum.sk\/wp-content\/uploads\/2024\/01\/Kragujevac_University-copy-1536x1536.jpg 1536w, https:\/\/vyskumnecentrum.sk\/wp-content\/uploads\/2024\/01\/Kragujevac_University-copy-12x12.jpg 12w, https:\/\/vyskumnecentrum.sk\/wp-content\/uploads\/2024\/01\/Kragujevac_University-copy.jpg 1890w\" sizes=\"auto, (max-width: 1024px) 100vw, 1024px\" \/><\/a><\/figure><div class=\"wp-block-media-text__content\">\n<p style=\"font-size:22px\"><strong><a href=\"https:\/\/en.kg.ac.rs\/\" data-type=\"link\" data-id=\"https:\/\/en.kg.ac.rs\/\">Univerzitet u Kragujevcu<\/a><\/strong><\/p>\n\n\n\n<p style=\"font-size:18px\"><em>Republic of Serbia<\/em><\/p>\n<\/div><\/div>\n\n\n\n<div style=\"height:25px\" aria-hidden=\"true\" class=\"wp-block-spacer\"><\/div>\n\n\n\n<div class=\"wp-block-media-text is-stacked-on-mobile\" style=\"grid-template-columns:35% auto\"><figure class=\"wp-block-media-text__media\"><a href=\"https:\/\/www.vut.cz\/\"><img loading=\"lazy\" decoding=\"async\" width=\"1024\" height=\"476\" src=\"https:\/\/new.vyskumnecentrum.sk\/wp-content\/uploads\/2024\/01\/brno-university-of-technology-logo_EN.png\" alt=\"\" class=\"wp-image-1023 size-full\" srcset=\"\" sizes=\"auto, (max-width: 1024px) 100vw, 1024px\" data-srcset=\"\" \/><\/a><\/figure><div class=\"wp-block-media-text__content\">\n<p style=\"font-size:22px\"><strong><a href=\"https:\/\/www.vut.cz\/\" data-type=\"link\" data-id=\"https:\/\/www.vut.cz\/\">Brno University of Technology<\/a><\/strong><\/p>\n\n\n\n<p style=\"font-size:18px\"><em>Czech Republic<\/em><\/p>\n<\/div><\/div>\n\n\n\n<div class=\"wp-block-media-text is-stacked-on-mobile\" style=\"grid-template-columns:35% auto\"><figure class=\"wp-block-media-text__media\"><a href=\"https:\/\/www.vut.cz\/\"><img loading=\"lazy\" decoding=\"async\" width=\"309\" height=\"145\" src=\"https:\/\/vyskumnecentrum.sk\/wp-content\/uploads\/2024\/05\/VSB-TUO.jpg\" alt=\"\" class=\"wp-image-1305 size-full\" srcset=\"https:\/\/vyskumnecentrum.sk\/wp-content\/uploads\/2024\/05\/VSB-TUO.jpg 309w, https:\/\/vyskumnecentrum.sk\/wp-content\/uploads\/2024\/05\/VSB-TUO-300x141.jpg 300w, https:\/\/vyskumnecentrum.sk\/wp-content\/uploads\/2024\/05\/VSB-TUO-50x23.jpg 50w, https:\/\/vyskumnecentrum.sk\/wp-content\/uploads\/2024\/05\/VSB-TUO-18x8.jpg 18w\" sizes=\"auto, (max-width: 309px) 100vw, 309px\" \/><\/a><\/figure><div class=\"wp-block-media-text__content\">\n<p style=\"font-size:22px\"><strong><a href=\"https:\/\/www.vsb.cz\/en\" data-type=\"link\" data-id=\"https:\/\/www.vsb.cz\/cs\/\">VSB - Technical University of Ostrava<\/a><\/strong><\/p>\n\n\n\n<p style=\"font-size:18px\"><em>Czech Republic<\/em><\/p>\n<\/div><\/div>\n\n\n\n<div style=\"height:30px\" aria-hidden=\"true\" class=\"wp-block-spacer\"><\/div>\n\n\n\n<hr class=\"wp-block-separator has-text-color has-dark-yellow-color has-alpha-channel-opacity has-dark-yellow-background-color has-background is-style-wide\"\/>\n\n\n\n<p class=\"has-black-color has-text-color\" style=\"font-size:35px\"><strong>Cooperation with industry<\/strong><\/p>\n\n\n\n<div class=\"wp-block-media-text is-stacked-on-mobile\" style=\"grid-template-columns:35% auto\"><figure class=\"wp-block-media-text__media\"><img loading=\"lazy\" decoding=\"async\" width=\"676\" height=\"289\" src=\"https:\/\/new.vyskumnecentrum.sk\/wp-content\/uploads\/2024\/01\/danfoss.jpg\" alt=\"\" class=\"wp-image-1027 size-full\" srcset=\"https:\/\/vyskumnecentrum.sk\/wp-content\/uploads\/2024\/01\/danfoss.jpg 676w, https:\/\/vyskumnecentrum.sk\/wp-content\/uploads\/2024\/01\/danfoss-300x128.jpg 300w, https:\/\/vyskumnecentrum.sk\/wp-content\/uploads\/2024\/01\/danfoss-50x21.jpg 50w, https:\/\/vyskumnecentrum.sk\/wp-content\/uploads\/2024\/01\/danfoss-18x8.jpg 18w\" sizes=\"auto, (max-width: 676px) 100vw, 676px\" \/><\/figure><div class=\"wp-block-media-text__content\">\n<p class=\"has-black-color has-text-color\" style=\"font-size:22px\"><strong>Danfoss Power Solutions, a. s.<\/strong><\/p>\n<\/div><\/div>\n\n\n\n<div style=\"height:25px\" aria-hidden=\"true\" class=\"wp-block-spacer\"><\/div>\n\n\n\n<div class=\"wp-block-media-text is-stacked-on-mobile\" style=\"grid-template-columns:35% auto\"><figure class=\"wp-block-media-text__media\"><img loading=\"lazy\" decoding=\"async\" width=\"879\" height=\"256\" src=\"https:\/\/new.vyskumnecentrum.sk\/wp-content\/uploads\/2024\/01\/at_crystals.jpg\" alt=\"\" class=\"wp-image-1032 size-full\" srcset=\"https:\/\/vyskumnecentrum.sk\/wp-content\/uploads\/2024\/01\/at_crystals.jpg 879w, https:\/\/vyskumnecentrum.sk\/wp-content\/uploads\/2024\/01\/at_crystals-300x87.jpg 300w, https:\/\/vyskumnecentrum.sk\/wp-content\/uploads\/2024\/01\/at_crystals-768x224.jpg 768w, https:\/\/vyskumnecentrum.sk\/wp-content\/uploads\/2024\/01\/at_crystals-50x15.jpg 50w, https:\/\/vyskumnecentrum.sk\/wp-content\/uploads\/2024\/01\/at_crystals-18x5.jpg 18w\" sizes=\"auto, (max-width: 879px) 100vw, 879px\" \/><\/figure><div class=\"wp-block-media-text__content\">\n<p class=\"has-black-color has-text-color\" style=\"font-size:22px\"><strong>AT Crystals, s. r. o.<\/strong><\/p>\n<\/div><\/div>\n\n\n\n<div style=\"height:25px\" aria-hidden=\"true\" class=\"wp-block-spacer\"><\/div>\n\n\n\n<div class=\"wp-block-media-text is-stacked-on-mobile\" style=\"grid-template-columns:35% auto\"><figure class=\"wp-block-media-text__media\"><img loading=\"lazy\" decoding=\"async\" width=\"765\" height=\"169\" src=\"https:\/\/new.vyskumnecentrum.sk\/wp-content\/uploads\/2024\/01\/ipesoft.jpg\" alt=\"\" class=\"wp-image-1033 size-full\" srcset=\"https:\/\/vyskumnecentrum.sk\/wp-content\/uploads\/2024\/01\/ipesoft.jpg 765w, https:\/\/vyskumnecentrum.sk\/wp-content\/uploads\/2024\/01\/ipesoft-300x66.jpg 300w, https:\/\/vyskumnecentrum.sk\/wp-content\/uploads\/2024\/01\/ipesoft-50x11.jpg 50w, https:\/\/vyskumnecentrum.sk\/wp-content\/uploads\/2024\/01\/ipesoft-18x4.jpg 18w\" sizes=\"auto, (max-width: 765px) 100vw, 765px\" \/><\/figure><div class=\"wp-block-media-text__content\">\n<p class=\"has-black-color has-text-color\" style=\"font-size:22px\"><strong>IPESOFT, s. r. o.<\/strong><\/p>\n<\/div><\/div>\n\n\n\n<div style=\"height:25px\" aria-hidden=\"true\" class=\"wp-block-spacer\"><\/div>\n\n\n\n<div class=\"wp-block-media-text is-stacked-on-mobile\" style=\"grid-template-columns:35% auto\"><figure class=\"wp-block-media-text__media\"><img loading=\"lazy\" decoding=\"async\" width=\"487\" height=\"334\" src=\"https:\/\/new.vyskumnecentrum.sk\/wp-content\/uploads\/2024\/01\/thyssenkrupp.jpg\" alt=\"\" class=\"wp-image-1034 size-full\" srcset=\"https:\/\/vyskumnecentrum.sk\/wp-content\/uploads\/2024\/01\/thyssenkrupp.jpg 487w, https:\/\/vyskumnecentrum.sk\/wp-content\/uploads\/2024\/01\/thyssenkrupp-300x206.jpg 300w, https:\/\/vyskumnecentrum.sk\/wp-content\/uploads\/2024\/01\/thyssenkrupp-50x34.jpg 50w, https:\/\/vyskumnecentrum.sk\/wp-content\/uploads\/2024\/01\/thyssenkrupp-18x12.jpg 18w\" sizes=\"auto, (max-width: 487px) 100vw, 487px\" \/><\/figure><div class=\"wp-block-media-text__content\">\n<p class=\"has-black-color has-text-color\" style=\"font-size:22px\"><strong>thyssenkrupp rothe erde Slovakia, a. s.<\/strong><\/p>\n<\/div><\/div>\n\n\n\n<div style=\"height:25px\" aria-hidden=\"true\" class=\"wp-block-spacer\"><\/div>\n\n\n\n<div class=\"wp-block-media-text is-stacked-on-mobile\" style=\"grid-template-columns:33% auto\"><figure class=\"wp-block-media-text__media\"><img loading=\"lazy\" decoding=\"async\" width=\"663\" height=\"324\" src=\"https:\/\/new.vyskumnecentrum.sk\/wp-content\/uploads\/2024\/01\/tripal-1.jpg\" alt=\"\" class=\"wp-image-1035 size-full\" srcset=\"https:\/\/vyskumnecentrum.sk\/wp-content\/uploads\/2024\/01\/tripal-1.jpg 663w, https:\/\/vyskumnecentrum.sk\/wp-content\/uploads\/2024\/01\/tripal-1-300x147.jpg 300w, https:\/\/vyskumnecentrum.sk\/wp-content\/uploads\/2024\/01\/tripal-1-50x24.jpg 50w, https:\/\/vyskumnecentrum.sk\/wp-content\/uploads\/2024\/01\/tripal-1-18x9.jpg 18w\" sizes=\"auto, (max-width: 663px) 100vw, 663px\" \/><\/figure><div class=\"wp-block-media-text__content\">\n<p class=\"has-black-color has-text-color\" style=\"font-size:22px\"><strong>Tripal, s. r. o.<\/strong><\/p>\n<\/div><\/div>\n\n\n\n<div style=\"height:25px\" aria-hidden=\"true\" class=\"wp-block-spacer\"><\/div>\n\n\n\n<div class=\"wp-block-media-text is-stacked-on-mobile\" style=\"grid-template-columns:35% auto\"><figure class=\"wp-block-media-text__media\"><img loading=\"lazy\" decoding=\"async\" width=\"919\" height=\"318\" src=\"https:\/\/new.vyskumnecentrum.sk\/wp-content\/uploads\/2024\/01\/TNtech.jpg\" alt=\"\" class=\"wp-image-1038 size-full\" srcset=\"https:\/\/vyskumnecentrum.sk\/wp-content\/uploads\/2024\/01\/TNtech.jpg 919w, https:\/\/vyskumnecentrum.sk\/wp-content\/uploads\/2024\/01\/TNtech-300x104.jpg 300w, https:\/\/vyskumnecentrum.sk\/wp-content\/uploads\/2024\/01\/TNtech-768x266.jpg 768w, https:\/\/vyskumnecentrum.sk\/wp-content\/uploads\/2024\/01\/TNtech-50x17.jpg 50w, https:\/\/vyskumnecentrum.sk\/wp-content\/uploads\/2024\/01\/TNtech-18x6.jpg 18w\" sizes=\"auto, (max-width: 919px) 100vw, 919px\" \/><\/figure><div class=\"wp-block-media-text__content\">\n<p class=\"has-black-color has-text-color\" style=\"font-size:22px\"><strong>TNtech, s. r. o.<\/strong><\/p>\n<\/div><\/div>","protected":false},"excerpt":{"rendered":"<p>Spolupr\u00e1ca s akademick\u00fdm sektorom \u00dastav fyziky materi\u00e1l\u016f AV \u010cR, v.&nbsp;v.&nbsp;i. \u010cesk\u00e1 republika Politechnika Cz\u0119stochowska Po\u013esk\u00e1 republika Politechnika \u015al\u0105ska Po\u013esk\u00e1 republika Politecnico di Milano Talianska republika Slovensk\u00e1 technick\u00e1 univerzita v&nbsp;Bratislave Slovensk\u00e1<\/p>\n<p class=\"more-link\"><a href=\"https:\/\/vyskumnecentrum.sk\/en\/vyskum\/spolupraca\/\" class=\"readmore\">Continue reading<span class=\"screen-reader-text\">Cooperation<\/span><\/a><\/p>","protected":false},"author":1,"featured_media":0,"parent":410,"menu_order":0,"comment_status":"closed","ping_status":"closed","template":"","meta":{"footnotes":""},"class_list":["post-481","page","type-page","status-publish","hentry"],"_links":{"self":[{"href":"https:\/\/vyskumnecentrum.sk\/en\/wp-json\/wp\/v2\/pages\/481","targetHints":{"allow":["GET"]}}],"collection":[{"href":"https:\/\/vyskumnecentrum.sk\/en\/wp-json\/wp\/v2\/pages"}],"about":[{"href":"https:\/\/vyskumnecentrum.sk\/en\/wp-json\/wp\/v2\/types\/page"}],"author":[{"embeddable":true,"href":"https:\/\/vyskumnecentrum.sk\/en\/wp-json\/wp\/v2\/users\/1"}],"replies":[{"embeddable":true,"href":"https:\/\/vyskumnecentrum.sk\/en\/wp-json\/wp\/v2\/comments?post=481"}],"version-history":[{"count":27,"href":"https:\/\/vyskumnecentrum.sk\/en\/wp-json\/wp\/v2\/pages\/481\/revisions"}],"predecessor-version":[{"id":1441,"href":"https:\/\/vyskumnecentrum.sk\/en\/wp-json\/wp\/v2\/pages\/481\/revisions\/1441"}],"up":[{"embeddable":true,"href":"https:\/\/vyskumnecentrum.sk\/en\/wp-json\/wp\/v2\/pages\/410"}],"wp:attachment":[{"href":"https:\/\/vyskumnecentrum.sk\/en\/wp-json\/wp\/v2\/media?parent=481"}],"curies":[{"name":"wp","href":"https:\/\/api.w.org\/{rel}","templated":true}]}}