{"id":53,"date":"2022-01-31T17:25:16","date_gmt":"2022-01-31T17:25:16","guid":{"rendered":"https:\/\/new.vyskumnecentrum.sk\/?page_id=53"},"modified":"2024-01-25T07:36:52","modified_gmt":"2024-01-25T07:36:52","slug":"oddelenia","status":"publish","type":"page","link":"https:\/\/vyskumnecentrum.sk\/en\/oddelenia\/","title":{"rendered":"Departments"},"content":{"rendered":"<div class=\"wp-block-media-text is-stacked-on-mobile\" style=\"grid-template-columns:25% auto\"><figure class=\"wp-block-media-text__media\"><a href=\"https:\/\/vyskumnecentrum.sk\/en\/oddelenia\/oddelenie-materialovych-vied\/\"><img loading=\"lazy\" decoding=\"async\" width=\"640\" height=\"427\" src=\"https:\/\/new.vyskumnecentrum.sk\/wp-content\/uploads\/2023\/11\/thisisengineering-raeng-rJWUwl16QY0-unsplash_crop_low_res.jpg\" alt=\"\" class=\"wp-image-567 size-medium\" srcset=\"https:\/\/vyskumnecentrum.sk\/wp-content\/uploads\/2023\/11\/thisisengineering-raeng-rJWUwl16QY0-unsplash_crop_low_res.jpg 640w, https:\/\/vyskumnecentrum.sk\/wp-content\/uploads\/2023\/11\/thisisengineering-raeng-rJWUwl16QY0-unsplash_crop_low_res-300x200.jpg 300w, https:\/\/vyskumnecentrum.sk\/wp-content\/uploads\/2023\/11\/thisisengineering-raeng-rJWUwl16QY0-unsplash_crop_low_res-50x33.jpg 50w, https:\/\/vyskumnecentrum.sk\/wp-content\/uploads\/2023\/11\/thisisengineering-raeng-rJWUwl16QY0-unsplash_crop_low_res-18x12.jpg 18w\" sizes=\"auto, (max-width: 640px) 100vw, 640px\" \/><\/a><\/figure><div class=\"wp-block-media-text__content\">\n<p style=\"font-size:25px\"><a href=\"https:\/\/vyskumnecentrum.sk\/en\/oddelenia\/oddelenie-materialovych-vied\/\" data-type=\"link\" data-id=\"https:\/\/vyskumnecentrum.sk\/oddelenia\/oddelenie-materialovych-vied\/\">Department of Materials Sciences<\/a><\/p>\n<\/div><\/div>\n\n\n\n<div class=\"wp-block-media-text is-stacked-on-mobile\" style=\"grid-template-columns:25% auto\"><figure class=\"wp-block-media-text__media\"><a href=\"https:\/\/vyskumnecentrum.sk\/en\/oddelenia\/oddelenie-senzorickych-systemov\/\"><img loading=\"lazy\" decoding=\"async\" width=\"640\" height=\"427\" src=\"https:\/\/new.vyskumnecentrum.sk\/wp-content\/uploads\/2023\/11\/GG2-9-copy_low_res.jpg\" alt=\"\" class=\"wp-image-563 size-medium\" srcset=\"https:\/\/vyskumnecentrum.sk\/wp-content\/uploads\/2023\/11\/GG2-9-copy_low_res.jpg 640w, https:\/\/vyskumnecentrum.sk\/wp-content\/uploads\/2023\/11\/GG2-9-copy_low_res-300x200.jpg 300w, https:\/\/vyskumnecentrum.sk\/wp-content\/uploads\/2023\/11\/GG2-9-copy_low_res-50x33.jpg 50w, https:\/\/vyskumnecentrum.sk\/wp-content\/uploads\/2023\/11\/GG2-9-copy_low_res-18x12.jpg 18w\" sizes=\"auto, (max-width: 640px) 100vw, 640px\" \/><\/a><\/figure><div class=\"wp-block-media-text__content\">\n<p style=\"font-size:25px\"><a href=\"https:\/\/vyskumnecentrum.sk\/en\/oddelenia\/oddelenie-senzorickych-systemov\/\" data-type=\"link\" data-id=\"https:\/\/vyskumnecentrum.sk\/oddelenia\/oddelenie-senzorickych-systemov\/\">Department of Sensor Systems<\/a><\/p>\n<\/div><\/div>\n\n\n\n<div class=\"wp-block-media-text is-stacked-on-mobile\" style=\"grid-template-columns:25% auto\"><figure class=\"wp-block-media-text__media\"><a href=\"https:\/\/vyskumnecentrum.sk\/en\/oddelenia\/oddelenie-obnovitelnych-zdrojov-energii\/\"><img loading=\"lazy\" decoding=\"async\" width=\"1024\" height=\"683\" src=\"https:\/\/new.vyskumnecentrum.sk\/wp-content\/uploads\/2023\/11\/nicholas-doherty-pONBhDyOFoM-unsplas-crop-1024x683.jpg\" alt=\"\" class=\"wp-image-568 size-medium\" srcset=\"https:\/\/vyskumnecentrum.sk\/wp-content\/uploads\/2023\/11\/nicholas-doherty-pONBhDyOFoM-unsplas-crop-1024x683.jpg 1024w, https:\/\/vyskumnecentrum.sk\/wp-content\/uploads\/2023\/11\/nicholas-doherty-pONBhDyOFoM-unsplas-crop-300x200.jpg 300w, https:\/\/vyskumnecentrum.sk\/wp-content\/uploads\/2023\/11\/nicholas-doherty-pONBhDyOFoM-unsplas-crop-768x512.jpg 768w, https:\/\/vyskumnecentrum.sk\/wp-content\/uploads\/2023\/11\/nicholas-doherty-pONBhDyOFoM-unsplas-crop-50x33.jpg 50w, https:\/\/vyskumnecentrum.sk\/wp-content\/uploads\/2023\/11\/nicholas-doherty-pONBhDyOFoM-unsplas-crop-1600x1067.jpg 1600w, https:\/\/vyskumnecentrum.sk\/wp-content\/uploads\/2023\/11\/nicholas-doherty-pONBhDyOFoM-unsplas-crop-1536x1024.jpg 1536w, https:\/\/vyskumnecentrum.sk\/wp-content\/uploads\/2023\/11\/nicholas-doherty-pONBhDyOFoM-unsplas-crop-2048x1366.jpg 2048w, https:\/\/vyskumnecentrum.sk\/wp-content\/uploads\/2023\/11\/nicholas-doherty-pONBhDyOFoM-unsplas-crop-18x12.jpg 18w\" sizes=\"auto, (max-width: 1024px) 100vw, 1024px\" \/><\/a><\/figure><div class=\"wp-block-media-text__content\">\n<p style=\"font-size:25px\"><a href=\"https:\/\/vyskumnecentrum.sk\/en\/oddelenia\/oddelenie-obnovitelnych-zdrojov-energii\/\" data-type=\"link\" data-id=\"https:\/\/vyskumnecentrum.sk\/oddelenia\/oddelenie-obnovitelnych-zdrojov-energii\/\">Department of Renewable Energy Sources<\/a><\/p>\n<\/div><\/div>\n\n\n\n<div class=\"wp-block-media-text is-stacked-on-mobile\" style=\"grid-template-columns:25% auto\"><figure class=\"wp-block-media-text__media\"><a href=\"https:\/\/vyskumnecentrum.sk\/en\/oddelenia\/vedecky-inkubator\/\"><img loading=\"lazy\" decoding=\"async\" width=\"640\" height=\"427\" src=\"https:\/\/new.vyskumnecentrum.sk\/wp-content\/uploads\/2023\/11\/vedrana-filipovic-jxqTaXF5WmY-unsplash_low_res.jpg\" alt=\"\" class=\"wp-image-570 size-medium\" srcset=\"https:\/\/vyskumnecentrum.sk\/wp-content\/uploads\/2023\/11\/vedrana-filipovic-jxqTaXF5WmY-unsplash_low_res.jpg 640w, https:\/\/vyskumnecentrum.sk\/wp-content\/uploads\/2023\/11\/vedrana-filipovic-jxqTaXF5WmY-unsplash_low_res-300x200.jpg 300w, https:\/\/vyskumnecentrum.sk\/wp-content\/uploads\/2023\/11\/vedrana-filipovic-jxqTaXF5WmY-unsplash_low_res-50x33.jpg 50w, https:\/\/vyskumnecentrum.sk\/wp-content\/uploads\/2023\/11\/vedrana-filipovic-jxqTaXF5WmY-unsplash_low_res-18x12.jpg 18w\" sizes=\"auto, (max-width: 640px) 100vw, 640px\" \/><\/a><\/figure><div class=\"wp-block-media-text__content\">\n<p style=\"font-size:25px\"><a href=\"https:\/\/vyskumnecentrum.sk\/en\/oddelenia\/vedecky-inkubator\/\" data-type=\"link\" data-id=\"https:\/\/vyskumnecentrum.sk\/oddelenia\/vedecky-inkubator\/\">Scientific Incubator<\/a><\/p>\n<\/div><\/div>","protected":false},"excerpt":{"rendered":"<p>Oddelenie materi\u00e1lov\u00fdch vied Oddelenie senzorick\u00fdch syst\u00e9mov Oddelenie obnovite\u013en\u00fdch zdrojov energi\u00ed Vedeck\u00fd inkub\u00e1tor<\/p>","protected":false},"author":1,"featured_media":0,"parent":0,"menu_order":2,"comment_status":"closed","ping_status":"closed","template":"templates\/no-sidebar.php","meta":{"footnotes":""},"class_list":["post-53","page","type-page","status-publish","hentry"],"_links":{"self":[{"href":"https:\/\/vyskumnecentrum.sk\/en\/wp-json\/wp\/v2\/pages\/53","targetHints":{"allow":["GET"]}}],"collection":[{"href":"https:\/\/vyskumnecentrum.sk\/en\/wp-json\/wp\/v2\/pages"}],"about":[{"href":"https:\/\/vyskumnecentrum.sk\/en\/wp-json\/wp\/v2\/types\/page"}],"author":[{"embeddable":true,"href":"https:\/\/vyskumnecentrum.sk\/en\/wp-json\/wp\/v2\/users\/1"}],"replies":[{"embeddable":true,"href":"https:\/\/vyskumnecentrum.sk\/en\/wp-json\/wp\/v2\/comments?post=53"}],"version-history":[{"count":23,"href":"https:\/\/vyskumnecentrum.sk\/en\/wp-json\/wp\/v2\/pages\/53\/revisions"}],"predecessor-version":[{"id":1116,"href":"https:\/\/vyskumnecentrum.sk\/en\/wp-json\/wp\/v2\/pages\/53\/revisions\/1116"}],"wp:attachment":[{"href":"https:\/\/vyskumnecentrum.sk\/en\/wp-json\/wp\/v2\/media?parent=53"}],"curies":[{"name":"wp","href":"https:\/\/api.w.org\/{rel}","templated":true}]}}