{"id":565,"date":"2026-01-15T07:33:07","date_gmt":"2026-01-15T07:33:07","guid":{"rendered":"https:\/\/new.vyskumnecentrum.sk\/?page_id=565"},"modified":"2026-01-16T08:10:05","modified_gmt":"2026-01-16T08:10:05","slug":"filip-pastorek","status":"publish","type":"page","link":"https:\/\/vyskumnecentrum.sk\/en\/o_nas\/zoznam-zamestnancov\/filip-pastorek\/","title":{"rendered":"Filip Pastorek"},"content":{"rendered":"<figure class=\"wp-block-image size-large\"><img loading=\"lazy\" decoding=\"async\" width=\"1024\" height=\"393\" src=\"https:\/\/vyskumnecentrum.sk\/wp-content\/uploads\/2026\/01\/FP-EN.png\" alt=\"\" class=\"wp-image-2117\" srcset=\"https:\/\/vyskumnecentrum.sk\/wp-content\/uploads\/2026\/01\/FP-EN.png 1664w, https:\/\/vyskumnecentrum.sk\/wp-content\/uploads\/2026\/01\/FP-EN-300x115.png 300w, https:\/\/vyskumnecentrum.sk\/wp-content\/uploads\/2026\/01\/FP-EN-1024x394.png 1024w, https:\/\/vyskumnecentrum.sk\/wp-content\/uploads\/2026\/01\/FP-EN-768x295.png 768w, https:\/\/vyskumnecentrum.sk\/wp-content\/uploads\/2026\/01\/FP-EN-50x19.png 50w, https:\/\/vyskumnecentrum.sk\/wp-content\/uploads\/2026\/01\/FP-EN-1600x615.png 1600w, https:\/\/vyskumnecentrum.sk\/wp-content\/uploads\/2026\/01\/FP-EN-1536x591.png 1536w, https:\/\/vyskumnecentrum.sk\/wp-content\/uploads\/2026\/01\/FP-EN-18x7.png 18w\" sizes=\"auto, (max-width: 1024px) 100vw, 1024px\" \/><\/figure>\n\n\n\n<div class=\"wp-block-columns is-layout-flex wp-container-core-columns-is-layout-9d6595d7 wp-block-columns-is-layout-flex\">\n<div class=\"wp-block-column is-layout-flow wp-block-column-is-layout-flow\">\n<div class=\"wp-block-media-text is-stacked-on-mobile\" style=\"grid-template-columns:15% auto\"><figure class=\"wp-block-media-text__media\"><img loading=\"lazy\" decoding=\"async\" width=\"55\" height=\"55\" src=\"https:\/\/vyskumnecentrum.sk\/wp-content\/uploads\/2025\/08\/LC_.png\" alt=\"\" class=\"wp-image-1804 size-full\" srcset=\"https:\/\/vyskumnecentrum.sk\/wp-content\/uploads\/2025\/08\/LC_.png 55w, https:\/\/vyskumnecentrum.sk\/wp-content\/uploads\/2025\/08\/LC_-50x50.png 50w, https:\/\/vyskumnecentrum.sk\/wp-content\/uploads\/2025\/08\/LC_-12x12.png 12w\" sizes=\"auto, (max-width: 55px) 100vw, 55px\" \/><\/figure><div class=\"wp-block-media-text__content\">\n<p>VC 4.19<\/p>\n<\/div><\/div>\n\n\n\n<div class=\"wp-block-media-text is-stacked-on-mobile\" style=\"grid-template-columns:15% auto\"><figure class=\"wp-block-media-text__media\"><img loading=\"lazy\" decoding=\"async\" width=\"55\" height=\"55\" src=\"https:\/\/vyskumnecentrum.sk\/wp-content\/uploads\/2025\/08\/ML.png\" alt=\"\" class=\"wp-image-1803 size-full\" srcset=\"https:\/\/vyskumnecentrum.sk\/wp-content\/uploads\/2025\/08\/ML.png 55w, https:\/\/vyskumnecentrum.sk\/wp-content\/uploads\/2025\/08\/ML-50x50.png 50w, https:\/\/vyskumnecentrum.sk\/wp-content\/uploads\/2025\/08\/ML-12x12.png 12w\" sizes=\"auto, (max-width: 55px) 100vw, 55px\" \/><\/figure><div class=\"wp-block-media-text__content\">\n<p>filip.pastorek@uniza.sk<\/p>\n<\/div><\/div>\n<\/div>\n\n\n\n<div class=\"wp-block-column is-layout-flow wp-block-column-is-layout-flow\">\n<div class=\"wp-block-media-text is-stacked-on-mobile\" style=\"grid-template-columns:15% auto\"><figure class=\"wp-block-media-text__media\"><img loading=\"lazy\" decoding=\"async\" width=\"55\" height=\"55\" src=\"https:\/\/vyskumnecentrum.sk\/wp-content\/uploads\/2025\/08\/PH.png\" alt=\"\" class=\"wp-image-1802 size-full\" srcset=\"https:\/\/vyskumnecentrum.sk\/wp-content\/uploads\/2025\/08\/PH.png 55w, https:\/\/vyskumnecentrum.sk\/wp-content\/uploads\/2025\/08\/PH-50x50.png 50w, https:\/\/vyskumnecentrum.sk\/wp-content\/uploads\/2025\/08\/PH-12x12.png 12w\" sizes=\"auto, (max-width: 55px) 100vw, 55px\" \/><\/figure><div class=\"wp-block-media-text__content\">\n<p>+421 41 513 7604<\/p>\n<\/div><\/div>\n\n\n\n<div class=\"wp-block-media-text is-stacked-on-mobile\" style=\"grid-template-columns:15% auto\"><figure class=\"wp-block-media-text__media\"><img loading=\"lazy\" decoding=\"async\" width=\"55\" height=\"55\" src=\"https:\/\/vyskumnecentrum.sk\/wp-content\/uploads\/2026\/01\/WoS.png\" alt=\"\" class=\"wp-image-2081 size-full\" srcset=\"https:\/\/vyskumnecentrum.sk\/wp-content\/uploads\/2026\/01\/WoS.png 55w, https:\/\/vyskumnecentrum.sk\/wp-content\/uploads\/2026\/01\/WoS-50x50.png 50w, https:\/\/vyskumnecentrum.sk\/wp-content\/uploads\/2026\/01\/WoS-12x12.png 12w\" sizes=\"auto, (max-width: 55px) 100vw, 55px\" \/><\/figure><div class=\"wp-block-media-text__content\">\n<p><a href=\"https:\/\/www.webofscience.com\/wos\/author\/record\/1942256\">AAD-9196-2020<\/a><\/p>\n<\/div><\/div>\n<\/div>\n<\/div>\n\n\n\n<figure class=\"wp-block-image size-large\"><img loading=\"lazy\" decoding=\"async\" width=\"1024\" height=\"254\" src=\"https:\/\/vyskumnecentrum.sk\/wp-content\/uploads\/2026\/01\/Hardy_EN.png\" alt=\"\" class=\"wp-image-2118\" srcset=\"https:\/\/vyskumnecentrum.sk\/wp-content\/uploads\/2026\/01\/Hardy_EN.png 1518w, https:\/\/vyskumnecentrum.sk\/wp-content\/uploads\/2026\/01\/Hardy_EN-300x78.png 300w, https:\/\/vyskumnecentrum.sk\/wp-content\/uploads\/2026\/01\/Hardy_EN-1024x266.png 1024w, https:\/\/vyskumnecentrum.sk\/wp-content\/uploads\/2026\/01\/Hardy_EN-768x199.png 768w, https:\/\/vyskumnecentrum.sk\/wp-content\/uploads\/2026\/01\/Hardy_EN-50x13.png 50w, https:\/\/vyskumnecentrum.sk\/wp-content\/uploads\/2026\/01\/Hardy_EN-18x5.png 18w\" sizes=\"auto, (max-width: 1024px) 100vw, 1024px\" \/><\/figure>\n\n\n\n<hr class=\"wp-block-separator aligncenter has-text-color has-alpha-channel-opacity has-background is-style-wide\" style=\"background-color:#104862;color:#104862\"\/>\n\n\n\n<p class=\"has-text-color has-link-color wp-elements-48e1c4115c7a3f277cba2cd8bb2a8e6e\" id=\"block-c11916b7-7824-4533-9653-7e051c366857\" style=\"color:#104862;font-size:25px\"><strong>Profile<\/strong><\/p>\n\n\n\n<p id=\"block-0fb5e34c-77d2-430d-81f8-c9c0566cf672\" style=\"font-size:18px\"><strong>Ing. Filip Pastorek, PhD.<\/strong> completed his doctoral studies under the supervision of Prof. Branislav Hadzima at the Faculty of Mechanical Engineering of the University of \u017dilina in 2014. During his doctoral studies, he spent a research stay at the Clausthal University of Technology (Germany). After completing his doctorate, he worked in an international company specialising in corrosion protection and surface treatment techniques for metals as a production manager and corrosion specialist. From 2016, he worked at the Research centre UNIZA as a researcher for 5 years. In April 2021, he became a director of this institution. In 2019, he received the scientific qualification grade \u201cIIa\u201d from the SAV Commission for Assessment of Scientific Qualification. His scientific contributions were honoured with the Science and Technology Award for 2020 in the category of Personality of Science and Technology under 35 years of age, awarded by the Ministry of Education, Science, Research and Sport of the Slovak Republic.<\/p>\n\n\n\n<p id=\"block-ca3b9cef-3aef-43af-971e-bed30671ecfd\" style=\"font-size:18px\">His current research activities focus on the corrosion and surface treatment of metallic materials, in particular magnesium alloys for industrial and biomedical applications, in active collaboration with renowned universities in Italy, Germany and the Czech Republic.<\/p>\n\n\n\n<hr class=\"wp-block-separator aligncenter has-text-color has-alpha-channel-opacity has-background is-style-wide\" style=\"background-color:#104862;color:#104862\"\/>\n\n\n\n<p class=\"has-text-color has-link-color wp-elements-f13432340543b1d5f5f676496fb175af\" style=\"color:#104862;font-size:25px\"><strong>Research areas<\/strong><\/p>\n\n\n\n<figure class=\"wp-block-image size-full\"><img loading=\"lazy\" decoding=\"async\" width=\"913\" height=\"392\" src=\"https:\/\/vyskumnecentrum.sk\/wp-content\/uploads\/2026\/01\/Research_interests_EN.png\" alt=\"\" class=\"wp-image-1831\" srcset=\"https:\/\/vyskumnecentrum.sk\/wp-content\/uploads\/2026\/01\/Research_interests_EN.png 1447w, https:\/\/vyskumnecentrum.sk\/wp-content\/uploads\/2026\/01\/Research_interests_EN-300x130.png 300w, https:\/\/vyskumnecentrum.sk\/wp-content\/uploads\/2026\/01\/Research_interests_EN-1024x442.png 1024w, https:\/\/vyskumnecentrum.sk\/wp-content\/uploads\/2026\/01\/Research_interests_EN-768x332.png 768w, https:\/\/vyskumnecentrum.sk\/wp-content\/uploads\/2026\/01\/Research_interests_EN-50x22.png 50w, https:\/\/vyskumnecentrum.sk\/wp-content\/uploads\/2026\/01\/Research_interests_EN-18x8.png 18w\" sizes=\"auto, (max-width: 913px) 100vw, 913px\" \/><\/figure>\n\n\n\n<hr class=\"wp-block-separator aligncenter has-text-color has-alpha-channel-opacity has-background is-style-wide\" style=\"background-color:#104862;color:#104862\"\/>\n\n\n\n<p class=\"has-text-color has-link-color wp-elements-1d6700734648a5e5c37b885c595789bd\" style=\"color:#104862;font-size:25px\"><strong>Awards<\/strong><\/p>\n\n\n\n<div class=\"wp-block-media-text has-media-on-the-right is-stacked-on-mobile\" style=\"grid-template-columns:auto 49%\"><div class=\"wp-block-media-text__content\">\n<ul class=\"wp-block-list\">\n<li style=\"font-size:16px\"><strong>Science and Technology Award for 2020 in the category: Personality of Science and Technology under 35 years of age<\/strong>, awarded by the Ministry of Education, Science, Research and Sport of the Slovak Republic.<\/li>\n\n\n\n<li style=\"font-size:16px\"><strong>Prize of the Rector of the University of \u017dilina for 2019 <\/strong>udelen\u00e1 rektorom \u017dU v&nbsp;\u017diline.<\/li>\n<\/ul>\n<\/div><figure class=\"wp-block-media-text__media\"><img loading=\"lazy\" decoding=\"async\" width=\"794\" height=\"530\" src=\"https:\/\/vyskumnecentrum.sk\/wp-content\/uploads\/2026\/01\/FP_award.png\" alt=\"\" class=\"wp-image-2119 size-full\" srcset=\"https:\/\/vyskumnecentrum.sk\/wp-content\/uploads\/2026\/01\/FP_award.png 794w, https:\/\/vyskumnecentrum.sk\/wp-content\/uploads\/2026\/01\/FP_award-300x200.png 300w, https:\/\/vyskumnecentrum.sk\/wp-content\/uploads\/2026\/01\/FP_award-768x513.png 768w, https:\/\/vyskumnecentrum.sk\/wp-content\/uploads\/2026\/01\/FP_award-50x33.png 50w, https:\/\/vyskumnecentrum.sk\/wp-content\/uploads\/2026\/01\/FP_award-18x12.png 18w\" sizes=\"auto, (max-width: 794px) 100vw, 794px\" \/><\/figure><\/div>\n\n\n\n<hr class=\"wp-block-separator aligncenter has-text-color has-alpha-channel-opacity has-background is-style-wide\" style=\"background-color:#104862;color:#104862\"\/>\n\n\n\n<p class=\"has-text-color has-link-color wp-elements-73ae17b4ab558943f9e16a09e7b86562\" style=\"color:#104862;font-size:25px\"><strong>International cooperation<\/strong><\/p>\n\n\n\n<div class=\"wp-block-columns is-layout-flex wp-container-core-columns-is-layout-9d6595d7 wp-block-columns-is-layout-flex\">\n<div class=\"wp-block-column is-layout-flow wp-block-column-is-layout-flow\"><div class=\"wp-block-image\">\n<figure class=\"aligncenter size-full is-resized\"><img loading=\"lazy\" decoding=\"async\" width=\"421\" height=\"304\" src=\"https:\/\/vyskumnecentrum.sk\/wp-content\/uploads\/2026\/01\/obrazok-2.png\" alt=\"\" class=\"wp-image-2121\" style=\"width:234px;height:auto\" srcset=\"https:\/\/vyskumnecentrum.sk\/wp-content\/uploads\/2026\/01\/obrazok-2.png 421w, https:\/\/vyskumnecentrum.sk\/wp-content\/uploads\/2026\/01\/obrazok-2-300x217.png 300w, https:\/\/vyskumnecentrum.sk\/wp-content\/uploads\/2026\/01\/obrazok-2-50x36.png 50w, https:\/\/vyskumnecentrum.sk\/wp-content\/uploads\/2026\/01\/obrazok-2-18x12.png 18w\" sizes=\"auto, (max-width: 421px) 100vw, 421px\" \/><\/figure><\/div><\/div>\n\n\n\n<div class=\"wp-block-column is-layout-flow wp-block-column-is-layout-flow\"><div class=\"wp-block-image\">\n<figure class=\"aligncenter size-full is-resized\"><img loading=\"lazy\" decoding=\"async\" width=\"438\" height=\"318\" src=\"https:\/\/vyskumnecentrum.sk\/wp-content\/uploads\/2026\/01\/obrazok-4.png\" alt=\"\" class=\"wp-image-2124\" style=\"width:234px\" srcset=\"https:\/\/vyskumnecentrum.sk\/wp-content\/uploads\/2026\/01\/obrazok-4.png 438w, https:\/\/vyskumnecentrum.sk\/wp-content\/uploads\/2026\/01\/obrazok-4-300x218.png 300w, https:\/\/vyskumnecentrum.sk\/wp-content\/uploads\/2026\/01\/obrazok-4-50x36.png 50w, https:\/\/vyskumnecentrum.sk\/wp-content\/uploads\/2026\/01\/obrazok-4-18x12.png 18w\" sizes=\"auto, (max-width: 438px) 100vw, 438px\" \/><\/figure><\/div><\/div>\n<\/div>\n\n\n<div class=\"wp-block-image\">\n<figure class=\"aligncenter size-full is-resized\"><img loading=\"lazy\" decoding=\"async\" width=\"514\" height=\"201\" src=\"https:\/\/vyskumnecentrum.sk\/wp-content\/uploads\/2026\/01\/obrazok-3.png\" alt=\"\" class=\"wp-image-2122\" style=\"width:263px;height:auto\" srcset=\"https:\/\/vyskumnecentrum.sk\/wp-content\/uploads\/2026\/01\/obrazok-3.png 514w, https:\/\/vyskumnecentrum.sk\/wp-content\/uploads\/2026\/01\/obrazok-3-300x117.png 300w, https:\/\/vyskumnecentrum.sk\/wp-content\/uploads\/2026\/01\/obrazok-3-50x20.png 50w, https:\/\/vyskumnecentrum.sk\/wp-content\/uploads\/2026\/01\/obrazok-3-18x7.png 18w\" sizes=\"auto, (max-width: 514px) 100vw, 514px\" \/><\/figure><\/div>\n\n\n<hr class=\"wp-block-separator aligncenter has-text-color has-alpha-channel-opacity has-background is-style-wide\" style=\"background-color:#104862;color:#104862\"\/>\n\n\n\n<p class=\"has-text-color has-link-color wp-elements-56ef52550541da05270eb0b60e4340f4\" style=\"color:#104862;font-size:25px\"><strong>Coordinated projects<\/strong><\/p>\n\n\n\n<ul class=\"wp-block-list\">\n<li style=\"font-size:18px\">Research of highly resistant duplex layers based on PEO to increase corrosion protection and application possibilities of ultralight Mg alloys in industrial applications. Science Grant Agency of the Slovak Republic. Project No.1\/0117\/21. 2021-2024.<\/li>\n<\/ul>\n\n\n\n<hr class=\"wp-block-separator aligncenter has-text-color has-alpha-channel-opacity has-background is-style-wide\" style=\"background-color:#104862;color:#104862\"\/>\n\n\n\n<p class=\"has-text-color has-link-color wp-elements-c3377b3ab2a9305c7a8d7a2e38a50bd6\" style=\"color:#104862;font-size:25px\"><strong>Experimental skills<\/strong><\/p>\n\n\n\n<ul class=\"wp-block-list\">\n<li style=\"font-size:18px\">Electrochemical corrosion analyses by BioLogic VSP 300 and SP 300 \u2013 techniques OCP, LP, CPP, EIS, CA, VASP.<\/li>\n\n\n\n<li style=\"font-size:18px\">Expozi\u010dn\u00e9 sk\u00fa\u0161ky v&nbsp;kor\u00f3znej komore V\u00f6tsch VSC KWT 1000 a&nbsp;klimatickej komore V\u00f6tsch VC3.<\/li>\n\n\n\n<li style=\"font-size:18px\">Metallographic preparation and analysis of metal samples.<\/li>\n\n\n\n<li style=\"font-size:18px\">Surface and microstructural analyses by light microscope LEICA DMI8 and stereomicroscopes LEICA M250C and LEICA S9.<\/li>\n\n\n\n<li style=\"font-size:18px\">Surface treatment by pulsed laser P-Laser QF-100.<\/li>\n\n\n\n<li style=\"font-size:18px\">Surface treatment of magnesium alloys for industrial and biomedical applications \u2013 shot peening, plasma electrolytic oxidation, duplex coatings, corrosion inhibitors, conversion coatings.<\/li>\n<\/ul>\n\n\n\n<hr class=\"wp-block-separator aligncenter has-text-color has-alpha-channel-opacity has-background is-style-wide\" style=\"background-color:#104862;color:#104862\"\/>\n\n\n\n<p class=\"has-text-color has-link-color wp-elements-ab4663b434f51b8d47d73fa4461b035c\" style=\"color:#104862;font-size:25px\"><strong>Top 10 publications<\/strong><\/p>\n\n\n\n<ul class=\"wp-block-list\">\n<li style=\"font-size:18px\">Pastorek, F., Hadzima, B., Kaj\u00e1nek, D. <strong>Preparation and corrosion properties of structural materials with refined grain structure<\/strong>. Scientific monograph, 1. ed. Harlow: Pearson, 2019. ISBN 978-1-8396-1054-7.<\/li>\n\n\n\n<li style=\"font-size:18px\">Bagherifard, S., Hickey, D.J., Fintov\u00e1, S., Pastorek, F. et al. <strong>Effects of nanofeatures induced by severe shot peening (SSP) on mechanical, corrosion and cytocompatibility properties of magnesium alloy AZ31<\/strong>. In: Acta Biomaterialia. Oxford: Elsevier, 2018, no. 66, p. 93-108. ISSN 1742-7061.<\/li>\n\n\n\n<li style=\"font-size:18px\">Kaj\u00e1nek, D., Pastorek, F., et al. <strong>Impact of shot peening on corrosion performance of AZ31 magnesium alloy coated by PEO: comparison with conventional surface pre-treatments<\/strong>. In: Surface and Coatings Technology. Amsterdam: Elsevier, 2022, no. 446, p. 1-20. ISSN 0257-8972.<\/li>\n\n\n\n<li style=\"font-size:18px\">Mhaede, M., Pastorek, F., Hadzima, B. <strong>Influence of shot peening on corrosion properties of biocompatible magnesium alloy AZ31 coated by dicalcium phosphate dihydrate (DCPD)<\/strong>. In: Materials Science &amp; Engineering C. Materials for Biological Applications. Amsterdam: Elsevier, 2014, no. 39, p. 330-335. ISSN 0928-4931.<\/li>\n\n\n\n<li style=\"font-size:18px\">Hadzima, B., Pastorek, F., et al. <strong>Effect of phosphating time on protection properties of hurealite coating: Differences between ground and shot peened HSLA steel surface<\/strong>. In: Surface and Coatings Technology. Amsterdam: Elsevier, 2019, no. 375, p. 608-620. ISSN 0257-8972.<\/li>\n\n\n\n<li style=\"font-size:18px\">Gholami-Kermanshahi, M., Neubert, V.D., Tavakoli, M., Pastorek, F., et al. <strong>Effect of ECAP processing on corrosion behavior and mechanical properties of the ZFW MP magnesium alloy as a biodegradable implant material<\/strong>. In: Advanced Engineering Materials. Weinheim: John Wiley &amp; Sons. Wiley-Blackwell, 2018, vol. 20, no. 10, p. 1-12. ISSN 1438-1656.<\/li>\n\n\n\n<li style=\"font-size:18px\">Hadzima, B., Mhaede, M., Pastorek, F. <strong>Electrochemical characteristics of calcium-phosphatized AZ31 magnesium alloy in 0.9 % NaCl solution<\/strong>. In: Journal of Materials Science: Materials in Medicine. Berl\u00edn: Springer Nature. Springer International Publishing AG, 2014, vol. 25, no. 5, p. 1227-1237. ISSN 0957-4530.<\/li>\n\n\n\n<li style=\"font-size:18px\">Fintov\u00e1, S., Dr\u00e1bikov\u00e1, J., Pastorek, F. et al. <strong>Improvement of electrochemical corrosion characteristics of AZ61 magnesium alloy with unconventional fluoride conversion coatings<\/strong>. In: Surface and Coatings Technology. Amsterdam: Elsevier, 2019, no. 367, p. 638-650. ISSN 0257-8972.<\/li>\n\n\n\n<li style=\"font-size:18px\">Gholami, M., Mhaede, M., Pastorek, F., et al. <strong>Corrosion behavior and mechanical properties of ultrafine-grained pure copper with potential as a biomaterial<\/strong>. In: Advanced Engineering Materials. Weinheim: John Wiley &amp; Sons. Wiley-Blackwell, 2016, vol. 18, no. 4, p. 615-623. ISSN 1438-1656.<\/li>\n\n\n\n<li style=\"font-size:18px\">Pastorek, F., et al. <strong>Effect of surface pretreatment on quality and electrochemical corrosion properties of manganese phosphate on S355J2 HSLA steel<\/strong>. In: Coatings. Bazilej: Multidisciplinary Digital Publishing Institute, 2016, vol. 6, no. 4, p. 1-9. ISSN 2079-6412.<\/li>\n<\/ul>","protected":false},"excerpt":{"rendered":"<p>VC 4.19 filip.pastorek@uniza.sk +421 41 513 7604 AAD-9196-2020 Profil Ing. Filip Pastorek, PhD. ukon\u010dil doktorandsk\u00e9 \u0161t\u00fadium pod veden\u00edm prof.&nbsp;Branislava Hadzimu na Strojn\u00edckej fakulte \u017dilinskej univerzity v \u017diline v roku 2014.<\/p>\n<p class=\"more-link\"><a href=\"https:\/\/vyskumnecentrum.sk\/en\/o_nas\/zoznam-zamestnancov\/filip-pastorek\/\" class=\"readmore\">Continue reading<span class=\"screen-reader-text\">Filip Pastorek<\/span><\/a><\/p>","protected":false},"author":1,"featured_media":0,"parent":449,"menu_order":0,"comment_status":"closed","ping_status":"closed","template":"","meta":{"footnotes":""},"class_list":["post-565","page","type-page","status-publish","hentry"],"_links":{"self":[{"href":"https:\/\/vyskumnecentrum.sk\/en\/wp-json\/wp\/v2\/pages\/565","targetHints":{"allow":["GET"]}}],"collection":[{"href":"https:\/\/vyskumnecentrum.sk\/en\/wp-json\/wp\/v2\/pages"}],"about":[{"href":"https:\/\/vyskumnecentrum.sk\/en\/wp-json\/wp\/v2\/types\/page"}],"author":[{"embeddable":true,"href":"https:\/\/vyskumnecentrum.sk\/en\/wp-json\/wp\/v2\/users\/1"}],"replies":[{"embeddable":true,"href":"https:\/\/vyskumnecentrum.sk\/en\/wp-json\/wp\/v2\/comments?post=565"}],"version-history":[{"count":18,"href":"https:\/\/vyskumnecentrum.sk\/en\/wp-json\/wp\/v2\/pages\/565\/revisions"}],"predecessor-version":[{"id":2141,"href":"https:\/\/vyskumnecentrum.sk\/en\/wp-json\/wp\/v2\/pages\/565\/revisions\/2141"}],"up":[{"embeddable":true,"href":"https:\/\/vyskumnecentrum.sk\/en\/wp-json\/wp\/v2\/pages\/449"}],"wp:attachment":[{"href":"https:\/\/vyskumnecentrum.sk\/en\/wp-json\/wp\/v2\/media?parent=565"}],"curies":[{"name":"wp","href":"https:\/\/api.w.org\/{rel}","templated":true}]}}