{"id":678,"date":"2023-12-01T06:12:10","date_gmt":"2023-12-01T06:12:10","guid":{"rendered":"https:\/\/new.vyskumnecentrum.sk\/?page_id=678"},"modified":"2025-11-25T13:14:32","modified_gmt":"2025-11-25T13:14:32","slug":"laboratorium-fyzikalnej-mikroskopie","status":"publish","type":"page","link":"https:\/\/vyskumnecentrum.sk\/en\/vyskum\/laboratoria\/laboratorium-fyzikalnej-mikroskopie\/","title":{"rendered":"Laboratory of Physical Microscopy"},"content":{"rendered":"<p class=\"has-normal-font-size\"><strong>Head of laboratory:<\/strong> doc. Ing. Libor Tr\u0161ko, PhD.<\/p>\n\n\n\n<p class=\"has-normal-font-size\"><strong>Room: <\/strong>VC 0.06<\/p>\n\n\n\n<p class=\"has-normal-font-size\">The laboratory is focused on evaluation of surface, microstructure, chemical and electrochemical characteristics of structural materials.<\/p>\n\n\n\n<p class=\"has-normal-font-size\">For evaluation of surface, microstructure and chemical characteristics of structural materials the laboratory is equipped with a scanning electron microscope <a href=\"https:\/\/vyskumnecentrum.sk\/wp-content\/uploads\/2024\/03\/Phenom-XL-G2.pdf\" data-type=\"link\" data-id=\"https:\/\/vyskumnecentrum.sk\/wp-content\/uploads\/2024\/03\/Phenom-XL-G2.pdf\">Phenom XL G2<\/a>, which is equipped with an EDX analyzer for evaluation of local chemical composition of the material. In the case of non-conductive samples, the laboratory is also equipped with a gold or amorphous carbon sputter coater. <\/p>\n\n\n\n<p class=\"has-normal-font-size\">The laboratory is also equipped with a modular system for evaluation of electro-chemical characteristics in high resolution <a href=\"https:\/\/vyskumnecentrum.sk\/wp-content\/uploads\/2024\/05\/Biologic-M470.pdf\" data-type=\"link\" data-id=\"https:\/\/vyskumnecentrum.sk\/wp-content\/uploads\/2024\/05\/Biologic-M470.pdf\">Biologic M470<\/a>The device is used for advanced corrosion tests, evaluation of local electro-chemical properties, evaluation of microstructure changes, membrane flow and so on.<\/p>\n\n\n\n<p style=\"font-size:16px\">To evaluate the mechanical properties of thin layers and individual microstructural components, the laboratory is equipped with a nanohardness tester <a href=\"https:\/\/vyskumnecentrum.sk\/wp-content\/uploads\/2025\/11\/Elionix-ENT-5.pdf\" data-type=\"link\" data-id=\"https:\/\/vyskumnecentrum.sk\/wp-content\/uploads\/2025\/11\/Elionix-ENT-5.pdf\">Elionix ENT-5<\/a>. The device also allows measurements to be taken at elevated temperatures of up to 250 \u00b0C.<\/p>\n\n\n\n<div class=\"wp-block-columns is-layout-flex wp-container-core-columns-is-layout-9d6595d7 wp-block-columns-is-layout-flex\">\n<div class=\"wp-block-column is-layout-flow wp-block-column-is-layout-flow\">\n<div class=\"wp-block-media-text is-stacked-on-mobile\"><figure class=\"wp-block-media-text__media\"><a href=\"https:\/\/vyskumnecentrum.sk\/wp-content\/uploads\/2024\/03\/Phenom-XL-G2.pdf\"><img loading=\"lazy\" decoding=\"async\" width=\"374\" height=\"374\" src=\"https:\/\/vyskumnecentrum.sk\/wp-content\/uploads\/2024\/05\/Phenom.jpg\" alt=\"\" class=\"wp-image-1224 size-medium\" srcset=\"https:\/\/vyskumnecentrum.sk\/wp-content\/uploads\/2024\/05\/Phenom.jpg 374w, https:\/\/vyskumnecentrum.sk\/wp-content\/uploads\/2024\/05\/Phenom-300x300.jpg 300w, https:\/\/vyskumnecentrum.sk\/wp-content\/uploads\/2024\/05\/Phenom-150x150.jpg 150w, https:\/\/vyskumnecentrum.sk\/wp-content\/uploads\/2024\/05\/Phenom-50x50.jpg 50w, https:\/\/vyskumnecentrum.sk\/wp-content\/uploads\/2024\/05\/Phenom-12x12.jpg 12w\" sizes=\"auto, (max-width: 374px) 100vw, 374px\" \/><\/a><\/figure><div class=\"wp-block-media-text__content\">\n<p style=\"font-size:15px\"><em><a href=\"https:\/\/vyskumnecentrum.sk\/wp-content\/uploads\/2024\/03\/Phenom-XL-G2.pdf\" data-type=\"link\" data-id=\"https:\/\/vyskumnecentrum.sk\/wp-content\/uploads\/2024\/03\/Phenom-XL-G2.pdf\">Phenom XL<\/a><\/em><\/p>\n<\/div><\/div>\n<\/div>\n\n\n\n<div class=\"wp-block-column is-layout-flow wp-block-column-is-layout-flow\">\n<div class=\"wp-block-media-text is-stacked-on-mobile\"><figure class=\"wp-block-media-text__media\"><a href=\"https:\/\/vyskumnecentrum.sk\/wp-content\/uploads\/2024\/05\/Biologic-M470.pdf\"><img loading=\"lazy\" decoding=\"async\" width=\"507\" height=\"507\" src=\"https:\/\/vyskumnecentrum.sk\/wp-content\/uploads\/2024\/05\/M470.jpg\" alt=\"\" class=\"wp-image-1225 size-medium\" srcset=\"https:\/\/vyskumnecentrum.sk\/wp-content\/uploads\/2024\/05\/M470.jpg 507w, https:\/\/vyskumnecentrum.sk\/wp-content\/uploads\/2024\/05\/M470-300x300.jpg 300w, https:\/\/vyskumnecentrum.sk\/wp-content\/uploads\/2024\/05\/M470-150x150.jpg 150w, https:\/\/vyskumnecentrum.sk\/wp-content\/uploads\/2024\/05\/M470-50x50.jpg 50w, https:\/\/vyskumnecentrum.sk\/wp-content\/uploads\/2024\/05\/M470-12x12.jpg 12w\" sizes=\"auto, (max-width: 507px) 100vw, 507px\" \/><\/a><\/figure><div class=\"wp-block-media-text__content\">\n<p style=\"font-size:15px\"><em><a href=\"https:\/\/vyskumnecentrum.sk\/wp-content\/uploads\/2024\/05\/Biologic-M470.pdf\" data-type=\"link\" data-id=\"https:\/\/vyskumnecentrum.sk\/wp-content\/uploads\/2024\/05\/Biologic-M470.pdf\">Biologic M470<\/a><\/em><\/p>\n<\/div><\/div>\n<\/div>\n<\/div>\n\n\n\n<div class=\"wp-block-columns is-layout-flex wp-container-core-columns-is-layout-9d6595d7 wp-block-columns-is-layout-flex\">\n<div class=\"wp-block-column is-layout-flow wp-block-column-is-layout-flow\">\n<div class=\"wp-block-media-text is-stacked-on-mobile\"><figure class=\"wp-block-media-text__media\"><img loading=\"lazy\" decoding=\"async\" width=\"471\" height=\"471\" src=\"https:\/\/vyskumnecentrum.sk\/wp-content\/uploads\/2025\/11\/Elionix-1.jpg\" alt=\"\" class=\"wp-image-1949 size-full\" srcset=\"https:\/\/vyskumnecentrum.sk\/wp-content\/uploads\/2025\/11\/Elionix-1.jpg 471w, https:\/\/vyskumnecentrum.sk\/wp-content\/uploads\/2025\/11\/Elionix-1-300x300.jpg 300w, https:\/\/vyskumnecentrum.sk\/wp-content\/uploads\/2025\/11\/Elionix-1-150x150.jpg 150w, https:\/\/vyskumnecentrum.sk\/wp-content\/uploads\/2025\/11\/Elionix-1-50x50.jpg 50w, https:\/\/vyskumnecentrum.sk\/wp-content\/uploads\/2025\/11\/Elionix-1-12x12.jpg 12w\" sizes=\"auto, (max-width: 471px) 100vw, 471px\" \/><\/figure><div class=\"wp-block-media-text__content\">\n<p style=\"font-size:15px\"><em><a href=\"https:\/\/vyskumnecentrum.sk\/wp-content\/uploads\/2025\/11\/Elionix-ENT-5.pdf\" data-type=\"link\" data-id=\"https:\/\/vyskumnecentrum.sk\/wp-content\/uploads\/2025\/11\/Elionix-ENT-5.pdf\">Elionix ENT-5<\/a><\/em><\/p>\n<\/div><\/div>\n<\/div>\n\n\n\n<div class=\"wp-block-column is-layout-flow wp-block-column-is-layout-flow\"><\/div>\n<\/div>\n\n\n\n<p><\/p>","protected":false},"excerpt":{"rendered":"<p>Ved\u00faci laborat\u00f3ria: doc. Ing. Libor Tr\u0161ko, PhD. Miestnos\u0165: VC 0.06 Laborat\u00f3rium je zameran\u00e9 na hodnotenie povrchov\u00fdch, mikro\u0161trukt\u00farnych, chemick\u00fdch a elektrochemick\u00fdch charakterist\u00edk kon\u0161truk\u010dn\u00fdch materi\u00e1lov. Pre hodnotenie povrchov\u00fdch, mikro\u0161trukt\u00farnych a chemick\u00fdch charakterist\u00edk<\/p>\n<p class=\"more-link\"><a href=\"https:\/\/vyskumnecentrum.sk\/en\/vyskum\/laboratoria\/laboratorium-fyzikalnej-mikroskopie\/\" class=\"readmore\">Continue reading<span class=\"screen-reader-text\">Laboratory of Physical Microscopy<\/span><\/a><\/p>","protected":false},"author":1,"featured_media":0,"parent":474,"menu_order":0,"comment_status":"closed","ping_status":"closed","template":"","meta":{"footnotes":""},"class_list":["post-678","page","type-page","status-publish","hentry"],"_links":{"self":[{"href":"https:\/\/vyskumnecentrum.sk\/en\/wp-json\/wp\/v2\/pages\/678","targetHints":{"allow":["GET"]}}],"collection":[{"href":"https:\/\/vyskumnecentrum.sk\/en\/wp-json\/wp\/v2\/pages"}],"about":[{"href":"https:\/\/vyskumnecentrum.sk\/en\/wp-json\/wp\/v2\/types\/page"}],"author":[{"embeddable":true,"href":"https:\/\/vyskumnecentrum.sk\/en\/wp-json\/wp\/v2\/users\/1"}],"replies":[{"embeddable":true,"href":"https:\/\/vyskumnecentrum.sk\/en\/wp-json\/wp\/v2\/comments?post=678"}],"version-history":[{"count":8,"href":"https:\/\/vyskumnecentrum.sk\/en\/wp-json\/wp\/v2\/pages\/678\/revisions"}],"predecessor-version":[{"id":1956,"href":"https:\/\/vyskumnecentrum.sk\/en\/wp-json\/wp\/v2\/pages\/678\/revisions\/1956"}],"up":[{"embeddable":true,"href":"https:\/\/vyskumnecentrum.sk\/en\/wp-json\/wp\/v2\/pages\/474"}],"wp:attachment":[{"href":"https:\/\/vyskumnecentrum.sk\/en\/wp-json\/wp\/v2\/media?parent=678"}],"curies":[{"name":"wp","href":"https:\/\/api.w.org\/{rel}","templated":true}]}}