{"id":680,"date":"2023-12-01T06:13:04","date_gmt":"2023-12-01T06:13:04","guid":{"rendered":"https:\/\/new.vyskumnecentrum.sk\/?page_id=680"},"modified":"2024-06-21T12:19:32","modified_gmt":"2024-06-21T12:19:32","slug":"datove-centrum","status":"publish","type":"page","link":"https:\/\/vyskumnecentrum.sk\/en\/vyskum\/laboratoria\/datove-centrum\/","title":{"rendered":"Data centre"},"content":{"rendered":"<p class=\"has-normal-font-size\"><\/p>\n\n\n\n<div class=\"wp-block-media-text is-stacked-on-mobile\" style=\"grid-template-columns:33% auto\"><figure class=\"wp-block-media-text__media\"><img loading=\"lazy\" decoding=\"async\" width=\"476\" height=\"303\" src=\"https:\/\/vyskumnecentrum.sk\/wp-content\/uploads\/2024\/06\/server-1.jpg\" alt=\"\" class=\"wp-image-1426 size-full\" srcset=\"https:\/\/vyskumnecentrum.sk\/wp-content\/uploads\/2024\/06\/server-1.jpg 476w, https:\/\/vyskumnecentrum.sk\/wp-content\/uploads\/2024\/06\/server-1-300x191.jpg 300w, https:\/\/vyskumnecentrum.sk\/wp-content\/uploads\/2024\/06\/server-1-50x32.jpg 50w, https:\/\/vyskumnecentrum.sk\/wp-content\/uploads\/2024\/06\/server-1-18x12.jpg 18w\" sizes=\"auto, (max-width: 476px) 100vw, 476px\" \/><\/figure><div class=\"wp-block-media-text__content\">\n<p class=\"has-normal-font-size\">The Data centre of the Research centre UNIZA is designed for evaluation, management and supervision of large capacity datasets. It is used for dynamic allocation of data capacity during the research, creation and evaluation of dataset objects and life cycle management. It also provides rapid storage capacity for research as well as for long-term archiving. <\/p>\n<\/div><\/div>","protected":false},"excerpt":{"rendered":"<p>D\u00e1tov\u00e9 centrum V\u00fdskumn\u00e9ho centra UNIZA je ur\u010den\u00e9 pre pre spracovanie, spr\u00e1vu, poskytovanie a riadenie ve\u013ekokapacitn\u00fdch v\u00fdskumn\u00fdch setov. Sl\u00fa\u017ei na dynamick\u00e9 pride\u013eovanie d\u00e1tov\u00fdch kapac\u00edt po\u010das v\u00fdskumu, tvorby a spracovania dataset objektov,<\/p>\n<p class=\"more-link\"><a href=\"https:\/\/vyskumnecentrum.sk\/en\/vyskum\/laboratoria\/datove-centrum\/\" class=\"readmore\">Continue reading<span class=\"screen-reader-text\">Data centre<\/span><\/a><\/p>","protected":false},"author":1,"featured_media":0,"parent":474,"menu_order":0,"comment_status":"closed","ping_status":"closed","template":"","meta":{"footnotes":""},"class_list":["post-680","page","type-page","status-publish","hentry"],"_links":{"self":[{"href":"https:\/\/vyskumnecentrum.sk\/en\/wp-json\/wp\/v2\/pages\/680","targetHints":{"allow":["GET"]}}],"collection":[{"href":"https:\/\/vyskumnecentrum.sk\/en\/wp-json\/wp\/v2\/pages"}],"about":[{"href":"https:\/\/vyskumnecentrum.sk\/en\/wp-json\/wp\/v2\/types\/page"}],"author":[{"embeddable":true,"href":"https:\/\/vyskumnecentrum.sk\/en\/wp-json\/wp\/v2\/users\/1"}],"replies":[{"embeddable":true,"href":"https:\/\/vyskumnecentrum.sk\/en\/wp-json\/wp\/v2\/comments?post=680"}],"version-history":[{"count":23,"href":"https:\/\/vyskumnecentrum.sk\/en\/wp-json\/wp\/v2\/pages\/680\/revisions"}],"predecessor-version":[{"id":1433,"href":"https:\/\/vyskumnecentrum.sk\/en\/wp-json\/wp\/v2\/pages\/680\/revisions\/1433"}],"up":[{"embeddable":true,"href":"https:\/\/vyskumnecentrum.sk\/en\/wp-json\/wp\/v2\/pages\/474"}],"wp:attachment":[{"href":"https:\/\/vyskumnecentrum.sk\/en\/wp-json\/wp\/v2\/media?parent=680"}],"curies":[{"name":"wp","href":"https:\/\/api.w.org\/{rel}","templated":true}]}}