{"id":682,"date":"2023-12-01T06:13:36","date_gmt":"2023-12-01T06:13:36","guid":{"rendered":"https:\/\/new.vyskumnecentrum.sk\/?page_id=682"},"modified":"2024-06-21T13:39:00","modified_gmt":"2024-06-21T13:39:00","slug":"laboratorium-3d-tlace","status":"publish","type":"page","link":"https:\/\/vyskumnecentrum.sk\/en\/vyskum\/laboratoria\/laboratorium-3d-tlace\/","title":{"rendered":"Laboratory of 3D Printing"},"content":{"rendered":"<p class=\"has-normal-font-size\"><strong>Head of laboratory:<\/strong> doc. Ing. Gabriel Ga\u0161par, PhD.<\/p>\n\n\n\n<p class=\"has-normal-font-size\"><strong>Room: <\/strong>VC 0.13a<\/p>\n\n\n\n<p class=\"has-normal-font-size\">The laboratory is aimed at rapid prototyping from polymer materials with Selective Laser Sintering method.<\/p>\n\n\n\n<p class=\"has-normal-font-size\">The 3D printing is realized on the<a href=\"https:\/\/vyskumnecentrum.sk\/wp-content\/uploads\/2024\/06\/Sinterit_Lisa_PRO.pdf\" data-type=\"link\" data-id=\"https:\/\/vyskumnecentrum.sk\/wp-content\/uploads\/2024\/06\/Sinterit_Lisa_PRO.pdf\"> Sinterit LISA PRO<\/a>device, which is designed for printing from powder materials, such as Flexa Grey, Flexa Soft (TPU), PA11 and PA12. To provide even wider range of printing materials, the device also supports printing in nitrogen protective atmosphere.<\/p>\n\n\n\n<p class=\"has-normal-font-size\">The laboratory is also equipped with the <a href=\"https:\/\/vyskumnecentrum.sk\/wp-content\/uploads\/2024\/06\/Sinterit_PHS.pdf\" data-type=\"link\" data-id=\"https:\/\/vyskumnecentrum.sk\/wp-content\/uploads\/2024\/06\/Sinterit_PHS.pdf\">Sinterit PHS<\/a> station used for processing and recycling of the used printing material. The final cleaning of the printed parts is performed with the <a href=\"https:\/\/vyskumnecentrum.sk\/wp-content\/uploads\/2024\/06\/Sinterit_Sandblaster.pdf\" data-type=\"link\" data-id=\"https:\/\/vyskumnecentrum.sk\/wp-content\/uploads\/2024\/06\/Sinterit_Sandblaster.pdf\">Sinterit SLS<\/a>.<\/p>\n\n\n\n<div class=\"wp-block-columns is-layout-flex wp-container-core-columns-is-layout-9d6595d7 wp-block-columns-is-layout-flex\">\n<div class=\"wp-block-column is-layout-flow wp-block-column-is-layout-flow\">\n<div class=\"wp-block-media-text is-stacked-on-mobile\"><figure class=\"wp-block-media-text__media\"><a href=\"https:\/\/vyskumnecentrum.sk\/wp-content\/uploads\/2024\/06\/Sinterit_Lisa_PRO.pdf\"><img loading=\"lazy\" decoding=\"async\" width=\"300\" height=\"300\" src=\"https:\/\/vyskumnecentrum.sk\/wp-content\/uploads\/2024\/06\/Sinterit_Lisa_Pro-300x300.jpg\" alt=\"\" class=\"wp-image-1333 size-medium\" srcset=\"https:\/\/vyskumnecentrum.sk\/wp-content\/uploads\/2024\/06\/Sinterit_Lisa_Pro-300x300.jpg 300w, https:\/\/vyskumnecentrum.sk\/wp-content\/uploads\/2024\/06\/Sinterit_Lisa_Pro-150x150.jpg 150w, https:\/\/vyskumnecentrum.sk\/wp-content\/uploads\/2024\/06\/Sinterit_Lisa_Pro-768x767.jpg 768w, https:\/\/vyskumnecentrum.sk\/wp-content\/uploads\/2024\/06\/Sinterit_Lisa_Pro-50x50.jpg 50w, https:\/\/vyskumnecentrum.sk\/wp-content\/uploads\/2024\/06\/Sinterit_Lisa_Pro-12x12.jpg 12w, https:\/\/vyskumnecentrum.sk\/wp-content\/uploads\/2024\/06\/Sinterit_Lisa_Pro.jpg 796w\" sizes=\"auto, (max-width: 300px) 100vw, 300px\" \/><\/a><\/figure><div class=\"wp-block-media-text__content\">\n<p style=\"font-size:15px\"><em><a href=\"https:\/\/vyskumnecentrum.sk\/wp-content\/uploads\/2024\/06\/Sinterit_Lisa_PRO.pdf\" data-type=\"link\" data-id=\"https:\/\/vyskumnecentrum.sk\/wp-content\/uploads\/2024\/06\/Sinterit_Lisa_PRO.pdf\">Sinterit LISA PRO<\/a><\/em><\/p>\n<\/div><\/div>\n<\/div>\n\n\n\n<div class=\"wp-block-column is-layout-flow wp-block-column-is-layout-flow\">\n<div class=\"wp-block-media-text is-stacked-on-mobile\"><figure class=\"wp-block-media-text__media\"><a href=\"https:\/\/vyskumnecentrum.sk\/wp-content\/uploads\/2024\/06\/Sinterit_PHS.pdf\"><img loading=\"lazy\" decoding=\"async\" width=\"1024\" height=\"1024\" src=\"https:\/\/vyskumnecentrum.sk\/wp-content\/uploads\/2024\/06\/Sinterit-PHS-1024x1024.jpg\" alt=\"\" class=\"wp-image-1334 size-medium\" srcset=\"https:\/\/vyskumnecentrum.sk\/wp-content\/uploads\/2024\/06\/Sinterit-PHS-1024x1024.jpg 1024w, https:\/\/vyskumnecentrum.sk\/wp-content\/uploads\/2024\/06\/Sinterit-PHS-300x300.jpg 300w, https:\/\/vyskumnecentrum.sk\/wp-content\/uploads\/2024\/06\/Sinterit-PHS-150x150.jpg 150w, https:\/\/vyskumnecentrum.sk\/wp-content\/uploads\/2024\/06\/Sinterit-PHS-768x768.jpg 768w, https:\/\/vyskumnecentrum.sk\/wp-content\/uploads\/2024\/06\/Sinterit-PHS-50x50.jpg 50w, https:\/\/vyskumnecentrum.sk\/wp-content\/uploads\/2024\/06\/Sinterit-PHS-12x12.jpg 12w, https:\/\/vyskumnecentrum.sk\/wp-content\/uploads\/2024\/06\/Sinterit-PHS.jpg 1084w\" sizes=\"auto, (max-width: 1024px) 100vw, 1024px\" \/><\/a><\/figure><div class=\"wp-block-media-text__content\">\n<p style=\"font-size:15px\"><em><a href=\"https:\/\/vyskumnecentrum.sk\/wp-content\/uploads\/2024\/06\/Sinterit_PHS.pdf\" data-type=\"link\" data-id=\"https:\/\/vyskumnecentrum.sk\/wp-content\/uploads\/2024\/06\/Sinterit_PHS.pdf\">Sinterit PHS<\/a><\/em><\/p>\n<\/div><\/div>\n<\/div>\n<\/div>\n\n\n\n<div class=\"wp-block-columns is-layout-flex wp-container-core-columns-is-layout-9d6595d7 wp-block-columns-is-layout-flex\">\n<div class=\"wp-block-column is-layout-flow wp-block-column-is-layout-flow\">\n<div class=\"wp-block-media-text is-stacked-on-mobile\"><figure class=\"wp-block-media-text__media\"><a href=\"https:\/\/vyskumnecentrum.sk\/wp-content\/uploads\/2024\/06\/Sinterit_Sandblaster.pdf\"><img loading=\"lazy\" decoding=\"async\" width=\"560\" height=\"560\" src=\"https:\/\/vyskumnecentrum.sk\/wp-content\/uploads\/2024\/06\/Sinterit_Sandblaster.jpg\" alt=\"\" class=\"wp-image-1335 size-medium\" srcset=\"https:\/\/vyskumnecentrum.sk\/wp-content\/uploads\/2024\/06\/Sinterit_Sandblaster.jpg 560w, https:\/\/vyskumnecentrum.sk\/wp-content\/uploads\/2024\/06\/Sinterit_Sandblaster-300x300.jpg 300w, https:\/\/vyskumnecentrum.sk\/wp-content\/uploads\/2024\/06\/Sinterit_Sandblaster-150x150.jpg 150w, https:\/\/vyskumnecentrum.sk\/wp-content\/uploads\/2024\/06\/Sinterit_Sandblaster-50x50.jpg 50w, https:\/\/vyskumnecentrum.sk\/wp-content\/uploads\/2024\/06\/Sinterit_Sandblaster-12x12.jpg 12w\" sizes=\"auto, (max-width: 560px) 100vw, 560px\" \/><\/a><\/figure><div class=\"wp-block-media-text__content\">\n<p style=\"font-size:15px\"><em><a href=\"https:\/\/vyskumnecentrum.sk\/wp-content\/uploads\/2024\/06\/Sinterit_Sandblaster.pdf\" data-type=\"link\" data-id=\"https:\/\/vyskumnecentrum.sk\/wp-content\/uploads\/2024\/06\/Sinterit_Sandblaster.pdf\">Sinterit SLS<\/a><\/em><\/p>\n<\/div><\/div>\n<\/div>\n\n\n\n<div class=\"wp-block-column is-layout-flow wp-block-column-is-layout-flow\"><\/div>\n<\/div>","protected":false},"excerpt":{"rendered":"<p>Ved\u00faci laborat\u00f3ria: doc. Ing. Gabriel Ga\u0161par, PhD. Miestnos\u0165: VC 0.13a Laborat\u00f3rium je zameran\u00e9 n\u00e1vrh a v\u00fdrobu prototypov z polym\u00e9rnych materi\u00e1lov met\u00f3dou Selective Laser Sintering. Samotn\u00e1 3d tla\u010d je realizovan\u00e1 zariaden\u00edm<\/p>\n<p class=\"more-link\"><a href=\"https:\/\/vyskumnecentrum.sk\/en\/vyskum\/laboratoria\/laboratorium-3d-tlace\/\" class=\"readmore\">Continue reading<span class=\"screen-reader-text\">Laboratory of 3D Printing<\/span><\/a><\/p>","protected":false},"author":1,"featured_media":0,"parent":474,"menu_order":0,"comment_status":"closed","ping_status":"closed","template":"","meta":{"footnotes":""},"class_list":["post-682","page","type-page","status-publish","hentry"],"_links":{"self":[{"href":"https:\/\/vyskumnecentrum.sk\/en\/wp-json\/wp\/v2\/pages\/682","targetHints":{"allow":["GET"]}}],"collection":[{"href":"https:\/\/vyskumnecentrum.sk\/en\/wp-json\/wp\/v2\/pages"}],"about":[{"href":"https:\/\/vyskumnecentrum.sk\/en\/wp-json\/wp\/v2\/types\/page"}],"author":[{"embeddable":true,"href":"https:\/\/vyskumnecentrum.sk\/en\/wp-json\/wp\/v2\/users\/1"}],"replies":[{"embeddable":true,"href":"https:\/\/vyskumnecentrum.sk\/en\/wp-json\/wp\/v2\/comments?post=682"}],"version-history":[{"count":6,"href":"https:\/\/vyskumnecentrum.sk\/en\/wp-json\/wp\/v2\/pages\/682\/revisions"}],"predecessor-version":[{"id":1438,"href":"https:\/\/vyskumnecentrum.sk\/en\/wp-json\/wp\/v2\/pages\/682\/revisions\/1438"}],"up":[{"embeddable":true,"href":"https:\/\/vyskumnecentrum.sk\/en\/wp-json\/wp\/v2\/pages\/474"}],"wp:attachment":[{"href":"https:\/\/vyskumnecentrum.sk\/en\/wp-json\/wp\/v2\/media?parent=682"}],"curies":[{"name":"wp","href":"https:\/\/api.w.org\/{rel}","templated":true}]}}