{"id":684,"date":"2023-12-01T06:14:09","date_gmt":"2023-12-01T06:14:09","guid":{"rendered":"https:\/\/new.vyskumnecentrum.sk\/?page_id=684"},"modified":"2025-04-29T06:06:34","modified_gmt":"2025-04-29T06:06:34","slug":"laboratorium-rtg-difrakcie","status":"publish","type":"page","link":"https:\/\/vyskumnecentrum.sk\/en\/vyskum\/laboratoria\/laboratorium-rtg-difrakcie\/","title":{"rendered":"Laboratory of X-ray Diffraction"},"content":{"rendered":"<p style=\"font-size:18px\"><strong>Head of laboratory:<\/strong> doc. Ing. Libor Tr\u0161ko, PhD.<\/p>\n\n\n\n<p style=\"font-size:18px\"><strong>Room: <\/strong>VC 0.13b<\/p>\n\n\n\n<p style=\"font-size:18px\">The laboratory is aimed for evaluation of phase composition, structural parameters and residual stresses in structural materials by x-ray diffraction methods.<\/p>\n\n\n\n<p style=\"font-size:18px\">For residual stress analysis is used the laboratory equipment with <a href=\"https:\/\/new.vyskumnecentrum.sk\/wp-content\/uploads\/2024\/01\/iXRD.pdf\" data-type=\"link\" data-id=\"https:\/\/new.vyskumnecentrum.sk\/wp-content\/uploads\/2024\/01\/iXRD.pdf\">Proto iXRD combo<\/a>, ktor\u00e9 vyu\u017e\u00edva meraciu met\u00f3du sin<sup>2<\/sup>device, which uses the sin2\u03c8 technique. A Cr x-ray tube for ferritic steels and aluminium alloys and Mn x-ray tube for stainless steels are available. A special module for automatic detector positioning is also available and it enables retained austenite evaluation in the heat treated steels.<\/p>\n\n\n\n<p style=\"font-size:18px\">For the phase analysis of powders and solid materials, the laboratory is equipped with the <a href=\"https:\/\/new.vyskumnecentrum.sk\/wp-content\/uploads\/2024\/01\/equinox100.pdf\" data-type=\"link\" data-id=\"https:\/\/new.vyskumnecentrum.sk\/wp-content\/uploads\/2024\/01\/equinox100.pdf\">Thermo Scientific ARL EQUINOX 100<\/a>diffractometer. The Cu x-ray tube is suitable for analysis of wide range of nonmetallic materials and non-ferrous metals. With use of extending modules, it is possible to perform \u201cin situ\u201d analyses at temperatures up to 500 \u00b0C.<\/p>\n\n\n\n<div class=\"wp-block-columns is-layout-flex wp-container-core-columns-is-layout-9d6595d7 wp-block-columns-is-layout-flex\">\n<div class=\"wp-block-column is-layout-flow wp-block-column-is-layout-flow\">\n<div class=\"wp-block-media-text is-stacked-on-mobile\"><figure class=\"wp-block-media-text__media\"><a href=\"https:\/\/new.vyskumnecentrum.sk\/wp-content\/uploads\/2024\/01\/iXRD.pdf\"><img loading=\"lazy\" decoding=\"async\" width=\"1024\" height=\"837\" src=\"https:\/\/new.vyskumnecentrum.sk\/wp-content\/uploads\/2024\/01\/Snimka-obrazovky-2024-01-06-125109-1024x837.jpg\" alt=\"\" class=\"wp-image-863 size-full\" srcset=\"https:\/\/vyskumnecentrum.sk\/wp-content\/uploads\/2024\/01\/Snimka-obrazovky-2024-01-06-125109-1024x837.jpg 1024w, https:\/\/vyskumnecentrum.sk\/wp-content\/uploads\/2024\/01\/Snimka-obrazovky-2024-01-06-125109-300x245.jpg 300w, https:\/\/vyskumnecentrum.sk\/wp-content\/uploads\/2024\/01\/Snimka-obrazovky-2024-01-06-125109-768x628.jpg 768w, https:\/\/vyskumnecentrum.sk\/wp-content\/uploads\/2024\/01\/Snimka-obrazovky-2024-01-06-125109-50x41.jpg 50w, https:\/\/vyskumnecentrum.sk\/wp-content\/uploads\/2024\/01\/Snimka-obrazovky-2024-01-06-125109-15x12.jpg 15w, https:\/\/vyskumnecentrum.sk\/wp-content\/uploads\/2024\/01\/Snimka-obrazovky-2024-01-06-125109.jpg 1314w\" sizes=\"auto, (max-width: 1024px) 100vw, 1024px\" \/><\/a><\/figure><div class=\"wp-block-media-text__content\">\n<p style=\"font-size:15px\"><a href=\"https:\/\/new.vyskumnecentrum.sk\/wp-content\/uploads\/2024\/01\/iXRD.pdf\" data-type=\"link\" data-id=\"https:\/\/new.vyskumnecentrum.sk\/wp-content\/uploads\/2024\/01\/iXRD.pdf\"><em>Proto iXRD combo<\/em><\/a><\/p>\n<\/div><\/div>\n<\/div>\n\n\n\n<div class=\"wp-block-column is-layout-flow wp-block-column-is-layout-flow\">\n<div class=\"wp-block-media-text is-stacked-on-mobile\"><figure class=\"wp-block-media-text__media\"><a href=\"https:\/\/new.vyskumnecentrum.sk\/wp-content\/uploads\/2024\/01\/equinox100.pdf\"><img loading=\"lazy\" decoding=\"async\" width=\"1024\" height=\"877\" src=\"https:\/\/new.vyskumnecentrum.sk\/wp-content\/uploads\/2024\/01\/equinox100-1024x877.jpg\" alt=\"\" class=\"wp-image-867 size-full\" srcset=\"https:\/\/vyskumnecentrum.sk\/wp-content\/uploads\/2024\/01\/equinox100-1024x877.jpg 1024w, https:\/\/vyskumnecentrum.sk\/wp-content\/uploads\/2024\/01\/equinox100-300x257.jpg 300w, https:\/\/vyskumnecentrum.sk\/wp-content\/uploads\/2024\/01\/equinox100-768x658.jpg 768w, https:\/\/vyskumnecentrum.sk\/wp-content\/uploads\/2024\/01\/equinox100-50x43.jpg 50w, https:\/\/vyskumnecentrum.sk\/wp-content\/uploads\/2024\/01\/equinox100-14x12.jpg 14w, https:\/\/vyskumnecentrum.sk\/wp-content\/uploads\/2024\/01\/equinox100.jpg 1348w\" sizes=\"auto, (max-width: 1024px) 100vw, 1024px\" \/><\/a><\/figure><div class=\"wp-block-media-text__content\">\n<p style=\"font-size:15px\"><a href=\"https:\/\/new.vyskumnecentrum.sk\/wp-content\/uploads\/2024\/01\/equinox100.pdf\" data-type=\"link\" data-id=\"https:\/\/new.vyskumnecentrum.sk\/wp-content\/uploads\/2024\/01\/equinox100.pdf\"><em>Equinox 100<\/em><\/a><\/p>\n<\/div><\/div>\n<\/div>\n<\/div>","protected":false},"excerpt":{"rendered":"<p>Ved\u00faci laborat\u00f3ria: doc. Ing. Libor Tr\u0161ko, PhD. Miestnos\u0165: VC 0.13b Laborat\u00f3rium je zameran\u00e9 na hodnotenie f\u00e1zov\u00e9ho zlo\u017eenia, \u0161trukt\u00farnych parametrov a&nbsp;zvy\u0161kov\u00fdch nap\u00e4t\u00ed kon\u0161truk\u010dn\u00fdch materi\u00e1lov met\u00f3dami r\u04e7ntgenovej difrakcie. Pre hodnotenie zvy\u0161kov\u00fdch nap\u00e4t\u00ed<\/p>\n<p class=\"more-link\"><a href=\"https:\/\/vyskumnecentrum.sk\/en\/vyskum\/laboratoria\/laboratorium-rtg-difrakcie\/\" class=\"readmore\">Continue reading<span class=\"screen-reader-text\">Laboratory of X-ray Diffraction<\/span><\/a><\/p>","protected":false},"author":1,"featured_media":0,"parent":474,"menu_order":0,"comment_status":"closed","ping_status":"closed","template":"","meta":{"footnotes":""},"class_list":["post-684","page","type-page","status-publish","hentry"],"_links":{"self":[{"href":"https:\/\/vyskumnecentrum.sk\/en\/wp-json\/wp\/v2\/pages\/684","targetHints":{"allow":["GET"]}}],"collection":[{"href":"https:\/\/vyskumnecentrum.sk\/en\/wp-json\/wp\/v2\/pages"}],"about":[{"href":"https:\/\/vyskumnecentrum.sk\/en\/wp-json\/wp\/v2\/types\/page"}],"author":[{"embeddable":true,"href":"https:\/\/vyskumnecentrum.sk\/en\/wp-json\/wp\/v2\/users\/1"}],"replies":[{"embeddable":true,"href":"https:\/\/vyskumnecentrum.sk\/en\/wp-json\/wp\/v2\/comments?post=684"}],"version-history":[{"count":13,"href":"https:\/\/vyskumnecentrum.sk\/en\/wp-json\/wp\/v2\/pages\/684\/revisions"}],"predecessor-version":[{"id":1708,"href":"https:\/\/vyskumnecentrum.sk\/en\/wp-json\/wp\/v2\/pages\/684\/revisions\/1708"}],"up":[{"embeddable":true,"href":"https:\/\/vyskumnecentrum.sk\/en\/wp-json\/wp\/v2\/pages\/474"}],"wp:attachment":[{"href":"https:\/\/vyskumnecentrum.sk\/en\/wp-json\/wp\/v2\/media?parent=684"}],"curies":[{"name":"wp","href":"https:\/\/api.w.org\/{rel}","templated":true}]}}