{"id":686,"date":"2023-12-01T06:14:44","date_gmt":"2023-12-01T06:14:44","guid":{"rendered":"https:\/\/new.vyskumnecentrum.sk\/?page_id=686"},"modified":"2025-04-29T06:06:37","modified_gmt":"2025-04-29T06:06:37","slug":"laboratorium-pripravy-vzoriek","status":"publish","type":"page","link":"https:\/\/vyskumnecentrum.sk\/en\/vyskum\/laboratoria\/laboratorium-pripravy-vzoriek\/","title":{"rendered":"Laboratory for Samples Preparation"},"content":{"rendered":"<p class=\"has-normal-font-size\"><strong>Head of laboratory:<\/strong> doc. Ing. Libor Tr\u0161ko, PhD.<\/p>\n\n\n\n<p class=\"has-normal-font-size\"><strong>Room: <\/strong>VC 0.13C<\/p>\n\n\n\n<p class=\"has-normal-font-size\">The laboratory is aimed at preparation of samples and test specimens from structural materials. It is equipped with a set of devices for machining, which enable obtaining proper size and shapes for further experimental analyses. <\/p>\n\n\n\n<p class=\"has-normal-font-size\">For the surface decontamination, corrosion removal and surface modification, the laboratory is equipped with a pulse laser <a href=\"https:\/\/vyskumnecentrum.sk\/wp-content\/uploads\/2024\/03\/P-Laser-QFC-100.pdf\" data-type=\"link\" data-id=\"https:\/\/vyskumnecentrum.sk\/wp-content\/uploads\/2024\/03\/P-Laser-QFC-100.pdf\">P-Laser QFC-100<\/a>. For surface cleaning and decontamination  with non-abrasive technique, the laboratory is also equipped with dry ice blaster <a href=\"https:\/\/vyskumnecentrum.sk\/wp-content\/uploads\/2025\/04\/IL_Zariadenie-na-tryskanie-suchym-ladom-Karcher.pdf\" data-type=\"link\" data-id=\"https:\/\/vyskumnecentrum.sk\/wp-content\/uploads\/2025\/04\/IL_Zariadenie-na-tryskanie-suchym-ladom-Karcher.pdf\">K\u00c4RCHER IB 10\/8 L2P<\/a>.<\/p>\n\n\n\n<div class=\"wp-block-columns is-layout-flex wp-container-core-columns-is-layout-9d6595d7 wp-block-columns-is-layout-flex\">\n<div class=\"wp-block-column is-layout-flow wp-block-column-is-layout-flow\">\n<div class=\"wp-block-media-text is-stacked-on-mobile\"><figure class=\"wp-block-media-text__media\"><a href=\"https:\/\/vyskumnecentrum.sk\/wp-content\/uploads\/2024\/03\/P-Laser-QFC-100.pdf\"><img loading=\"lazy\" decoding=\"async\" width=\"800\" height=\"600\" src=\"https:\/\/vyskumnecentrum.sk\/wp-content\/uploads\/2024\/05\/P_laser.jpg\" alt=\"\" class=\"wp-image-1309 size-medium\" srcset=\"https:\/\/vyskumnecentrum.sk\/wp-content\/uploads\/2024\/05\/P_laser.jpg 800w, https:\/\/vyskumnecentrum.sk\/wp-content\/uploads\/2024\/05\/P_laser-300x225.jpg 300w, https:\/\/vyskumnecentrum.sk\/wp-content\/uploads\/2024\/05\/P_laser-768x576.jpg 768w, https:\/\/vyskumnecentrum.sk\/wp-content\/uploads\/2024\/05\/P_laser-50x38.jpg 50w, https:\/\/vyskumnecentrum.sk\/wp-content\/uploads\/2024\/05\/P_laser-16x12.jpg 16w\" sizes=\"auto, (max-width: 800px) 100vw, 800px\" \/><\/a><\/figure><div class=\"wp-block-media-text__content\">\n<p style=\"font-size:15px\"><em><a href=\"https:\/\/vyskumnecentrum.sk\/wp-content\/uploads\/2024\/03\/P-Laser-QFC-100.pdf\" data-type=\"link\" data-id=\"https:\/\/vyskumnecentrum.sk\/wp-content\/uploads\/2024\/03\/P-Laser-QFC-100.pdf\">P-Laser QFC-100<\/a><\/em><\/p>\n<\/div><\/div>\n<\/div>\n\n\n\n<div class=\"wp-block-column is-layout-flow wp-block-column-is-layout-flow\">\n<div class=\"wp-block-media-text is-stacked-on-mobile\"><figure class=\"wp-block-media-text__media\"><img loading=\"lazy\" decoding=\"async\" width=\"669\" height=\"550\" src=\"https:\/\/vyskumnecentrum.sk\/wp-content\/uploads\/2025\/04\/Screenshot-2025-04-17-110616.png\" alt=\"\" class=\"wp-image-1704 size-full\" srcset=\"https:\/\/vyskumnecentrum.sk\/wp-content\/uploads\/2025\/04\/Screenshot-2025-04-17-110616.png 669w, https:\/\/vyskumnecentrum.sk\/wp-content\/uploads\/2025\/04\/Screenshot-2025-04-17-110616-300x247.png 300w, https:\/\/vyskumnecentrum.sk\/wp-content\/uploads\/2025\/04\/Screenshot-2025-04-17-110616-50x41.png 50w, https:\/\/vyskumnecentrum.sk\/wp-content\/uploads\/2025\/04\/Screenshot-2025-04-17-110616-15x12.png 15w\" sizes=\"auto, (max-width: 669px) 100vw, 669px\" \/><\/figure><div class=\"wp-block-media-text__content\">\n<p style=\"font-size:15px\"><em><a href=\"https:\/\/vyskumnecentrum.sk\/wp-content\/uploads\/2025\/04\/IL_Zariadenie-na-tryskanie-suchym-ladom-Karcher.pdf\" data-type=\"link\" data-id=\"https:\/\/vyskumnecentrum.sk\/wp-content\/uploads\/2025\/04\/IL_Zariadenie-na-tryskanie-suchym-ladom-Karcher.pdf\">K\u00c4RCHER IB 10\/8 L2P<\/a><\/em><\/p>\n<\/div><\/div>\n<\/div>\n<\/div>","protected":false},"excerpt":{"rendered":"<p>Ved\u00faci laborat\u00f3ria: doc. Ing. Libor Tr\u0161ko, PhD. Miestnos\u0165: VC 0.13C Laborat\u00f3rium je zameran\u00e9 na pr\u00edpravu vzoriek a sk\u00fa\u0161obn\u00fdch telies z kon\u0161truk\u010dn\u00fdch materi\u00e1lov. Disponuje sadou zariaden\u00ed pre obr\u00e1banie kovov, ktor\u00e9 umo\u017e\u0148uj\u00fa<\/p>\n<p class=\"more-link\"><a href=\"https:\/\/vyskumnecentrum.sk\/en\/vyskum\/laboratoria\/laboratorium-pripravy-vzoriek\/\" class=\"readmore\">Continue reading<span class=\"screen-reader-text\">Laboratory for Samples Preparation<\/span><\/a><\/p>","protected":false},"author":1,"featured_media":0,"parent":474,"menu_order":0,"comment_status":"closed","ping_status":"closed","template":"","meta":{"footnotes":""},"class_list":["post-686","page","type-page","status-publish","hentry"],"_links":{"self":[{"href":"https:\/\/vyskumnecentrum.sk\/en\/wp-json\/wp\/v2\/pages\/686","targetHints":{"allow":["GET"]}}],"collection":[{"href":"https:\/\/vyskumnecentrum.sk\/en\/wp-json\/wp\/v2\/pages"}],"about":[{"href":"https:\/\/vyskumnecentrum.sk\/en\/wp-json\/wp\/v2\/types\/page"}],"author":[{"embeddable":true,"href":"https:\/\/vyskumnecentrum.sk\/en\/wp-json\/wp\/v2\/users\/1"}],"replies":[{"embeddable":true,"href":"https:\/\/vyskumnecentrum.sk\/en\/wp-json\/wp\/v2\/comments?post=686"}],"version-history":[{"count":5,"href":"https:\/\/vyskumnecentrum.sk\/en\/wp-json\/wp\/v2\/pages\/686\/revisions"}],"predecessor-version":[{"id":1709,"href":"https:\/\/vyskumnecentrum.sk\/en\/wp-json\/wp\/v2\/pages\/686\/revisions\/1709"}],"up":[{"embeddable":true,"href":"https:\/\/vyskumnecentrum.sk\/en\/wp-json\/wp\/v2\/pages\/474"}],"wp:attachment":[{"href":"https:\/\/vyskumnecentrum.sk\/en\/wp-json\/wp\/v2\/media?parent=686"}],"curies":[{"name":"wp","href":"https:\/\/api.w.org\/{rel}","templated":true}]}}