{"id":690,"date":"2023-12-01T06:16:15","date_gmt":"2023-12-01T06:16:15","guid":{"rendered":"https:\/\/new.vyskumnecentrum.sk\/?page_id=690"},"modified":"2024-07-03T09:21:02","modified_gmt":"2024-07-03T09:21:02","slug":"laboratorium-mechanickych-a-koroznych-skusok","status":"publish","type":"page","link":"https:\/\/vyskumnecentrum.sk\/en\/vyskum\/laboratoria\/laboratorium-mechanickych-a-koroznych-skusok\/","title":{"rendered":"Laboratory for Mechanical and Corrosion Testing"},"content":{"rendered":"<p class=\"has-normal-font-size\"><strong>Head of laboratory:<\/strong> Ing. Daniel Kaj\u00e1nek, PhD.<\/p>\n\n\n\n<p class=\"has-normal-font-size\"><strong>Room: <\/strong>VC 0.15<\/p>\n\n\n\n<p class=\"has-normal-font-size\">The laboratory is aimed for evaluation of monotonic mechanical properties and corrosion resistance of structural materials.<\/p>\n\n\n\n<p class=\"has-normal-font-size\">Pre hodnotenie mechanick\u00fdch vlastnost\u00ed v&nbsp;\u0165ahu a&nbsp;tlaku je laborat\u00f3rium vybaven\u00e9 trhac\u00edm strojom <a href=\"https:\/\/vyskumnecentrum.sk\/wp-content\/uploads\/2024\/03\/Instron-5985.pdf\" data-type=\"link\" data-id=\"https:\/\/vyskumnecentrum.sk\/wp-content\/uploads\/2024\/03\/Instron-5985.pdf\">Instron 5985<\/a> tensile tester with the maximal load capacity of 20 kN.<\/p>\n\n\n\n<p class=\"has-normal-font-size\">Hodnotenie kor\u00f3znej odolnosti materi\u00e1lov (pr\u00edpadne cel\u00fdch kon\u0161truk\u010dn\u00fdch celkov) v&nbsp;prostred\u00ed chloridov je realizovan\u00e9 s vyu\u017eit\u00edm kor\u00f3znej komory <a href=\"https:\/\/vyskumnecentrum.sk\/wp-content\/uploads\/2024\/03\/Votsch-VSC-KWT-1000.pdf\" data-type=\"link\" data-id=\"https:\/\/vyskumnecentrum.sk\/wp-content\/uploads\/2024\/03\/Votsch-VSC-KWT-1000.pdf\">V\u00f6tsch VSC KWT 1000<\/a>. Uveden\u00e1 programovate\u013en\u00e1 kor\u00f3zna komora umo\u017e\u0148uje simul\u00e1ciu r\u00f4znych teplotn\u00fdch cyklov, vlhkosti prostredia a prostred\u00ed s&nbsp;r\u00f4znym obsahom chloridov pod\u013ea pr\u00edslu\u0161n\u00fdch noriem.<\/p>\n\n\n\n<p class=\"has-normal-font-size\">The laboratory is also equipped with climatic chamber <a href=\"https:\/\/vyskumnecentrum.sk\/wp-content\/uploads\/2024\/03\/Votsch-VC3.pdf\" data-type=\"link\" data-id=\"https:\/\/vyskumnecentrum.sk\/wp-content\/uploads\/2024\/03\/Votsch-VC3.pdf\">V\u00f6tsch VC<sup>3<\/sup><\/a>, which enables exposure of materials to temperatures in the range of -45 \u00b0C to +180 \u00b0C, while simulating various levels of air humidity.<\/p>\n\n\n\n<div style=\"height:30px\" aria-hidden=\"true\" class=\"wp-block-spacer\"><\/div>\n\n\n\n<div class=\"wp-block-columns is-layout-flex wp-container-core-columns-is-layout-9d6595d7 wp-block-columns-is-layout-flex\">\n<div class=\"wp-block-column is-layout-flow wp-block-column-is-layout-flow\">\n<div class=\"wp-block-media-text is-stacked-on-mobile\"><figure class=\"wp-block-media-text__media\"><a href=\"https:\/\/vyskumnecentrum.sk\/wp-content\/uploads\/2024\/03\/Instron-5985.pdf\"><img loading=\"lazy\" decoding=\"async\" width=\"409\" height=\"409\" src=\"https:\/\/vyskumnecentrum.sk\/wp-content\/uploads\/2024\/05\/Instron-5985.jpg\" alt=\"\" class=\"wp-image-1271 size-medium\" srcset=\"https:\/\/vyskumnecentrum.sk\/wp-content\/uploads\/2024\/05\/Instron-5985.jpg 409w, https:\/\/vyskumnecentrum.sk\/wp-content\/uploads\/2024\/05\/Instron-5985-300x300.jpg 300w, https:\/\/vyskumnecentrum.sk\/wp-content\/uploads\/2024\/05\/Instron-5985-150x150.jpg 150w, https:\/\/vyskumnecentrum.sk\/wp-content\/uploads\/2024\/05\/Instron-5985-50x50.jpg 50w, https:\/\/vyskumnecentrum.sk\/wp-content\/uploads\/2024\/05\/Instron-5985-12x12.jpg 12w\" sizes=\"auto, (max-width: 409px) 100vw, 409px\" \/><\/a><\/figure><div class=\"wp-block-media-text__content\">\n<p style=\"font-size:15px\"><em><a href=\"https:\/\/vyskumnecentrum.sk\/wp-content\/uploads\/2024\/03\/Instron-5985.pdf\" data-type=\"link\" data-id=\"https:\/\/vyskumnecentrum.sk\/wp-content\/uploads\/2024\/03\/Instron-5985.pdf\">Instron 5985<\/a><\/em><\/p>\n<\/div><\/div>\n<\/div>\n\n\n\n<div class=\"wp-block-column is-layout-flow wp-block-column-is-layout-flow\">\n<div class=\"wp-block-media-text is-stacked-on-mobile\"><figure class=\"wp-block-media-text__media\"><a href=\"https:\/\/vyskumnecentrum.sk\/wp-content\/uploads\/2024\/03\/Votsch-VC3.pdf\"><img loading=\"lazy\" decoding=\"async\" width=\"293\" height=\"293\" src=\"https:\/\/vyskumnecentrum.sk\/wp-content\/uploads\/2024\/05\/Votsch-VC3.jpg\" alt=\"\" class=\"wp-image-1272 size-medium\" srcset=\"https:\/\/vyskumnecentrum.sk\/wp-content\/uploads\/2024\/05\/Votsch-VC3.jpg 293w, https:\/\/vyskumnecentrum.sk\/wp-content\/uploads\/2024\/05\/Votsch-VC3-150x150.jpg 150w, https:\/\/vyskumnecentrum.sk\/wp-content\/uploads\/2024\/05\/Votsch-VC3-50x50.jpg 50w, https:\/\/vyskumnecentrum.sk\/wp-content\/uploads\/2024\/05\/Votsch-VC3-12x12.jpg 12w\" sizes=\"auto, (max-width: 293px) 100vw, 293px\" \/><\/a><\/figure><div class=\"wp-block-media-text__content\">\n<p style=\"font-size:15px\"><em><a href=\"https:\/\/vyskumnecentrum.sk\/wp-content\/uploads\/2024\/03\/Votsch-VC3.pdf\" data-type=\"link\" data-id=\"https:\/\/vyskumnecentrum.sk\/wp-content\/uploads\/2024\/03\/Votsch-VC3.pdf\">V\u00f6tsch VC<sup>3<\/sup><\/a><\/em><\/p>\n<\/div><\/div>\n<\/div>\n<\/div>\n\n\n\n<div class=\"wp-block-columns is-layout-flex wp-container-core-columns-is-layout-9d6595d7 wp-block-columns-is-layout-flex\">\n<div class=\"wp-block-column is-layout-flow wp-block-column-is-layout-flow\">\n<div class=\"wp-block-media-text is-stacked-on-mobile\" style=\"grid-template-columns:19% auto\"><figure class=\"wp-block-media-text__media\"><a href=\"https:\/\/vyskumnecentrum.sk\/wp-content\/uploads\/2024\/03\/Votsch-VSC-KWT-1000.pdf\"><img loading=\"lazy\" decoding=\"async\" width=\"441\" height=\"331\" src=\"https:\/\/vyskumnecentrum.sk\/wp-content\/uploads\/2024\/05\/VSC-KWT-1000.jpg\" alt=\"\" class=\"wp-image-1273 size-medium\" srcset=\"https:\/\/vyskumnecentrum.sk\/wp-content\/uploads\/2024\/05\/VSC-KWT-1000.jpg 441w, https:\/\/vyskumnecentrum.sk\/wp-content\/uploads\/2024\/05\/VSC-KWT-1000-300x225.jpg 300w, https:\/\/vyskumnecentrum.sk\/wp-content\/uploads\/2024\/05\/VSC-KWT-1000-50x38.jpg 50w, https:\/\/vyskumnecentrum.sk\/wp-content\/uploads\/2024\/05\/VSC-KWT-1000-16x12.jpg 16w\" sizes=\"auto, (max-width: 441px) 100vw, 441px\" \/><\/a><\/figure><div class=\"wp-block-media-text__content\">\n<p style=\"font-size:15px\"><em><a href=\"https:\/\/vyskumnecentrum.sk\/wp-content\/uploads\/2024\/03\/Votsch-VSC-KWT-1000.pdf\" data-type=\"link\" data-id=\"https:\/\/vyskumnecentrum.sk\/wp-content\/uploads\/2024\/03\/Votsch-VSC-KWT-1000.pdf\">V\u00f6tsch VSC KWT 1000<\/a><\/em><\/p>\n<\/div><\/div>\n<\/div>\n<\/div>\n\n\n\n<div class=\"wp-block-columns is-layout-flex wp-container-core-columns-is-layout-9d6595d7 wp-block-columns-is-layout-flex\">\n<div class=\"wp-block-column is-layout-flow wp-block-column-is-layout-flow\"><\/div>\n<\/div>","protected":false},"excerpt":{"rendered":"<p>Ved\u00faci laborat\u00f3ria: Ing. Daniel Kaj\u00e1nek, PhD. Miestnos\u0165: VC 0.15 Laborat\u00f3rium je zameran\u00e9 na hodnotenie z\u00e1kladn\u00fdch mechanick\u00fdch vlastnost\u00ed a&nbsp;kor\u00f3znej odolnosti kon\u0161truk\u010dn\u00fdch materi\u00e1lov. Pre hodnotenie mechanick\u00fdch vlastnost\u00ed v&nbsp;\u0165ahu a&nbsp;tlaku je laborat\u00f3rium vybaven\u00e9<\/p>\n<p class=\"more-link\"><a href=\"https:\/\/vyskumnecentrum.sk\/en\/vyskum\/laboratoria\/laboratorium-mechanickych-a-koroznych-skusok\/\" class=\"readmore\">Continue reading<span class=\"screen-reader-text\">Laboratory for Mechanical and Corrosion Testing<\/span><\/a><\/p>","protected":false},"author":1,"featured_media":0,"parent":474,"menu_order":0,"comment_status":"closed","ping_status":"closed","template":"","meta":{"footnotes":""},"class_list":["post-690","page","type-page","status-publish","hentry"],"_links":{"self":[{"href":"https:\/\/vyskumnecentrum.sk\/en\/wp-json\/wp\/v2\/pages\/690","targetHints":{"allow":["GET"]}}],"collection":[{"href":"https:\/\/vyskumnecentrum.sk\/en\/wp-json\/wp\/v2\/pages"}],"about":[{"href":"https:\/\/vyskumnecentrum.sk\/en\/wp-json\/wp\/v2\/types\/page"}],"author":[{"embeddable":true,"href":"https:\/\/vyskumnecentrum.sk\/en\/wp-json\/wp\/v2\/users\/1"}],"replies":[{"embeddable":true,"href":"https:\/\/vyskumnecentrum.sk\/en\/wp-json\/wp\/v2\/comments?post=690"}],"version-history":[{"count":9,"href":"https:\/\/vyskumnecentrum.sk\/en\/wp-json\/wp\/v2\/pages\/690\/revisions"}],"predecessor-version":[{"id":1452,"href":"https:\/\/vyskumnecentrum.sk\/en\/wp-json\/wp\/v2\/pages\/690\/revisions\/1452"}],"up":[{"embeddable":true,"href":"https:\/\/vyskumnecentrum.sk\/en\/wp-json\/wp\/v2\/pages\/474"}],"wp:attachment":[{"href":"https:\/\/vyskumnecentrum.sk\/en\/wp-json\/wp\/v2\/media?parent=690"}],"curies":[{"name":"wp","href":"https:\/\/api.w.org\/{rel}","templated":true}]}}