{"id":692,"date":"2023-12-01T06:16:48","date_gmt":"2023-12-01T06:16:48","guid":{"rendered":"https:\/\/new.vyskumnecentrum.sk\/?page_id=692"},"modified":"2025-05-29T09:11:02","modified_gmt":"2025-05-29T09:11:02","slug":"laboratorium-povrchovych-uprav","status":"publish","type":"page","link":"https:\/\/vyskumnecentrum.sk\/en\/vyskum\/laboratoria\/laboratorium-povrchovych-uprav\/","title":{"rendered":"Laboratory of Surface Treatments"},"content":{"rendered":"<p class=\"has-normal-font-size\"><strong>Head of laboratory:<\/strong> Ing. Daniel Kaj\u00e1nek, PhD.<\/p>\n\n\n\n<p class=\"has-normal-font-size\"><strong>Room: <\/strong>VC 1.04<\/p>\n\n\n\n<p class=\"has-normal-font-size\">The laboratory is aimed for creation of surface conversion layers on magnesium alloys with the Plasma Electrolytic Oxidation method. The process is performed on unique device designed and manufactured directly at the Research centre UNIZA.<\/p>\n\n\n\n<p class=\"has-normal-font-size\">For target specimen preparation, the laboratory is equipped with microscopical sectioning device Leica EM TXP. To evaluate thickness of paints, coatings and polymers on various substrates, the laboratory is equipped with ultrasonic gauge <a href=\"https:\/\/vyskumnecentrum.sk\/wp-content\/uploads\/2025\/04\/IL_ULTRAZVUKOVY-MERAC-HRUBKY-VRSTIEV-QUINTSONIC-7.pdf\" data-type=\"link\" data-id=\"https:\/\/vyskumnecentrum.sk\/wp-content\/uploads\/2025\/04\/IL_ULTRAZVUKOVY-MERAC-HRUBKY-VRSTIEV-QUINTSONIC-7.pdf\">QUINTSONIC 7<\/a>.<\/p>\n\n\n\n<div class=\"wp-block-columns is-layout-flex wp-container-core-columns-is-layout-9d6595d7 wp-block-columns-is-layout-flex\">\n<div class=\"wp-block-column is-layout-flow wp-block-column-is-layout-flow\">\n<div class=\"wp-block-media-text is-stacked-on-mobile\"><figure class=\"wp-block-media-text__media\"><img loading=\"lazy\" decoding=\"async\" width=\"684\" height=\"640\" src=\"https:\/\/vyskumnecentrum.sk\/wp-content\/uploads\/2025\/05\/Leica_TXP.jpg\" alt=\"\" class=\"wp-image-1730 size-medium\" srcset=\"https:\/\/vyskumnecentrum.sk\/wp-content\/uploads\/2025\/05\/Leica_TXP.jpg 684w, https:\/\/vyskumnecentrum.sk\/wp-content\/uploads\/2025\/05\/Leica_TXP-300x281.jpg 300w, https:\/\/vyskumnecentrum.sk\/wp-content\/uploads\/2025\/05\/Leica_TXP-50x47.jpg 50w, https:\/\/vyskumnecentrum.sk\/wp-content\/uploads\/2025\/05\/Leica_TXP-13x12.jpg 13w\" sizes=\"auto, (max-width: 684px) 100vw, 684px\" \/><\/figure><div class=\"wp-block-media-text__content\">\n<p style=\"font-size:15px\"><em>Leica EM TXP<\/em><\/p>\n<\/div><\/div>\n<\/div>\n\n\n\n<div class=\"wp-block-column is-layout-flow wp-block-column-is-layout-flow\">\n<div class=\"wp-block-media-text is-stacked-on-mobile\"><figure class=\"wp-block-media-text__media\"><a href=\"https:\/\/vyskumnecentrum.sk\/wp-content\/uploads\/2025\/04\/IL_ULTRAZVUKOVY-MERAC-HRUBKY-VRSTIEV-QUINTSONIC-7.pdf\"><img loading=\"lazy\" decoding=\"async\" width=\"503\" height=\"520\" src=\"https:\/\/vyskumnecentrum.sk\/wp-content\/uploads\/2025\/04\/Screenshot-2025-04-17-105142.png\" alt=\"\" class=\"wp-image-1694 size-full\" srcset=\"https:\/\/vyskumnecentrum.sk\/wp-content\/uploads\/2025\/04\/Screenshot-2025-04-17-105142.png 503w, https:\/\/vyskumnecentrum.sk\/wp-content\/uploads\/2025\/04\/Screenshot-2025-04-17-105142-290x300.png 290w, https:\/\/vyskumnecentrum.sk\/wp-content\/uploads\/2025\/04\/Screenshot-2025-04-17-105142-50x52.png 50w, https:\/\/vyskumnecentrum.sk\/wp-content\/uploads\/2025\/04\/Screenshot-2025-04-17-105142-12x12.png 12w\" sizes=\"auto, (max-width: 503px) 100vw, 503px\" \/><\/a><\/figure><div class=\"wp-block-media-text__content\">\n<p style=\"font-size:15px\"><a href=\"https:\/\/vyskumnecentrum.sk\/wp-content\/uploads\/2025\/04\/IL_ULTRAZVUKOVY-MERAC-HRUBKY-VRSTIEV-QUINTSONIC-7.pdf\" data-type=\"link\" data-id=\"https:\/\/vyskumnecentrum.sk\/wp-content\/uploads\/2025\/04\/IL_ULTRAZVUKOVY-MERAC-HRUBKY-VRSTIEV-QUINTSONIC-7.pdf\"><em>QUINTSONIC 7<\/em><\/a><\/p>\n<\/div><\/div>\n<\/div>\n<\/div>","protected":false},"excerpt":{"rendered":"<p>Ved\u00faci laborat\u00f3ria: Ing. Daniel Kaj\u00e1nek, PhD. Miestnos\u0165: VC 1.04 Laborat\u00f3rium je zameran\u00e9 na pr\u00edpravu povrchov\u00fdch vrstiev met\u00f3dou Plazmovej Elektrolytickej Oxid\u00e1cie na hor\u010d\u00edkov\u00fdch zliatin\u00e1ch. Proces povrchovej \u00fapravy sa realizuje na unik\u00e1tnom<\/p>\n<p class=\"more-link\"><a href=\"https:\/\/vyskumnecentrum.sk\/en\/vyskum\/laboratoria\/laboratorium-povrchovych-uprav\/\" class=\"readmore\">Continue reading<span class=\"screen-reader-text\">Laboratory of Surface Treatments<\/span><\/a><\/p>","protected":false},"author":1,"featured_media":0,"parent":474,"menu_order":0,"comment_status":"closed","ping_status":"closed","template":"","meta":{"footnotes":""},"class_list":["post-692","page","type-page","status-publish","hentry"],"_links":{"self":[{"href":"https:\/\/vyskumnecentrum.sk\/en\/wp-json\/wp\/v2\/pages\/692","targetHints":{"allow":["GET"]}}],"collection":[{"href":"https:\/\/vyskumnecentrum.sk\/en\/wp-json\/wp\/v2\/pages"}],"about":[{"href":"https:\/\/vyskumnecentrum.sk\/en\/wp-json\/wp\/v2\/types\/page"}],"author":[{"embeddable":true,"href":"https:\/\/vyskumnecentrum.sk\/en\/wp-json\/wp\/v2\/users\/1"}],"replies":[{"embeddable":true,"href":"https:\/\/vyskumnecentrum.sk\/en\/wp-json\/wp\/v2\/comments?post=692"}],"version-history":[{"count":6,"href":"https:\/\/vyskumnecentrum.sk\/en\/wp-json\/wp\/v2\/pages\/692\/revisions"}],"predecessor-version":[{"id":1732,"href":"https:\/\/vyskumnecentrum.sk\/en\/wp-json\/wp\/v2\/pages\/692\/revisions\/1732"}],"up":[{"embeddable":true,"href":"https:\/\/vyskumnecentrum.sk\/en\/wp-json\/wp\/v2\/pages\/474"}],"wp:attachment":[{"href":"https:\/\/vyskumnecentrum.sk\/en\/wp-json\/wp\/v2\/media?parent=692"}],"curies":[{"name":"wp","href":"https:\/\/api.w.org\/{rel}","templated":true}]}}