{"id":694,"date":"2023-12-01T06:17:13","date_gmt":"2023-12-01T06:17:13","guid":{"rendered":"https:\/\/new.vyskumnecentrum.sk\/?page_id=694"},"modified":"2024-05-27T06:02:48","modified_gmt":"2024-05-27T06:02:48","slug":"laboratorium-elektrochemickych-skusok","status":"publish","type":"page","link":"https:\/\/vyskumnecentrum.sk\/en\/vyskum\/laboratoria\/laboratorium-elektrochemickych-skusok\/","title":{"rendered":"Laboratory of Electro-Chemical Tests"},"content":{"rendered":"<p class=\"has-normal-font-size\"><strong>Head of laboratory:<\/strong> Ing. Daniel Kaj\u00e1nek, PhD.<\/p>\n\n\n\n<p class=\"has-normal-font-size\"><strong>Room: <\/strong>VC 1.15<\/p>\n\n\n\n<p class=\"has-normal-font-size\">The laboratory is aimed for advanced evaluation of electro-chemical characteristics of structural materials with the EIS, OCP, PD, CPP, PEIS, GEIS and VASP methods. For this purpose, the laboratory is equipped with two potentiostats <a href=\"https:\/\/vyskumnecentrum.sk\/wp-content\/uploads\/2024\/03\/Biologic-VSP-300.pdf\" data-type=\"link\" data-id=\"https:\/\/vyskumnecentrum.sk\/wp-content\/uploads\/2024\/03\/Biologic-VSP-300.pdf\">Biologic VSP-300<\/a> 300 with six independent channels. For on-site measurements a mobile potentiostat <a href=\"https:\/\/vyskumnecentrum.sk\/wp-content\/uploads\/2024\/03\/Biologic-SP-300.pdf\" data-type=\"link\" data-id=\"https:\/\/vyskumnecentrum.sk\/wp-content\/uploads\/2024\/03\/Biologic-SP-300.pdf\">Biologic SP-300<\/a> with two independent channels is available. It is also possible to utilize a special thermostat, which enables to perform measurements at temperatures different from ambient, in the range from 10 \u00b0C to 90 \u00b0C.<\/p>\n\n\n\n<div class=\"wp-block-columns is-layout-flex wp-container-core-columns-is-layout-9d6595d7 wp-block-columns-is-layout-flex\">\n<div class=\"wp-block-column is-layout-flow wp-block-column-is-layout-flow\">\n<div class=\"wp-block-media-text is-stacked-on-mobile\"><figure class=\"wp-block-media-text__media\"><a href=\"https:\/\/vyskumnecentrum.sk\/wp-content\/uploads\/2024\/03\/Biologic-VSP-300.pdf\"><img loading=\"lazy\" decoding=\"async\" width=\"250\" height=\"250\" src=\"https:\/\/vyskumnecentrum.sk\/wp-content\/uploads\/2024\/05\/VSP-300.jpg\" alt=\"\" class=\"wp-image-1240 size-medium\" srcset=\"https:\/\/vyskumnecentrum.sk\/wp-content\/uploads\/2024\/05\/VSP-300.jpg 250w, https:\/\/vyskumnecentrum.sk\/wp-content\/uploads\/2024\/05\/VSP-300-150x150.jpg 150w, https:\/\/vyskumnecentrum.sk\/wp-content\/uploads\/2024\/05\/VSP-300-50x50.jpg 50w, https:\/\/vyskumnecentrum.sk\/wp-content\/uploads\/2024\/05\/VSP-300-12x12.jpg 12w\" sizes=\"auto, (max-width: 250px) 100vw, 250px\" \/><\/a><\/figure><div class=\"wp-block-media-text__content\">\n<p style=\"font-size:15px\"><em><a href=\"https:\/\/vyskumnecentrum.sk\/wp-content\/uploads\/2024\/03\/Biologic-VSP-300.pdf\" data-type=\"link\" data-id=\"https:\/\/vyskumnecentrum.sk\/wp-content\/uploads\/2024\/03\/Biologic-VSP-300.pdf\">VSP-300<\/a><\/em><\/p>\n<\/div><\/div>\n<\/div>\n\n\n\n<div class=\"wp-block-column is-layout-flow wp-block-column-is-layout-flow\">\n<div class=\"wp-block-media-text is-stacked-on-mobile\"><figure class=\"wp-block-media-text__media\"><a href=\"https:\/\/vyskumnecentrum.sk\/wp-content\/uploads\/2024\/03\/Biologic-SP-300.pdf\"><img loading=\"lazy\" decoding=\"async\" width=\"330\" height=\"330\" src=\"https:\/\/vyskumnecentrum.sk\/wp-content\/uploads\/2024\/05\/SP-300-1.jpg\" alt=\"\" class=\"wp-image-1245 size-medium\" srcset=\"https:\/\/vyskumnecentrum.sk\/wp-content\/uploads\/2024\/05\/SP-300-1.jpg 330w, https:\/\/vyskumnecentrum.sk\/wp-content\/uploads\/2024\/05\/SP-300-1-300x300.jpg 300w, https:\/\/vyskumnecentrum.sk\/wp-content\/uploads\/2024\/05\/SP-300-1-150x150.jpg 150w, https:\/\/vyskumnecentrum.sk\/wp-content\/uploads\/2024\/05\/SP-300-1-50x50.jpg 50w, https:\/\/vyskumnecentrum.sk\/wp-content\/uploads\/2024\/05\/SP-300-1-12x12.jpg 12w\" sizes=\"auto, (max-width: 330px) 100vw, 330px\" \/><\/a><\/figure><div class=\"wp-block-media-text__content\">\n<p style=\"font-size:15px\"><em><a href=\"https:\/\/vyskumnecentrum.sk\/wp-content\/uploads\/2024\/03\/Biologic-SP-300.pdf\" data-type=\"link\" data-id=\"https:\/\/vyskumnecentrum.sk\/wp-content\/uploads\/2024\/03\/Biologic-SP-300.pdf\">SP-300<\/a><\/em><\/p>\n<\/div><\/div>\n<\/div>\n<\/div>","protected":false},"excerpt":{"rendered":"<p>Ved\u00faci laborat\u00f3ria: Ing. Daniel Kaj\u00e1nek, PhD. Miestnos\u0165: VC 1.15 Laborat\u00f3rium sl\u00fa\u017ei pre pokro\u010dil\u00e9 hodnotenie elektrochemick\u00fdch charakterist\u00edk kon\u0161truk\u010dn\u00fdch materi\u00e1lov met\u00f3dami EIS, OCP, PD, CPP, PEIS, GEIS a VASP. Za t\u00fdmto \u00fa\u010delom<\/p>\n<p class=\"more-link\"><a href=\"https:\/\/vyskumnecentrum.sk\/en\/vyskum\/laboratoria\/laboratorium-elektrochemickych-skusok\/\" class=\"readmore\">Continue reading<span class=\"screen-reader-text\">Laboratory of Electro-Chemical Tests<\/span><\/a><\/p>","protected":false},"author":1,"featured_media":0,"parent":474,"menu_order":0,"comment_status":"closed","ping_status":"closed","template":"","meta":{"footnotes":""},"class_list":["post-694","page","type-page","status-publish","hentry"],"_links":{"self":[{"href":"https:\/\/vyskumnecentrum.sk\/en\/wp-json\/wp\/v2\/pages\/694","targetHints":{"allow":["GET"]}}],"collection":[{"href":"https:\/\/vyskumnecentrum.sk\/en\/wp-json\/wp\/v2\/pages"}],"about":[{"href":"https:\/\/vyskumnecentrum.sk\/en\/wp-json\/wp\/v2\/types\/page"}],"author":[{"embeddable":true,"href":"https:\/\/vyskumnecentrum.sk\/en\/wp-json\/wp\/v2\/users\/1"}],"replies":[{"embeddable":true,"href":"https:\/\/vyskumnecentrum.sk\/en\/wp-json\/wp\/v2\/comments?post=694"}],"version-history":[{"count":8,"href":"https:\/\/vyskumnecentrum.sk\/en\/wp-json\/wp\/v2\/pages\/694\/revisions"}],"predecessor-version":[{"id":1269,"href":"https:\/\/vyskumnecentrum.sk\/en\/wp-json\/wp\/v2\/pages\/694\/revisions\/1269"}],"up":[{"embeddable":true,"href":"https:\/\/vyskumnecentrum.sk\/en\/wp-json\/wp\/v2\/pages\/474"}],"wp:attachment":[{"href":"https:\/\/vyskumnecentrum.sk\/en\/wp-json\/wp\/v2\/media?parent=694"}],"curies":[{"name":"wp","href":"https:\/\/api.w.org\/{rel}","templated":true}]}}