{"id":696,"date":"2023-12-01T06:17:37","date_gmt":"2023-12-01T06:17:37","guid":{"rendered":"https:\/\/new.vyskumnecentrum.sk\/?page_id=696"},"modified":"2024-06-19T06:01:23","modified_gmt":"2024-06-19T06:01:23","slug":"laboratorium-vyskumu-vymennikov-tepla","status":"publish","type":"page","link":"https:\/\/vyskumnecentrum.sk\/en\/vyskum\/laboratoria\/laboratorium-vyskumu-vymennikov-tepla\/","title":{"rendered":"Laboratory for Measuring Heat Exchangers"},"content":{"rendered":"<p class=\"has-normal-font-size\"><strong>Head of laboratory:<\/strong> Ing. Peter Hrabovsk\u00fd, PhD.<\/p>\n\n\n\n<p class=\"has-normal-font-size\"><strong>Room: <\/strong>VC 1.16<\/p>\n\n\n\n<p class=\"has-normal-font-size\">The laboratory is aimed for evaluation of heat exchangers\u2019 operational properties.<\/p>\n\n\n\n<p class=\"has-normal-font-size\">For measurement of the component ratio within the two-phase and three-phase systems (water \u2013 bubbles, water \u2013 steam, water \u2013 solid particles, water \u2013 oil, water \u2013 air \u2013 oil) during the fluid mixing or for crystallization measurements, the laboratory is equipped with an <a href=\"https:\/\/vyskumnecentrum.sk\/wp-content\/uploads\/2024\/03\/Tomograf-v5r-_-P2.pdf\" data-type=\"link\" data-id=\"https:\/\/vyskumnecentrum.sk\/wp-content\/uploads\/2024\/03\/Tomograf-v5r-_-P2.pdf\">Electrical resistance tomograph v5r\/P2+<\/a>.<\/p>\n\n\n\n<p class=\"has-normal-font-size\">For evaluation of size and quantity of the solid particles created during the fuel burning, the laboratory is equipped with a <a href=\"https:\/\/vyskumnecentrum.sk\/wp-content\/uploads\/2024\/03\/Nanoscan-SMPS.pdf\" data-type=\"link\" data-id=\"https:\/\/vyskumnecentrum.sk\/wp-content\/uploads\/2024\/03\/Nanoscan-SMPS.pdf\">NanoScan SPMS Nanoparticle Sizer 3910<\/a>, which enables to analyze the particle size distribution up to 10 nanometers.<\/p>\n\n\n\n<p class=\"has-normal-font-size\">The laboratory is also equipped with a portable multi-functional ultrasonic flow meter <a href=\"https:\/\/vyskumnecentrum.sk\/wp-content\/uploads\/2024\/03\/FLUXUS-F601.pdf\" data-type=\"link\" data-id=\"https:\/\/vyskumnecentrum.sk\/wp-content\/uploads\/2024\/03\/FLUXUS-F601.pdf\">FLUXUS F601<\/a> for mass and volume flow analysis and with a submersible cooler <a href=\"https:\/\/vyskumnecentrum.sk\/wp-content\/uploads\/2024\/03\/FT902-FT.pdf\" data-type=\"link\" data-id=\"https:\/\/vyskumnecentrum.sk\/wp-content\/uploads\/2024\/03\/FT902-FT.pdf\">Julabo FT902<\/a> for cooling of connections to heat exchangers or rapid fluid cooling.<\/p>\n\n\n\n<div class=\"wp-block-columns is-layout-flex wp-container-core-columns-is-layout-9d6595d7 wp-block-columns-is-layout-flex\">\n<div class=\"wp-block-column is-layout-flow wp-block-column-is-layout-flow\">\n<div class=\"wp-block-media-text is-stacked-on-mobile\"><figure class=\"wp-block-media-text__media\"><a href=\"https:\/\/vyskumnecentrum.sk\/wp-content\/uploads\/2024\/03\/Tomograf-v5r-_-P2.pdf\"><img loading=\"lazy\" decoding=\"async\" width=\"394\" height=\"394\" src=\"https:\/\/vyskumnecentrum.sk\/wp-content\/uploads\/2024\/06\/v5r.jpg\" alt=\"\" class=\"wp-image-1363 size-medium\" srcset=\"https:\/\/vyskumnecentrum.sk\/wp-content\/uploads\/2024\/06\/v5r.jpg 394w, https:\/\/vyskumnecentrum.sk\/wp-content\/uploads\/2024\/06\/v5r-300x300.jpg 300w, https:\/\/vyskumnecentrum.sk\/wp-content\/uploads\/2024\/06\/v5r-150x150.jpg 150w, https:\/\/vyskumnecentrum.sk\/wp-content\/uploads\/2024\/06\/v5r-50x50.jpg 50w, https:\/\/vyskumnecentrum.sk\/wp-content\/uploads\/2024\/06\/v5r-12x12.jpg 12w\" sizes=\"auto, (max-width: 394px) 100vw, 394px\" \/><\/a><\/figure><div class=\"wp-block-media-text__content\">\n<p style=\"font-size:15px\"><em><a href=\"https:\/\/vyskumnecentrum.sk\/wp-content\/uploads\/2024\/03\/Tomograf-v5r-_-P2.pdf\" data-type=\"link\" data-id=\"https:\/\/vyskumnecentrum.sk\/wp-content\/uploads\/2024\/03\/Tomograf-v5r-_-P2.pdf\">v5r\/P2+<\/a><\/em><\/p>\n<\/div><\/div>\n<\/div>\n\n\n\n<div class=\"wp-block-column is-layout-flow wp-block-column-is-layout-flow\">\n<div class=\"wp-block-media-text is-stacked-on-mobile\"><figure class=\"wp-block-media-text__media\"><a href=\"https:\/\/vyskumnecentrum.sk\/wp-content\/uploads\/2024\/03\/Nanoscan-SMPS.pdf\"><img loading=\"lazy\" decoding=\"async\" width=\"391\" height=\"391\" src=\"https:\/\/vyskumnecentrum.sk\/wp-content\/uploads\/2024\/06\/nanoscan.jpg\" alt=\"\" class=\"wp-image-1364 size-medium\" srcset=\"https:\/\/vyskumnecentrum.sk\/wp-content\/uploads\/2024\/06\/nanoscan.jpg 391w, https:\/\/vyskumnecentrum.sk\/wp-content\/uploads\/2024\/06\/nanoscan-300x300.jpg 300w, https:\/\/vyskumnecentrum.sk\/wp-content\/uploads\/2024\/06\/nanoscan-150x150.jpg 150w, https:\/\/vyskumnecentrum.sk\/wp-content\/uploads\/2024\/06\/nanoscan-50x50.jpg 50w, https:\/\/vyskumnecentrum.sk\/wp-content\/uploads\/2024\/06\/nanoscan-12x12.jpg 12w\" sizes=\"auto, (max-width: 391px) 100vw, 391px\" \/><\/a><\/figure><div class=\"wp-block-media-text__content\">\n<p style=\"font-size:15px\"><em><a href=\"https:\/\/vyskumnecentrum.sk\/wp-content\/uploads\/2024\/03\/Nanoscan-SMPS.pdf\" data-type=\"link\" data-id=\"https:\/\/vyskumnecentrum.sk\/wp-content\/uploads\/2024\/03\/Nanoscan-SMPS.pdf\">NanoScan<\/a><\/em><\/p>\n<\/div><\/div>\n<\/div>\n<\/div>\n\n\n\n<div class=\"wp-block-columns is-layout-flex wp-container-core-columns-is-layout-9d6595d7 wp-block-columns-is-layout-flex\">\n<div class=\"wp-block-column is-layout-flow wp-block-column-is-layout-flow\">\n<div class=\"wp-block-media-text is-stacked-on-mobile\"><figure class=\"wp-block-media-text__media\"><a href=\"https:\/\/vyskumnecentrum.sk\/wp-content\/uploads\/2024\/03\/FLUXUS-F601.pdf\"><img loading=\"lazy\" decoding=\"async\" width=\"622\" height=\"622\" src=\"https:\/\/vyskumnecentrum.sk\/wp-content\/uploads\/2024\/06\/Fluxus.jpg\" alt=\"\" class=\"wp-image-1365 size-medium\" srcset=\"https:\/\/vyskumnecentrum.sk\/wp-content\/uploads\/2024\/06\/Fluxus.jpg 622w, https:\/\/vyskumnecentrum.sk\/wp-content\/uploads\/2024\/06\/Fluxus-300x300.jpg 300w, https:\/\/vyskumnecentrum.sk\/wp-content\/uploads\/2024\/06\/Fluxus-150x150.jpg 150w, https:\/\/vyskumnecentrum.sk\/wp-content\/uploads\/2024\/06\/Fluxus-50x50.jpg 50w, https:\/\/vyskumnecentrum.sk\/wp-content\/uploads\/2024\/06\/Fluxus-12x12.jpg 12w\" sizes=\"auto, (max-width: 622px) 100vw, 622px\" \/><\/a><\/figure><div class=\"wp-block-media-text__content\">\n<p style=\"font-size:15px\"><em><a href=\"https:\/\/vyskumnecentrum.sk\/wp-content\/uploads\/2024\/03\/FLUXUS-F601.pdf\" data-type=\"link\" data-id=\"https:\/\/vyskumnecentrum.sk\/wp-content\/uploads\/2024\/03\/FLUXUS-F601.pdf\">FLUXUS F601<\/a><\/em><\/p>\n<\/div><\/div>\n<\/div>\n\n\n\n<div class=\"wp-block-column is-layout-flow wp-block-column-is-layout-flow\">\n<div class=\"wp-block-media-text is-stacked-on-mobile\"><figure class=\"wp-block-media-text__media\"><a href=\"https:\/\/vyskumnecentrum.sk\/wp-content\/uploads\/2024\/03\/FT902-FT.pdf\"><img loading=\"lazy\" decoding=\"async\" width=\"1024\" height=\"1024\" src=\"https:\/\/vyskumnecentrum.sk\/wp-content\/uploads\/2024\/06\/Julabo-1024x1024.jpg\" alt=\"\" class=\"wp-image-1366 size-medium\" srcset=\"https:\/\/vyskumnecentrum.sk\/wp-content\/uploads\/2024\/06\/Julabo-1024x1024.jpg 1024w, https:\/\/vyskumnecentrum.sk\/wp-content\/uploads\/2024\/06\/Julabo-300x300.jpg 300w, https:\/\/vyskumnecentrum.sk\/wp-content\/uploads\/2024\/06\/Julabo-150x150.jpg 150w, https:\/\/vyskumnecentrum.sk\/wp-content\/uploads\/2024\/06\/Julabo-768x768.jpg 768w, https:\/\/vyskumnecentrum.sk\/wp-content\/uploads\/2024\/06\/Julabo-50x50.jpg 50w, https:\/\/vyskumnecentrum.sk\/wp-content\/uploads\/2024\/06\/Julabo-1600x1600.jpg 1600w, https:\/\/vyskumnecentrum.sk\/wp-content\/uploads\/2024\/06\/Julabo-1536x1536.jpg 1536w, https:\/\/vyskumnecentrum.sk\/wp-content\/uploads\/2024\/06\/Julabo-12x12.jpg 12w, https:\/\/vyskumnecentrum.sk\/wp-content\/uploads\/2024\/06\/Julabo.jpg 1804w\" sizes=\"auto, (max-width: 1024px) 100vw, 1024px\" \/><\/a><\/figure><div class=\"wp-block-media-text__content\">\n<p style=\"font-size:15px\"><em><a href=\"https:\/\/vyskumnecentrum.sk\/wp-content\/uploads\/2024\/03\/FT902-FT.pdf\" data-type=\"link\" data-id=\"https:\/\/vyskumnecentrum.sk\/wp-content\/uploads\/2024\/03\/FT902-FT.pdf\">Julabo FT902<\/a><\/em><\/p>\n<\/div><\/div>\n<\/div>\n<\/div>","protected":false},"excerpt":{"rendered":"<p>Ved\u00faci laborat\u00f3ria: Ing. Peter Hrabovsk\u00fd, PhD. Miestnos\u0165: VC 1.16 Laborat\u00f3rium je zameran\u00e9 na hodnotenie prev\u00e1dzkov\u00fdch parametrov v\u00fdmenn\u00edkov tepla. Pre meranie koncentr\u00e1cie zlo\u017eiek v dvojf\u00e1zov\u00fdch a trojf\u00e1zov\u00fdch syst\u00e9moch (voda -bubliny, voda<\/p>\n<p class=\"more-link\"><a href=\"https:\/\/vyskumnecentrum.sk\/en\/vyskum\/laboratoria\/laboratorium-vyskumu-vymennikov-tepla\/\" class=\"readmore\">Continue reading<span class=\"screen-reader-text\">Laboratory for Measuring Heat Exchangers<\/span><\/a><\/p>","protected":false},"author":1,"featured_media":0,"parent":474,"menu_order":0,"comment_status":"closed","ping_status":"closed","template":"","meta":{"footnotes":""},"class_list":["post-696","page","type-page","status-publish","hentry"],"_links":{"self":[{"href":"https:\/\/vyskumnecentrum.sk\/en\/wp-json\/wp\/v2\/pages\/696","targetHints":{"allow":["GET"]}}],"collection":[{"href":"https:\/\/vyskumnecentrum.sk\/en\/wp-json\/wp\/v2\/pages"}],"about":[{"href":"https:\/\/vyskumnecentrum.sk\/en\/wp-json\/wp\/v2\/types\/page"}],"author":[{"embeddable":true,"href":"https:\/\/vyskumnecentrum.sk\/en\/wp-json\/wp\/v2\/users\/1"}],"replies":[{"embeddable":true,"href":"https:\/\/vyskumnecentrum.sk\/en\/wp-json\/wp\/v2\/comments?post=696"}],"version-history":[{"count":2,"href":"https:\/\/vyskumnecentrum.sk\/en\/wp-json\/wp\/v2\/pages\/696\/revisions"}],"predecessor-version":[{"id":1367,"href":"https:\/\/vyskumnecentrum.sk\/en\/wp-json\/wp\/v2\/pages\/696\/revisions\/1367"}],"up":[{"embeddable":true,"href":"https:\/\/vyskumnecentrum.sk\/en\/wp-json\/wp\/v2\/pages\/474"}],"wp:attachment":[{"href":"https:\/\/vyskumnecentrum.sk\/en\/wp-json\/wp\/v2\/media?parent=696"}],"curies":[{"name":"wp","href":"https:\/\/api.w.org\/{rel}","templated":true}]}}