{"id":698,"date":"2023-12-01T06:18:07","date_gmt":"2023-12-01T06:18:07","guid":{"rendered":"https:\/\/new.vyskumnecentrum.sk\/?page_id=698"},"modified":"2025-11-25T14:03:56","modified_gmt":"2025-11-25T14:03:56","slug":"laboratorium-mikroskopie","status":"publish","type":"page","link":"https:\/\/vyskumnecentrum.sk\/en\/vyskum\/laboratoria\/laboratorium-mikroskopie\/","title":{"rendered":"Laboratory of Microscopy"},"content":{"rendered":"<p class=\"has-normal-font-size\"><strong>Head of laboratory:<\/strong> Ing. Zuzana Florkov\u00e1, PhD.<\/p>\n\n\n\n<p class=\"has-normal-font-size\"><strong>Room: <\/strong>VC 1.17<\/p>\n\n\n\n<p class=\"has-normal-font-size\">The laboratory is aimed at evaluation of surface and microstructural characteristics of structural materials.<\/p>\n\n\n\n<p class=\"has-normal-font-size\">For the surface characteristics evaluation, the laboratory is equipped with a basic stereomicroscope <a href=\"https:\/\/vyskumnecentrum.sk\/wp-content\/uploads\/2024\/03\/Leica-S9i.pdf\">Leica S9i<\/a> and advanced stereomicroscope <a href=\"https:\/\/vyskumnecentrum.sk\/wp-content\/uploads\/2024\/03\/Leica-M205.pdf\">Leica M205<\/a> s&nbsp;plnou motoriz\u00e1ciou umo\u017e\u0148uj\u00facou panoramatick\u00e9 sn\u00edmanie povrchov a taktie\u017e motorizovanou vertik\u00e1lnou osou pre fotografovanie s roz\u0161\u00edrenou h\u013abkou ostrosti.<\/p>\n\n\n\n<p class=\"has-normal-font-size\">For surface texture analysis, the laboratory is equipped with a laser confocal microscope <a href=\"https:\/\/vyskumnecentrum.sk\/wp-content\/uploads\/2024\/03\/LSM-700.pdf\">Zeiss LSM 700<\/a>.<\/p>\n\n\n\n<p class=\"has-normal-font-size\">Microstructure evaluation of metallic materials is provided by optical metallography microscope <a href=\"https:\/\/vyskumnecentrum.sk\/wp-content\/uploads\/2024\/03\/Leica-DMi8.pdf\">Leica DMi8<\/a> with full motorization for panorama and extended depth of field stitching. Microscope is equipped with dark field and modules for polarized light, as well.<\/p>\n\n\n\n<p style=\"font-size:16px\">For chemical composition analysis and structural identification of polymers, organic substances, metal oxides, and minerals, the laboratory is equipped with a <a href=\"https:\/\/vyskumnecentrum.sk\/wp-content\/uploads\/2025\/11\/DXR3xi-Raman-Imaging.pdf\" data-type=\"link\" data-id=\"https:\/\/vyskumnecentrum.sk\/wp-content\/uploads\/2025\/11\/DXR3xi-Raman-Imaging.pdf\">Thermo Scientific DXR 3xi Raman Microscope<\/a>. The device helps to determine the types of chemical bonds, crystalline structure, defects and flaws in the material, and the presence of functional groups, and is useful in studying metal oxidation, thin film degradation, etc.<\/p>\n\n\n\n<p class=\"has-normal-font-size\">The laboratory is also equipped with roughness tester <a href=\"https:\/\/vyskumnecentrum.sk\/wp-content\/uploads\/2024\/03\/MarSurf-PS10.pdf\" data-type=\"link\" data-id=\"https:\/\/vyskumnecentrum.sk\/wp-content\/uploads\/2024\/03\/MarSurf-PS10.pdf\">MarSurf PS10<\/a> and with a device for surface wettability evaluation <a href=\"https:\/\/vyskumnecentrum.sk\/wp-content\/uploads\/2024\/03\/SITA-SurfaSpector.pdf\" data-type=\"link\" data-id=\"https:\/\/vyskumnecentrum.sk\/wp-content\/uploads\/2024\/03\/SITA-SurfaSpector.pdf\">SITA SurfaSpector<\/a>.<\/p>\n\n\n\n<div class=\"wp-block-columns is-layout-flex wp-container-core-columns-is-layout-9d6595d7 wp-block-columns-is-layout-flex\">\n<div class=\"wp-block-column is-layout-flow wp-block-column-is-layout-flow\">\n<div class=\"wp-block-media-text is-stacked-on-mobile\"><figure class=\"wp-block-media-text__media\"><a href=\"https:\/\/vyskumnecentrum.sk\/wp-content\/uploads\/2024\/03\/Leica-S9i.pdf\"><img loading=\"lazy\" decoding=\"async\" width=\"535\" height=\"535\" src=\"https:\/\/vyskumnecentrum.sk\/wp-content\/uploads\/2024\/05\/S9i-1.jpg\" alt=\"\" class=\"wp-image-1212 size-medium\" srcset=\"https:\/\/vyskumnecentrum.sk\/wp-content\/uploads\/2024\/05\/S9i-1.jpg 535w, https:\/\/vyskumnecentrum.sk\/wp-content\/uploads\/2024\/05\/S9i-1-300x300.jpg 300w, https:\/\/vyskumnecentrum.sk\/wp-content\/uploads\/2024\/05\/S9i-1-150x150.jpg 150w, https:\/\/vyskumnecentrum.sk\/wp-content\/uploads\/2024\/05\/S9i-1-50x50.jpg 50w, https:\/\/vyskumnecentrum.sk\/wp-content\/uploads\/2024\/05\/S9i-1-12x12.jpg 12w\" sizes=\"auto, (max-width: 535px) 100vw, 535px\" \/><\/a><\/figure><div class=\"wp-block-media-text__content\">\n<p style=\"font-size:15px\"><em><a href=\"https:\/\/vyskumnecentrum.sk\/wp-content\/uploads\/2024\/03\/Leica-S9i.pdf\">Leica S9i<\/a><\/em><\/p>\n<\/div><\/div>\n<\/div>\n\n\n\n<div class=\"wp-block-column is-layout-flow wp-block-column-is-layout-flow\">\n<div class=\"wp-block-media-text is-stacked-on-mobile\"><figure class=\"wp-block-media-text__media\"><a href=\"https:\/\/vyskumnecentrum.sk\/wp-content\/uploads\/2024\/03\/Leica-M205.pdf\"><img loading=\"lazy\" decoding=\"async\" width=\"556\" height=\"556\" src=\"https:\/\/vyskumnecentrum.sk\/wp-content\/uploads\/2024\/05\/M205.jpg\" alt=\"\" class=\"wp-image-1208 size-medium\" srcset=\"https:\/\/vyskumnecentrum.sk\/wp-content\/uploads\/2024\/05\/M205.jpg 556w, https:\/\/vyskumnecentrum.sk\/wp-content\/uploads\/2024\/05\/M205-300x300.jpg 300w, https:\/\/vyskumnecentrum.sk\/wp-content\/uploads\/2024\/05\/M205-150x150.jpg 150w, https:\/\/vyskumnecentrum.sk\/wp-content\/uploads\/2024\/05\/M205-50x50.jpg 50w, https:\/\/vyskumnecentrum.sk\/wp-content\/uploads\/2024\/05\/M205-12x12.jpg 12w\" sizes=\"auto, (max-width: 556px) 100vw, 556px\" \/><\/a><\/figure><div class=\"wp-block-media-text__content\">\n<p style=\"font-size:15px\"><em><a href=\"https:\/\/vyskumnecentrum.sk\/wp-content\/uploads\/2024\/03\/Leica-M205.pdf\">Leica M205<\/a><\/em><\/p>\n<\/div><\/div>\n<\/div>\n<\/div>\n\n\n\n<div class=\"wp-block-columns is-layout-flex wp-container-core-columns-is-layout-9d6595d7 wp-block-columns-is-layout-flex\">\n<div class=\"wp-block-column is-layout-flow wp-block-column-is-layout-flow\">\n<div class=\"wp-block-media-text is-stacked-on-mobile\"><figure class=\"wp-block-media-text__media\"><a href=\"https:\/\/vyskumnecentrum.sk\/wp-content\/uploads\/2024\/03\/Leica-DMi8.pdf\"><img loading=\"lazy\" decoding=\"async\" width=\"430\" height=\"430\" src=\"https:\/\/vyskumnecentrum.sk\/wp-content\/uploads\/2024\/05\/dmi8.jpg\" alt=\"\" class=\"wp-image-1210 size-medium\" srcset=\"https:\/\/vyskumnecentrum.sk\/wp-content\/uploads\/2024\/05\/dmi8.jpg 430w, https:\/\/vyskumnecentrum.sk\/wp-content\/uploads\/2024\/05\/dmi8-300x300.jpg 300w, https:\/\/vyskumnecentrum.sk\/wp-content\/uploads\/2024\/05\/dmi8-150x150.jpg 150w, https:\/\/vyskumnecentrum.sk\/wp-content\/uploads\/2024\/05\/dmi8-50x50.jpg 50w, https:\/\/vyskumnecentrum.sk\/wp-content\/uploads\/2024\/05\/dmi8-12x12.jpg 12w\" sizes=\"auto, (max-width: 430px) 100vw, 430px\" \/><\/a><\/figure><div class=\"wp-block-media-text__content\">\n<p style=\"font-size:15px\"><em><a href=\"https:\/\/vyskumnecentrum.sk\/wp-content\/uploads\/2024\/03\/Leica-DMi8.pdf\">Leica DMi8<\/a><\/em><\/p>\n<\/div><\/div>\n<\/div>\n\n\n\n<div class=\"wp-block-column is-layout-flow wp-block-column-is-layout-flow\">\n<div class=\"wp-block-media-text is-stacked-on-mobile\"><figure class=\"wp-block-media-text__media\"><a href=\"https:\/\/vyskumnecentrum.sk\/wp-content\/uploads\/2024\/03\/LSM-700.pdf\"><img loading=\"lazy\" decoding=\"async\" width=\"373\" height=\"373\" src=\"https:\/\/vyskumnecentrum.sk\/wp-content\/uploads\/2024\/05\/lsm700.jpg\" alt=\"\" class=\"wp-image-1211 size-medium\" srcset=\"https:\/\/vyskumnecentrum.sk\/wp-content\/uploads\/2024\/05\/lsm700.jpg 373w, https:\/\/vyskumnecentrum.sk\/wp-content\/uploads\/2024\/05\/lsm700-300x300.jpg 300w, https:\/\/vyskumnecentrum.sk\/wp-content\/uploads\/2024\/05\/lsm700-150x150.jpg 150w, https:\/\/vyskumnecentrum.sk\/wp-content\/uploads\/2024\/05\/lsm700-50x50.jpg 50w, https:\/\/vyskumnecentrum.sk\/wp-content\/uploads\/2024\/05\/lsm700-12x12.jpg 12w\" sizes=\"auto, (max-width: 373px) 100vw, 373px\" \/><\/a><\/figure><div class=\"wp-block-media-text__content\">\n<p style=\"font-size:15px\"><em><a href=\"https:\/\/vyskumnecentrum.sk\/wp-content\/uploads\/2024\/03\/LSM-700.pdf\">Zeiss LSM 700<\/a><\/em><\/p>\n<\/div><\/div>\n<\/div>\n<\/div>\n\n\n\n<div class=\"wp-block-columns is-layout-flex wp-container-core-columns-is-layout-9d6595d7 wp-block-columns-is-layout-flex\">\n<div class=\"wp-block-column is-layout-flow wp-block-column-is-layout-flow\">\n<div class=\"wp-block-media-text is-stacked-on-mobile\"><figure class=\"wp-block-media-text__media\"><a href=\"https:\/\/vyskumnecentrum.sk\/wp-content\/uploads\/2024\/03\/MarSurf-PS10.pdf\"><img loading=\"lazy\" decoding=\"async\" width=\"397\" height=\"265\" src=\"https:\/\/vyskumnecentrum.sk\/wp-content\/uploads\/2024\/05\/MarSurf-PS10.jpg\" alt=\"\" class=\"wp-image-1234 size-medium\" srcset=\"https:\/\/vyskumnecentrum.sk\/wp-content\/uploads\/2024\/05\/MarSurf-PS10.jpg 397w, https:\/\/vyskumnecentrum.sk\/wp-content\/uploads\/2024\/05\/MarSurf-PS10-300x200.jpg 300w, https:\/\/vyskumnecentrum.sk\/wp-content\/uploads\/2024\/05\/MarSurf-PS10-50x33.jpg 50w, https:\/\/vyskumnecentrum.sk\/wp-content\/uploads\/2024\/05\/MarSurf-PS10-18x12.jpg 18w\" sizes=\"auto, (max-width: 397px) 100vw, 397px\" \/><\/a><\/figure><div class=\"wp-block-media-text__content\">\n<p style=\"font-size:15px\"><em><a href=\"https:\/\/vyskumnecentrum.sk\/wp-content\/uploads\/2024\/03\/MarSurf-PS10.pdf\" data-type=\"link\" data-id=\"https:\/\/vyskumnecentrum.sk\/wp-content\/uploads\/2024\/03\/MarSurf-PS10.pdf\">MarSurf PS10<\/a><\/em><\/p>\n<\/div><\/div>\n<\/div>\n\n\n\n<div class=\"wp-block-column is-layout-flow wp-block-column-is-layout-flow\">\n<div class=\"wp-block-media-text is-stacked-on-mobile\"><figure class=\"wp-block-media-text__media\"><a href=\"https:\/\/vyskumnecentrum.sk\/wp-content\/uploads\/2024\/03\/SITA-SurfaSpector.pdf\"><img loading=\"lazy\" decoding=\"async\" width=\"526\" height=\"351\" src=\"https:\/\/vyskumnecentrum.sk\/wp-content\/uploads\/2024\/05\/SITA_Surfa_Spector.jpg\" alt=\"\" class=\"wp-image-1235 size-medium\" srcset=\"https:\/\/vyskumnecentrum.sk\/wp-content\/uploads\/2024\/05\/SITA_Surfa_Spector.jpg 526w, https:\/\/vyskumnecentrum.sk\/wp-content\/uploads\/2024\/05\/SITA_Surfa_Spector-300x200.jpg 300w, https:\/\/vyskumnecentrum.sk\/wp-content\/uploads\/2024\/05\/SITA_Surfa_Spector-50x33.jpg 50w, https:\/\/vyskumnecentrum.sk\/wp-content\/uploads\/2024\/05\/SITA_Surfa_Spector-18x12.jpg 18w\" sizes=\"auto, (max-width: 526px) 100vw, 526px\" \/><\/a><\/figure><div class=\"wp-block-media-text__content\">\n<p style=\"font-size:15px\"><em><a href=\"https:\/\/vyskumnecentrum.sk\/wp-content\/uploads\/2024\/03\/SITA-SurfaSpector.pdf\" data-type=\"link\" data-id=\"https:\/\/vyskumnecentrum.sk\/wp-content\/uploads\/2024\/03\/SITA-SurfaSpector.pdf\">Surface Spector<\/a><\/em><\/p>\n<\/div><\/div>\n<\/div>\n<\/div>\n\n\n\n<div class=\"wp-block-columns is-layout-flex wp-container-core-columns-is-layout-9d6595d7 wp-block-columns-is-layout-flex\">\n<div class=\"wp-block-column is-layout-flow wp-block-column-is-layout-flow\">\n<div class=\"wp-block-media-text is-stacked-on-mobile\"><figure class=\"wp-block-media-text__media\"><img loading=\"lazy\" decoding=\"async\" width=\"757\" height=\"571\" src=\"https:\/\/vyskumnecentrum.sk\/wp-content\/uploads\/2025\/11\/Raman.jpg\" alt=\"\" class=\"wp-image-1941 size-full\" srcset=\"https:\/\/vyskumnecentrum.sk\/wp-content\/uploads\/2025\/11\/Raman.jpg 757w, https:\/\/vyskumnecentrum.sk\/wp-content\/uploads\/2025\/11\/Raman-300x226.jpg 300w, https:\/\/vyskumnecentrum.sk\/wp-content\/uploads\/2025\/11\/Raman-50x38.jpg 50w, https:\/\/vyskumnecentrum.sk\/wp-content\/uploads\/2025\/11\/Raman-16x12.jpg 16w, https:\/\/vyskumnecentrum.sk\/wp-content\/uploads\/2025\/11\/Raman-175x133.jpg 175w\" sizes=\"auto, (max-width: 757px) 100vw, 757px\" \/><\/figure><div class=\"wp-block-media-text__content\">\n<p style=\"font-size:15px\"><em><a href=\"https:\/\/vyskumnecentrum.sk\/wp-content\/uploads\/2025\/11\/DXR3xi-Raman-Imaging.pdf\">DXR3xi Raman<\/a><\/em><\/p>\n<\/div><\/div>\n<\/div>\n\n\n\n<div class=\"wp-block-column is-layout-flow wp-block-column-is-layout-flow\"><\/div>\n<\/div>","protected":false},"excerpt":{"rendered":"<p>Ved\u00faci laborat\u00f3ria: Ing. Zuzana Florkov\u00e1, PhD. Miestnos\u0165: VC 1.17 Laborat\u00f3rium je zameran\u00e9 na hodnotenie povrchov\u00fdch a mikro\u0161trukt\u00farnych charakterist\u00edk kon\u0161truk\u010dn\u00fdch materi\u00e1lov. Pre hodnotenie povrchov\u00fdch charakterist\u00edk kon\u0161truk\u010dn\u00fdch materi\u00e1lov je laborat\u00f3rium vybaven\u00e9 z\u00e1kladn\u00fdm<\/p>\n<p class=\"more-link\"><a href=\"https:\/\/vyskumnecentrum.sk\/en\/vyskum\/laboratoria\/laboratorium-mikroskopie\/\" class=\"readmore\">Continue reading<span class=\"screen-reader-text\">Laboratory of Microscopy<\/span><\/a><\/p>","protected":false},"author":1,"featured_media":0,"parent":474,"menu_order":0,"comment_status":"closed","ping_status":"closed","template":"","meta":{"footnotes":""},"class_list":["post-698","page","type-page","status-publish","hentry"],"_links":{"self":[{"href":"https:\/\/vyskumnecentrum.sk\/en\/wp-json\/wp\/v2\/pages\/698","targetHints":{"allow":["GET"]}}],"collection":[{"href":"https:\/\/vyskumnecentrum.sk\/en\/wp-json\/wp\/v2\/pages"}],"about":[{"href":"https:\/\/vyskumnecentrum.sk\/en\/wp-json\/wp\/v2\/types\/page"}],"author":[{"embeddable":true,"href":"https:\/\/vyskumnecentrum.sk\/en\/wp-json\/wp\/v2\/users\/1"}],"replies":[{"embeddable":true,"href":"https:\/\/vyskumnecentrum.sk\/en\/wp-json\/wp\/v2\/comments?post=698"}],"version-history":[{"count":13,"href":"https:\/\/vyskumnecentrum.sk\/en\/wp-json\/wp\/v2\/pages\/698\/revisions"}],"predecessor-version":[{"id":1959,"href":"https:\/\/vyskumnecentrum.sk\/en\/wp-json\/wp\/v2\/pages\/698\/revisions\/1959"}],"up":[{"embeddable":true,"href":"https:\/\/vyskumnecentrum.sk\/en\/wp-json\/wp\/v2\/pages\/474"}],"wp:attachment":[{"href":"https:\/\/vyskumnecentrum.sk\/en\/wp-json\/wp\/v2\/media?parent=698"}],"curies":[{"name":"wp","href":"https:\/\/api.w.org\/{rel}","templated":true}]}}