{"id":700,"date":"2023-12-01T06:31:16","date_gmt":"2023-12-01T06:31:16","guid":{"rendered":"https:\/\/new.vyskumnecentrum.sk\/?page_id=700"},"modified":"2024-07-03T09:37:48","modified_gmt":"2024-07-03T09:37:48","slug":"laboratorium-vyskumu-zdrojov-tepla","status":"publish","type":"page","link":"https:\/\/vyskumnecentrum.sk\/en\/vyskum\/laboratoria\/laboratorium-vyskumu-zdrojov-tepla\/","title":{"rendered":"Laboratory for Research of Heat Sources"},"content":{"rendered":"<p class=\"has-normal-font-size\"><strong>Head of laboratory:<\/strong> Ing. Peter Hrabovsk\u00fd, PhD.<\/p>\n\n\n\n<p class=\"has-normal-font-size\"><strong>Room: <\/strong>VC 1.18<\/p>\n\n\n\n<p class=\"has-normal-font-size\">The laboratory is aimed at evaluation of chemical composition of fuels used as heat sources as well as for analyzing the final combustion products.<\/p>\n\n\n\n<p class=\"has-normal-font-size\">To evaluate the chemical composition, the laboratory is equipped with a Signle quadrupole gas chromatograph \u2013 mass spectrometer <a href=\"https:\/\/vyskumnecentrum.sk\/wp-content\/uploads\/2024\/06\/Shimadzu-GCMS-QP2010PLUS.pdf\" data-type=\"link\" data-id=\"https:\/\/vyskumnecentrum.sk\/wp-content\/uploads\/2024\/06\/Shimadzu-GCMS-QP2010PLUS.pdf\">Shimadzu GCMS QP2010PLUS<\/a>, ion chromatograph <a href=\"https:\/\/vyskumnecentrum.sk\/wp-content\/uploads\/2024\/06\/Thermo-Dionex-Aquion.pdf\" data-type=\"link\" data-id=\"https:\/\/vyskumnecentrum.sk\/wp-content\/uploads\/2024\/06\/Thermo-Dionex-Aquion.pdf\">Thermo Dionex Aquion<\/a> and UV\/VIS spectrometer <a href=\"https:\/\/vyskumnecentrum.sk\/wp-content\/uploads\/2024\/06\/Thermo-Scientific-Orion-AquaMate.pdf\" data-type=\"link\" data-id=\"https:\/\/vyskumnecentrum.sk\/wp-content\/uploads\/2024\/06\/Thermo-Scientific-Orion-AquaMate.pdf\">Thermo Scientific Orion AquaMate 8000<\/a>.<\/p>\n\n\n\n<p class=\"has-normal-font-size\">The laboratory is also equipped with <a href=\"https:\/\/vyskumnecentrum.sk\/wp-content\/uploads\/2024\/06\/Thermo-Scientific-Barnstead-GenPure.pdf\" data-type=\"link\" data-id=\"https:\/\/vyskumnecentrum.sk\/wp-content\/uploads\/2024\/06\/Thermo-Scientific-Barnstead-GenPure.pdf\">Thermo Scientific Barnstead GenPure<\/a>a device for making ultra-pure water. This ultra-pure water can reach value of electrical resistance of 18.2 M\u03a9 and it is used for chemical analysis sample preparation.<\/p>\n\n\n\n<div class=\"wp-block-columns is-layout-flex wp-container-core-columns-is-layout-9d6595d7 wp-block-columns-is-layout-flex\">\n<div class=\"wp-block-column is-layout-flow wp-block-column-is-layout-flow\">\n<div class=\"wp-block-media-text is-stacked-on-mobile\"><figure class=\"wp-block-media-text__media\"><a href=\"https:\/\/vyskumnecentrum.sk\/wp-content\/uploads\/2024\/06\/Shimadzu-GCMS-QP2010PLUS.pdf\"><img loading=\"lazy\" decoding=\"async\" width=\"675\" height=\"450\" src=\"https:\/\/vyskumnecentrum.sk\/wp-content\/uploads\/2024\/06\/QP2010PLUS.jpg\" alt=\"\" class=\"wp-image-1395 size-medium\" srcset=\"https:\/\/vyskumnecentrum.sk\/wp-content\/uploads\/2024\/06\/QP2010PLUS.jpg 675w, https:\/\/vyskumnecentrum.sk\/wp-content\/uploads\/2024\/06\/QP2010PLUS-300x200.jpg 300w, https:\/\/vyskumnecentrum.sk\/wp-content\/uploads\/2024\/06\/QP2010PLUS-50x33.jpg 50w, https:\/\/vyskumnecentrum.sk\/wp-content\/uploads\/2024\/06\/QP2010PLUS-18x12.jpg 18w\" sizes=\"auto, (max-width: 675px) 100vw, 675px\" \/><\/a><\/figure><div class=\"wp-block-media-text__content\">\n<p style=\"font-size:15px\"><em><a href=\"https:\/\/vyskumnecentrum.sk\/wp-content\/uploads\/2024\/06\/Shimadzu-GCMS-QP2010PLUS.pdf\" data-type=\"link\" data-id=\"https:\/\/vyskumnecentrum.sk\/wp-content\/uploads\/2024\/06\/Shimadzu-GCMS-QP2010PLUS.pdf\">Shimadzu GCMS QP2010PLUS<\/a><\/em><\/p>\n<\/div><\/div>\n<\/div>\n\n\n\n<div class=\"wp-block-column is-layout-flow wp-block-column-is-layout-flow\">\n<div class=\"wp-block-media-text is-stacked-on-mobile\"><figure class=\"wp-block-media-text__media\"><a href=\"https:\/\/vyskumnecentrum.sk\/wp-content\/uploads\/2024\/06\/Thermo-Scientific-Orion-AquaMate.pdf\"><img loading=\"lazy\" decoding=\"async\" width=\"713\" height=\"534\" src=\"https:\/\/vyskumnecentrum.sk\/wp-content\/uploads\/2024\/06\/qua_mate.jpg\" alt=\"\" class=\"wp-image-1396 size-medium\" srcset=\"https:\/\/vyskumnecentrum.sk\/wp-content\/uploads\/2024\/06\/qua_mate.jpg 713w, https:\/\/vyskumnecentrum.sk\/wp-content\/uploads\/2024\/06\/qua_mate-300x225.jpg 300w, https:\/\/vyskumnecentrum.sk\/wp-content\/uploads\/2024\/06\/qua_mate-50x37.jpg 50w, https:\/\/vyskumnecentrum.sk\/wp-content\/uploads\/2024\/06\/qua_mate-16x12.jpg 16w\" sizes=\"auto, (max-width: 713px) 100vw, 713px\" \/><\/a><\/figure><div class=\"wp-block-media-text__content\">\n<p style=\"font-size:15px\"><em><em><a href=\"https:\/\/vyskumnecentrum.sk\/wp-content\/uploads\/2024\/06\/Thermo-Scientific-Orion-AquaMate.pdf\" data-type=\"link\" data-id=\"https:\/\/vyskumnecentrum.sk\/wp-content\/uploads\/2024\/06\/Thermo-Scientific-Orion-AquaMate.pdf\">Thermo Scientific Orion AquaMate <\/a><\/em><\/em><\/p>\n<\/div><\/div>\n<\/div>\n<\/div>\n\n\n\n<div class=\"wp-block-columns is-layout-flex wp-container-core-columns-is-layout-9d6595d7 wp-block-columns-is-layout-flex\">\n<div class=\"wp-block-column is-layout-flow wp-block-column-is-layout-flow\">\n<div class=\"wp-block-media-text is-stacked-on-mobile\"><figure class=\"wp-block-media-text__media\"><a href=\"https:\/\/vyskumnecentrum.sk\/wp-content\/uploads\/2024\/06\/Thermo-Dionex-Aquion.pdf\"><img loading=\"lazy\" decoding=\"async\" width=\"393\" height=\"393\" src=\"https:\/\/vyskumnecentrum.sk\/wp-content\/uploads\/2024\/06\/dionex.jpg\" alt=\"\" class=\"wp-image-1397 size-medium\" srcset=\"https:\/\/vyskumnecentrum.sk\/wp-content\/uploads\/2024\/06\/dionex.jpg 393w, https:\/\/vyskumnecentrum.sk\/wp-content\/uploads\/2024\/06\/dionex-300x300.jpg 300w, https:\/\/vyskumnecentrum.sk\/wp-content\/uploads\/2024\/06\/dionex-150x150.jpg 150w, https:\/\/vyskumnecentrum.sk\/wp-content\/uploads\/2024\/06\/dionex-50x50.jpg 50w, https:\/\/vyskumnecentrum.sk\/wp-content\/uploads\/2024\/06\/dionex-12x12.jpg 12w\" sizes=\"auto, (max-width: 393px) 100vw, 393px\" \/><\/a><\/figure><div class=\"wp-block-media-text__content\">\n<p style=\"font-size:15px\"><em><a href=\"https:\/\/vyskumnecentrum.sk\/wp-content\/uploads\/2024\/06\/Thermo-Dionex-Aquion.pdf\" data-type=\"link\" data-id=\"https:\/\/vyskumnecentrum.sk\/wp-content\/uploads\/2024\/06\/Thermo-Dionex-Aquion.pdf\">Thermo Dionex Aquion<\/a><\/em><\/p>\n<\/div><\/div>\n<\/div>\n\n\n\n<div class=\"wp-block-column is-layout-flow wp-block-column-is-layout-flow\">\n<div class=\"wp-block-media-text is-stacked-on-mobile\"><figure class=\"wp-block-media-text__media\"><a href=\"https:\/\/vyskumnecentrum.sk\/wp-content\/uploads\/2024\/06\/Thermo-Scientific-Barnstead-GenPure.pdf\"><img loading=\"lazy\" decoding=\"async\" width=\"579\" height=\"579\" src=\"https:\/\/vyskumnecentrum.sk\/wp-content\/uploads\/2024\/06\/gen_pure.jpg\" alt=\"\" class=\"wp-image-1398 size-medium\" srcset=\"https:\/\/vyskumnecentrum.sk\/wp-content\/uploads\/2024\/06\/gen_pure.jpg 579w, https:\/\/vyskumnecentrum.sk\/wp-content\/uploads\/2024\/06\/gen_pure-300x300.jpg 300w, https:\/\/vyskumnecentrum.sk\/wp-content\/uploads\/2024\/06\/gen_pure-150x150.jpg 150w, https:\/\/vyskumnecentrum.sk\/wp-content\/uploads\/2024\/06\/gen_pure-50x50.jpg 50w, https:\/\/vyskumnecentrum.sk\/wp-content\/uploads\/2024\/06\/gen_pure-12x12.jpg 12w\" sizes=\"auto, (max-width: 579px) 100vw, 579px\" \/><\/a><\/figure><div class=\"wp-block-media-text__content\">\n<p style=\"font-size:15px\"><a href=\"https:\/\/vyskumnecentrum.sk\/wp-content\/uploads\/2024\/06\/Thermo-Scientific-Barnstead-GenPure.pdf\" data-type=\"link\" data-id=\"https:\/\/vyskumnecentrum.sk\/wp-content\/uploads\/2024\/06\/Thermo-Scientific-Barnstead-GenPure.pdf\"><em>Thermo Scientific Barnstead GenPure<\/em><\/a><\/p>\n<\/div><\/div>\n<\/div>\n<\/div>","protected":false},"excerpt":{"rendered":"<p>Ved\u00faci laborat\u00f3ria: Ing. Peter Hrabovsk\u00fd, PhD. Miestnos\u0165: VC 1.18 Laborat\u00f3rium je zameran\u00e9 na hodnotenie chemick\u00e9ho zlo\u017eenia pal\u00edv vyu\u017e\u00edvan\u00fdch v&nbsp;zdrojch tepla a v\u00fdsledn\u00fdch produktov horenia. Pre stanovenie chemick\u00e9ho zlo\u017eenia obsahu l\u00e1tok<\/p>\n<p class=\"more-link\"><a href=\"https:\/\/vyskumnecentrum.sk\/en\/vyskum\/laboratoria\/laboratorium-vyskumu-zdrojov-tepla\/\" class=\"readmore\">Continue reading<span class=\"screen-reader-text\">Laboratory for Research of Heat Sources<\/span><\/a><\/p>","protected":false},"author":1,"featured_media":0,"parent":474,"menu_order":0,"comment_status":"closed","ping_status":"closed","template":"","meta":{"footnotes":""},"class_list":["post-700","page","type-page","status-publish","hentry"],"_links":{"self":[{"href":"https:\/\/vyskumnecentrum.sk\/en\/wp-json\/wp\/v2\/pages\/700","targetHints":{"allow":["GET"]}}],"collection":[{"href":"https:\/\/vyskumnecentrum.sk\/en\/wp-json\/wp\/v2\/pages"}],"about":[{"href":"https:\/\/vyskumnecentrum.sk\/en\/wp-json\/wp\/v2\/types\/page"}],"author":[{"embeddable":true,"href":"https:\/\/vyskumnecentrum.sk\/en\/wp-json\/wp\/v2\/users\/1"}],"replies":[{"embeddable":true,"href":"https:\/\/vyskumnecentrum.sk\/en\/wp-json\/wp\/v2\/comments?post=700"}],"version-history":[{"count":6,"href":"https:\/\/vyskumnecentrum.sk\/en\/wp-json\/wp\/v2\/pages\/700\/revisions"}],"predecessor-version":[{"id":1455,"href":"https:\/\/vyskumnecentrum.sk\/en\/wp-json\/wp\/v2\/pages\/700\/revisions\/1455"}],"up":[{"embeddable":true,"href":"https:\/\/vyskumnecentrum.sk\/en\/wp-json\/wp\/v2\/pages\/474"}],"wp:attachment":[{"href":"https:\/\/vyskumnecentrum.sk\/en\/wp-json\/wp\/v2\/media?parent=700"}],"curies":[{"name":"wp","href":"https:\/\/api.w.org\/{rel}","templated":true}]}}