{"id":702,"date":"2023-12-01T06:31:58","date_gmt":"2023-12-01T06:31:58","guid":{"rendered":"https:\/\/new.vyskumnecentrum.sk\/?page_id=702"},"modified":"2025-05-30T07:47:41","modified_gmt":"2025-05-30T07:47:41","slug":"laboratorium-analyzy-emissi","status":"publish","type":"page","link":"https:\/\/vyskumnecentrum.sk\/en\/vyskum\/laboratoria\/laboratorium-analyzy-emissi\/","title":{"rendered":"Laboratory for Analysis of Solid Fuel and Particulate Matter"},"content":{"rendered":"<p class=\"has-normal-font-size\"><strong>Head of laboratory:<\/strong> Ing. Nikola \u010cajov\u00e1 Kantov\u00e1, PhD.<\/p>\n\n\n\n<p class=\"has-normal-font-size\"><strong>Room: <\/strong>VC 1.19<\/p>\n\n\n\n<p class=\"has-normal-font-size\">The laboratory is focused on the analysis of the chemical composition of solid fuels and particulate matter produced during combustion in small heat sources.<\/p>\n\n\n\n<p class=\"has-normal-font-size\">It is equipped with two elemental analyzers: <a href=\"https:\/\/vyskumnecentrum.sk\/wp-content\/uploads\/2025\/05\/FLASH_2000.pdf\" data-type=\"link\" data-id=\"https:\/\/vyskumnecentrum.sk\/wp-content\/uploads\/2025\/05\/FLASH_2000.pdf\">Thermo Scientific FLASH 2000 CHNS\/O<\/a> and <a href=\"https:\/\/vyskumnecentrum.sk\/wp-content\/uploads\/2025\/05\/LECO_CHN628.pdf\" data-type=\"link\" data-id=\"https:\/\/vyskumnecentrum.sk\/wp-content\/uploads\/2025\/05\/LECO_CHN628.pdf\">LECO CHN628<\/a>. For the determination of moisture content, volatile matter, fixed carbon, and ash in samples, the laboratory is fitted with a thermogravimetric analyzer <a href=\"https:\/\/vyskumnecentrum.sk\/wp-content\/uploads\/2025\/05\/LECO_TGA_701.pdf\" data-type=\"link\" data-id=\"https:\/\/vyskumnecentrum.sk\/wp-content\/uploads\/2025\/05\/LECO_TGA_701.pdf\">LECO TGA 701<\/a>. The detection of inorganic compounds in solid fuels and particulate matter can be performed using an energy-dispersive X-ray fluorescence spectrometer <a href=\"https:\/\/vyskumnecentrum.sk\/wp-content\/uploads\/2025\/05\/Thermo-ARL-QuantX.pdf\" data-type=\"link\" data-id=\"https:\/\/vyskumnecentrum.sk\/wp-content\/uploads\/2025\/05\/Thermo-ARL-QuantX.pdf\">ARL QuantX<\/a>. The laboratory is also equipped with a device enabling to study the deformation process of ashes from coal, coke and biomass <a href=\"https:\/\/vyskumnecentrum.sk\/wp-content\/uploads\/2025\/05\/LECO_AF700.pdf\" data-type=\"link\" data-id=\"https:\/\/vyskumnecentrum.sk\/wp-content\/uploads\/2025\/05\/LECO_AF700.pdf\">LECO AF700<\/a>.<\/p>\n\n\n\n<p class=\"has-normal-font-size\"><strong>The laboratory was established as part of the project 09I03-03-V04-00529.<\/strong><\/p>\n\n\n\n<div class=\"wp-block-columns is-layout-flex wp-container-core-columns-is-layout-9d6595d7 wp-block-columns-is-layout-flex\">\n<div class=\"wp-block-column is-layout-flow wp-block-column-is-layout-flow\">\n<div class=\"wp-block-media-text is-stacked-on-mobile\"><figure class=\"wp-block-media-text__media\"><a href=\"https:\/\/vyskumnecentrum.sk\/wp-content\/uploads\/2025\/05\/FLASH_2000.pdf\"><img loading=\"lazy\" decoding=\"async\" width=\"281\" height=\"281\" src=\"https:\/\/vyskumnecentrum.sk\/wp-content\/uploads\/2024\/05\/Flash2000.jpg\" alt=\"\" class=\"wp-image-1258 size-medium\" srcset=\"https:\/\/vyskumnecentrum.sk\/wp-content\/uploads\/2024\/05\/Flash2000.jpg 281w, https:\/\/vyskumnecentrum.sk\/wp-content\/uploads\/2024\/05\/Flash2000-150x150.jpg 150w, https:\/\/vyskumnecentrum.sk\/wp-content\/uploads\/2024\/05\/Flash2000-50x50.jpg 50w, https:\/\/vyskumnecentrum.sk\/wp-content\/uploads\/2024\/05\/Flash2000-12x12.jpg 12w\" sizes=\"auto, (max-width: 281px) 100vw, 281px\" \/><\/a><\/figure><div class=\"wp-block-media-text__content\">\n<p style=\"font-size:15px\"><em><a href=\"https:\/\/vyskumnecentrum.sk\/wp-content\/uploads\/2025\/05\/FLASH_2000.pdf\" data-type=\"link\" data-id=\"https:\/\/vyskumnecentrum.sk\/wp-content\/uploads\/2025\/05\/FLASH_2000.pdf\">FLASH 2000<\/a><\/em><\/p>\n<\/div><\/div>\n<\/div>\n\n\n\n<div class=\"wp-block-column is-layout-flow wp-block-column-is-layout-flow\">\n<div class=\"wp-block-media-text is-stacked-on-mobile\"><figure class=\"wp-block-media-text__media\"><a href=\"https:\/\/vyskumnecentrum.sk\/wp-content\/uploads\/2025\/05\/LECO_CHN628.pdf\"><img loading=\"lazy\" decoding=\"async\" width=\"461\" height=\"461\" src=\"https:\/\/vyskumnecentrum.sk\/wp-content\/uploads\/2024\/05\/LECO-CHN628.jpg\" alt=\"\" class=\"wp-image-1259 size-medium\" srcset=\"https:\/\/vyskumnecentrum.sk\/wp-content\/uploads\/2024\/05\/LECO-CHN628.jpg 461w, https:\/\/vyskumnecentrum.sk\/wp-content\/uploads\/2024\/05\/LECO-CHN628-300x300.jpg 300w, https:\/\/vyskumnecentrum.sk\/wp-content\/uploads\/2024\/05\/LECO-CHN628-150x150.jpg 150w, https:\/\/vyskumnecentrum.sk\/wp-content\/uploads\/2024\/05\/LECO-CHN628-50x50.jpg 50w, https:\/\/vyskumnecentrum.sk\/wp-content\/uploads\/2024\/05\/LECO-CHN628-12x12.jpg 12w\" sizes=\"auto, (max-width: 461px) 100vw, 461px\" \/><\/a><\/figure><div class=\"wp-block-media-text__content\">\n<p style=\"font-size:15px\"><em><a href=\"https:\/\/vyskumnecentrum.sk\/wp-content\/uploads\/2025\/05\/LECO_CHN628.pdf\" data-type=\"link\" data-id=\"https:\/\/vyskumnecentrum.sk\/wp-content\/uploads\/2025\/05\/LECO_CHN628.pdf\">LECO CHN628<\/a><\/em><\/p>\n<\/div><\/div>\n<\/div>\n<\/div>\n\n\n\n<div class=\"wp-block-columns is-layout-flex wp-container-core-columns-is-layout-9d6595d7 wp-block-columns-is-layout-flex\">\n<div class=\"wp-block-column is-layout-flow wp-block-column-is-layout-flow\">\n<div class=\"wp-block-media-text is-stacked-on-mobile\"><figure class=\"wp-block-media-text__media\"><a href=\"https:\/\/vyskumnecentrum.sk\/wp-content\/uploads\/2025\/05\/LECO_TGA_701.pdf\"><img loading=\"lazy\" decoding=\"async\" width=\"699\" height=\"700\" src=\"https:\/\/vyskumnecentrum.sk\/wp-content\/uploads\/2024\/05\/LECO-TGA701.jpg\" alt=\"\" class=\"wp-image-1260 size-medium\" srcset=\"https:\/\/vyskumnecentrum.sk\/wp-content\/uploads\/2024\/05\/LECO-TGA701.jpg 699w, https:\/\/vyskumnecentrum.sk\/wp-content\/uploads\/2024\/05\/LECO-TGA701-300x300.jpg 300w, https:\/\/vyskumnecentrum.sk\/wp-content\/uploads\/2024\/05\/LECO-TGA701-150x150.jpg 150w, https:\/\/vyskumnecentrum.sk\/wp-content\/uploads\/2024\/05\/LECO-TGA701-50x50.jpg 50w, https:\/\/vyskumnecentrum.sk\/wp-content\/uploads\/2024\/05\/LECO-TGA701-12x12.jpg 12w\" sizes=\"auto, (max-width: 699px) 100vw, 699px\" \/><\/a><\/figure><div class=\"wp-block-media-text__content\">\n<p style=\"font-size:15px\"><em><a href=\"https:\/\/vyskumnecentrum.sk\/wp-content\/uploads\/2025\/05\/LECO_TGA_701.pdf\" data-type=\"link\" data-id=\"https:\/\/vyskumnecentrum.sk\/wp-content\/uploads\/2025\/05\/LECO_TGA_701.pdf\">LECO TGA 701<\/a><\/em><\/p>\n<\/div><\/div>\n<\/div>\n\n\n\n<div class=\"wp-block-column is-layout-flow wp-block-column-is-layout-flow\">\n<div class=\"wp-block-media-text is-stacked-on-mobile\"><figure class=\"wp-block-media-text__media\"><a href=\"https:\/\/vyskumnecentrum.sk\/wp-content\/uploads\/2025\/05\/LECO_AF700.pdf\"><img loading=\"lazy\" decoding=\"async\" width=\"265\" height=\"265\" src=\"https:\/\/vyskumnecentrum.sk\/wp-content\/uploads\/2024\/05\/LECO-AF700.jpg\" alt=\"\" class=\"wp-image-1261 size-medium\" srcset=\"https:\/\/vyskumnecentrum.sk\/wp-content\/uploads\/2024\/05\/LECO-AF700.jpg 265w, https:\/\/vyskumnecentrum.sk\/wp-content\/uploads\/2024\/05\/LECO-AF700-150x150.jpg 150w, https:\/\/vyskumnecentrum.sk\/wp-content\/uploads\/2024\/05\/LECO-AF700-50x50.jpg 50w, https:\/\/vyskumnecentrum.sk\/wp-content\/uploads\/2024\/05\/LECO-AF700-12x12.jpg 12w\" sizes=\"auto, (max-width: 265px) 100vw, 265px\" \/><\/a><\/figure><div class=\"wp-block-media-text__content\">\n<p style=\"font-size:15px\"><em><a href=\"https:\/\/vyskumnecentrum.sk\/wp-content\/uploads\/2025\/05\/LECO_AF700.pdf\" data-type=\"link\" data-id=\"https:\/\/vyskumnecentrum.sk\/wp-content\/uploads\/2025\/05\/LECO_AF700.pdf\">LECO AF700<\/a><\/em><\/p>\n<\/div><\/div>\n<\/div>\n<\/div>\n\n\n\n<div class=\"wp-block-columns is-layout-flex wp-container-core-columns-is-layout-9d6595d7 wp-block-columns-is-layout-flex\">\n<div class=\"wp-block-column is-layout-flow wp-block-column-is-layout-flow\">\n<div class=\"wp-block-media-text is-stacked-on-mobile\"><figure class=\"wp-block-media-text__media\"><a href=\"https:\/\/vyskumnecentrum.sk\/wp-content\/uploads\/2025\/05\/Thermo-ARL-QuantX.pdf\"><img loading=\"lazy\" decoding=\"async\" width=\"250\" height=\"250\" src=\"https:\/\/vyskumnecentrum.sk\/wp-content\/uploads\/2024\/05\/quantx.jpg\" alt=\"\" class=\"wp-image-1314 size-full\" srcset=\"https:\/\/vyskumnecentrum.sk\/wp-content\/uploads\/2024\/05\/quantx.jpg 250w, https:\/\/vyskumnecentrum.sk\/wp-content\/uploads\/2024\/05\/quantx-150x150.jpg 150w, https:\/\/vyskumnecentrum.sk\/wp-content\/uploads\/2024\/05\/quantx-50x50.jpg 50w, https:\/\/vyskumnecentrum.sk\/wp-content\/uploads\/2024\/05\/quantx-12x12.jpg 12w\" sizes=\"auto, (max-width: 250px) 100vw, 250px\" \/><\/a><\/figure><div class=\"wp-block-media-text__content\">\n<p style=\"font-size:15px\"><em><a href=\"https:\/\/vyskumnecentrum.sk\/wp-content\/uploads\/2025\/05\/Thermo-ARL-QuantX.pdf\" data-type=\"link\" data-id=\"https:\/\/vyskumnecentrum.sk\/wp-content\/uploads\/2025\/05\/Thermo-ARL-QuantX.pdf\">Thermo ARL QuantX<\/a><\/em><\/p>\n<\/div><\/div>\n<\/div>\n\n\n\n<div class=\"wp-block-column is-layout-flow wp-block-column-is-layout-flow\"><\/div>\n<\/div>","protected":false},"excerpt":{"rendered":"<p>Ved\u00faci laborat\u00f3ria: Ing. Nikola \u010cajov\u00e1 Kantov\u00e1, PhD. Miestnos\u0165: VC 1.19 Laborat\u00f3rium je zameran\u00e9 na anal\u00fdzu chemick\u00e9ho zlo\u017eenia tuh\u00fdch pal\u00edv a tuh\u00fdch zne\u010dis\u0165uj\u00facich l\u00e1tok vznikaj\u00facich pri spa\u013eovan\u00ed v mal\u00fdch zdrojoch tepla.<\/p>\n<p class=\"more-link\"><a href=\"https:\/\/vyskumnecentrum.sk\/en\/vyskum\/laboratoria\/laboratorium-analyzy-emissi\/\" class=\"readmore\">Continue reading<span class=\"screen-reader-text\">Laboratory for Analysis of Solid Fuel and Particulate Matter<\/span><\/a><\/p>","protected":false},"author":1,"featured_media":0,"parent":474,"menu_order":0,"comment_status":"closed","ping_status":"closed","template":"","meta":{"footnotes":""},"class_list":["post-702","page","type-page","status-publish","hentry"],"_links":{"self":[{"href":"https:\/\/vyskumnecentrum.sk\/en\/wp-json\/wp\/v2\/pages\/702","targetHints":{"allow":["GET"]}}],"collection":[{"href":"https:\/\/vyskumnecentrum.sk\/en\/wp-json\/wp\/v2\/pages"}],"about":[{"href":"https:\/\/vyskumnecentrum.sk\/en\/wp-json\/wp\/v2\/types\/page"}],"author":[{"embeddable":true,"href":"https:\/\/vyskumnecentrum.sk\/en\/wp-json\/wp\/v2\/users\/1"}],"replies":[{"embeddable":true,"href":"https:\/\/vyskumnecentrum.sk\/en\/wp-json\/wp\/v2\/comments?post=702"}],"version-history":[{"count":14,"href":"https:\/\/vyskumnecentrum.sk\/en\/wp-json\/wp\/v2\/pages\/702\/revisions"}],"predecessor-version":[{"id":1744,"href":"https:\/\/vyskumnecentrum.sk\/en\/wp-json\/wp\/v2\/pages\/702\/revisions\/1744"}],"up":[{"embeddable":true,"href":"https:\/\/vyskumnecentrum.sk\/en\/wp-json\/wp\/v2\/pages\/474"}],"wp:attachment":[{"href":"https:\/\/vyskumnecentrum.sk\/en\/wp-json\/wp\/v2\/media?parent=702"}],"curies":[{"name":"wp","href":"https:\/\/api.w.org\/{rel}","templated":true}]}}