{"id":704,"date":"2023-12-01T06:32:20","date_gmt":"2023-12-01T06:32:20","guid":{"rendered":"https:\/\/new.vyskumnecentrum.sk\/?page_id=704"},"modified":"2024-07-26T10:32:24","modified_gmt":"2024-07-26T10:32:24","slug":"laboratorium-chemickej-analyzya-pripravy-materialov","status":"publish","type":"page","link":"https:\/\/vyskumnecentrum.sk\/en\/vyskum\/laboratoria\/laboratorium-chemickej-analyzya-pripravy-materialov\/","title":{"rendered":"Laboratory for Chemical Analysis and Preparation of Materials"},"content":{"rendered":"<p class=\"has-normal-font-size\"><strong>Head of laboratory:<\/strong> Ing. Daniel Kaj\u00e1nek, PhD.<\/p>\n\n\n\n<p class=\"has-normal-font-size\"><strong>Room: <\/strong>VC 1.20<\/p>\n\n\n\n<p class=\"has-normal-font-size\">The laboratory is aimed for chemical analysis of trace elements in liquid and solid samples. The laboratory is also equipped with a set of devices for metallography preparation of metallic materials to study their microstructure.<\/p>\n\n\n\n<p class=\"has-normal-font-size\">For chemical composition evaluation, including the content of trace elements, the laboratory is equipped with an Optical Emission Spectroscope with Induction Coupled Plasma <a href=\"https:\/\/vyskumnecentrum.sk\/wp-content\/uploads\/2024\/05\/Thermo-iCAP-7600_DUO.pdf\" data-type=\"link\" data-id=\"https:\/\/vyskumnecentrum.sk\/wp-content\/uploads\/2024\/05\/Thermo-iCAP-7600_DUO.pdf\">ICAP 7600 DUO <\/a>together with a decomposition system for preparation of organic and inorganic samples <a href=\"https:\/\/vyskumnecentrum.sk\/wp-content\/uploads\/2024\/05\/CEM-MARS-6.pdf\" data-type=\"link\" data-id=\"https:\/\/vyskumnecentrum.sk\/wp-content\/uploads\/2024\/05\/CEM-MARS-6.pdf\">CEM MARS 6<\/a>. The laboratory is also equipped with a device for making the ultra-pure acids <a href=\"https:\/\/vyskumnecentrum.sk\/wp-content\/uploads\/2024\/05\/BSB-939-IR.pdf\" data-type=\"link\" data-id=\"https:\/\/vyskumnecentrum.sk\/wp-content\/uploads\/2024\/05\/BSB-939-IR.pdf\">BSB 939 IR<\/a>which are required for trace element analyses.<\/p>\n\n\n\n<p class=\"has-normal-font-size\">For metallography preparation, the laboratory is equipped with metallography cutting device <a href=\"https:\/\/vyskumnecentrum.sk\/wp-content\/uploads\/2024\/03\/PRESI-Mecatome-T215.pdf\" data-type=\"link\" data-id=\"https:\/\/vyskumnecentrum.sk\/wp-content\/uploads\/2024\/03\/PRESI-Mecatome-T215.pdf\">Presi Mecatome T215<\/a>, hot molding device Presi Mecapress 3 and an automated grinder\/polisher Presi Mecatec 250 SPC.<\/p>\n\n\n\n<div class=\"wp-block-columns is-layout-flex wp-container-core-columns-is-layout-9d6595d7 wp-block-columns-is-layout-flex\">\n<div class=\"wp-block-column is-layout-flow wp-block-column-is-layout-flow\">\n<div class=\"wp-block-media-text is-stacked-on-mobile\"><figure class=\"wp-block-media-text__media\"><a href=\"https:\/\/vyskumnecentrum.sk\/wp-content\/uploads\/2024\/05\/Thermo-iCAP-7600_DUO.pdf\"><img loading=\"lazy\" decoding=\"async\" width=\"492\" height=\"492\" src=\"https:\/\/vyskumnecentrum.sk\/wp-content\/uploads\/2024\/05\/iCAP-7600-DUO.jpg\" alt=\"\" class=\"wp-image-1289 size-medium\" srcset=\"https:\/\/vyskumnecentrum.sk\/wp-content\/uploads\/2024\/05\/iCAP-7600-DUO.jpg 492w, https:\/\/vyskumnecentrum.sk\/wp-content\/uploads\/2024\/05\/iCAP-7600-DUO-300x300.jpg 300w, https:\/\/vyskumnecentrum.sk\/wp-content\/uploads\/2024\/05\/iCAP-7600-DUO-150x150.jpg 150w, https:\/\/vyskumnecentrum.sk\/wp-content\/uploads\/2024\/05\/iCAP-7600-DUO-50x50.jpg 50w, https:\/\/vyskumnecentrum.sk\/wp-content\/uploads\/2024\/05\/iCAP-7600-DUO-12x12.jpg 12w\" sizes=\"auto, (max-width: 492px) 100vw, 492px\" \/><\/a><\/figure><div class=\"wp-block-media-text__content\">\n<p style=\"font-size:15px\"><em><a href=\"https:\/\/vyskumnecentrum.sk\/wp-content\/uploads\/2024\/05\/Thermo-iCAP-7600_DUO.pdf\" data-type=\"link\" data-id=\"https:\/\/vyskumnecentrum.sk\/wp-content\/uploads\/2024\/05\/Thermo-iCAP-7600_DUO.pdf\">iCAP 7600 DUO<\/a><\/em><\/p>\n<\/div><\/div>\n<\/div>\n\n\n\n<div class=\"wp-block-column is-layout-flow wp-block-column-is-layout-flow\">\n<div class=\"wp-block-media-text is-stacked-on-mobile\"><figure class=\"wp-block-media-text__media\"><a href=\"https:\/\/vyskumnecentrum.sk\/wp-content\/uploads\/2024\/05\/CEM-MARS-6.pdf\"><img loading=\"lazy\" decoding=\"async\" width=\"289\" height=\"289\" src=\"https:\/\/vyskumnecentrum.sk\/wp-content\/uploads\/2024\/05\/CEM-MARS-6.jpg\" alt=\"\" class=\"wp-image-1290 size-medium\" srcset=\"https:\/\/vyskumnecentrum.sk\/wp-content\/uploads\/2024\/05\/CEM-MARS-6.jpg 289w, https:\/\/vyskumnecentrum.sk\/wp-content\/uploads\/2024\/05\/CEM-MARS-6-150x150.jpg 150w, https:\/\/vyskumnecentrum.sk\/wp-content\/uploads\/2024\/05\/CEM-MARS-6-50x50.jpg 50w, https:\/\/vyskumnecentrum.sk\/wp-content\/uploads\/2024\/05\/CEM-MARS-6-12x12.jpg 12w\" sizes=\"auto, (max-width: 289px) 100vw, 289px\" \/><\/a><\/figure><div class=\"wp-block-media-text__content\">\n<p style=\"font-size:15px\"><em><a href=\"https:\/\/vyskumnecentrum.sk\/wp-content\/uploads\/2024\/05\/CEM-MARS-6.pdf\" data-type=\"link\" data-id=\"https:\/\/vyskumnecentrum.sk\/wp-content\/uploads\/2024\/05\/CEM-MARS-6.pdf\">CEM MARS 6<\/a><\/em><\/p>\n<\/div><\/div>\n<\/div>\n<\/div>\n\n\n\n<div class=\"wp-block-columns is-layout-flex wp-container-core-columns-is-layout-9d6595d7 wp-block-columns-is-layout-flex\">\n<div class=\"wp-block-column is-layout-flow wp-block-column-is-layout-flow\">\n<div class=\"wp-block-media-text is-stacked-on-mobile\"><figure class=\"wp-block-media-text__media\"><a href=\"https:\/\/vyskumnecentrum.sk\/wp-content\/uploads\/2024\/05\/BSB-939-IR.pdf\"><img loading=\"lazy\" decoding=\"async\" width=\"358\" height=\"358\" src=\"https:\/\/vyskumnecentrum.sk\/wp-content\/uploads\/2024\/05\/BSB-939.jpg\" alt=\"\" class=\"wp-image-1291 size-medium\" srcset=\"https:\/\/vyskumnecentrum.sk\/wp-content\/uploads\/2024\/05\/BSB-939.jpg 358w, https:\/\/vyskumnecentrum.sk\/wp-content\/uploads\/2024\/05\/BSB-939-300x300.jpg 300w, https:\/\/vyskumnecentrum.sk\/wp-content\/uploads\/2024\/05\/BSB-939-150x150.jpg 150w, https:\/\/vyskumnecentrum.sk\/wp-content\/uploads\/2024\/05\/BSB-939-50x50.jpg 50w, https:\/\/vyskumnecentrum.sk\/wp-content\/uploads\/2024\/05\/BSB-939-12x12.jpg 12w\" sizes=\"auto, (max-width: 358px) 100vw, 358px\" \/><\/a><\/figure><div class=\"wp-block-media-text__content\">\n<p style=\"font-size:15px\"><em><a href=\"https:\/\/vyskumnecentrum.sk\/wp-content\/uploads\/2024\/05\/BSB-939-IR.pdf\" data-type=\"link\" data-id=\"https:\/\/vyskumnecentrum.sk\/wp-content\/uploads\/2024\/05\/BSB-939-IR.pdf\">BSB 939 IR<\/a><\/em><\/p>\n<\/div><\/div>\n<\/div>\n\n\n\n<div class=\"wp-block-column is-layout-flow wp-block-column-is-layout-flow\">\n<div class=\"wp-block-media-text is-stacked-on-mobile\"><figure class=\"wp-block-media-text__media\"><a href=\"https:\/\/vyskumnecentrum.sk\/wp-content\/uploads\/2024\/03\/PRESI-Mecatome-T215.pdf\"><img loading=\"lazy\" decoding=\"async\" width=\"566\" height=\"566\" src=\"https:\/\/vyskumnecentrum.sk\/wp-content\/uploads\/2024\/05\/Mecatome-T215.jpg\" alt=\"\" class=\"wp-image-1292 size-medium\" srcset=\"https:\/\/vyskumnecentrum.sk\/wp-content\/uploads\/2024\/05\/Mecatome-T215.jpg 566w, https:\/\/vyskumnecentrum.sk\/wp-content\/uploads\/2024\/05\/Mecatome-T215-300x300.jpg 300w, https:\/\/vyskumnecentrum.sk\/wp-content\/uploads\/2024\/05\/Mecatome-T215-150x150.jpg 150w, https:\/\/vyskumnecentrum.sk\/wp-content\/uploads\/2024\/05\/Mecatome-T215-50x50.jpg 50w, https:\/\/vyskumnecentrum.sk\/wp-content\/uploads\/2024\/05\/Mecatome-T215-12x12.jpg 12w\" sizes=\"auto, (max-width: 566px) 100vw, 566px\" \/><\/a><\/figure><div class=\"wp-block-media-text__content\">\n<p style=\"font-size:15px\"><em><a href=\"https:\/\/vyskumnecentrum.sk\/wp-content\/uploads\/2024\/03\/PRESI-Mecatome-T215.pdf\" data-type=\"link\" data-id=\"https:\/\/vyskumnecentrum.sk\/wp-content\/uploads\/2024\/03\/PRESI-Mecatome-T215.pdf\">Mecatome T215<\/a><\/em><\/p>\n<\/div><\/div>\n<\/div>\n<\/div>\n\n\n\n<div class=\"wp-block-columns is-layout-flex wp-container-core-columns-is-layout-9d6595d7 wp-block-columns-is-layout-flex\">\n<div class=\"wp-block-column is-layout-flow wp-block-column-is-layout-flow\">\n<div class=\"wp-block-media-text is-stacked-on-mobile\"><figure class=\"wp-block-media-text__media\"><a href=\"https:\/\/vyskumnecentrum.sk\/wp-content\/uploads\/2024\/07\/Mecapress_3.pdf\"><img loading=\"lazy\" decoding=\"async\" width=\"335\" height=\"335\" src=\"https:\/\/vyskumnecentrum.sk\/wp-content\/uploads\/2024\/05\/Mecapress_3.jpg\" alt=\"\" class=\"wp-image-1293 size-medium\" srcset=\"https:\/\/vyskumnecentrum.sk\/wp-content\/uploads\/2024\/05\/Mecapress_3.jpg 335w, https:\/\/vyskumnecentrum.sk\/wp-content\/uploads\/2024\/05\/Mecapress_3-300x300.jpg 300w, https:\/\/vyskumnecentrum.sk\/wp-content\/uploads\/2024\/05\/Mecapress_3-150x150.jpg 150w, https:\/\/vyskumnecentrum.sk\/wp-content\/uploads\/2024\/05\/Mecapress_3-50x50.jpg 50w, https:\/\/vyskumnecentrum.sk\/wp-content\/uploads\/2024\/05\/Mecapress_3-12x12.jpg 12w\" sizes=\"auto, (max-width: 335px) 100vw, 335px\" \/><\/a><\/figure><div class=\"wp-block-media-text__content\">\n<p style=\"font-size:15px\"><em><a href=\"https:\/\/vyskumnecentrum.sk\/wp-content\/uploads\/2024\/07\/Mecapress_3.pdf\" data-type=\"link\" data-id=\"https:\/\/vyskumnecentrum.sk\/wp-content\/uploads\/2024\/07\/Mecapress_3.pdf\">Mecapress 3<\/a><\/em><\/p>\n<\/div><\/div>\n<\/div>\n\n\n\n<div class=\"wp-block-column is-layout-flow wp-block-column-is-layout-flow\">\n<div class=\"wp-block-media-text is-stacked-on-mobile\"><figure class=\"wp-block-media-text__media\"><a href=\"https:\/\/vyskumnecentrum.sk\/wp-content\/uploads\/2024\/07\/Mecatech_250.pdf\"><img loading=\"lazy\" decoding=\"async\" width=\"531\" height=\"531\" src=\"https:\/\/vyskumnecentrum.sk\/wp-content\/uploads\/2024\/05\/Mecatech_250_SPC.jpg\" alt=\"\" class=\"wp-image-1294 size-medium\" srcset=\"https:\/\/vyskumnecentrum.sk\/wp-content\/uploads\/2024\/05\/Mecatech_250_SPC.jpg 531w, https:\/\/vyskumnecentrum.sk\/wp-content\/uploads\/2024\/05\/Mecatech_250_SPC-300x300.jpg 300w, https:\/\/vyskumnecentrum.sk\/wp-content\/uploads\/2024\/05\/Mecatech_250_SPC-150x150.jpg 150w, https:\/\/vyskumnecentrum.sk\/wp-content\/uploads\/2024\/05\/Mecatech_250_SPC-50x50.jpg 50w, https:\/\/vyskumnecentrum.sk\/wp-content\/uploads\/2024\/05\/Mecatech_250_SPC-12x12.jpg 12w\" sizes=\"auto, (max-width: 531px) 100vw, 531px\" \/><\/a><\/figure><div class=\"wp-block-media-text__content\">\n<p style=\"font-size:15px\"><em><a href=\"https:\/\/vyskumnecentrum.sk\/wp-content\/uploads\/2024\/07\/Mecatech_250.pdf\" data-type=\"link\" data-id=\"https:\/\/vyskumnecentrum.sk\/wp-content\/uploads\/2024\/07\/Mecatech_250.pdf\">Mecatech 250 SPC<\/a><\/em><\/p>\n<\/div><\/div>\n<\/div>\n<\/div>","protected":false},"excerpt":{"rendered":"<p>Ved\u00faci laborat\u00f3ria: Ing. Daniel Kaj\u00e1nek, PhD. Miestnos\u0165: VC 1.20 Laborat\u00f3rium je zameran\u00e9 na anal\u00fdzu a kvantifik\u00e1ciu stopov\u00fdch prvkov v kvapaln\u00fdch aj pevn\u00fdch vzork\u00e1ch. Laborat\u00f3rium taktie\u017e disponuje s\u00fastavou zariaden\u00ed pre metalografick\u00fa<\/p>\n<p class=\"more-link\"><a href=\"https:\/\/vyskumnecentrum.sk\/en\/vyskum\/laboratoria\/laboratorium-chemickej-analyzya-pripravy-materialov\/\" class=\"readmore\">Continue reading<span class=\"screen-reader-text\">Laboratory for Chemical Analysis and Preparation of Materials<\/span><\/a><\/p>","protected":false},"author":1,"featured_media":0,"parent":474,"menu_order":0,"comment_status":"closed","ping_status":"closed","template":"","meta":{"footnotes":""},"class_list":["post-704","page","type-page","status-publish","hentry"],"_links":{"self":[{"href":"https:\/\/vyskumnecentrum.sk\/en\/wp-json\/wp\/v2\/pages\/704","targetHints":{"allow":["GET"]}}],"collection":[{"href":"https:\/\/vyskumnecentrum.sk\/en\/wp-json\/wp\/v2\/pages"}],"about":[{"href":"https:\/\/vyskumnecentrum.sk\/en\/wp-json\/wp\/v2\/types\/page"}],"author":[{"embeddable":true,"href":"https:\/\/vyskumnecentrum.sk\/en\/wp-json\/wp\/v2\/users\/1"}],"replies":[{"embeddable":true,"href":"https:\/\/vyskumnecentrum.sk\/en\/wp-json\/wp\/v2\/comments?post=704"}],"version-history":[{"count":5,"href":"https:\/\/vyskumnecentrum.sk\/en\/wp-json\/wp\/v2\/pages\/704\/revisions"}],"predecessor-version":[{"id":1472,"href":"https:\/\/vyskumnecentrum.sk\/en\/wp-json\/wp\/v2\/pages\/704\/revisions\/1472"}],"up":[{"embeddable":true,"href":"https:\/\/vyskumnecentrum.sk\/en\/wp-json\/wp\/v2\/pages\/474"}],"wp:attachment":[{"href":"https:\/\/vyskumnecentrum.sk\/en\/wp-json\/wp\/v2\/media?parent=704"}],"curies":[{"name":"wp","href":"https:\/\/api.w.org\/{rel}","templated":true}]}}