{"id":706,"date":"2023-12-01T06:32:57","date_gmt":"2023-12-01T06:32:57","guid":{"rendered":"https:\/\/new.vyskumnecentrum.sk\/?page_id=706"},"modified":"2025-06-25T05:46:28","modified_gmt":"2025-06-25T05:46:28","slug":"laboratorium_inteligentneho_riadenia_budov","status":"publish","type":"page","link":"https:\/\/vyskumnecentrum.sk\/en\/vyskum\/laboratoria\/laboratorium_inteligentneho_riadenia_budov\/","title":{"rendered":"Nov\u00e9 laborat\u00f3rium inteligentn\u00e9ho riadenia budov a osvetlenia"},"content":{"rendered":"<p class=\"has-normal-font-size\"><strong>Head of laboratory:<\/strong> Ing. Pavol Bel\u00e1ny, PhD.<\/p>\n\n\n\n<p class=\"has-normal-font-size\"><strong>Room: <\/strong>VC 2.15<\/p>\n\n\n\n<p class=\"has-normal-font-size\">Laborat\u00f3rium je zameran\u00e9 na v\u00fdskum, v\u00fdvoj a testovanie pokro\u010dil\u00fdch technol\u00f3gi\u00ed v oblasti <strong>intelligent buildings<\/strong>, <strong>energy efficiency<\/strong> and <strong>intelligent lighting systems<\/strong>. It provides students and researchers with a modern and practice-oriented environment to design, simulate and implement solutions based on sensor data, Internet of Things (IoT) technologies and intelligent control algorithms.<\/p>\n\n\n\n<p style=\"font-size:18px\">Laborat\u00f3riumbolo vytvoren\u00e9 <strong>with the support of research project No. 09I03-03-V04-00312 - InPrAdCoDl<\/strong> (<em>Innovative process of combining the use of daylight in conjunction with adaptive control of the indoor environment<\/em>), within the framework of the call 09I03-03-V04 - <em>Fellowships for excellent researchers R2-R4.<\/em><\/p>","protected":false},"excerpt":{"rendered":"<p>Ved\u00faci laborat\u00f3ria: Ing. Pavol Bel\u00e1ny, PhD. Miestnos\u0165: VC 2.15 Laborat\u00f3rium je zameran\u00e9 na v\u00fdskum, v\u00fdvoj a testovanie pokro\u010dil\u00fdch technol\u00f3gi\u00ed v oblasti inteligentn\u00fdch budov, energetickej efekt\u00edvnosti a inteligentn\u00fdch osvet\u013eovac\u00edch syst\u00e9mov. Poskytuje<\/p>\n<p class=\"more-link\"><a href=\"https:\/\/vyskumnecentrum.sk\/en\/vyskum\/laboratoria\/laboratorium_inteligentneho_riadenia_budov\/\" class=\"readmore\">Continue reading<span class=\"screen-reader-text\">Nov\u00e9 laborat\u00f3rium inteligentn\u00e9ho riadenia budov a osvetlenia<\/span><\/a><\/p>","protected":false},"author":1,"featured_media":0,"parent":474,"menu_order":0,"comment_status":"closed","ping_status":"closed","template":"","meta":{"footnotes":""},"class_list":["post-706","page","type-page","status-publish","hentry"],"_links":{"self":[{"href":"https:\/\/vyskumnecentrum.sk\/en\/wp-json\/wp\/v2\/pages\/706","targetHints":{"allow":["GET"]}}],"collection":[{"href":"https:\/\/vyskumnecentrum.sk\/en\/wp-json\/wp\/v2\/pages"}],"about":[{"href":"https:\/\/vyskumnecentrum.sk\/en\/wp-json\/wp\/v2\/types\/page"}],"author":[{"embeddable":true,"href":"https:\/\/vyskumnecentrum.sk\/en\/wp-json\/wp\/v2\/users\/1"}],"replies":[{"embeddable":true,"href":"https:\/\/vyskumnecentrum.sk\/en\/wp-json\/wp\/v2\/comments?post=706"}],"version-history":[{"count":9,"href":"https:\/\/vyskumnecentrum.sk\/en\/wp-json\/wp\/v2\/pages\/706\/revisions"}],"predecessor-version":[{"id":1760,"href":"https:\/\/vyskumnecentrum.sk\/en\/wp-json\/wp\/v2\/pages\/706\/revisions\/1760"}],"up":[{"embeddable":true,"href":"https:\/\/vyskumnecentrum.sk\/en\/wp-json\/wp\/v2\/pages\/474"}],"wp:attachment":[{"href":"https:\/\/vyskumnecentrum.sk\/en\/wp-json\/wp\/v2\/media?parent=706"}],"curies":[{"name":"wp","href":"https:\/\/api.w.org\/{rel}","templated":true}]}}