{"id":902,"date":"2024-01-10T15:23:50","date_gmt":"2024-01-10T15:23:50","guid":{"rendered":"https:\/\/new.vyskumnecentrum.sk\/?page_id=902"},"modified":"2024-01-25T07:37:56","modified_gmt":"2024-01-25T07:37:56","slug":"itms_313011buk9","status":"publish","type":"page","link":"https:\/\/vyskumnecentrum.sk\/en\/vyskum\/projekty\/itms_313011buk9\/","title":{"rendered":"ITMS 313011BUK9"},"content":{"rendered":"<p class=\"has-text-align-center\" style=\"font-size:22px\"><strong>SUPPORTING R&amp;D CAPACITIES IN THE FIELD OF GENERATING ADVANCED SOFTWARE TOOLS DESIGNED TO INCREASE THE RESILIENCE OF ECONOMIC OPERATORS TO EXCESSIVE VOLATILITY IN THE ENERGY COMMODITIES MARKET<\/strong><\/p>\n\n\n\n<hr class=\"wp-block-separator has-text-color has-yellow-color has-alpha-channel-opacity has-yellow-background-color has-background is-style-wide\"\/>\n\n\n\n<p style=\"font-size:18px\"><strong>Project title: <\/strong><br>Supporting R&amp;D capacities in the field of generating advanced software tools designed to increase the resilience of economic operators to excessive volatility in the energy commodities market<\/p>\n\n\n\n<p style=\"font-size:18px\"><strong>Project designation in ITMS2014+:<br><\/strong>313011BUK9<\/p>\n\n\n\n<p style=\"font-size:18px\"><strong>Provider: <\/strong><br>Ministry of Transport and Construction of the Slovak Republic<\/p>\n\n\n\n<p style=\"font-size:18px\"><strong>Operational program: <\/strong><br>311000 \u2013 Operational program integrated infrastructure.<\/p>\n\n\n\n<p style=\"font-size:18px\"><strong>Priority axis:<\/strong> <br>313010 \u2013 Support of research, development and innovations (ex Po1 OPVaI)<\/p>\n\n\n\n<p style=\"font-size:18px\"><strong>Goal:<\/strong> <br>313010031 \u2013 1.1.3 Increasing of the research activity through improvement of coordination<\/p>\n\n\n\n<p style=\"font-size:18px\"><strong>Project description<\/strong> <br>Through research and development activities to propose, analyze, test, verify the solutions demanded within the framework of the volatility issues in the energy commodities market, all based on knowledge leading to the selection of risk indicators that are present within the given energy trading processes in the market. Through standard scientific, research and development and engineering practices of the applicant and the partner, to create a basic software framework that can contribute in a tangible way to the management of the risks present in the processes associated with the provision of the energy commodities in demand on the market, while eliminating the negative elements of the manifested price volatility of the market.<\/p>\n\n\n\n<p style=\"font-size:18px\"><strong>Name and residency of the receiver<\/strong><br>University of \u017dilina, Univerzitn\u00e1 8215\/1, 010 26 \u017dilina<\/p>\n\n\n\n<p style=\"font-size:18px\"><strong>Partner:<\/strong> <br>IPESOFT, spol. s r.o. Byt\u010dick\u00e1 2, 01001 \u017dilina<\/p>\n\n\n\n<p style=\"font-size:18px\"><strong>Execution period:<\/strong> <br>05\/2022 &#8211; 11\/2023<\/p>\n\n\n\n<p style=\"font-size:18px\"><strong>Non-refundable grant:<\/strong> <br>1 497 852,74 \u20ac<\/p>\n\n\n\n<p style=\"font-size:18px\"><strong>The place of project implementation within the eligible territory of the Operational program:<\/strong> <br>\u017dilina<\/p>\n\n\n\n<p style=\"font-size:18px\"><strong>Attachments:<\/strong> <br><a href=\"https:\/\/new.vyskumnecentrum.sk\/wp-content\/uploads\/2024\/01\/Zbornik_Entris_1.pdf\">Zborn\u00edk Entris (pdf, 4 MB)<\/a><\/p>\n\n\n\n<p><\/p>","protected":false},"excerpt":{"rendered":"<p>PODPORA V\u00ddSKUMNO-V\u00ddVOJOV\u00ddCH KAPAC\u00cdT NA POLI GENEROVANIA POKRO\u010cIL\u00ddCH SOFTV\u00c9ROV\u00ddCH N\u00c1STROJOV UR\u010cEN\u00ddCH NA ZV\u00dd\u0160ENIE ODOLNOSTI HOSPOD\u00c1RSKYCH SUBJEKTOV PRED NADMERNOU VOLATILITOU TRHU S ENERGETICK\u00ddMI KOMODITAMI N\u00e1zov projektu: Podpora v\u00fdskumno-v\u00fdvojov\u00fdch kapac\u00edt na poli generovania<\/p>\n<p class=\"more-link\"><a href=\"https:\/\/vyskumnecentrum.sk\/en\/vyskum\/projekty\/itms_313011buk9\/\" class=\"readmore\">Continue reading<span class=\"screen-reader-text\">ITMS 313011BUK9<\/span><\/a><\/p>","protected":false},"author":1,"featured_media":0,"parent":472,"menu_order":0,"comment_status":"closed","ping_status":"closed","template":"","meta":{"footnotes":""},"class_list":["post-902","page","type-page","status-publish","hentry"],"_links":{"self":[{"href":"https:\/\/vyskumnecentrum.sk\/en\/wp-json\/wp\/v2\/pages\/902","targetHints":{"allow":["GET"]}}],"collection":[{"href":"https:\/\/vyskumnecentrum.sk\/en\/wp-json\/wp\/v2\/pages"}],"about":[{"href":"https:\/\/vyskumnecentrum.sk\/en\/wp-json\/wp\/v2\/types\/page"}],"author":[{"embeddable":true,"href":"https:\/\/vyskumnecentrum.sk\/en\/wp-json\/wp\/v2\/users\/1"}],"replies":[{"embeddable":true,"href":"https:\/\/vyskumnecentrum.sk\/en\/wp-json\/wp\/v2\/comments?post=902"}],"version-history":[{"count":12,"href":"https:\/\/vyskumnecentrum.sk\/en\/wp-json\/wp\/v2\/pages\/902\/revisions"}],"predecessor-version":[{"id":1117,"href":"https:\/\/vyskumnecentrum.sk\/en\/wp-json\/wp\/v2\/pages\/902\/revisions\/1117"}],"up":[{"embeddable":true,"href":"https:\/\/vyskumnecentrum.sk\/en\/wp-json\/wp\/v2\/pages\/472"}],"wp:attachment":[{"href":"https:\/\/vyskumnecentrum.sk\/en\/wp-json\/wp\/v2\/media?parent=902"}],"curies":[{"name":"wp","href":"https:\/\/api.w.org\/{rel}","templated":true}]}}