{"id":927,"date":"2024-01-11T08:53:17","date_gmt":"2024-01-11T08:53:17","guid":{"rendered":"https:\/\/new.vyskumnecentrum.sk\/?page_id=927"},"modified":"2024-01-24T14:16:02","modified_gmt":"2024-01-24T14:16:02","slug":"itms-313011v465","status":"publish","type":"page","link":"https:\/\/vyskumnecentrum.sk\/en\/vyskum\/projekty\/itms-313011v465\/","title":{"rendered":"ITMS 313011V465"},"content":{"rendered":"<p class=\"has-text-align-center\" style=\"font-size:22px\"><strong>RESEARCH AND DEVELOPMENT OF NON-CONTACT METHODS FOR THE ACQUISITION OF GEOSPATIAL DATA FOR THE PURPOSE OF FOREST MONITORING FOR MORE EFFICIENT FOREST MANAGEMENT AND INCREASED FOREST PROTECTION<\/strong><\/p>\n\n\n\n<hr class=\"wp-block-separator has-text-color has-yellow-color has-alpha-channel-opacity has-yellow-background-color has-background is-style-wide\"\/>\n\n\n\n<p style=\"font-size:18px\"><strong>Project title: <\/strong><br>Research and development of non-contact methods for the acquisition of geospatial data for forest monitoring for more efficient forest management and increased forest protection<\/p>\n\n\n\n<p style=\"font-size:18px\"><strong>Project designation in ITMS2014+:<br><\/strong>313011V465<\/p>\n\n\n\n<p style=\"font-size:18px\"><strong>Intermediate institution: <\/strong><br>Ministry of education, research, development and sport of the Slovak Republic<\/p>\n\n\n\n<p style=\"font-size:18px\"><strong>Operational program: <\/strong><br>311000 \u2013 Operational program integrated infrastructure.<\/p>\n\n\n\n<p style=\"font-size:18px\"><strong>Priority axis:<\/strong> <br>313010 \u2013 Support of research, development and innovations (ex Po1 OPVaI)<\/p>\n\n\n\n<p style=\"font-size:18px\"><strong>Goal:<\/strong> <br>313010041 \u2013 1.2.1 Increasing private investment through cooperation between research institutions and business<\/p>\n\n\n\n<p style=\"font-size:18px\"><strong>Project description<\/strong> <br>Creation of a long-term excellent research, development and innovation ecosystem in the field of geospatial information and communication technologies on the basis of an active partnership between the state and public sectors of research and development and the industrial sector.<\/p>\n\n\n\n<p style=\"font-size:18px\"><strong>Name and residency of the receiver<\/strong><br>N\u00e1rodn\u00e9 lesn\u00edcke centrum, T.G.Masaryka 2175\/22, 960 01 Zvolen<\/p>\n\n\n\n<p style=\"font-size:18px\"><strong>Partners:<\/strong> <br>University of \u017dilina, Technical university in Zvolen, Comenius university in Bratislava, YMS, a. s.<\/p>\n\n\n\n<p style=\"font-size:18px\"><strong>Execution period:<\/strong> <br>10\/2019 &#8211; 06\/2023<\/p>\n\n\n\n<p style=\"font-size:18px\"><strong>Non-refundable grant:<\/strong> <br>10 456 106.96 EUR<\/p>\n\n\n\n<p style=\"font-size:18px\"><strong>Non-refundable grant for UNIZA:<\/strong> <br>2 645 180.65 EUR<\/p>\n\n\n\n<p style=\"font-size:18px\"><strong>The place of project implementation within the eligible territory of the Operational program:<\/strong> <br>\u017dilina, Zvolen, Trnava<\/p>\n\n\n\n<p style=\"font-size:18px\"><strong>The place of project implementation outside the eligible territory of the Operational program:<\/strong><br>Bratislava \u2013 Karlova Ves<\/p>\n\n\n\n<p class=\"has-text-align-center\" style=\"font-size:18px\">\u201eInformation about Integrated infrastructure operational program 2014 \u2013 2020 can be found on www.opii.gov.sk.\u201c<\/p>","protected":false},"excerpt":{"rendered":"<p>V\u00ddSKUM A V\u00ddVOJ BEZKONTAKTN\u00ddCH MET\u00d3D PRE Z\u00cdSKAVANIE GEOPRIESTOROV\u00ddCH \u00daDAJOV ZA \u00da\u010cELOM MONITORINGU LESA PRE ZEFEKT\u00cdVNENIE MANA\u017dMENTU LESA A ZV\u00dd\u0160ENIE OCHRANY LESOV N\u00e1zov projektu: V\u00fdskum a v\u00fdvoj bezkontaktn\u00fdch met\u00f3d pre z\u00edskavanie<\/p>\n<p class=\"more-link\"><a href=\"https:\/\/vyskumnecentrum.sk\/en\/vyskum\/projekty\/itms-313011v465\/\" class=\"readmore\">Continue reading<span class=\"screen-reader-text\">ITMS 313011V465<\/span><\/a><\/p>","protected":false},"author":1,"featured_media":0,"parent":472,"menu_order":0,"comment_status":"closed","ping_status":"closed","template":"","meta":{"footnotes":""},"class_list":["post-927","page","type-page","status-publish","hentry"],"_links":{"self":[{"href":"https:\/\/vyskumnecentrum.sk\/en\/wp-json\/wp\/v2\/pages\/927","targetHints":{"allow":["GET"]}}],"collection":[{"href":"https:\/\/vyskumnecentrum.sk\/en\/wp-json\/wp\/v2\/pages"}],"about":[{"href":"https:\/\/vyskumnecentrum.sk\/en\/wp-json\/wp\/v2\/types\/page"}],"author":[{"embeddable":true,"href":"https:\/\/vyskumnecentrum.sk\/en\/wp-json\/wp\/v2\/users\/1"}],"replies":[{"embeddable":true,"href":"https:\/\/vyskumnecentrum.sk\/en\/wp-json\/wp\/v2\/comments?post=927"}],"version-history":[{"count":3,"href":"https:\/\/vyskumnecentrum.sk\/en\/wp-json\/wp\/v2\/pages\/927\/revisions"}],"predecessor-version":[{"id":1102,"href":"https:\/\/vyskumnecentrum.sk\/en\/wp-json\/wp\/v2\/pages\/927\/revisions\/1102"}],"up":[{"embeddable":true,"href":"https:\/\/vyskumnecentrum.sk\/en\/wp-json\/wp\/v2\/pages\/472"}],"wp:attachment":[{"href":"https:\/\/vyskumnecentrum.sk\/en\/wp-json\/wp\/v2\/media?parent=927"}],"curies":[{"name":"wp","href":"https:\/\/api.w.org\/{rel}","templated":true}]}}