{"id":931,"date":"2024-01-11T09:14:46","date_gmt":"2024-01-11T09:14:46","guid":{"rendered":"https:\/\/new.vyskumnecentrum.sk\/?page_id=931"},"modified":"2024-01-24T14:15:15","modified_gmt":"2024-01-24T14:15:15","slug":"itms-313011afg4","status":"publish","type":"page","link":"https:\/\/vyskumnecentrum.sk\/en\/vyskum\/projekty\/itms-313011afg4\/","title":{"rendered":"ITMS 313011AFG4"},"content":{"rendered":"<p class=\"has-text-align-center\" style=\"font-size:22px\"><strong>THE CREATION OF A DIGITAL BIOBANK TO SUPPORT A SYSTEMIC PUBLIC RESEARCH INFRASTRUCTURE<\/strong><\/p>\n\n\n\n<hr class=\"wp-block-separator has-alpha-channel-opacity\"\/>\n\n\n\n<p style=\"font-size:18px\"><strong>Project title: <\/strong><br>Creating a digital biobank to support a systemic public research infrastructure<\/p>\n\n\n\n<p style=\"font-size:18px\"><strong>Project designation in ITMS2014+:<br><\/strong>313011AFG4<\/p>\n\n\n\n<p style=\"font-size:18px\"><strong>Provider: <\/strong><br>Ministry of education, research, development and sport of the Slovak Republic<\/p>\n\n\n\n<p style=\"font-size:18px\"><strong>Operational program: <\/strong><br>311000 \u2013 Operational program integrated infrastructure.<\/p>\n\n\n\n<p style=\"font-size:18px\"><strong>Priority axis:<\/strong> <br>313010 \u2013 Support of research, development and innovations (ex Po1 OPVaI)<\/p>\n\n\n\n<p style=\"font-size:18px\"><strong>Goal:<\/strong> <br>313010031 \u2013 1.1.3 Increasing research activity by improving the coordination and consolidation of the R&amp;D potential of research institutions<\/p>\n\n\n\n<p style=\"font-size:18px\"><strong>Project description<\/strong> <br>Expansion and completion of research and innovation infrastructure and capacity to develop excellence in research and innovation through the development of a data biobanking system and its integration into an international network of research infrastructures.<\/p>\n\n\n\n<p style=\"font-size:18px\"><strong>Name and residency of the receiver<\/strong><br>University of \u017dilina, Univerzitn\u00e1 8215\/1, 010 26 \u017dilina<\/p>\n\n\n\n<p style=\"font-size:18px\"><strong>Partners:<\/strong> <br>Ministry of health of Slovak Republic, Comenius university in Bratislava<\/p>\n\n\n\n<p style=\"font-size:18px\"><strong>Execution period:<\/strong> <br>06\/2020 &#8211; 06\/2023<\/p>\n\n\n\n<p style=\"font-size:18px\"><strong>Non-refundable grant:<\/strong> <br>11 590 338.03 EUR<\/p>\n\n\n\n<p style=\"font-size:18px\"><strong>The place of project implementation within the eligible territory of the Operational program:<\/strong> <br>\u017dilina, Martin<\/p>\n\n\n\n<p style=\"font-size:18px\"><strong>The place of project implementation outside of the eligible territory<\/strong><br>Bratislava \u2013 Nov\u00e9 Mesto<\/p>\n\n\n\n<p class=\"has-text-align-center\" style=\"font-size:18px\">\u201eInformation about Integrated infrastructure operational program 2014 \u2013 2020 can be found on www.opii.gov.sk.\u201c<\/p>","protected":false},"excerpt":{"rendered":"<p>VYTVORENIE DIGIT\u00c1LNEJ BIOBANKY NA PODPORU SYST\u00c9MOVEJ VEREJNEJ V\u00ddSKUMNEJ INFRA\u0160TRUKT\u00daRY N\u00e1zov projektu: Vytvorenie digit\u00e1lnej biobanky na podporu syst\u00e9movej verejnej v\u00fdskumnej infra\u0161trukt\u00fary K\u00f3d projektu v ITMS2014+:313011AFG4 Poskytovate\u013e: Ministerstvo \u0161kolstva, vedy, v\u00fdskumu a<\/p>\n<p class=\"more-link\"><a href=\"https:\/\/vyskumnecentrum.sk\/en\/vyskum\/projekty\/itms-313011afg4\/\" class=\"readmore\">Continue reading<span class=\"screen-reader-text\">ITMS 313011AFG4<\/span><\/a><\/p>","protected":false},"author":1,"featured_media":0,"parent":472,"menu_order":0,"comment_status":"closed","ping_status":"closed","template":"","meta":{"footnotes":""},"class_list":["post-931","page","type-page","status-publish","hentry"],"_links":{"self":[{"href":"https:\/\/vyskumnecentrum.sk\/en\/wp-json\/wp\/v2\/pages\/931","targetHints":{"allow":["GET"]}}],"collection":[{"href":"https:\/\/vyskumnecentrum.sk\/en\/wp-json\/wp\/v2\/pages"}],"about":[{"href":"https:\/\/vyskumnecentrum.sk\/en\/wp-json\/wp\/v2\/types\/page"}],"author":[{"embeddable":true,"href":"https:\/\/vyskumnecentrum.sk\/en\/wp-json\/wp\/v2\/users\/1"}],"replies":[{"embeddable":true,"href":"https:\/\/vyskumnecentrum.sk\/en\/wp-json\/wp\/v2\/comments?post=931"}],"version-history":[{"count":3,"href":"https:\/\/vyskumnecentrum.sk\/en\/wp-json\/wp\/v2\/pages\/931\/revisions"}],"predecessor-version":[{"id":1097,"href":"https:\/\/vyskumnecentrum.sk\/en\/wp-json\/wp\/v2\/pages\/931\/revisions\/1097"}],"up":[{"embeddable":true,"href":"https:\/\/vyskumnecentrum.sk\/en\/wp-json\/wp\/v2\/pages\/472"}],"wp:attachment":[{"href":"https:\/\/vyskumnecentrum.sk\/en\/wp-json\/wp\/v2\/media?parent=931"}],"curies":[{"name":"wp","href":"https:\/\/api.w.org\/{rel}","templated":true}]}}