{"id":934,"date":"2024-01-11T11:05:23","date_gmt":"2024-01-11T11:05:23","guid":{"rendered":"https:\/\/new.vyskumnecentrum.sk\/?page_id=934"},"modified":"2024-01-24T14:15:54","modified_gmt":"2024-01-24T14:15:54","slug":"itms-313011v446","status":"publish","type":"page","link":"https:\/\/vyskumnecentrum.sk\/en\/vyskum\/projekty\/itms-313011v446\/","title":{"rendered":"ITMS 313011V446"},"content":{"rendered":"<p class=\"has-text-align-center\" style=\"font-size:22px\"><strong>AN INTEGRATIVE STRATEGY IN THE DEVELOPMENT OF PERSONALIZED MEDICINE FOR SELECTED MALIGNANCIES AND ITS IMPACT ON QUALITY OF LIFE<\/strong><\/p>\n\n\n\n<hr class=\"wp-block-separator has-text-color has-yellow-color has-alpha-channel-opacity has-yellow-background-color has-background is-style-wide\"\/>\n\n\n\n<p style=\"font-size:18px\"><strong>Project title: <\/strong><br>Integrative strategy in the development of personalized medicine for selected malignancies and its impact on quality of life<\/p>\n\n\n\n<p style=\"font-size:18px\"><strong>Project designation in ITMS2014+:<br><\/strong>313011V446<\/p>\n\n\n\n<p style=\"font-size:18px\"><strong>Intermediate institution: <\/strong><br>Ministry of education, research, development and sport of the Slovak Republic<\/p>\n\n\n\n<p style=\"font-size:18px\"><strong>Operational program: <\/strong><br>311000 \u2013 Operational program integrated infrastructure.<\/p>\n\n\n\n<p style=\"font-size:18px\"><strong>Priority axis:<\/strong> <br>313010 \u2013 Support of research, development and innovations (ex Po1 OPVaI)<\/p>\n\n\n\n<p style=\"font-size:18px\"><strong>Goal:<\/strong> <br>313010041 \u2013 1.2.1 Increasing private investment through cooperation between research institutions and business<\/p>\n\n\n\n<p style=\"font-size:18px\"><strong>Project description<\/strong> <br>Improvement of population health through innovative diagnostic and therapeutic approaches for three major cancers (breast cancer, lung cancer and colorectal cancer) and their comparative verification of medical utility and economic suitability with innovative use of the potential of IHC, molecular genetic analyses of tissue and liquid biopsies, bioinformatics, medical and information technologies.<\/p>\n\n\n\n<p style=\"font-size:18px\"><strong>Name and residency of the receiver<\/strong><br>Comenius university in Bratislava, \u0160af\u00e1rikovo n\u00e1mestie 6, 814 99 Bratislava \u2013 Star\u00e9 Mesto.<\/p>\n\n\n\n<p style=\"font-size:18px\"><strong>Partners:<\/strong> <br>Anima Group, s.r.o.; BIOHEM, spol. s r.o.; Biomedical centre SAV; Centre for Social and Psychological Sciences SAV; IPESOFT spol. s r.o.; Lambda Life a.s.; MABPRO, a.s.; Biopsy centre in Martin, s.r.o.; Pavol Jozef \u0160af\u00e1rik University in Ko\u0161ice; University of \u017dilina<\/p>\n\n\n\n<p style=\"font-size:18px\"><strong>Execution period:<\/strong> <br>09\/2019 &#8211; 06\/2023<\/p>\n\n\n\n<p style=\"font-size:18px\"><strong>Non-refundable grant:<\/strong> <br>10 698 305.91 EUR<\/p>\n\n\n\n<p style=\"font-size:18px\"><strong>Non-refundable grant for UNIZA:<\/strong> <br>927 495.83 EUR<\/p>\n\n\n\n<p style=\"font-size:18px\"><strong>The place of project implementation within the eligible territory of the Operational program:<\/strong> <br>Martin, Nitra, Ko\u0161ice \u2013 Star\u00e9 Mesto, Ko\u0161ice \u2013 Z\u00e1pad, Tren\u010d\u00edn, \u017dilina<\/p>\n\n\n\n<p style=\"font-size:18px\"><strong>The place of project implementation outside the eligible territory of the Operational program:<\/strong><br>Bratislava \u2013 Star\u00e9 Mesto, Bratislava \u2013 Karlova Ves<\/p>\n\n\n\n<p class=\"has-text-align-center\" style=\"font-size:18px\">\u201eInformation about Integrated infrastructure operational program 2014 \u2013 2020 can be found on www.opii.gov.sk.\u201c<\/p>","protected":false},"excerpt":{"rendered":"<p>INTEGRAT\u00cdVNA STRAT\u00c9GIA V ROZVOJI PERSONALIZOVANEJ MEDIC\u00cdNY VYBRAN\u00ddCH ZHUBN\u00ddCH N\u00c1DOROV\u00ddCH OCHOREN\u00cd A JEJ VPLYV NA KVALITU \u017dIVOTA N\u00e1zov projektu: Integrat\u00edvna strat\u00e9gia v rozvoji personalizovanej medic\u00edny vybran\u00fdch zhubn\u00fdch n\u00e1dorov\u00fdch ochoren\u00ed a jej<\/p>\n<p class=\"more-link\"><a href=\"https:\/\/vyskumnecentrum.sk\/en\/vyskum\/projekty\/itms-313011v446\/\" class=\"readmore\">Continue reading<span class=\"screen-reader-text\">ITMS 313011V446<\/span><\/a><\/p>","protected":false},"author":1,"featured_media":0,"parent":472,"menu_order":0,"comment_status":"closed","ping_status":"closed","template":"","meta":{"footnotes":""},"class_list":["post-934","page","type-page","status-publish","hentry"],"_links":{"self":[{"href":"https:\/\/vyskumnecentrum.sk\/en\/wp-json\/wp\/v2\/pages\/934","targetHints":{"allow":["GET"]}}],"collection":[{"href":"https:\/\/vyskumnecentrum.sk\/en\/wp-json\/wp\/v2\/pages"}],"about":[{"href":"https:\/\/vyskumnecentrum.sk\/en\/wp-json\/wp\/v2\/types\/page"}],"author":[{"embeddable":true,"href":"https:\/\/vyskumnecentrum.sk\/en\/wp-json\/wp\/v2\/users\/1"}],"replies":[{"embeddable":true,"href":"https:\/\/vyskumnecentrum.sk\/en\/wp-json\/wp\/v2\/comments?post=934"}],"version-history":[{"count":3,"href":"https:\/\/vyskumnecentrum.sk\/en\/wp-json\/wp\/v2\/pages\/934\/revisions"}],"predecessor-version":[{"id":1101,"href":"https:\/\/vyskumnecentrum.sk\/en\/wp-json\/wp\/v2\/pages\/934\/revisions\/1101"}],"up":[{"embeddable":true,"href":"https:\/\/vyskumnecentrum.sk\/en\/wp-json\/wp\/v2\/pages\/472"}],"wp:attachment":[{"href":"https:\/\/vyskumnecentrum.sk\/en\/wp-json\/wp\/v2\/media?parent=934"}],"curies":[{"name":"wp","href":"https:\/\/api.w.org\/{rel}","templated":true}]}}