{"id":937,"date":"2024-01-11T11:20:43","date_gmt":"2024-01-11T11:20:43","guid":{"rendered":"https:\/\/new.vyskumnecentrum.sk\/?page_id=937"},"modified":"2024-01-24T14:15:32","modified_gmt":"2024-01-24T14:15:32","slug":"itms-313011ask8","status":"publish","type":"page","link":"https:\/\/vyskumnecentrum.sk\/en\/vyskum\/projekty\/itms-313011ask8\/","title":{"rendered":"ITMS 313011ASK8"},"content":{"rendered":"<p class=\"has-text-align-center\" style=\"font-size:22px\"><strong>INDEPENDENT RESEARCH AND DEVELOPMENT OF TECHNOLOGICAL ASSEMBLIES BASED ON WEARABLE ELECTRONICS PRODUCTS AS TOOLS FOR IMPROVING HYGIENE STANDARDS IN SOCIETIES EXPOSED TO THE COVID-19 DISEASE-CAUSING VIRUS<\/strong><\/p>\n\n\n\n<hr class=\"wp-block-separator has-text-color has-yellow-color has-alpha-channel-opacity has-yellow-background-color has-background is-style-wide\"\/>\n\n\n\n<p style=\"font-size:18px\"><strong>Project title: <\/strong><br>Independent research and development of technological assemblies based on wearable electronics products as tools for improving hygiene standards in a society exposed to the COVID-19 disease-causing virus<\/p>\n\n\n\n<p style=\"font-size:18px\"><strong>Project designation in ITMS2014+:<br><\/strong>313011ASK8<\/p>\n\n\n\n<p style=\"font-size:18px\"><strong>Intermediate institution: <\/strong><br>Ministry of education, research, development and sport of the Slovak Republic<\/p>\n\n\n\n<p style=\"font-size:18px\"><strong>Operational program: <\/strong><br>311000 \u2013 Operational program integrated infrastructure.<\/p>\n\n\n\n<p style=\"font-size:18px\"><strong>Priority axis:<\/strong> <br>313010 \u2013 Support of research, development and innovations (ex Po1 OPVaI)<\/p>\n\n\n\n<p style=\"font-size:18px\"><strong>Goal:<\/strong> <br>313010041 \u2013 1.2.1 Increasing private investment through cooperation between research institutions and business<\/p>\n\n\n\n<p style=\"font-size:18px\"><strong>Project description<\/strong> <br>The main objective of the project is to bring new knowledge in the field of optimization of the possibilities of integration of selected sensor and information elements and subsystems into the environment of wearable electronics usable in the fight against the spread of the SARS-COV-2 virus causing the COVID-19 disease.<\/p>\n\n\n\n<p style=\"font-size:18px\"><strong>Name and residency of the receiver<\/strong><br>University of \u017dilina, Univerzitn\u00e1 8215\/1, 010 26 \u017dilina<\/p>\n\n\n\n<p style=\"font-size:18px\"><strong>Execution period:<\/strong> <br>01\/2021 &#8211; 06\/2023<\/p>\n\n\n\n<p style=\"font-size:18px\"><strong>Non-refundable grant:<\/strong> <br>3 413 706,10 EUR<\/p>\n\n\n\n<p style=\"font-size:18px\"><strong>The place of project implementation within the eligible territory of the Operational program:<\/strong> <br>\u017dilina<\/p>\n\n\n\n<p class=\"has-text-align-center\" style=\"font-size:18px\">\u201eInformation about Integrated infrastructure operational program 2014 \u2013 2020 can be found on www.opii.gov.sk.\u201c<\/p>","protected":false},"excerpt":{"rendered":"<p>NEZ\u00c1VISL\u00dd V\u00ddSKUM A V\u00ddVOJ TECHNOLOGICK\u00ddCH ZOST\u00c1V NA B\u00c1ZE PRODUKTOV NOSITE\u013dNEJ ELEKTRONIKY, AKO N\u00c1STROJOV ZVY\u0160OVANIA HYGIENICK\u00ddCH \u0160TANDARDOV V SPOLO\u010cNOSTI VYSTAVENEJ V\u00cdRUSU SP\u00d4SOBUJ\u00daCEHO OCHORENIE COVID-19 N\u00e1zov projektu: Nez\u00e1visl\u00fd v\u00fdskum a v\u00fdvoj technologick\u00fdch<\/p>\n<p class=\"more-link\"><a href=\"https:\/\/vyskumnecentrum.sk\/en\/vyskum\/projekty\/itms-313011ask8\/\" class=\"readmore\">Continue reading<span class=\"screen-reader-text\">ITMS 313011ASK8<\/span><\/a><\/p>","protected":false},"author":1,"featured_media":0,"parent":472,"menu_order":0,"comment_status":"closed","ping_status":"closed","template":"","meta":{"footnotes":""},"class_list":["post-937","page","type-page","status-publish","hentry"],"_links":{"self":[{"href":"https:\/\/vyskumnecentrum.sk\/en\/wp-json\/wp\/v2\/pages\/937","targetHints":{"allow":["GET"]}}],"collection":[{"href":"https:\/\/vyskumnecentrum.sk\/en\/wp-json\/wp\/v2\/pages"}],"about":[{"href":"https:\/\/vyskumnecentrum.sk\/en\/wp-json\/wp\/v2\/types\/page"}],"author":[{"embeddable":true,"href":"https:\/\/vyskumnecentrum.sk\/en\/wp-json\/wp\/v2\/users\/1"}],"replies":[{"embeddable":true,"href":"https:\/\/vyskumnecentrum.sk\/en\/wp-json\/wp\/v2\/comments?post=937"}],"version-history":[{"count":4,"href":"https:\/\/vyskumnecentrum.sk\/en\/wp-json\/wp\/v2\/pages\/937\/revisions"}],"predecessor-version":[{"id":1099,"href":"https:\/\/vyskumnecentrum.sk\/en\/wp-json\/wp\/v2\/pages\/937\/revisions\/1099"}],"up":[{"embeddable":true,"href":"https:\/\/vyskumnecentrum.sk\/en\/wp-json\/wp\/v2\/pages\/472"}],"wp:attachment":[{"href":"https:\/\/vyskumnecentrum.sk\/en\/wp-json\/wp\/v2\/media?parent=937"}],"curies":[{"name":"wp","href":"https:\/\/api.w.org\/{rel}","templated":true}]}}