{"id":946,"date":"2024-01-11T11:42:15","date_gmt":"2024-01-11T11:42:15","guid":{"rendered":"https:\/\/new.vyskumnecentrum.sk\/?page_id=946"},"modified":"2024-01-24T14:17:20","modified_gmt":"2024-01-24T14:17:20","slug":"itms-313012q740","status":"publish","type":"page","link":"https:\/\/vyskumnecentrum.sk\/en\/vyskum\/projekty\/itms-313012q740\/","title":{"rendered":"ITMS 313012Q740"},"content":{"rendered":"<p class=\"has-text-align-center\" style=\"font-size:22px\"><strong>SMALL BUSINESS DISPATCHING FOR INTELLIGENT CONSUMPTION MANAGEMENT IN LOCAL DISTRIBUTION SYSTEMS<\/strong><\/p>\n\n\n\n<hr class=\"wp-block-separator has-text-color has-yellow-color has-alpha-channel-opacity has-yellow-background-color has-background is-style-wide\"\/>\n\n\n\n<p style=\"font-size:18px\"><strong>Project title: <\/strong><br>Small business dispatching for intelligent consumption management in local distribution systems<\/p>\n\n\n\n<p style=\"font-size:18px\"><strong>Project designation in ITMS2014+:<br><\/strong>313012Q740<\/p>\n\n\n\n<p style=\"font-size:18px\"><strong>Intermediate institution: <\/strong><br>Ministry of Economy of the Slovak Republic<\/p>\n\n\n\n<p style=\"font-size:18px\"><strong>Operational program: <\/strong><br>311000 \u2013 Operational program integrated infrastructure.<\/p>\n\n\n\n<p style=\"font-size:18px\"><strong>Priority axis:<\/strong> <br>313010 \u2013 Support of research, development and innovations (ex Po1 OPVaI)<\/p>\n\n\n\n<p style=\"font-size:18px\"><strong>Goal:<\/strong> <br>313010051 \u2013 1.2.2 Growth of R&amp;D and innovation capacities in industry and services<\/p>\n\n\n\n<p style=\"font-size:18px\"><strong>Project description<\/strong> <br>Currently, the topic of SmartCities is receiving a lot of attention in the energy sector. The basic premise is to divide energy areas into smaller units (LDS-Local Distribution Systems), which will independently manage their energy purchase and consumption in order to cover their energy needs as efficiently as possible. These LDCs will use tools for measuring their own energy consumption, tools for managing their own energy production capacities as well as tools for electricity trading in order to effectively manage the provision of their energy needs. Nowadays, conventional sources of electricity (coal, hydro, nuclear) are being replaced by alternative sources of electricity (mainly focusing on wind and solar energy). The amount of electricity generated and delivered to the grid from alternative sources depends on the weather and varies frequently and significantly. Therefore, one solution to this situation is to consume the electricity generated by alternative sources of electricity in agglomerations (local distribution systems), where the energy has been produced and delivered to the grid in the smallest possible amount. This approach requires the availability of intelligent consumption management tools in the local distribution systems themselves, which will allow the efficient management of electricity consumption within the LDS.<br>The aim of the project is to carry out research aimed at obtaining new knowledge for the subsequent development of a tool that will enable local distribution systems (LDS) to efficiently cover energy needs through the prediction of own energy consumption and the subsequent efficient purchase of the necessary energy on the markets or the preparation of the basis for the planning of the production of their own resources.<br>The main output of the project will be a software solution for small business dispatching designed for LDS so that the operator can carry out the relevant activities not only directly at the workplace of the small business system and will provide the following functionalities:<\/p>\n\n\n\n<ol class=\"wp-block-list\">\n<li>Predicting electricity consumption under the LDS<\/li>\n\n\n\n<li>Automatic meteorological data acquisition for IMS support<\/li>\n\n\n\n<li>Electricity-oriented market data acquisition<\/li>\n\n\n\n<li>Electricity optimisation and balance management system<\/li>\n\n\n\n<li>Business risk management<\/li>\n\n\n\n<li>Solution for archiving and recording of business information<br>Combined with the appropriate hardware equipment, a comprehensive small business dispatching system designed for LDS can be built. Such a solution will be attractive for companies operating in various industries where high demands are placed on increasing efficiency and reducing costs to cover the energy needs of the company.<br>The project is implemented in accordance with the Research and Innovation Strategy for Smart Specialization of the Slovak Republic (RIS3 SK) in the product line Digital Slovakia and Creative Industry and has a strong potential for usability in the subsequent social and industrial practice. The project is linked to the main and secondary trends in the product lines Industry 4.0, Innovative technologies (for industrial applications) and Smart technologies for increasing the energy efficiency of business operations. In addition, the project is linked to the main trend in the product line Digital Technologies and Security and to the sub-trend System Digitisation Tools.<\/li>\n<\/ol>\n\n\n\n<p style=\"font-size:18px\"><strong>Name and residency of the receiver<\/strong><br>IPESOFT spol. s r.o., Byt\u010dick\u00e1 2, 01001 \u017dilina<\/p>\n\n\n\n<p style=\"font-size:18px\"><strong>Partner:<\/strong> <br>Unviersity of \u017dilina<\/p>\n\n\n\n<p style=\"font-size:18px\"><strong>Execution period:<\/strong> <br>05\/2020 &#8211; 04\/2023<\/p>\n\n\n\n<p style=\"font-size:18px\"><strong>Non-refundable grant:<\/strong> <br>928 628.14 EUR<\/p>\n\n\n\n<p style=\"font-size:18px\"><strong>Non-refundable grant for UNIZA:<\/strong> <br>141 090.80 EUR<\/p>\n\n\n\n<p style=\"font-size:18px\"><strong>The place of project implementation within the eligible territory of the Operational program:<\/strong> <br>\u017dilina<\/p>\n\n\n\n<p class=\"has-text-align-center\" style=\"font-size:18px\">\u201eInformation about Integrated infrastructure operational program 2014 \u2013 2020 can be found on www.opii.gov.sk.\u201c<\/p>","protected":false},"excerpt":{"rendered":"<p>MAL\u00dd OBCHODN\u00dd DISPE\u010cING PRE INTELIGENTN\u00dd MANA\u017dMENT SPOTREBY V LOK\u00c1LNYCH DISTRIBU\u010cN\u00ddCH SYST\u00c9MOCH N\u00e1zov projektu: Mal\u00fd obchodn\u00fd dispe\u010ding pre inteligentn\u00fd mana\u017ement spotreby v lok\u00e1lnych distribu\u010dn\u00fdch syst\u00e9moch K\u00f3d projektu v ITMS2014+:313012Q740 Sprostredkovate\u013esk\u00fd org\u00e1n:<\/p>\n<p class=\"more-link\"><a href=\"https:\/\/vyskumnecentrum.sk\/en\/vyskum\/projekty\/itms-313012q740\/\" class=\"readmore\">Continue reading<span class=\"screen-reader-text\">ITMS 313012Q740<\/span><\/a><\/p>","protected":false},"author":1,"featured_media":0,"parent":472,"menu_order":0,"comment_status":"closed","ping_status":"closed","template":"","meta":{"footnotes":""},"class_list":["post-946","page","type-page","status-publish","hentry"],"_links":{"self":[{"href":"https:\/\/vyskumnecentrum.sk\/en\/wp-json\/wp\/v2\/pages\/946","targetHints":{"allow":["GET"]}}],"collection":[{"href":"https:\/\/vyskumnecentrum.sk\/en\/wp-json\/wp\/v2\/pages"}],"about":[{"href":"https:\/\/vyskumnecentrum.sk\/en\/wp-json\/wp\/v2\/types\/page"}],"author":[{"embeddable":true,"href":"https:\/\/vyskumnecentrum.sk\/en\/wp-json\/wp\/v2\/users\/1"}],"replies":[{"embeddable":true,"href":"https:\/\/vyskumnecentrum.sk\/en\/wp-json\/wp\/v2\/comments?post=946"}],"version-history":[{"count":3,"href":"https:\/\/vyskumnecentrum.sk\/en\/wp-json\/wp\/v2\/pages\/946\/revisions"}],"predecessor-version":[{"id":1104,"href":"https:\/\/vyskumnecentrum.sk\/en\/wp-json\/wp\/v2\/pages\/946\/revisions\/1104"}],"up":[{"embeddable":true,"href":"https:\/\/vyskumnecentrum.sk\/en\/wp-json\/wp\/v2\/pages\/472"}],"wp:attachment":[{"href":"https:\/\/vyskumnecentrum.sk\/en\/wp-json\/wp\/v2\/media?parent=946"}],"curies":[{"name":"wp","href":"https:\/\/api.w.org\/{rel}","templated":true}]}}