{"id":950,"date":"2024-01-11T11:58:22","date_gmt":"2024-01-11T11:58:22","guid":{"rendered":"https:\/\/new.vyskumnecentrum.sk\/?page_id=950"},"modified":"2024-01-24T14:15:47","modified_gmt":"2024-01-24T14:15:47","slug":"itms-313011t426","status":"publish","type":"page","link":"https:\/\/vyskumnecentrum.sk\/en\/vyskum\/projekty\/itms-313011t426\/","title":{"rendered":"ITMS 313011T426"},"content":{"rendered":"<p class=\"has-text-align-center\" style=\"font-size:22px\"><strong>RESEARCH AND DEVELOPMENT ACTIVITIES OF THE UNIVERSITY OF \u017dILINA FOR THE 21ST CENTURY INDUSTRY IN THE FIELD OF MATERIALS AND NANOTECHNOLOGIES<\/strong><\/p>\n\n\n\n<hr class=\"wp-block-separator has-text-color has-yellow-color has-alpha-channel-opacity has-yellow-background-color has-background is-style-wide\"\/>\n\n\n\n<p style=\"font-size:18px\"><strong>Project title: <\/strong><br>Research and development activities of the University of \u017dilina for the Industry of the 21st century in the field of materials and nanotechnologies<\/p>\n\n\n\n<p style=\"font-size:18px\"><strong>Project designation in ITMS2014+:<br><\/strong>313011T426<\/p>\n\n\n\n<p style=\"font-size:18px\"><strong>Intermediate institution: <\/strong><br>Ministry of education, research, development and sport of the Slovak Republic<\/p>\n\n\n\n<p style=\"font-size:18px\"><strong>Operational program: <\/strong><br>311000 \u2013 Operational program integrated infrastructure.<\/p>\n\n\n\n<p style=\"font-size:18px\"><strong>Priority axis:<\/strong> <br>313010 \u2013 Support of research, development and innovations (ex Po1 OPVaI)<\/p>\n\n\n\n<p style=\"font-size:18px\"><strong>Goal:<\/strong> <br>313010031 \u2013 1.1.3 Increasing research activity by improving the coordination and consolidation of the R&amp;D potential of research institutions<\/p>\n\n\n\n<p style=\"font-size:18px\"><strong>Project description<\/strong> <br>To stabilize high quality research teams of the University of \u017dilina in the knowledge area \"Progressive materials and nanotechnologies\" and to enable the implementation of independent cutting-edge research and development in the field of materials.<br>Main project activity: independent research and development in the field of materials<br>This activity will be implemented through the following partial sub-activities:<br>- Advanced materials and surface treatment and analysis technologies for the mechanical engineering industry.<br>- Independent research and development in the field of advanced building materials and technologies with applications in industrial infrastructure.<br>- Advanced materials and nanotechnology for electrical engineering.<br>- Evaluation of modern materials in terms of operational safety.<\/p>\n\n\n\n<p style=\"font-size:18px\"><strong>Name and residency of the receiver<\/strong><br>University of \u017dilina, Univerzitn\u00e1 8215\/1, 010 26 \u017dilina<\/p>\n\n\n\n<p style=\"font-size:18px\"><strong>Execution period:<\/strong> <br>01\/2016 &#8211; 12\/2019<\/p>\n\n\n\n<p style=\"font-size:18px\"><strong>Non-refundable grant:<\/strong> <br>2 855 629.46 EUR<\/p>\n\n\n\n<p style=\"font-size:18px\"><strong>The place of project implementation within the eligible territory of the Operational program:<\/strong> <br>\u017dilina region, \u017dilina district, town of \u017dilina<\/p>\n\n\n\n<p class=\"has-text-align-center\" style=\"font-size:18px\">\u201eInformation about Integrated infrastructure operational program 2014 \u2013 2020 can be found on www.opii.gov.sk.\u201c<\/p>","protected":false},"excerpt":{"rendered":"<p>V\u00ddSKUMN\u00c9 A V\u00ddVOJOV\u00c9 AKTIVITY \u017dILINSKEJ UNIVERZITY V \u017dILINE PRE PRIEMYSEL 21. STORO\u010cIA V OBLASTI MATERI\u00c1LOV A NANOTECHNOL\u00d3GI\u00cd N\u00e1zov projektu: V\u00fdskumn\u00e9 a v\u00fdvojov\u00e9 aktivity \u017dilinskej univerzity v \u017diline pre Priemysel 21.<\/p>\n<p class=\"more-link\"><a href=\"https:\/\/vyskumnecentrum.sk\/en\/vyskum\/projekty\/itms-313011t426\/\" class=\"readmore\">Continue reading<span class=\"screen-reader-text\">ITMS 313011T426<\/span><\/a><\/p>","protected":false},"author":1,"featured_media":0,"parent":472,"menu_order":0,"comment_status":"closed","ping_status":"closed","template":"","meta":{"footnotes":""},"class_list":["post-950","page","type-page","status-publish","hentry"],"_links":{"self":[{"href":"https:\/\/vyskumnecentrum.sk\/en\/wp-json\/wp\/v2\/pages\/950","targetHints":{"allow":["GET"]}}],"collection":[{"href":"https:\/\/vyskumnecentrum.sk\/en\/wp-json\/wp\/v2\/pages"}],"about":[{"href":"https:\/\/vyskumnecentrum.sk\/en\/wp-json\/wp\/v2\/types\/page"}],"author":[{"embeddable":true,"href":"https:\/\/vyskumnecentrum.sk\/en\/wp-json\/wp\/v2\/users\/1"}],"replies":[{"embeddable":true,"href":"https:\/\/vyskumnecentrum.sk\/en\/wp-json\/wp\/v2\/comments?post=950"}],"version-history":[{"count":4,"href":"https:\/\/vyskumnecentrum.sk\/en\/wp-json\/wp\/v2\/pages\/950\/revisions"}],"predecessor-version":[{"id":1100,"href":"https:\/\/vyskumnecentrum.sk\/en\/wp-json\/wp\/v2\/pages\/950\/revisions\/1100"}],"up":[{"embeddable":true,"href":"https:\/\/vyskumnecentrum.sk\/en\/wp-json\/wp\/v2\/pages\/472"}],"wp:attachment":[{"href":"https:\/\/vyskumnecentrum.sk\/en\/wp-json\/wp\/v2\/media?parent=950"}],"curies":[{"name":"wp","href":"https:\/\/api.w.org\/{rel}","templated":true}]}}